{"id":150249,"date":"2025-03-06T09:53:36","date_gmt":"2025-03-06T09:53:36","guid":{"rendered":"https:\/\/ruumistruumi.ee\/pood\/alumiiniumist-aiatool-malin-naturaalne-9236-007\/"},"modified":"2025-08-14T11:11:32","modified_gmt":"2025-08-14T11:11:32","slug":"alumiiniumist-aiatool-malin-naturaalne-9236-007","status":"publish","type":"product","link":"https:\/\/blankpage.ee\/_ruumist-ruumi\/pood\/alumiiniumist-aiatool-malin-naturaalne-9236-007\/","title":{"rendered":"Alumiiniumist aiatool Malin, naturaalne, 9236-007"},"content":{"rendered":"<h3>Kaasaegne ja vastupidav alumiiniumist aiatool<\/h3>\n<p><strong>Alumiiniumist aiatool Malin, naturaalne<\/strong> on stiilne ja praktiline valik igasse aeda v\u00f5i terrassile. Selle modernne disain \u00fchendab vastupidava alumiiniumraami ning ilmastikukindla punutud materjali, luues elegantse ja ajatu v\u00e4limuse. Tooli loomulik bee\u017e toon sulandub kaunilt loodusesse, pakkudes nii esteetilist kui funktsionaalset lahendust.<\/p>\n<h3>Mugav ja ilmastikukindel lahendus<\/h3>\n<p>Malin aiatool on loodud just suvisteks \u00f5htus\u00f6\u00f6kideks ja m\u00f5nusateks hetkedeks v\u00e4rskes \u00f5hus. T\u00e4nu tugevale alumiiniumraamile on see \u00fchtaegu kerge ja vastupidav, samas kui punutud plastmaterjal tagab suurep\u00e4rase ilmastikukindluse. UV-kaitsega materjal hoiab \u00e4ra v\u00e4rvi tuhmumise ning talub nii p\u00e4ikest kui vihma, muutes selle ideaalseks v\u00e4litingimustes kasutamiseks.<\/p>\n<h3>Ruumi s\u00e4\u00e4stev ja hooldusvaba<\/h3>\n<p>See <strong>alumiiniumist aiatool<\/strong> on virnastatav, mis teeb selle hoiustamise lihtsaks ja mugavaks. Kui tooli parajasti ei kasutata, saab neid h\u00f5lpsasti \u00fcksteise peale asetada, v\u00e4hendades nii hoiuruumi vajadust. Lisaks ei vaja tool erilist hooldust \u2013 piisab vaid aeg-ajalt niiske lapiga puhastamisest, et s\u00e4ilitada selle kaunis v\u00e4limus aastaid.<\/p>\n<h3>Hooldusjuhised<\/h3>\n<p>Punutud plastmaterjal on loodud taluma Skandinaavia kliimat, olles vastupidav nii UV-kiirgusele kui ilmastikutingimustele. Vaatamata sellele soovitame tooli eluiga pikendamiseks hoida seda vihmase ja k\u00fclma ilmaga kuivas kohas v\u00f5i kasutada m\u00f6\u00f6blikaitset.<\/p>\n<p>Naudi suve t\u00e4iel rinnal ja loo oma aeda v\u00f5i terrassile hubane atmosf\u00e4\u00e4r <strong>alumiiniumist aiatooli Malin<\/strong> abil!<\/p>\n","protected":false},"excerpt":{"rendered":"<p>Kaasaegne ja vastupidav alumiiniumist aiatool Alumiiniumist aiatool Malin, naturaalne on stiilne ja praktiline valik igasse aeda v\u00f5i terrassile. Selle modernne disain \u00fchendab vastupidava alumiiniumraami ning ilmastikukindla punutud materjali, luues elegantse ja ajatu v\u00e4limuse. Tooli loomulik bee\u017e toon sulandub kaunilt loodusesse, pakkudes nii esteetilist kui funktsionaalset lahendust. Mugav ja ilmastikukindel lahendus Malin aiatool on loodud just [&hellip;]<\/p>\n","protected":false},"featured_media":160743,"comment_status":"open","ping_status":"open","template":"","meta":[],"product_brand":[1818],"product_cat":[1683],"product_tag":[],"class_list":{"0":"post-150249","1":"product","2":"type-product","3":"status-publish","4":"has-post-thumbnail","6":"product_brand-venture-design","7":"product_cat-aiatoolid","8":"product_shipping_class-venture-design","9":"pa_istme-materjal-punutis","10":"pa_istme-varvus-naturaalne","11":"pa_jalgade-varv-naturaalne","12":"pa_kangas-100-poluester","13":"pa_kollektsioon-malin","14":"pa_mootmed-65-x-58-x-92","15":"pa_pehmenduste-materjal-poluester","16":"pa_varv-naturaalne","18":"first","19":"outofstock","20":"sale","21":"taxable","22":"shipping-taxable","23":"purchasable","24":"product-type-simple"},"_links":{"self":[{"href":"https:\/\/blankpage.ee\/_ruumist-ruumi\/wp-json\/wp\/v2\/product\/150249","targetHints":{"allow":["GET"]}}],"collection":[{"href":"https:\/\/blankpage.ee\/_ruumist-ruumi\/wp-json\/wp\/v2\/product"}],"about":[{"href":"https:\/\/blankpage.ee\/_ruumist-ruumi\/wp-json\/wp\/v2\/types\/product"}],"replies":[{"embeddable":true,"href":"https:\/\/blankpage.ee\/_ruumist-ruumi\/wp-json\/wp\/v2\/comments?post=150249"}],"wp:featuredmedia":[{"embeddable":true,"href":"https:\/\/blankpage.ee\/_ruumist-ruumi\/wp-json\/wp\/v2\/media\/160743"}],"wp:attachment":[{"href":"https:\/\/blankpage.ee\/_ruumist-ruumi\/wp-json\/wp\/v2\/media?parent=150249"}],"wp:term":[{"taxonomy":"product_brand","embeddable":true,"href":"https:\/\/blankpage.ee\/_ruumist-ruumi\/wp-json\/wp\/v2\/product_brand?post=150249"},{"taxonomy":"product_cat","embeddable":true,"href":"https:\/\/blankpage.ee\/_ruumist-ruumi\/wp-json\/wp\/v2\/product_cat?post=150249"},{"taxonomy":"product_tag","embeddable":true,"href":"https:\/\/blankpage.ee\/_ruumist-ruumi\/wp-json\/wp\/v2\/product_tag?post=150249"}],"curies":[{"name":"wp","href":"https:\/\/api.w.org\/{rel}","templated":true}]}}