{"id":150256,"date":"2025-03-06T09:53:36","date_gmt":"2025-03-06T09:53:36","guid":{"rendered":"https:\/\/ruumistruumi.ee\/pood\/alumiiniumist-aiatool-malin-hall-9236-004\/"},"modified":"2025-06-11T09:10:14","modified_gmt":"2025-06-11T09:10:14","slug":"alumiiniumist-aiatool-malin-hall-9236-004","status":"publish","type":"product","link":"https:\/\/blankpage.ee\/_ruumist-ruumi\/pood\/alumiiniumist-aiatool-malin-hall-9236-004\/","title":{"rendered":"Alumiiniumist aiatool Malin, hall, 9236-004"},"content":{"rendered":"<h3>Stiilne ja vastupidav alumiiniumist aiatool<\/h3>\n<p><strong>Alumiiniumist aiatool Malin, hall<\/strong> \u00fchendab kaasaegse disaini ja praktilisuse, pakkudes suve\u00f5htuteks ideaalset istekohta. Selle ajatu v\u00e4limus sobib suurep\u00e4raselt igasse aeda, terrassile v\u00f5i r\u00f5dule, lisades v\u00e4liruumile elegantset ilmet.<\/p>\n<h3>Kvaliteetsed materjalid ja vastupidav konstruktsioon<\/h3>\n<p>Tooli raam on valmistatud kergest, kuid tugevast alumiiniumist, mis on roostekindel ja ilmastikukindel. Iste ja seljatugi on kaetud vastupidava punutisega, mis on loodud taluma nii UV-kiirgust kui ka muutlikke ilmastikutingimusi. T\u00e4nu nendele materjalidele p\u00fcsib tool kaua kaunina ega vaja keerukat hooldust.<\/p>\n<h3>Mugav ja praktiline lahendus<\/h3>\n<p>Malin aiatool on mitte ainult stiilne, vaid ka \u00e4\u00e4rmiselt mugav. Selle ergonoomiline kuju ja tugev seljatugi tagavad meeldiva istumiskogemuse, olgu see siis hommikukohvi nautimine v\u00f5i pikk \u00f5htus\u00f6\u00f6k s\u00f5pradega. Lisaks saab tooli virnastada, mis teeb hoiustamise lihtsaks ja ruumis\u00e4\u00e4stlikuks.<\/p>\n<h3>Hooldussoovitused<\/h3>\n<p>Punutismaterjal on spetsiaalselt loodud taluma meie muutlikku kliimat ning on UV-kindel, mis t\u00e4hendab, et see ei tuhmu p\u00e4ikese k\u00e4es. Siiski soovitame m\u00f6\u00f6blit hoida jahedas ja kuivas kohas v\u00f5i katta see m\u00f6\u00f6blikattega, et pikendada selle eluiga ja s\u00e4ilitada algne v\u00e4limus.<\/p>\n<p>Lisa oma aeda kvaliteetne ja stiilne lahendus \u2013 vali <strong>hall alumiiniumist aiatool Malin<\/strong> ja naudi suve t\u00e4iel rinnal!<\/p>\n","protected":false},"excerpt":{"rendered":"<p>Stiilne ja vastupidav alumiiniumist aiatool Alumiiniumist aiatool Malin, hall \u00fchendab kaasaegse disaini ja praktilisuse, pakkudes suve\u00f5htuteks ideaalset istekohta. Selle ajatu v\u00e4limus sobib suurep\u00e4raselt igasse aeda, terrassile v\u00f5i r\u00f5dule, lisades v\u00e4liruumile elegantset ilmet. Kvaliteetsed materjalid ja vastupidav konstruktsioon Tooli raam on valmistatud kergest, kuid tugevast alumiiniumist, mis on roostekindel ja ilmastikukindel. Iste ja seljatugi on kaetud [&hellip;]<\/p>\n","protected":false},"featured_media":160738,"comment_status":"open","ping_status":"open","template":"","meta":[],"product_brand":[1818],"product_cat":[1683],"product_tag":[],"class_list":{"0":"post-150256","1":"product","2":"type-product","3":"status-publish","4":"has-post-thumbnail","6":"product_brand-venture-design","7":"product_cat-aiatoolid","8":"product_shipping_class-venture-design","9":"pa_istme-materjal-punutis","10":"pa_istme-varvus-hall","11":"pa_jalgade-varv-hall","12":"pa_kangas-100-poluester","13":"pa_kollektsioon-malin","14":"pa_mootmed-65-x-58-x-92","15":"pa_pehmenduste-materjal-poluester","16":"pa_varv-hall","18":"first","19":"outofstock","20":"sale","21":"taxable","22":"shipping-taxable","23":"purchasable","24":"product-type-simple"},"_links":{"self":[{"href":"https:\/\/blankpage.ee\/_ruumist-ruumi\/wp-json\/wp\/v2\/product\/150256","targetHints":{"allow":["GET"]}}],"collection":[{"href":"https:\/\/blankpage.ee\/_ruumist-ruumi\/wp-json\/wp\/v2\/product"}],"about":[{"href":"https:\/\/blankpage.ee\/_ruumist-ruumi\/wp-json\/wp\/v2\/types\/product"}],"replies":[{"embeddable":true,"href":"https:\/\/blankpage.ee\/_ruumist-ruumi\/wp-json\/wp\/v2\/comments?post=150256"}],"wp:featuredmedia":[{"embeddable":true,"href":"https:\/\/blankpage.ee\/_ruumist-ruumi\/wp-json\/wp\/v2\/media\/160738"}],"wp:attachment":[{"href":"https:\/\/blankpage.ee\/_ruumist-ruumi\/wp-json\/wp\/v2\/media?parent=150256"}],"wp:term":[{"taxonomy":"product_brand","embeddable":true,"href":"https:\/\/blankpage.ee\/_ruumist-ruumi\/wp-json\/wp\/v2\/product_brand?post=150256"},{"taxonomy":"product_cat","embeddable":true,"href":"https:\/\/blankpage.ee\/_ruumist-ruumi\/wp-json\/wp\/v2\/product_cat?post=150256"},{"taxonomy":"product_tag","embeddable":true,"href":"https:\/\/blankpage.ee\/_ruumist-ruumi\/wp-json\/wp\/v2\/product_tag?post=150256"}],"curies":[{"name":"wp","href":"https:\/\/api.w.org\/{rel}","templated":true}]}}