{"id":150306,"date":"2025-03-06T10:02:50","date_gmt":"2025-03-06T10:02:50","guid":{"rendered":"https:\/\/ruumistruumi.ee\/pood\/alumiiniumist-recliner-aiatool-padova-hall-valge-7230-010\/"},"modified":"2025-08-14T11:10:57","modified_gmt":"2025-08-14T11:10:57","slug":"alumiiniumist-recliner-aiatool-padova-hall-valge-7230-010","status":"publish","type":"product","link":"https:\/\/blankpage.ee\/_ruumist-ruumi\/pood\/alumiiniumist-recliner-aiatool-padova-hall-valge-7230-010\/","title":{"rendered":"Alumiiniumist recliner aiatool Padova, hall\/valge, 7230-010"},"content":{"rendered":"<h3>Stiilne ja mugav alumiiniumist recliner aiatool Padova<\/h3>\n<p>Naudi suve t\u00e4iel rinnal mugavas ja vastupidavas <strong>alumiiniumist recliner aiatoolis Padova<\/strong>. Selle modernne disain ja ajatu v\u00e4rvilahendus halli ning valge kombinatsioonina sobib ideaalselt igasse aeda, terrassile v\u00f5i r\u00f5dule. T\u00e4nu reguleeritavale seljatoele saad tooli h\u00f5lpsalt kohandada vastavalt oma soovidele \u2013 istu ja l\u00f5\u00f5gastu t\u00e4ielikult!<\/p>\n<h3>Kvaliteetsed ja ilmastikukindlad materjalid<\/h3>\n<p>Tooli raam on valmistatud vastupidavast alumiiniumist, mis on kerge, roostekindel ja hooldusvaba. Pealispinna moodustab vastupidav punutismaterjal, mis on UV-kindel ning talub h\u00e4sti ilmastikutingimusi. T\u00e4nu nendele materjalidele on <strong>alumiiniumist recliner aiatool<\/strong> suurep\u00e4rane valik v\u00e4lim\u00f6\u00f6bliks, pakkudes nii esteetilist ilu kui ka pikaealisust.<\/p>\n<h3>Lihtne hooldus ja vastupidavus<\/h3>\n<p>Punutismaterjal on spetsiaalselt loodud vastu pidama Skandinaavia muutlikule kliimale. See ei tuhmu p\u00e4ikese k\u00e4es ega kaota oma kuju niiskuse m\u00f5jul. Siiski soovitame m\u00f6\u00f6blit kaitsta ilmastikukattega v\u00f5i hoida seda kuivas ja jahedas kohas, et pikendada selle eluiga veelgi.<\/p>\n<h3>Miks valida alumiiniumist recliner aiatool Padova?<\/h3>\n<ul>\n<li>Vastupidav ja roostekindel alumiiniumraam<\/li>\n<li>UV-kindel ja ilmastikukindel punutismaterjal<\/li>\n<li>Reguleeritav seljatugi maksimaalse mugavuse tagamiseks<\/li>\n<li>Kerge ja lihtsasti liigutatav<\/li>\n<li>Ajatu halli ja valge v\u00e4rvikombinatsioon<\/li>\n<\/ul>\n<p>Kui otsid stiilset, vastupidavat ja mugavat aiatooli, mis sobib ideaalselt suve nautimiseks, on <strong>alumiiniumist recliner aiatool Padova<\/strong> suurep\u00e4rane valik. Lisa see oma aiam\u00f6\u00f6bli komplekti ja loo endale t\u00e4iuslik puhkenurk!<\/p>\n","protected":false},"excerpt":{"rendered":"<p>Stiilne ja mugav alumiiniumist recliner aiatool Padova Naudi suve t\u00e4iel rinnal mugavas ja vastupidavas alumiiniumist recliner aiatoolis Padova. Selle modernne disain ja ajatu v\u00e4rvilahendus halli ning valge kombinatsioonina sobib ideaalselt igasse aeda, terrassile v\u00f5i r\u00f5dule. T\u00e4nu reguleeritavale seljatoele saad tooli h\u00f5lpsalt kohandada vastavalt oma soovidele \u2013 istu ja l\u00f5\u00f5gastu t\u00e4ielikult! Kvaliteetsed ja ilmastikukindlad materjalid Tooli [&hellip;]<\/p>\n","protected":false},"featured_media":162267,"comment_status":"open","ping_status":"open","template":"","meta":[],"product_brand":[1818],"product_cat":[1594],"product_tag":[],"class_list":{"0":"post-150306","1":"product","2":"type-product","3":"status-publish","4":"has-post-thumbnail","6":"product_brand-venture-design","7":"product_cat-aed-ja-terrass","8":"product_shipping_class-venture-design","9":"pa_istme-materjal-punutis","10":"pa_istme-varvus-valge","11":"pa_jalgade-varv-valge","12":"pa_kangas-100-poluester","13":"pa_kollektsioon-padova","14":"pa_mootmed-69-x-62-x-110","15":"pa_pehmenduste-materjal-poluester","16":"pa_varv-valge","17":"pa_varv-hall","19":"first","20":"outofstock","21":"sale","22":"taxable","23":"shipping-taxable","24":"purchasable","25":"product-type-simple"},"_links":{"self":[{"href":"https:\/\/blankpage.ee\/_ruumist-ruumi\/wp-json\/wp\/v2\/product\/150306","targetHints":{"allow":["GET"]}}],"collection":[{"href":"https:\/\/blankpage.ee\/_ruumist-ruumi\/wp-json\/wp\/v2\/product"}],"about":[{"href":"https:\/\/blankpage.ee\/_ruumist-ruumi\/wp-json\/wp\/v2\/types\/product"}],"replies":[{"embeddable":true,"href":"https:\/\/blankpage.ee\/_ruumist-ruumi\/wp-json\/wp\/v2\/comments?post=150306"}],"wp:featuredmedia":[{"embeddable":true,"href":"https:\/\/blankpage.ee\/_ruumist-ruumi\/wp-json\/wp\/v2\/media\/162267"}],"wp:attachment":[{"href":"https:\/\/blankpage.ee\/_ruumist-ruumi\/wp-json\/wp\/v2\/media?parent=150306"}],"wp:term":[{"taxonomy":"product_brand","embeddable":true,"href":"https:\/\/blankpage.ee\/_ruumist-ruumi\/wp-json\/wp\/v2\/product_brand?post=150306"},{"taxonomy":"product_cat","embeddable":true,"href":"https:\/\/blankpage.ee\/_ruumist-ruumi\/wp-json\/wp\/v2\/product_cat?post=150306"},{"taxonomy":"product_tag","embeddable":true,"href":"https:\/\/blankpage.ee\/_ruumist-ruumi\/wp-json\/wp\/v2\/product_tag?post=150306"}],"curies":[{"name":"wp","href":"https:\/\/api.w.org\/{rel}","templated":true}]}}