{"id":150313,"date":"2025-03-06T10:02:50","date_gmt":"2025-03-06T10:02:50","guid":{"rendered":"https:\/\/ruumistruumi.ee\/pood\/aiatool-wembley-hall-5710-089\/"},"modified":"2025-08-14T11:10:58","modified_gmt":"2025-08-14T11:10:58","slug":"aiatool-wembley-hall-5710-089","status":"publish","type":"product","link":"https:\/\/blankpage.ee\/_ruumist-ruumi\/pood\/aiatool-wembley-hall-5710-089\/","title":{"rendered":"Aiatool Wembley, hall, 5710-089"},"content":{"rendered":"<h3>Stiilne ja mugav aiatool suviseks nautimiseks<\/h3>\n<p><strong>Aiatool Wembley, hall<\/strong> on suurep\u00e4rane valik sinu terrassile v\u00f5i aeda. Selle modernne disain ja maitsekas hall v\u00e4rv loovad stiilse ilme, mis sobib enamiku koduaedade ja r\u00f5dudega. Tool on klassikalise v\u00e4limusega ning t\u00e4nu k\u00f5rgetele k\u00e4etugedele pakub see suurep\u00e4rast istumismugavust. Naudi m\u00f5nusaid \u00f5htus\u00f6\u00f6ke v\u00e4rskes \u00f5hus v\u00f5i l\u00f5\u00f5gastu p\u00e4ikese k\u00e4es \u2013 see tool muudab iga hetke nauditavaks.<\/p>\n<h3>Kvaliteetne ja ilmastikukindel materjal<\/h3>\n<p>Aiatool on valmistatud vastupidavast <strong>punutismaterjalist<\/strong>, mis on ideaalne Skandinaavia kliimasse. Materjal on UV-kindel, mis t\u00e4hendab, et see ei tuhmu p\u00e4ikese k\u00e4es ning talub h\u00e4sti erinevaid ilmastikutingimusi. Vaatamata sellele soovitame m\u00f6\u00f6blit hoiustada jahedas ja kuivas kohas v\u00f5i katta see m\u00f6\u00f6blikattega, et pikendada selle eluiga.<\/p>\n<h3>Mitmek\u00fclgne ja ajatu disain<\/h3>\n<p>Hall <strong>aiatool Wembley<\/strong> sobib suurep\u00e4raselt erinevate stiilidega ning t\u00e4iendab nii modernseid kui ka klassikalisi aiam\u00f6\u00f6blikomplekte. Selle lihtne, kuid elegantne disain muudab selle ajatuteks valikuks, mis p\u00fcsib stiilne ka aastate p\u00e4rast.<\/p>\n<p>Lisa oma aianurka mugavust ja ilu \u2013 vali <strong>aiatool Wembley<\/strong> ning loo ideaalne koht l\u00f5\u00f5gastumiseks ja s\u00f6\u00f6gikordade nautimiseks v\u00e4rskes \u00f5hus!<\/p>\n","protected":false},"excerpt":{"rendered":"<p>Stiilne ja mugav aiatool suviseks nautimiseks Aiatool Wembley, hall on suurep\u00e4rane valik sinu terrassile v\u00f5i aeda. Selle modernne disain ja maitsekas hall v\u00e4rv loovad stiilse ilme, mis sobib enamiku koduaedade ja r\u00f5dudega. Tool on klassikalise v\u00e4limusega ning t\u00e4nu k\u00f5rgetele k\u00e4etugedele pakub see suurep\u00e4rast istumismugavust. Naudi m\u00f5nusaid \u00f5htus\u00f6\u00f6ke v\u00e4rskes \u00f5hus v\u00f5i l\u00f5\u00f5gastu p\u00e4ikese k\u00e4es \u2013 see [&hellip;]<\/p>\n","protected":false},"featured_media":160615,"comment_status":"open","ping_status":"open","template":"","meta":[],"product_brand":[1818],"product_cat":[1683],"product_tag":[],"class_list":{"0":"post-150313","1":"product","2":"type-product","3":"status-publish","4":"has-post-thumbnail","6":"product_brand-venture-design","7":"product_cat-aiatoolid","8":"product_shipping_class-venture-design","9":"pa_istme-materjal-punutis","10":"pa_istme-varvus-hall","11":"pa_jalgade-varv-hall","12":"pa_kangas-100-poluester","13":"pa_kollektsioon-wembley","14":"pa_mootmed-65-x-62-x-945","15":"pa_pehmenduste-materjal-poluester","16":"pa_varv-hall","18":"first","19":"instock","20":"sale","21":"taxable","22":"shipping-taxable","23":"purchasable","24":"product-type-simple"},"_links":{"self":[{"href":"https:\/\/blankpage.ee\/_ruumist-ruumi\/wp-json\/wp\/v2\/product\/150313","targetHints":{"allow":["GET"]}}],"collection":[{"href":"https:\/\/blankpage.ee\/_ruumist-ruumi\/wp-json\/wp\/v2\/product"}],"about":[{"href":"https:\/\/blankpage.ee\/_ruumist-ruumi\/wp-json\/wp\/v2\/types\/product"}],"replies":[{"embeddable":true,"href":"https:\/\/blankpage.ee\/_ruumist-ruumi\/wp-json\/wp\/v2\/comments?post=150313"}],"wp:featuredmedia":[{"embeddable":true,"href":"https:\/\/blankpage.ee\/_ruumist-ruumi\/wp-json\/wp\/v2\/media\/160615"}],"wp:attachment":[{"href":"https:\/\/blankpage.ee\/_ruumist-ruumi\/wp-json\/wp\/v2\/media?parent=150313"}],"wp:term":[{"taxonomy":"product_brand","embeddable":true,"href":"https:\/\/blankpage.ee\/_ruumist-ruumi\/wp-json\/wp\/v2\/product_brand?post=150313"},{"taxonomy":"product_cat","embeddable":true,"href":"https:\/\/blankpage.ee\/_ruumist-ruumi\/wp-json\/wp\/v2\/product_cat?post=150313"},{"taxonomy":"product_tag","embeddable":true,"href":"https:\/\/blankpage.ee\/_ruumist-ruumi\/wp-json\/wp\/v2\/product_tag?post=150313"}],"curies":[{"name":"wp","href":"https:\/\/api.w.org\/{rel}","templated":true}]}}