{"id":150334,"date":"2025-03-06T10:02:50","date_gmt":"2025-03-06T10:02:50","guid":{"rendered":"https:\/\/ruumistruumi.ee\/pood\/recliner-aiatool-copacabana-must-4133-408\/"},"modified":"2025-08-14T11:11:00","modified_gmt":"2025-08-14T11:11:00","slug":"recliner-aiatool-copacabana-must-4133-408","status":"publish","type":"product","link":"https:\/\/blankpage.ee\/_ruumist-ruumi\/pood\/recliner-aiatool-copacabana-must-4133-408\/","title":{"rendered":"Recliner aiatool Copacabana, must, 4133-408"},"content":{"rendered":"<h3>Stiilne ja mugav Recliner aiatool Copacabana<\/h3>\n<p><strong>Recliner aiatool Copacabana<\/strong> on ideaalne valik neile, kes soovivad nautida suve t\u00e4iuslikus mugavuses. Selle modernne disain ja must v\u00e4rvus sobivad suurep\u00e4raselt nii terrassile, r\u00f5dule kui ka aeda. T\u00e4nu virnastatavale konstruktsioonile on tooli lihtne hoiustada, s\u00e4\u00e4stes ruumi, kui seda parasjagu ei kasutata.<\/p>\n<h3>Reguleeritav seljatugi maksimaalseks mugavuseks<\/h3>\n<p>Copacabana aiatooli teeb eriti praktiliseks selle reguleeritav seljatugi, mis v\u00f5imaldab leida just endale sobivaima istumisasendi. Olgu tegu l\u00f5\u00f5gastava hetkega p\u00e4ikese k\u00e4es v\u00f5i m\u00f5nusa \u00f5htus\u00f6\u00f6giga \u00f5ues \u2013 see tool pakub alati optimaalset tuge ja mugavust.<\/p>\n<h3>Kvaliteetne ja ilmastikukindel materjal<\/h3>\n<p>Aiatool on valmistatud vastupidavast <strong>Textilene-kangast<\/strong>, mis on PVC-kattega s\u00fcnteetiline materjal. See on spetsiaalselt loodud v\u00e4listingimustes kasutamiseks, olles nii veekindel kui ka UV-kaitsega, et v\u00e4ltida v\u00e4rvi tuhmumist p\u00e4ikese k\u00e4es. T\u00e4nu sellele p\u00fcsib tool ka pikaajalisel kasutamisel kaunina.<\/p>\n<h3>Lihtne hooldus ja pikk kasutusiga<\/h3>\n<p>Copacabana aiatooli hooldamine on \u00e4\u00e4rmiselt lihtne \u2013 piisab vaid niiske lapiga puhastamisest umbes kord kuus ning seej\u00e4rel kuivatamisest. T\u00e4nu vastupidavatele materjalidele on see tool suurep\u00e4rane investeering, mis teenib sind aastaid.<\/p>\n<p>Kui otsid stiilset, praktilist ja mugavat lahendust oma aiam\u00f6\u00f6bli t\u00e4iustamiseks, siis <strong>Recliner aiatool Copacabana<\/strong> on just see, mida vajad!<\/p>\n","protected":false},"excerpt":{"rendered":"<p>Stiilne ja mugav Recliner aiatool Copacabana Recliner aiatool Copacabana on ideaalne valik neile, kes soovivad nautida suve t\u00e4iuslikus mugavuses. Selle modernne disain ja must v\u00e4rvus sobivad suurep\u00e4raselt nii terrassile, r\u00f5dule kui ka aeda. T\u00e4nu virnastatavale konstruktsioonile on tooli lihtne hoiustada, s\u00e4\u00e4stes ruumi, kui seda parasjagu ei kasutata. Reguleeritav seljatugi maksimaalseks mugavuseks Copacabana aiatooli teeb eriti [&hellip;]<\/p>\n","protected":false},"featured_media":162124,"comment_status":"open","ping_status":"open","template":"","meta":[],"product_brand":[1818],"product_cat":[1594],"product_tag":[],"class_list":{"0":"post-150334","1":"product","2":"type-product","3":"status-publish","4":"has-post-thumbnail","6":"product_brand-venture-design","7":"product_cat-aed-ja-terrass","8":"product_shipping_class-venture-design","9":"pa_istme-materjal-textilene","10":"pa_istme-varvus-must","11":"pa_jalgade-varv-must","12":"pa_kangas-50-pvc-50-poluester","13":"pa_kollektsioon-copacabana","14":"pa_mootmed-65-x-565-x-110","15":"pa_varv-must","17":"first","18":"instock","19":"sale","20":"taxable","21":"shipping-taxable","22":"purchasable","23":"product-type-simple"},"_links":{"self":[{"href":"https:\/\/blankpage.ee\/_ruumist-ruumi\/wp-json\/wp\/v2\/product\/150334","targetHints":{"allow":["GET"]}}],"collection":[{"href":"https:\/\/blankpage.ee\/_ruumist-ruumi\/wp-json\/wp\/v2\/product"}],"about":[{"href":"https:\/\/blankpage.ee\/_ruumist-ruumi\/wp-json\/wp\/v2\/types\/product"}],"replies":[{"embeddable":true,"href":"https:\/\/blankpage.ee\/_ruumist-ruumi\/wp-json\/wp\/v2\/comments?post=150334"}],"wp:featuredmedia":[{"embeddable":true,"href":"https:\/\/blankpage.ee\/_ruumist-ruumi\/wp-json\/wp\/v2\/media\/162124"}],"wp:attachment":[{"href":"https:\/\/blankpage.ee\/_ruumist-ruumi\/wp-json\/wp\/v2\/media?parent=150334"}],"wp:term":[{"taxonomy":"product_brand","embeddable":true,"href":"https:\/\/blankpage.ee\/_ruumist-ruumi\/wp-json\/wp\/v2\/product_brand?post=150334"},{"taxonomy":"product_cat","embeddable":true,"href":"https:\/\/blankpage.ee\/_ruumist-ruumi\/wp-json\/wp\/v2\/product_cat?post=150334"},{"taxonomy":"product_tag","embeddable":true,"href":"https:\/\/blankpage.ee\/_ruumist-ruumi\/wp-json\/wp\/v2\/product_tag?post=150334"}],"curies":[{"name":"wp","href":"https:\/\/api.w.org\/{rel}","templated":true}]}}