{"id":150394,"date":"2025-03-06T10:02:50","date_gmt":"2025-03-06T10:02:50","guid":{"rendered":"https:\/\/ruumistruumi.ee\/pood\/metallist-aiatool-lina-must-1471-408\/"},"modified":"2025-06-11T09:10:02","modified_gmt":"2025-06-11T09:10:02","slug":"metallist-aiatool-lina-must-1471-408","status":"publish","type":"product","link":"https:\/\/blankpage.ee\/_ruumist-ruumi\/pood\/metallist-aiatool-lina-must-1471-408\/","title":{"rendered":"Metallist aiatool Lina, must, 1471-408"},"content":{"rendered":"<h3>Stiilne ja vastupidav metallist aiatool Lina<\/h3>\n<p><strong>Metallist aiatool Lina, must<\/strong>, on elegantne ja praktiline valik nii aeda, terrassile kui ka r\u00f5dule. Minimalistliku disainiga tool sulandub sujuvalt erinevate \u00f5uem\u00f6\u00f6bli komplektidega, pakkudes mugavust ja vastupidavust aastateks.<\/p>\n<h3>Kvaliteetne materjal ja funktsionaalne disain<\/h3>\n<p>Lina aiatool on valmistatud tugevast metallist, mis tagab stabiilsuse ja pikaealisuse. Must viimistlus lisab modernset ilmet ning muudab tooli lihtsasti kombineeritavaks erinevate stiilidega. T\u00e4nu kitsale ja virnastatavale kujule on toolid ruumis\u00e4\u00e4stlikud ning neid on lihtne hoiustada, kui need parasjagu kasutusel ei ole.<\/p>\n<h3>Hooldusjuhised pikaealisuse tagamiseks<\/h3>\n<p>Metallist m\u00f6\u00f6bel on \u00fcldiselt vastupidav mustusele ja vedelikele, kuid niiskus v\u00f5ib aja jooksul p\u00f5hjustada plekke v\u00f5i roostet. Seet\u00f5ttu on soovitatav p\u00fchkida tooli pind regulaarselt pehme niiske lapi ja seebiveega. Nii s\u00e4ilitab metall oma esialgse v\u00e4limuse ning p\u00fcsib kauem ilusana.<\/p>\n<h3>Kombineeri ja loo t\u00e4iuslik \u00f5ueruum<\/h3>\n<p>Metallist aiatool Lina sobib suurep\u00e4raselt kokku erinevate s\u00f6\u00f6gilaudadega, v\u00f5imaldades luua hubase ja funktsionaalse s\u00f6\u00f6giala \u00f5ues. Soovi korral saab juurde osta istmepatju, et lisada veelgi suuremat mugavust.<\/p>\n<p>Kui otsid vastupidavat ja stiilset lahendust oma \u00f5uealale, siis <strong>must metallist aiatool Lina<\/strong> on suurep\u00e4rane valik, mis t\u00e4iendab igat aeda v\u00f5i terrassi.<\/p>\n","protected":false},"excerpt":{"rendered":"<p>Stiilne ja vastupidav metallist aiatool Lina Metallist aiatool Lina, must, on elegantne ja praktiline valik nii aeda, terrassile kui ka r\u00f5dule. Minimalistliku disainiga tool sulandub sujuvalt erinevate \u00f5uem\u00f6\u00f6bli komplektidega, pakkudes mugavust ja vastupidavust aastateks. Kvaliteetne materjal ja funktsionaalne disain Lina aiatool on valmistatud tugevast metallist, mis tagab stabiilsuse ja pikaealisuse. Must viimistlus lisab modernset ilmet [&hellip;]<\/p>\n","protected":false},"featured_media":160482,"comment_status":"open","ping_status":"open","template":"","meta":[],"product_brand":[1818],"product_cat":[1683],"product_tag":[],"class_list":{"0":"post-150394","1":"product","2":"type-product","3":"status-publish","4":"has-post-thumbnail","6":"product_brand-venture-design","7":"product_cat-aiatoolid","8":"product_shipping_class-venture-design","9":"pa_istme-materjal-metall","10":"pa_istme-varvus-must","11":"pa_jalgade-varv-must","12":"pa_kollektsioon-lina","13":"pa_mootmed-55-x-45-x-78","14":"pa_varv-must","16":"first","17":"outofstock","18":"sale","19":"taxable","20":"shipping-taxable","21":"purchasable","22":"product-type-simple"},"_links":{"self":[{"href":"https:\/\/blankpage.ee\/_ruumist-ruumi\/wp-json\/wp\/v2\/product\/150394","targetHints":{"allow":["GET"]}}],"collection":[{"href":"https:\/\/blankpage.ee\/_ruumist-ruumi\/wp-json\/wp\/v2\/product"}],"about":[{"href":"https:\/\/blankpage.ee\/_ruumist-ruumi\/wp-json\/wp\/v2\/types\/product"}],"replies":[{"embeddable":true,"href":"https:\/\/blankpage.ee\/_ruumist-ruumi\/wp-json\/wp\/v2\/comments?post=150394"}],"wp:featuredmedia":[{"embeddable":true,"href":"https:\/\/blankpage.ee\/_ruumist-ruumi\/wp-json\/wp\/v2\/media\/160482"}],"wp:attachment":[{"href":"https:\/\/blankpage.ee\/_ruumist-ruumi\/wp-json\/wp\/v2\/media?parent=150394"}],"wp:term":[{"taxonomy":"product_brand","embeddable":true,"href":"https:\/\/blankpage.ee\/_ruumist-ruumi\/wp-json\/wp\/v2\/product_brand?post=150394"},{"taxonomy":"product_cat","embeddable":true,"href":"https:\/\/blankpage.ee\/_ruumist-ruumi\/wp-json\/wp\/v2\/product_cat?post=150394"},{"taxonomy":"product_tag","embeddable":true,"href":"https:\/\/blankpage.ee\/_ruumist-ruumi\/wp-json\/wp\/v2\/product_tag?post=150394"}],"curies":[{"name":"wp","href":"https:\/\/api.w.org\/{rel}","templated":true}]}}