{"id":150447,"date":"2025-03-06T10:12:24","date_gmt":"2025-03-06T10:12:24","guid":{"rendered":"https:\/\/ruumistruumi.ee\/pood\/alumiiniumist-aiatool-julian-must-1362-022\/"},"modified":"2025-08-14T11:10:33","modified_gmt":"2025-08-14T11:10:33","slug":"alumiiniumist-aiatool-julian-must-1362-022","status":"publish","type":"product","link":"https:\/\/blankpage.ee\/_ruumist-ruumi\/pood\/alumiiniumist-aiatool-julian-must-1362-022\/","title":{"rendered":"Alumiiniumist aiatool Julian, must, 1362-022"},"content":{"rendered":"<h3>Stiilne ja vastupidav alumiiniumist aiatool Julian<\/h3>\n<p><strong>Must alumiiniumist aiatool Julian<\/strong> toob sinu aeda v\u00f5i terrassile modernse ilme. Selle elegantne disain ja hoolikalt valitud materjalid tagavad nii visuaalse atraktiivsuse kui ka pikaajalise vastupidavuse. Tooli raam on valmistatud tugevast alumiiniumist, mis on kerge, roostekindel ja ilmastikukindel. Istme ja seljatoe katab vastupidav must pol\u00fcesterk\u00f6is, mis lisab m\u00f6\u00f6blile unikaalset tekstuuri ja mugavust.<\/p>\n<h3>Mugav ja praktiline aiatool<\/h3>\n<p>Julian aiatool on mitte ainult stiilne, vaid ka \u00e4\u00e4rmiselt praktiline. T\u00e4nu virnastatavusele saad toolid h\u00f5lpsasti hoiustada, s\u00e4\u00e4stes ruumi siis, kui neid parajasti ei kasutata. Selle ajatu must toon sobib h\u00e4sti nii puidu kui ka metallist aiam\u00f6\u00f6bliga, v\u00f5imaldades sul luua harmoonilise ja maitsekalt sisustatud v\u00e4liruumi.<\/p>\n<h3>Lihtne hooldus ja ilmastikukindlus<\/h3>\n<p>Tooli pol\u00fcesterk\u00f6is on kvaliteetne ja spetsiaalselt t\u00f6\u00f6deldud, et taluda erinevaid ilmastikutingimusi. Selle puhastamine on lihtne \u2013 piisab seebiveest ja pehmest harjast, et eemaldada mustus ning hoida m\u00f6\u00f6bel v\u00e4rske ja kaunina. V\u00e4ldi k\u00f5rgsurvepesurit ja tugevaid kemikaale, et tagada materjalide pikaealisus.<\/p>\n<p>Naudi suve ja loo oma terrassile v\u00f5i aeda stiilne ning hubane atmosf\u00e4\u00e4r <strong>alumiiniumist aiatooliga Julian<\/strong>. Selle kaasaegne disain ja vastupidavad materjalid muudavad selle ideaalseks valikuks igale v\u00e4lialale!<\/p>\n","protected":false},"excerpt":{"rendered":"<p>Stiilne ja vastupidav alumiiniumist aiatool Julian Must alumiiniumist aiatool Julian toob sinu aeda v\u00f5i terrassile modernse ilme. Selle elegantne disain ja hoolikalt valitud materjalid tagavad nii visuaalse atraktiivsuse kui ka pikaajalise vastupidavuse. Tooli raam on valmistatud tugevast alumiiniumist, mis on kerge, roostekindel ja ilmastikukindel. Istme ja seljatoe katab vastupidav must pol\u00fcesterk\u00f6is, mis lisab m\u00f6\u00f6blile unikaalset [&hellip;]<\/p>\n","protected":false},"featured_media":160458,"comment_status":"open","ping_status":"open","template":"","meta":[],"product_brand":[1818],"product_cat":[1683],"product_tag":[],"class_list":{"0":"post-150447","1":"product","2":"type-product","3":"status-publish","4":"has-post-thumbnail","6":"product_brand-venture-design","7":"product_cat-aiatoolid","8":"product_shipping_class-venture-design","9":"pa_istme-materjal-poluester","10":"pa_istme-varvus-must","11":"pa_jalgade-varv-must","12":"pa_kangas-100-poluester","13":"pa_kollektsioon-julian","14":"pa_mootmed-67-x-53-x-88","15":"pa_pehmenduste-materjal-poluester","16":"pa_varv-must","18":"first","19":"instock","20":"sale","21":"taxable","22":"shipping-taxable","23":"purchasable","24":"product-type-simple"},"_links":{"self":[{"href":"https:\/\/blankpage.ee\/_ruumist-ruumi\/wp-json\/wp\/v2\/product\/150447","targetHints":{"allow":["GET"]}}],"collection":[{"href":"https:\/\/blankpage.ee\/_ruumist-ruumi\/wp-json\/wp\/v2\/product"}],"about":[{"href":"https:\/\/blankpage.ee\/_ruumist-ruumi\/wp-json\/wp\/v2\/types\/product"}],"replies":[{"embeddable":true,"href":"https:\/\/blankpage.ee\/_ruumist-ruumi\/wp-json\/wp\/v2\/comments?post=150447"}],"wp:featuredmedia":[{"embeddable":true,"href":"https:\/\/blankpage.ee\/_ruumist-ruumi\/wp-json\/wp\/v2\/media\/160458"}],"wp:attachment":[{"href":"https:\/\/blankpage.ee\/_ruumist-ruumi\/wp-json\/wp\/v2\/media?parent=150447"}],"wp:term":[{"taxonomy":"product_brand","embeddable":true,"href":"https:\/\/blankpage.ee\/_ruumist-ruumi\/wp-json\/wp\/v2\/product_brand?post=150447"},{"taxonomy":"product_cat","embeddable":true,"href":"https:\/\/blankpage.ee\/_ruumist-ruumi\/wp-json\/wp\/v2\/product_cat?post=150447"},{"taxonomy":"product_tag","embeddable":true,"href":"https:\/\/blankpage.ee\/_ruumist-ruumi\/wp-json\/wp\/v2\/product_tag?post=150447"}],"curies":[{"name":"wp","href":"https:\/\/api.w.org\/{rel}","templated":true}]}}