{"id":150458,"date":"2025-03-06T10:12:24","date_gmt":"2025-03-06T10:12:24","guid":{"rendered":"https:\/\/ruumistruumi.ee\/pood\/metallist-aiatool-nicke-must-roheline-1342-417\/"},"modified":"2025-08-14T11:10:35","modified_gmt":"2025-08-14T11:10:35","slug":"metallist-aiatool-nicke-must-roheline-1342-417","status":"publish","type":"product","link":"https:\/\/blankpage.ee\/_ruumist-ruumi\/pood\/metallist-aiatool-nicke-must-roheline-1342-417\/","title":{"rendered":"Metallist aiatool Nicke, must\/roheline, 1342-417"},"content":{"rendered":"<h3>Metallist aiatool Nicke \u2013 stiilne ja vastupidav valik<\/h3>\n<p><strong>Metallist aiatool Nicke<\/strong> on modernne ja silmapaistev valik igale terrassile v\u00f5i aeda. Selle kaunis roheline toon toob \u00f5uealale v\u00e4rskust ja elavust, muutes igap\u00e4evased hetked veelgi nauditavamaks. Tooli ajatu disain sobib suurep\u00e4raselt erinevate s\u00f6\u00f6gilaudadega ning t\u00e4iendab suvist \u00f5hkkonda stiilselt ja praktiliselt.<\/p>\n<h3>Kvaliteetne ja ilmastikukindel materjal<\/h3>\n<p>Tool on valmistatud vastupidavast <strong>metallist<\/strong>, mis tagab selle pikaealisuse ja stabiilsuse. Metallist konstruktsioon muudab tooli tugevaks ja vastupidavaks, samas kui \u00f5huline disain lisab kergust ja elegantsi. T\u00e4nu oma materjalile on tool mustuse- ja vedelikukindel, kuid soovitame regulaarselt puhastada pehme niiske lapi ja seebiveega, et v\u00e4ltida rooste teket.<\/p>\n<h3>Praktiline ja funktsionaalne disain<\/h3>\n<p>Lisaks kaunile v\u00e4limusele on <strong>metallist aiatool Nicke<\/strong> ka \u00e4\u00e4rmiselt praktiline. See on <strong>virnastatav<\/strong>, mis t\u00e4hendab, et vajadusel saab mitu tooli h\u00f5lpsasti \u00fcksteise peale asetada ja ruumi s\u00e4\u00e4sta. Kui soovid lisada veelgi suuremat istumismugavust, on v\u00f5imalik juurde osta sobivad istmepadjad.<\/p>\n<h3>Loo oma unistuste \u00f5ueruum<\/h3>\n<p>Kas soovid muuta oma terrassi v\u00f5i aia t\u00f5eliseks l\u00f5\u00f5gastuskohaks? Kombineeri <strong>metallist aiatool Nicke<\/strong> teiste v\u00e4rvide v\u00f5i stiilidega ning loo isikup\u00e4rane ja kutsuv \u00f5hkkond. Selle tooliga saad \u00fchendada funktsionaalsuse ja stiili, et nautida suviseid hetki parimal viisil.<\/p>\n","protected":false},"excerpt":{"rendered":"<p>Metallist aiatool Nicke \u2013 stiilne ja vastupidav valik Metallist aiatool Nicke on modernne ja silmapaistev valik igale terrassile v\u00f5i aeda. Selle kaunis roheline toon toob \u00f5uealale v\u00e4rskust ja elavust, muutes igap\u00e4evased hetked veelgi nauditavamaks. Tooli ajatu disain sobib suurep\u00e4raselt erinevate s\u00f6\u00f6gilaudadega ning t\u00e4iendab suvist \u00f5hkkonda stiilselt ja praktiliselt. Kvaliteetne ja ilmastikukindel materjal Tool on valmistatud [&hellip;]<\/p>\n","protected":false},"featured_media":160450,"comment_status":"open","ping_status":"open","template":"","meta":[],"product_brand":[1818],"product_cat":[1683],"product_tag":[],"class_list":{"0":"post-150458","1":"product","2":"type-product","3":"status-publish","4":"has-post-thumbnail","6":"product_brand-venture-design","7":"product_cat-aiatoolid","8":"product_shipping_class-venture-design","9":"pa_istme-materjal-metall","10":"pa_istme-varvus-roheline","11":"pa_jalgade-varv-roheline","12":"pa_kangas-100-poluester","13":"pa_kollektsioon-nicke","14":"pa_mootmed-62-x-56-x-885","15":"pa_pehmenduste-materjal-poluester","16":"pa_varv-roheline","17":"pa_varv-must","19":"first","20":"instock","21":"sale","22":"taxable","23":"shipping-taxable","24":"purchasable","25":"product-type-simple"},"_links":{"self":[{"href":"https:\/\/blankpage.ee\/_ruumist-ruumi\/wp-json\/wp\/v2\/product\/150458","targetHints":{"allow":["GET"]}}],"collection":[{"href":"https:\/\/blankpage.ee\/_ruumist-ruumi\/wp-json\/wp\/v2\/product"}],"about":[{"href":"https:\/\/blankpage.ee\/_ruumist-ruumi\/wp-json\/wp\/v2\/types\/product"}],"replies":[{"embeddable":true,"href":"https:\/\/blankpage.ee\/_ruumist-ruumi\/wp-json\/wp\/v2\/comments?post=150458"}],"wp:featuredmedia":[{"embeddable":true,"href":"https:\/\/blankpage.ee\/_ruumist-ruumi\/wp-json\/wp\/v2\/media\/160450"}],"wp:attachment":[{"href":"https:\/\/blankpage.ee\/_ruumist-ruumi\/wp-json\/wp\/v2\/media?parent=150458"}],"wp:term":[{"taxonomy":"product_brand","embeddable":true,"href":"https:\/\/blankpage.ee\/_ruumist-ruumi\/wp-json\/wp\/v2\/product_brand?post=150458"},{"taxonomy":"product_cat","embeddable":true,"href":"https:\/\/blankpage.ee\/_ruumist-ruumi\/wp-json\/wp\/v2\/product_cat?post=150458"},{"taxonomy":"product_tag","embeddable":true,"href":"https:\/\/blankpage.ee\/_ruumist-ruumi\/wp-json\/wp\/v2\/product_tag?post=150458"}],"curies":[{"name":"wp","href":"https:\/\/api.w.org\/{rel}","templated":true}]}}