{"id":150476,"date":"2025-03-06T10:12:24","date_gmt":"2025-03-06T10:12:24","guid":{"rendered":"https:\/\/ruumistruumi.ee\/pood\/aiatool-dallas-must-1523-2048\/"},"modified":"2025-08-14T11:10:37","modified_gmt":"2025-08-14T11:10:37","slug":"aiatool-dallas-must-1523-2048","status":"publish","type":"product","link":"https:\/\/blankpage.ee\/_ruumist-ruumi\/pood\/aiatool-dallas-must-1523-2048\/","title":{"rendered":"Aiatool Dallas, must, 1523-2048"},"content":{"rendered":"<h3>Aiatool Dallas \u2013 stiilne ja praktiline valik sinu aeda<\/h3>\n<p><strong>Aiatool Dallas<\/strong> on ideaalne valik suvisteks \u00f5htus\u00f6\u00f6kideks ja m\u00f5nusateks hetkedeks v\u00e4rskes \u00f5hus. Selle modernne disain ja kvaliteetsed materjalid muudavad selle nii silmapaistvaks kui ka funktsionaalseks. Mustad vastupidavad pol\u00fcesterk\u00f6ied loovad ainulaadse ilme, samal ajal kui naturaalsest puidust k\u00e4etoed lisavad soojust ja elegantsi.<\/p>\n<h3>Mugav ja praktiline aiatool<\/h3>\n<p>See tool pole mitte ainult stiilne, vaid ka \u00e4\u00e4rmiselt praktiline. T\u00e4nu virnastatavale disainile saab toolid h\u00f5lpsasti kokku panna ja ruumi s\u00e4\u00e4sta, kui neid parasjagu ei kasutata. See teeb <strong>aiatoolist Dallas<\/strong> suurep\u00e4rase valiku nii v\u00e4iksematele terrassidele kui ka suurematele aianurkadele.<\/p>\n<h3>Kvaliteetsed materjalid ja lihtne hooldus<\/h3>\n<p>Aiatool on valmistatud vastupidavatest materjalidest, mis tagavad pikaealisuse ja lihtsa hoolduse. Pol\u00fcesterk\u00f6ied on spetsiaalselt t\u00f6\u00f6deldud, et taluda 500\u20132000 tundi ilmastikum\u00f5jusid, muutes tooli sobivaks v\u00e4litingimustesse. Puhastamiseks soovitame kasutada seebivett ja pehmet lappi. Raskesti ligip\u00e4\u00e4setavate kohtade jaoks v\u00f5ib kasutada v\u00e4ikest harja. Oluline on v\u00e4ltida survepesurit ja tugevaid kemikaale, et s\u00e4ilitada materjalide kvaliteet.<\/p>\n<h3>Kaasaegne disain, mis sobib igasse aeda<\/h3>\n<p><strong>Aiatool Dallas<\/strong> sulandub suurep\u00e4raselt erinevatesse aiam\u00f6\u00f6blikomplektidesse ning selle must toon lisab modernset ja ajatut stiili. Kui otsid vastupidavat, mugavat ja esteetiliselt kaunist aiatooli, on see mudel kindel valik.<\/p>\n","protected":false},"excerpt":{"rendered":"<p>Aiatool Dallas \u2013 stiilne ja praktiline valik sinu aeda Aiatool Dallas on ideaalne valik suvisteks \u00f5htus\u00f6\u00f6kideks ja m\u00f5nusateks hetkedeks v\u00e4rskes \u00f5hus. Selle modernne disain ja kvaliteetsed materjalid muudavad selle nii silmapaistvaks kui ka funktsionaalseks. Mustad vastupidavad pol\u00fcesterk\u00f6ied loovad ainulaadse ilme, samal ajal kui naturaalsest puidust k\u00e4etoed lisavad soojust ja elegantsi. Mugav ja praktiline aiatool See [&hellip;]<\/p>\n","protected":false},"featured_media":160498,"comment_status":"open","ping_status":"closed","template":"","meta":[],"product_brand":[1818],"product_cat":[1683],"product_tag":[],"class_list":{"0":"post-150476","1":"product","2":"type-product","3":"status-publish","4":"has-post-thumbnail","6":"product_brand-venture-design","7":"product_cat-aiatoolid","8":"product_shipping_class-venture-design","9":"pa_istme-materjal-poluester","10":"pa_istme-varvus-hall","11":"pa_jalgade-varv-must","12":"pa_kangas-100-poluester","13":"pa_kollektsioon-dallas","14":"pa_mootmed-635-x-57-x-835","15":"pa_pehmenduste-materjal-poluester","16":"pa_varv-must","18":"first","19":"instock","20":"sale","21":"taxable","22":"shipping-taxable","23":"purchasable","24":"product-type-simple"},"_links":{"self":[{"href":"https:\/\/blankpage.ee\/_ruumist-ruumi\/wp-json\/wp\/v2\/product\/150476","targetHints":{"allow":["GET"]}}],"collection":[{"href":"https:\/\/blankpage.ee\/_ruumist-ruumi\/wp-json\/wp\/v2\/product"}],"about":[{"href":"https:\/\/blankpage.ee\/_ruumist-ruumi\/wp-json\/wp\/v2\/types\/product"}],"replies":[{"embeddable":true,"href":"https:\/\/blankpage.ee\/_ruumist-ruumi\/wp-json\/wp\/v2\/comments?post=150476"}],"wp:featuredmedia":[{"embeddable":true,"href":"https:\/\/blankpage.ee\/_ruumist-ruumi\/wp-json\/wp\/v2\/media\/160498"}],"wp:attachment":[{"href":"https:\/\/blankpage.ee\/_ruumist-ruumi\/wp-json\/wp\/v2\/media?parent=150476"}],"wp:term":[{"taxonomy":"product_brand","embeddable":true,"href":"https:\/\/blankpage.ee\/_ruumist-ruumi\/wp-json\/wp\/v2\/product_brand?post=150476"},{"taxonomy":"product_cat","embeddable":true,"href":"https:\/\/blankpage.ee\/_ruumist-ruumi\/wp-json\/wp\/v2\/product_cat?post=150476"},{"taxonomy":"product_tag","embeddable":true,"href":"https:\/\/blankpage.ee\/_ruumist-ruumi\/wp-json\/wp\/v2\/product_tag?post=150476"}],"curies":[{"name":"wp","href":"https:\/\/api.w.org\/{rel}","templated":true}]}}