{"id":150522,"date":"2025-03-06T10:12:24","date_gmt":"2025-03-06T10:12:24","guid":{"rendered":"https:\/\/ruumistruumi.ee\/pood\/reguleeritava-seljatoega-aiatool-albany-must-1562-408\/"},"modified":"2025-08-18T19:15:09","modified_gmt":"2025-08-18T19:15:09","slug":"reguleeritava-seljatoega-aiatool-albany-must-1562-408","status":"publish","type":"product","link":"https:\/\/blankpage.ee\/_ruumist-ruumi\/pood\/reguleeritava-seljatoega-aiatool-albany-must-1562-408\/","title":{"rendered":"Reguleeritava seljatoega aiatool Albany, must, 1562-408"},"content":{"rendered":"<h3>Reguleeritava seljatoega aiatool Albany \u2013 stiilne ja mugav valik sinu aeda<\/h3>\n<p><strong>Reguleeritava seljatoega aiatool Albany<\/strong> on praktiline ja mugav lahendus igale terrassile, r\u00f5dule v\u00f5i aianurka. Selle must v\u00e4rvus lisab modernset stiili ning sobib suurep\u00e4raselt erinevate v\u00e4litingimustes kasutatavate m\u00f6\u00f6bliesemetega.<\/p>\n<h3>Reguleeritav seljatugi ja vastupidavad materjalid<\/h3>\n<p>Tooli seljatugi on <strong>reguleeritav viies asendis<\/strong>, mis v\u00f5imaldab leida just endale sobivaima istumisasendi \u2013 olgu see siis l\u00f5\u00f5gastumiseks v\u00f5i einestamiseks. T\u00e4nu kvaliteetsele <strong>textilene-kangale<\/strong> on iste ja seljatugi vastupidavad ning mugavad. See s\u00fcnteetiline materjal on kaetud PVC-ga, mist\u00f5ttu on see <strong>vetth\u00fclgav, hingav ning UV-kindel<\/strong>, takistades p\u00e4ikese pleegitamist ja tagades pika eluea.<\/p>\n<h3>Lihtne hooldus ja vastupidavus<\/h3>\n<p>Textilene on tuntud oma vastupidavuse ja v\u00e4hese hooldusvajaduse poolest. Soovitame tooli puhastada korra kuus niiske lapiga ning seej\u00e4rel kuivatada, et s\u00e4ilitada selle kaunis v\u00e4limus ja materjali kvaliteet.<\/p>\n<h3>Mitmek\u00fclgne ja praktiline aiatool<\/h3>\n<p>Reguleeritava seljatoega aiatool Albany sobib suurep\u00e4raselt nii aiapidudeks kui ka rahulikeks hetkedeks v\u00e4rskes \u00f5hus. T\u00e4nu oma kergele, kuid tugevale konstruktsioonile on seda lihtne liigutada ja hoiustada. Tooli k\u00e4etoed lisavad lisamugavust, pakkudes k\u00e4tele tuge ja tagades veelgi meeldivama istumiskogemuse.<\/p>\n<p>Naudi suve maksimaalselt ja loo oma \u00f5uealale stiilne ning funktsionaalne istumisnurk <strong>reguleeritava seljatoega aiatooliga Albany<\/strong>!<\/p>\n","protected":false},"excerpt":{"rendered":"<p>Reguleeritava seljatoega aiatool Albany \u2013 stiilne ja mugav valik sinu aeda Reguleeritava seljatoega aiatool Albany on praktiline ja mugav lahendus igale terrassile, r\u00f5dule v\u00f5i aianurka. Selle must v\u00e4rvus lisab modernset stiili ning sobib suurep\u00e4raselt erinevate v\u00e4litingimustes kasutatavate m\u00f6\u00f6bliesemetega. Reguleeritav seljatugi ja vastupidavad materjalid Tooli seljatugi on reguleeritav viies asendis, mis v\u00f5imaldab leida just endale sobivaima [&hellip;]<\/p>\n","protected":false},"featured_media":160986,"comment_status":"open","ping_status":"open","template":"","meta":[],"product_brand":[1818],"product_cat":[1803],"product_tag":[],"class_list":{"0":"post-150522","1":"product","2":"type-product","3":"status-publish","4":"has-post-thumbnail","6":"product_brand-venture-design","7":"product_cat-reguleeritava-seljatoega-aiatoolid","8":"product_shipping_class-venture-design","9":"pa_istme-materjal-textilene","10":"pa_istme-varvus-must","11":"pa_jalgade-varv-must","12":"pa_kangas-100-textilene","13":"pa_kollektsioon-albany","14":"pa_mootmed-67-x-59-x-1095","15":"pa_varv-must","17":"first","18":"instock","19":"sale","20":"taxable","21":"shipping-taxable","22":"purchasable","23":"product-type-simple"},"_links":{"self":[{"href":"https:\/\/blankpage.ee\/_ruumist-ruumi\/wp-json\/wp\/v2\/product\/150522","targetHints":{"allow":["GET"]}}],"collection":[{"href":"https:\/\/blankpage.ee\/_ruumist-ruumi\/wp-json\/wp\/v2\/product"}],"about":[{"href":"https:\/\/blankpage.ee\/_ruumist-ruumi\/wp-json\/wp\/v2\/types\/product"}],"replies":[{"embeddable":true,"href":"https:\/\/blankpage.ee\/_ruumist-ruumi\/wp-json\/wp\/v2\/comments?post=150522"}],"wp:featuredmedia":[{"embeddable":true,"href":"https:\/\/blankpage.ee\/_ruumist-ruumi\/wp-json\/wp\/v2\/media\/160986"}],"wp:attachment":[{"href":"https:\/\/blankpage.ee\/_ruumist-ruumi\/wp-json\/wp\/v2\/media?parent=150522"}],"wp:term":[{"taxonomy":"product_brand","embeddable":true,"href":"https:\/\/blankpage.ee\/_ruumist-ruumi\/wp-json\/wp\/v2\/product_brand?post=150522"},{"taxonomy":"product_cat","embeddable":true,"href":"https:\/\/blankpage.ee\/_ruumist-ruumi\/wp-json\/wp\/v2\/product_cat?post=150522"},{"taxonomy":"product_tag","embeddable":true,"href":"https:\/\/blankpage.ee\/_ruumist-ruumi\/wp-json\/wp\/v2\/product_tag?post=150522"}],"curies":[{"name":"wp","href":"https:\/\/api.w.org\/{rel}","templated":true}]}}