{"id":150620,"date":"2025-03-06T10:12:24","date_gmt":"2025-03-06T10:12:24","guid":{"rendered":"https:\/\/ruumistruumi.ee\/pood\/tiigipuust-aiatugitool-kenya-naturaalne-1004-444\/"},"modified":"2025-06-11T09:09:55","modified_gmt":"2025-06-11T09:09:55","slug":"tiigipuust-aiatugitool-kenya-naturaalne-1004-444","status":"publish","type":"product","link":"https:\/\/blankpage.ee\/_ruumist-ruumi\/pood\/tiigipuust-aiatugitool-kenya-naturaalne-1004-444\/","title":{"rendered":"Tiigipuust aiatugitool Kenya, naturaalne, 1004-444"},"content":{"rendered":"<h3>Elegantne ja vastupidav tiigipuust aiatugitool<\/h3>\n<p>Naudi suviseid hetki mugavas ja stiilses <strong>tiigipuust aiatugitoolis<\/strong>. Selle ajatu disain sobib suurep\u00e4raselt nii aeda, terrassile kui ka r\u00f5du hubasesse nurka. T\u00e4nu looduslikule tiigipuule on tool erakordselt vastupidav ning ilmastikukindel, muutes selle ideaalseks v\u00e4litingimustes kasutamiseks.<\/p>\n<h3>Kvaliteetne materjal ja looduslik ilu<\/h3>\n<p>See aiatugitool on valmistatud <strong>tiigipuust<\/strong>, mis on tuntud oma tugevuse ja kauakestva ilu poolest. Tiigipuu loomulik \u00f5lisisaldus kaitseb m\u00f6\u00f6blit niiskuse ja kahjulike ilmastikutingimuste eest, tagades pikaajalise kasutusea. Naturaalne viimistlus toob esile puidu kauni struktuuri ja sooja tooni, lisades igale \u00f5uealale elegantse ilme.<\/p>\n<h3>Mugavus ja stiil \u00fches<\/h3>\n<p>Lihtne, kuid maitsekas disain teeb sellest toolist t\u00e4iusliku valiku igasse \u00f5ueruumi. Selle ergonoomiline kuju tagab mugava istumisasendi, v\u00f5imaldades t\u00e4ielikult l\u00f5\u00f5gastuda ja nautida suviseid hetki. Lisa juurde pehme istmepadi, et muuta istumine veelgi meeldivamaks.<\/p>\n<h3>Praktiline valik igasse aeda<\/h3>\n<p>Tiigipuust aiatugitool on suurep\u00e4rane investeering, mis \u00fchendab endas vastupidavuse, esteetika ja mugavuse. Seda on lihtne hooldada \u2013 regulaarselt \u00f5litades s\u00e4ilitab tool oma kauni v\u00e4limuse aastateks. Sobita see teiste tiigipuust aiam\u00f6\u00f6bli elementidega ja loo \u00fchtne ning stiilne \u00f5ueala.<\/p>\n<p>Kui otsid ajatut ja kvaliteetset aiatugitooli, mis j\u00e4\u00e4b kauniks aastateks, on see tiigipuust tool ideaalne valik.<\/p>\n","protected":false},"excerpt":{"rendered":"<p>Elegantne ja vastupidav tiigipuust aiatugitool Naudi suviseid hetki mugavas ja stiilses tiigipuust aiatugitoolis. Selle ajatu disain sobib suurep\u00e4raselt nii aeda, terrassile kui ka r\u00f5du hubasesse nurka. T\u00e4nu looduslikule tiigipuule on tool erakordselt vastupidav ning ilmastikukindel, muutes selle ideaalseks v\u00e4litingimustes kasutamiseks. Kvaliteetne materjal ja looduslik ilu See aiatugitool on valmistatud tiigipuust, mis on tuntud oma tugevuse [&hellip;]<\/p>\n","protected":false},"featured_media":161498,"comment_status":"open","ping_status":"open","template":"","meta":[],"product_brand":[1818],"product_cat":[1687],"product_tag":[],"class_list":{"0":"post-150620","1":"product","2":"type-product","3":"status-publish","4":"has-post-thumbnail","6":"product_brand-venture-design","7":"product_cat-tugitoolid-ja-lounge-toolid-terrassile","8":"product_shipping_class-venture-design","9":"pa_istme-materjal-tiigipuu","10":"pa_istme-varvus-naturaalne","11":"pa_jalgade-varv-naturaalne","12":"pa_kollektsioon-kenya","13":"pa_mootmed-63-x-85-x-73","14":"pa_varv-naturaalne","16":"first","17":"outofstock","18":"sale","19":"taxable","20":"shipping-taxable","21":"purchasable","22":"product-type-simple"},"_links":{"self":[{"href":"https:\/\/blankpage.ee\/_ruumist-ruumi\/wp-json\/wp\/v2\/product\/150620","targetHints":{"allow":["GET"]}}],"collection":[{"href":"https:\/\/blankpage.ee\/_ruumist-ruumi\/wp-json\/wp\/v2\/product"}],"about":[{"href":"https:\/\/blankpage.ee\/_ruumist-ruumi\/wp-json\/wp\/v2\/types\/product"}],"replies":[{"embeddable":true,"href":"https:\/\/blankpage.ee\/_ruumist-ruumi\/wp-json\/wp\/v2\/comments?post=150620"}],"wp:featuredmedia":[{"embeddable":true,"href":"https:\/\/blankpage.ee\/_ruumist-ruumi\/wp-json\/wp\/v2\/media\/161498"}],"wp:attachment":[{"href":"https:\/\/blankpage.ee\/_ruumist-ruumi\/wp-json\/wp\/v2\/media?parent=150620"}],"wp:term":[{"taxonomy":"product_brand","embeddable":true,"href":"https:\/\/blankpage.ee\/_ruumist-ruumi\/wp-json\/wp\/v2\/product_brand?post=150620"},{"taxonomy":"product_cat","embeddable":true,"href":"https:\/\/blankpage.ee\/_ruumist-ruumi\/wp-json\/wp\/v2\/product_cat?post=150620"},{"taxonomy":"product_tag","embeddable":true,"href":"https:\/\/blankpage.ee\/_ruumist-ruumi\/wp-json\/wp\/v2\/product_tag?post=150620"}],"curies":[{"name":"wp","href":"https:\/\/api.w.org\/{rel}","templated":true}]}}