{"id":151344,"date":"2025-01-01T00:00:00","date_gmt":"2025-01-01T00:00:00","guid":{"rendered":"https:\/\/ruumistruumi.ee\/?post_type=product&#038;p=151344"},"modified":"2025-08-21T08:21:46","modified_gmt":"2025-08-21T08:21:46","slug":"smartmi-aurustav-ohuniisutaja-3-lite","status":"publish","type":"product","link":"https:\/\/blankpage.ee\/_ruumist-ruumi\/pood\/smartmi-aurustav-ohuniisutaja-3-lite\/","title":{"rendered":"Smartmi aurustav \u00f5huniisutaja 3 Lite"},"content":{"rendered":"<h3>Smartmi aurustav \u00f5huniisutaja 3 Lite<\/h3>\n<p>Hoolitse oma kodu \u00f5hukvaliteedi eest Smartmi aurustuva \u00f5huniisutaja 3 Lite abil, mis on j\u00e4rgmise p\u00f5lvkonna aurustuv \u00f5huniisutaja, mis \u00fchendab endas tipptasemel tehnoloogia ja erakordse kasutusmugavuse. See mitte ainult ei paranda \u00f5hu niiskust, vaid kohandab oma t\u00f6\u00f6 keskkonna vajadustele, pakkudes ideaalseid tingimusi puhkamiseks, t\u00f6\u00f6tamiseks v\u00f5i magamiseks. Pole t\u00e4htis, kuhu sa selle asetad &#8211; elutuppa, magamistuppa v\u00f5i lastetuppa &#8211; sa tunned erinevust.<\/p>\n<p><img loading=\"lazy\" decoding=\"async\" class=\"alignnone size-medium_large wp-image-166591\" src=\"https:\/\/blankpage.ee\/_ruumist-ruumi\/wp-content\/uploads\/2025\/01\/Smartmi-aurustav-ohuniisutaja-3-Lite-7-768x489.webp\" alt=\"Smartmi aurustav \u00f5huniisutaja 3 Lite\" width=\"768\" height=\"489\" srcset=\"https:\/\/blankpage.ee\/_ruumist-ruumi\/wp-content\/uploads\/2025\/01\/Smartmi-aurustav-ohuniisutaja-3-Lite-7-768x489.webp 768w, https:\/\/blankpage.ee\/_ruumist-ruumi\/wp-content\/uploads\/2025\/01\/Smartmi-aurustav-ohuniisutaja-3-Lite-7-400x255.webp 400w, https:\/\/blankpage.ee\/_ruumist-ruumi\/wp-content\/uploads\/2025\/01\/Smartmi-aurustav-ohuniisutaja-3-Lite-7-922x587.webp 922w, https:\/\/blankpage.ee\/_ruumist-ruumi\/wp-content\/uploads\/2025\/01\/Smartmi-aurustav-ohuniisutaja-3-Lite-7-150x96.webp 150w, https:\/\/blankpage.ee\/_ruumist-ruumi\/wp-content\/uploads\/2025\/01\/Smartmi-aurustav-ohuniisutaja-3-Lite-7-64x41.webp 64w, https:\/\/blankpage.ee\/_ruumist-ruumi\/wp-content\/uploads\/2025\/01\/Smartmi-aurustav-ohuniisutaja-3-Lite-7.webp 1000w\" sizes=\"auto, (max-width: 768px) 100vw, 768px\" \/><\/p>\n<h3>Looduslik niiskus ilma udu efektita<\/h3>\n<p>Smartmi aurustuv \u00f5huniisutaja 3 Lite kasutab arenenud aurustumistehnoloogiat, mis j\u00e4ljendab looduslikku vee aurustumist, et niisutada \u00f5hku peenelt ja t\u00f5husalt. Ei mingit kunstlikku udu, ei mingit j\u00e4\u00e4ki m\u00f6\u00f6blil, ainult v\u00e4rske ja puhas \u00f5hk! See teeb niisutajast ideaalse valiku tubadesse, kus on lapsed, rasedad naised v\u00f5i allergikud, v\u00e4hendades \u00e4rrituse v\u00f5i allergiliste reaktsioonide riski.<\/p>\n<p><img loading=\"lazy\" decoding=\"async\" class=\"alignnone size-medium_large wp-image-166590\" src=\"https:\/\/blankpage.ee\/_ruumist-ruumi\/wp-content\/uploads\/2025\/01\/Smartmi-aurustav-ohuniisutaja-3-Lite-5-768x489.webp\" alt=\"Smartmi aurustav \u00f5huniisutaja 3 Lite\" width=\"768\" height=\"489\" srcset=\"https:\/\/blankpage.ee\/_ruumist-ruumi\/wp-content\/uploads\/2025\/01\/Smartmi-aurustav-ohuniisutaja-3-Lite-5-768x489.webp 768w, https:\/\/blankpage.ee\/_ruumist-ruumi\/wp-content\/uploads\/2025\/01\/Smartmi-aurustav-ohuniisutaja-3-Lite-5-400x255.webp 400w, https:\/\/blankpage.ee\/_ruumist-ruumi\/wp-content\/uploads\/2025\/01\/Smartmi-aurustav-ohuniisutaja-3-Lite-5-922x587.webp 922w, https:\/\/blankpage.ee\/_ruumist-ruumi\/wp-content\/uploads\/2025\/01\/Smartmi-aurustav-ohuniisutaja-3-Lite-5-150x96.webp 150w, https:\/\/blankpage.ee\/_ruumist-ruumi\/wp-content\/uploads\/2025\/01\/Smartmi-aurustav-ohuniisutaja-3-Lite-5-64x41.webp 64w, https:\/\/blankpage.ee\/_ruumist-ruumi\/wp-content\/uploads\/2025\/01\/Smartmi-aurustav-ohuniisutaja-3-Lite-5.webp 1000w\" sizes=\"auto, (max-width: 768px) 100vw, 768px\" \/><\/p>\n<h3>\u00d5hk puhtam kui kunagi varem<\/h3>\n<p>Hoolitse sissehingatava \u00f5hu kvaliteedi eest! Niisutaja on varustatud spetsiaalse filtreerimiss\u00fcsteemiga, mis p\u00fc\u00fcab kinni v\u00e4ikesed tolmuosakesed ja saasteained, nii et \u00f5hk on mitte ainult niisutatud, vaid ka puhas. See on suurep\u00e4rane lahendus allergikutele, kes hindavad mitte ainult mugavust, vaid eelk\u00f5ige tervist.<\/p>\n<p><img loading=\"lazy\" decoding=\"async\" class=\"alignnone size-medium_large wp-image-166593\" src=\"https:\/\/blankpage.ee\/_ruumist-ruumi\/wp-content\/uploads\/2025\/01\/Smartmi-aurustav-ohuniisutaja-3-Lite-10-768x489.webp\" alt=\"Smartmi aurustav \u00f5huniisutaja 3 Lite\" width=\"768\" height=\"489\" srcset=\"https:\/\/blankpage.ee\/_ruumist-ruumi\/wp-content\/uploads\/2025\/01\/Smartmi-aurustav-ohuniisutaja-3-Lite-10-768x489.webp 768w, https:\/\/blankpage.ee\/_ruumist-ruumi\/wp-content\/uploads\/2025\/01\/Smartmi-aurustav-ohuniisutaja-3-Lite-10-400x255.webp 400w, https:\/\/blankpage.ee\/_ruumist-ruumi\/wp-content\/uploads\/2025\/01\/Smartmi-aurustav-ohuniisutaja-3-Lite-10-922x587.webp 922w, https:\/\/blankpage.ee\/_ruumist-ruumi\/wp-content\/uploads\/2025\/01\/Smartmi-aurustav-ohuniisutaja-3-Lite-10-150x96.webp 150w, https:\/\/blankpage.ee\/_ruumist-ruumi\/wp-content\/uploads\/2025\/01\/Smartmi-aurustav-ohuniisutaja-3-Lite-10-64x41.webp 64w, https:\/\/blankpage.ee\/_ruumist-ruumi\/wp-content\/uploads\/2025\/01\/Smartmi-aurustav-ohuniisutaja-3-Lite-10.webp 1000w\" sizes=\"auto, (max-width: 768px) 100vw, 768px\" \/><\/p>\n<h3>Maksimaalne t\u00f5husus, minimaalne m\u00fcra<\/h3>\n<p>Sa ei pea valima t\u00f5hususe ja vaikuse vahel. Smartmi aurustuv \u00f5huniisutaja 3 Lite v\u00f5ib t\u00f6\u00f6tada kogu \u00f6\u00f6 ilma und h\u00e4irimata. Mahutavusega 280 ml\/h niisutab see h\u00f5lpsasti kuni 40 m\u00b2 ruume ja t\u00e4nu suurele 4-liitrisele veepaagile ei vaja see sagedast t\u00e4itmist. Naudi v\u00e4rsket \u00f5hku kuni 14 tundi ilma tarbetute katkestusteta!<\/p>\n<p><img loading=\"lazy\" decoding=\"async\" class=\"alignnone size-medium_large wp-image-166589\" src=\"https:\/\/blankpage.ee\/_ruumist-ruumi\/wp-content\/uploads\/2025\/01\/Smartmi-aurustav-ohuniisutaja-3-Lite-2-768x489.webp\" alt=\"Smartmi aurustav \u00f5huniisutaja 3 Lite\" width=\"768\" height=\"489\" srcset=\"https:\/\/blankpage.ee\/_ruumist-ruumi\/wp-content\/uploads\/2025\/01\/Smartmi-aurustav-ohuniisutaja-3-Lite-2-768x489.webp 768w, https:\/\/blankpage.ee\/_ruumist-ruumi\/wp-content\/uploads\/2025\/01\/Smartmi-aurustav-ohuniisutaja-3-Lite-2-400x255.webp 400w, https:\/\/blankpage.ee\/_ruumist-ruumi\/wp-content\/uploads\/2025\/01\/Smartmi-aurustav-ohuniisutaja-3-Lite-2-922x587.webp 922w, https:\/\/blankpage.ee\/_ruumist-ruumi\/wp-content\/uploads\/2025\/01\/Smartmi-aurustav-ohuniisutaja-3-Lite-2-150x96.webp 150w, https:\/\/blankpage.ee\/_ruumist-ruumi\/wp-content\/uploads\/2025\/01\/Smartmi-aurustav-ohuniisutaja-3-Lite-2-64x41.webp 64w, https:\/\/blankpage.ee\/_ruumist-ruumi\/wp-content\/uploads\/2025\/01\/Smartmi-aurustav-ohuniisutaja-3-Lite-2.webp 1000w\" sizes=\"auto, (max-width: 768px) 100vw, 768px\" \/><\/p>\n<h3>Pidev niiskus, usaldusv\u00e4\u00e4rne kaitse<\/h3>\n<p>Alati t\u00e4iuslik niiskus &#8211; ilma sinu sekkumiseta! Niisutaja j\u00e4lgib automaatselt \u00fcmbritsevaid tingimusi ja kohandab oma t\u00f6\u00f6d, et pidevalt s\u00e4ilitada niiskustase ideaalsel 55%-l. Smartmi aurustuv \u00f5huniisutaja 3 Lite hoolitseb mitte ainult sinu mugavuse, vaid ka turvalisuse eest. Kui veetase paagis langeb liiga madalale v\u00f5i veeanum eemaldatakse, l\u00fclitub seade automaatselt v\u00e4lja, et v\u00e4ltida kahjustusi.<\/p>\n<p><img loading=\"lazy\" decoding=\"async\" class=\"alignnone size-medium_large wp-image-166595\" src=\"https:\/\/blankpage.ee\/_ruumist-ruumi\/wp-content\/uploads\/2025\/01\/Smartmi-aurustav-ohuniisutaja-3-Lite-01-768x489.webp\" alt=\"Smartmi aurustav \u00f5huniisutaja 3 Lite\" width=\"768\" height=\"489\" srcset=\"https:\/\/blankpage.ee\/_ruumist-ruumi\/wp-content\/uploads\/2025\/01\/Smartmi-aurustav-ohuniisutaja-3-Lite-01-768x489.webp 768w, https:\/\/blankpage.ee\/_ruumist-ruumi\/wp-content\/uploads\/2025\/01\/Smartmi-aurustav-ohuniisutaja-3-Lite-01-400x255.webp 400w, https:\/\/blankpage.ee\/_ruumist-ruumi\/wp-content\/uploads\/2025\/01\/Smartmi-aurustav-ohuniisutaja-3-Lite-01-922x587.webp 922w, https:\/\/blankpage.ee\/_ruumist-ruumi\/wp-content\/uploads\/2025\/01\/Smartmi-aurustav-ohuniisutaja-3-Lite-01-150x96.webp 150w, https:\/\/blankpage.ee\/_ruumist-ruumi\/wp-content\/uploads\/2025\/01\/Smartmi-aurustav-ohuniisutaja-3-Lite-01-64x41.webp 64w, https:\/\/blankpage.ee\/_ruumist-ruumi\/wp-content\/uploads\/2025\/01\/Smartmi-aurustav-ohuniisutaja-3-Lite-01.webp 1000w\" sizes=\"auto, (max-width: 768px) 100vw, 768px\" \/><\/p>\n<h3>T\u00e4ielik kontroll<\/h3>\n<p>Smartmi aurustuva \u00f5huniisutaja 3 Lite juhtimine on nauding &#8211; k\u00f5ik t\u00e4nu selle integreerimisele Mi Home rakendusega. Saad igalt poolt j\u00e4lgida ja reguleerida niiskustaset, l\u00fclitada seadet sisse v\u00f5i v\u00e4lja ning seada t\u00f6\u00f6aegu, et kohandada niisutaja oma elustiiliga. Seade on ka \u00fchilduv h\u00e4\u00e4lassistentidega &#8211; Hey Google, Amazon Alexa ja Yandex Alice. Nii saad niisutajat juhtida k\u00e4ed-vabad lihtsate h\u00e4\u00e4lk\u00e4sklustega!<\/p>\n<p><img loading=\"lazy\" decoding=\"async\" class=\"alignnone size-medium_large wp-image-166594\" src=\"https:\/\/blankpage.ee\/_ruumist-ruumi\/wp-content\/uploads\/2025\/01\/Smartmi-aurustav-ohuniisutaja-3-Lite-13-768x489.webp\" alt=\"Smartmi aurustav \u00f5huniisutaja 3 Lite\" width=\"768\" height=\"489\" srcset=\"https:\/\/blankpage.ee\/_ruumist-ruumi\/wp-content\/uploads\/2025\/01\/Smartmi-aurustav-ohuniisutaja-3-Lite-13-768x489.webp 768w, https:\/\/blankpage.ee\/_ruumist-ruumi\/wp-content\/uploads\/2025\/01\/Smartmi-aurustav-ohuniisutaja-3-Lite-13-400x255.webp 400w, https:\/\/blankpage.ee\/_ruumist-ruumi\/wp-content\/uploads\/2025\/01\/Smartmi-aurustav-ohuniisutaja-3-Lite-13-922x587.webp 922w, https:\/\/blankpage.ee\/_ruumist-ruumi\/wp-content\/uploads\/2025\/01\/Smartmi-aurustav-ohuniisutaja-3-Lite-13-150x96.webp 150w, https:\/\/blankpage.ee\/_ruumist-ruumi\/wp-content\/uploads\/2025\/01\/Smartmi-aurustav-ohuniisutaja-3-Lite-13-64x41.webp 64w, https:\/\/blankpage.ee\/_ruumist-ruumi\/wp-content\/uploads\/2025\/01\/Smartmi-aurustav-ohuniisutaja-3-Lite-13.webp 1000w\" sizes=\"auto, (max-width: 768px) 100vw, 768px\" \/><\/p>\n<h3>Lihtne t\u00e4itmine ja kiire puhastamine<\/h3>\n<p>\u00d5huniisutaja kasutamine pole kunagi olnud lihtsam! T\u00e4nu lihtsale t\u00e4ites\u00fcsteemile saad vee sekunditega t\u00e4ita &#8211; isegi ilma seadet v\u00e4lja l\u00fclitamata. Ja kui on aeg puhastamiseks, muudavad eemaldatav kaas ja modulaarne disain hoolduse kiireks ja vaevatuks. K\u00f5ik see selleks, et saaksid nautida selle j\u00f5udlust v\u00f5imalikult kaua, ilma tarbetute komplikatsioonideta.<\/p>\n<p><img loading=\"lazy\" decoding=\"async\" class=\"alignnone size-medium_large wp-image-166592\" src=\"https:\/\/blankpage.ee\/_ruumist-ruumi\/wp-content\/uploads\/2025\/01\/Smartmi-aurustav-ohuniisutaja-3-Lite-8-768x489.webp\" alt=\"Smartmi aurustav \u00f5huniisutaja 3 Lite\" width=\"768\" height=\"489\" srcset=\"https:\/\/blankpage.ee\/_ruumist-ruumi\/wp-content\/uploads\/2025\/01\/Smartmi-aurustav-ohuniisutaja-3-Lite-8-768x489.webp 768w, https:\/\/blankpage.ee\/_ruumist-ruumi\/wp-content\/uploads\/2025\/01\/Smartmi-aurustav-ohuniisutaja-3-Lite-8-400x255.webp 400w, https:\/\/blankpage.ee\/_ruumist-ruumi\/wp-content\/uploads\/2025\/01\/Smartmi-aurustav-ohuniisutaja-3-Lite-8-922x587.webp 922w, https:\/\/blankpage.ee\/_ruumist-ruumi\/wp-content\/uploads\/2025\/01\/Smartmi-aurustav-ohuniisutaja-3-Lite-8-150x96.webp 150w, https:\/\/blankpage.ee\/_ruumist-ruumi\/wp-content\/uploads\/2025\/01\/Smartmi-aurustav-ohuniisutaja-3-Lite-8-64x41.webp 64w, https:\/\/blankpage.ee\/_ruumist-ruumi\/wp-content\/uploads\/2025\/01\/Smartmi-aurustav-ohuniisutaja-3-Lite-8.webp 1000w\" sizes=\"auto, (max-width: 768px) 100vw, 768px\" \/><\/p>\n<div class=\"table-wrapper\">\n<h3><\/h3>\n<table>\n<tbody>\n<tr>\n<th>Tootja<\/th>\n<td>Smartmi<\/td>\n<\/tr>\n<tr>\n<th>Mudel<\/th>\n<td>Aurustuv \u00f5huniisutaja 3 Lite<\/td>\n<\/tr>\n<tr>\n<th>Niisutamise t\u00fc\u00fcp<\/th>\n<td>Aurustuv \u00f5huniisutaja<\/td>\n<\/tr>\n<tr>\n<th>Paagi maht<\/th>\n<td>4 liitrit<\/td>\n<\/tr>\n<tr>\n<th>Niisutamise maht<\/th>\n<td>280 ml\/h<\/td>\n<\/tr>\n<tr>\n<th>T\u00f6\u00f6ala<\/th>\n<td>kuni 40 m\u00b2<\/td>\n<\/tr>\n<tr>\n<th>Maksimaalne niisutamise aeg<\/th>\n<td>Kuni 14 tundi<\/td>\n<\/tr>\n<tr>\n<th>M\u00fcratase<\/th>\n<td>\u226450 dB(A)<\/td>\n<\/tr>\n<tr>\n<th>Rakendus<\/th>\n<td>Mi Home<\/td>\n<\/tr>\n<tr>\n<th>\u00dchilduvad h\u00e4\u00e4lassistendid<\/th>\n<td>Hey Google, Amazon Alexa, Yandex Alice<\/td>\n<\/tr>\n<tr>\n<th>V\u00e4rv<\/th>\n<td>Valge<\/td>\n<\/tr>\n<tr>\n<th>M\u00f5\u00f5tmed<\/th>\n<td>260 x 260 x 356 mm<\/td>\n<\/tr>\n<tr>\n<th>Kaal<\/th>\n<td>Ligikaudu 4 kg<\/td>\n<\/tr>\n<\/tbody>\n<\/table>\n<\/div>\n","protected":false},"excerpt":{"rendered":"<p>Smartmi aurustav \u00f5huniisutaja 3 Lite Hoolitse oma kodu \u00f5hukvaliteedi eest Smartmi aurustuva \u00f5huniisutaja 3 Lite abil, mis on j\u00e4rgmise p\u00f5lvkonna aurustuv \u00f5huniisutaja, mis \u00fchendab endas tipptasemel tehnoloogia ja erakordse kasutusmugavuse. See mitte ainult ei paranda \u00f5hu niiskust, vaid kohandab oma t\u00f6\u00f6 keskkonna vajadustele, pakkudes ideaalseid tingimusi puhkamiseks, t\u00f6\u00f6tamiseks v\u00f5i magamiseks. Pole t\u00e4htis, kuhu sa selle [&hellip;]<\/p>\n","protected":false},"featured_media":166576,"comment_status":"open","ping_status":"closed","template":"","meta":[],"product_brand":[],"product_cat":[1210],"product_tag":[],"class_list":{"0":"post-151344","1":"product","2":"type-product","3":"status-publish","4":"has-post-thumbnail","6":"product_cat-ohuniisutajad","7":"product_shipping_class-innpro","9":"first","10":"instock","11":"sale","12":"taxable","13":"shipping-taxable","14":"purchasable","15":"product-type-simple"},"_links":{"self":[{"href":"https:\/\/blankpage.ee\/_ruumist-ruumi\/wp-json\/wp\/v2\/product\/151344","targetHints":{"allow":["GET"]}}],"collection":[{"href":"https:\/\/blankpage.ee\/_ruumist-ruumi\/wp-json\/wp\/v2\/product"}],"about":[{"href":"https:\/\/blankpage.ee\/_ruumist-ruumi\/wp-json\/wp\/v2\/types\/product"}],"replies":[{"embeddable":true,"href":"https:\/\/blankpage.ee\/_ruumist-ruumi\/wp-json\/wp\/v2\/comments?post=151344"}],"wp:featuredmedia":[{"embeddable":true,"href":"https:\/\/blankpage.ee\/_ruumist-ruumi\/wp-json\/wp\/v2\/media\/166576"}],"wp:attachment":[{"href":"https:\/\/blankpage.ee\/_ruumist-ruumi\/wp-json\/wp\/v2\/media?parent=151344"}],"wp:term":[{"taxonomy":"product_brand","embeddable":true,"href":"https:\/\/blankpage.ee\/_ruumist-ruumi\/wp-json\/wp\/v2\/product_brand?post=151344"},{"taxonomy":"product_cat","embeddable":true,"href":"https:\/\/blankpage.ee\/_ruumist-ruumi\/wp-json\/wp\/v2\/product_cat?post=151344"},{"taxonomy":"product_tag","embeddable":true,"href":"https:\/\/blankpage.ee\/_ruumist-ruumi\/wp-json\/wp\/v2\/product_tag?post=151344"}],"curies":[{"name":"wp","href":"https:\/\/api.w.org\/{rel}","templated":true}]}}