{"id":152988,"date":"2025-03-28T11:56:41","date_gmt":"2025-03-28T11:56:41","guid":{"rendered":"https:\/\/ruumistruumi.ee\/?post_type=product&#038;p=152988"},"modified":"2025-08-21T08:21:31","modified_gmt":"2025-08-21T08:21:31","slug":"baseus-ekraanilamp-i-wok-pro-usb-3000k-6500k-5w-must","status":"publish","type":"product","link":"https:\/\/blankpage.ee\/_ruumist-ruumi\/pood\/baseus-ekraanilamp-i-wok-pro-usb-3000k-6500k-5w-must\/","title":{"rendered":"Baseus ekraanilamp \u2013 I-Wok Pro USB (3000K-6500K, 5W) must"},"content":{"rendered":"<h3>Baseus ekraanilamp \u2013 I-Wok Pro innovaatiline lahendus<\/h3>\n<p>Baseus ekraanilamp I-Wok Pro on nutikas ja mitmek\u00fclgne valguslahendus, mis sobib ideaalselt t\u00f6\u00f6pindade valgustamiseks. Selle 45\u00b0 nurga all paigutuv lamp tagab, et valgus suunatakse otse t\u00f6\u00f6pinnale, v\u00e4ltides ekraanilt peegeldumist ja pakkudes \u00fchtlast, silmi kaitsvat valgust. Baseus ekraanilamp on ideaalne lahendus nii kontori, kodu kui ka disaini- ja fotograafiat\u00f6\u00f6de jaoks, kus esmat\u00e4htis on t\u00e4pne v\u00e4rvide esitamine ja mugav t\u00f6\u00f6tingimused.<\/p>\n<p><img decoding=\"async\" src=\"https:\/\/blankpage.ee\/_ruumist-ruumi\/wp-content\/uploads\/2025\/03\/0_16.webp\" alt=\"Baseus ekraanilamp t\u00f5hus silmade kaitse\"><\/p>\n<h3>Looduslik valgustus ja t\u00e4pne v\u00e4rviedastus<\/h3>\n<p>T\u00e4isspektriga LED-tehnoloogia v\u00f5imaldab Baseus ekraanilambil j\u00e4ljendada loomulikku p\u00e4evavalgust, muutes selle sobivaks ka pikaajaliseks kasutamiseks. V\u00e4rviesitusindeks on \u00fcle 97, mis tagab, et k\u00f5ik valgustatud objektid paistavad oma v\u00e4rvides loomulikud ja t\u00e4psed. See omadus on eriti oluline graafilise disaini ja fotograafia valdkonnas, kus v\u00e4rvide \u00f5igsus on asendamatu.<\/p>\n<p><img decoding=\"async\" src=\"https:\/\/blankpage.ee\/_ruumist-ruumi\/wp-content\/uploads\/2025\/03\/0_08-5.webp\" alt=\"Baseus ekraanilamp looduslik valgustus\"><\/p>\n<h3>Kohandatav valgus ja lihtne kasutamine<\/h3>\n<p>Baseus ekraanilambi valgustugevust ja v\u00e4rvitemperatuuri saab mugavalt reguleerida vahemikus 3000K kuni 6500K. Saad valida ereda ja soojema valguse vahel vastavalt oma t\u00f6\u00f6tarkvara v\u00f5i tegevuse vajadustele. Seaded j\u00e4\u00e4vad meelde ka p\u00e4rast toiteallikast lahutamist, muutes Baseus ekraanilambi igap\u00e4evaseks t\u00f6\u00f6partneriks, kes lihtsustab kiiret t\u00f6\u00f6le asumist ilma lisakonfiguratsioonideta.<\/p>\n<p><img decoding=\"async\" src=\"https:\/\/blankpage.ee\/_ruumist-ruumi\/wp-content\/uploads\/2025\/03\/0_10-11.webp\" alt=\"Baseus ekraanilamp - valgustuse kohandamine\"><\/p>\n<h3>Paigaldus, disain ja kvaliteetsed materjalid<\/h3>\n<p>\u00dcks Baseus ekraanilambi suurimaid eeliseid on selle lihtne ja kiire paigaldus. Lamp kinnitatakse monitori k\u00fclge mugavalt, ilma et see laual lisa ruumi n\u00f5uaks, ning sobib monitoridele paksusega 5\u201340 mm. Elegantne ja soliidne disain koos USB-C toite\u00fchendusega tagab t\u00f6\u00f6kindluse ning kvaliteetsed materjalid \u2013 alumiiniumsulam, ABS ja PC \u2013 tagavad pikaajalise vastupidavuse ja stiilse v\u00e4ljan\u00e4gemise. Komplekti kuulub lisaks lampile ka vastav kaabel, v\u00f5imaldades kohe alustada t\u00f6\u00f6valgustuse kasutamist.<\/p>\n<p><img decoding=\"async\" src=\"https:\/\/blankpage.ee\/_ruumist-ruumi\/wp-content\/uploads\/2025\/03\/0_12.webp\" alt=\"Baseus ekraanilamp - lihtne paigaldus\"><br \/>\n<img decoding=\"async\" src=\"https:\/\/blankpage.ee\/_ruumist-ruumi\/wp-content\/uploads\/2025\/03\/0_19.webp\" alt=\"Baseus ekraanilamp elegantne disain\"><\/p>\n<div class=\"table-wrapper\">\n<table class=\"table-specs\">\n<tbody>\n<tr>\n<th><span>Br\u00e4nd<\/span><\/th>\n<td><span>Baseus<\/span><\/td>\n<\/tr>\n<tr>\n<th><span>Nimi<\/span><\/th>\n<td><span>I-Wok seeria USB as\u00fcmmeetriline valgusti ekraanilamp (fighting) Pro<\/span><\/td>\n<\/tr>\n<tr>\n<th><span>Model<\/span><\/th>\n<td><span>DGIWK-P01<\/span><\/td>\n<\/tr>\n<tr>\n<th><span>Materjal<\/span><\/th>\n<td><span>Alumiiniumisulam + ABS + PC<\/span><\/td>\n<\/tr>\n<tr>\n<th><span>V\u00e4rv<\/span><\/th>\n<td><span>Must<\/span><\/td>\n<\/tr>\n<tr>\n<th><span>Nimipinge<\/span><\/th>\n<td><span>5V<\/span><\/td>\n<\/tr>\n<tr>\n<th><span>V\u00f5imsus<\/span><\/th>\n<td><span>5W (Max.)<\/span><\/td>\n<\/tr>\n<tr>\n<th><span>Valgusallikas<\/span><\/th>\n<td><span><strong>LED<\/strong><\/span><\/td>\n<\/tr>\n<tr>\n<th><span>LED-de arv<\/span><\/th>\n<td><span><strong>80<\/strong><\/span><\/td>\n<\/tr>\n<tr>\n<th><span>CRI<\/span><\/th>\n<td><span><strong>&gt;97<\/strong><\/span><\/td>\n<\/tr>\n<tr>\n<th><span>V\u00e4rvitemperatuur<\/span><\/th>\n<td><span><strong>3000K-6500K<\/strong><\/span><\/td>\n<\/tr>\n<tr>\n<th><span>Valgusvoog<\/span><\/th>\n<td><span><strong>kuni 160lm<\/strong><\/span><\/td>\n<\/tr>\n<tr>\n<th><span>T\u00f6\u00f6temperatuur<\/span><\/th>\n<td><span><strong>-10\u00b0C kuni 40\u00b0C<\/strong><\/span><\/td>\n<\/tr>\n<tr>\n<th><span>Netomass<\/span><\/th>\n<td><span><strong>480g<\/strong><\/span><\/td>\n<\/tr>\n<tr>\n<th><span>Ekraani paksus<\/span><\/th>\n<td><span><strong>5-40mm<\/strong><\/span><\/td>\n<\/tr>\n<tr>\n<th><span>M\u00f5\u00f5tmed<\/span><\/th>\n<td><span><strong>Lamp: 464 x 100 mm; Klamber: 38 mm<\/strong><\/span><\/td>\n<\/tr>\n<tr>\n<th><span>Komplekti sisu<\/span><\/th>\n<td><span><strong>Lamp, kaabel<\/strong><\/span><\/td>\n<\/tr>\n<\/tbody>\n<\/table>\n<\/div>\n","protected":false},"excerpt":{"rendered":"<p>Baseus ekraanilamp \u2013 I-Wok Pro innovaatiline lahendus Baseus ekraanilamp I-Wok Pro on nutikas ja mitmek\u00fclgne valguslahendus, mis sobib ideaalselt t\u00f6\u00f6pindade valgustamiseks. Selle 45\u00b0 nurga all paigutuv lamp tagab, et valgus suunatakse otse t\u00f6\u00f6pinnale, v\u00e4ltides ekraanilt peegeldumist ja pakkudes \u00fchtlast, silmi kaitsvat valgust. Baseus ekraanilamp on ideaalne lahendus nii kontori, kodu kui ka disaini- ja fotograafiat\u00f6\u00f6de [&hellip;]<\/p>\n","protected":false},"featured_media":152994,"comment_status":"open","ping_status":"open","template":"","meta":[],"product_brand":[2876],"product_cat":[2954],"product_tag":[],"class_list":{"0":"post-152988","1":"product","2":"type-product","3":"status-publish","4":"has-post-thumbnail","6":"product_brand-baseus","7":"product_cat-valgustus-it-tarvikud-elektroonika","8":"product_shipping_class-innpro","10":"first","11":"instock","12":"sale","13":"taxable","14":"shipping-taxable","15":"purchasable","16":"product-type-simple"},"_links":{"self":[{"href":"https:\/\/blankpage.ee\/_ruumist-ruumi\/wp-json\/wp\/v2\/product\/152988","targetHints":{"allow":["GET"]}}],"collection":[{"href":"https:\/\/blankpage.ee\/_ruumist-ruumi\/wp-json\/wp\/v2\/product"}],"about":[{"href":"https:\/\/blankpage.ee\/_ruumist-ruumi\/wp-json\/wp\/v2\/types\/product"}],"replies":[{"embeddable":true,"href":"https:\/\/blankpage.ee\/_ruumist-ruumi\/wp-json\/wp\/v2\/comments?post=152988"}],"wp:featuredmedia":[{"embeddable":true,"href":"https:\/\/blankpage.ee\/_ruumist-ruumi\/wp-json\/wp\/v2\/media\/152994"}],"wp:attachment":[{"href":"https:\/\/blankpage.ee\/_ruumist-ruumi\/wp-json\/wp\/v2\/media?parent=152988"}],"wp:term":[{"taxonomy":"product_brand","embeddable":true,"href":"https:\/\/blankpage.ee\/_ruumist-ruumi\/wp-json\/wp\/v2\/product_brand?post=152988"},{"taxonomy":"product_cat","embeddable":true,"href":"https:\/\/blankpage.ee\/_ruumist-ruumi\/wp-json\/wp\/v2\/product_cat?post=152988"},{"taxonomy":"product_tag","embeddable":true,"href":"https:\/\/blankpage.ee\/_ruumist-ruumi\/wp-json\/wp\/v2\/product_tag?post=152988"}],"curies":[{"name":"wp","href":"https:\/\/api.w.org\/{rel}","templated":true}]}}