{"id":153611,"date":"2025-03-28T14:22:12","date_gmt":"2025-03-28T14:22:12","guid":{"rendered":"https:\/\/ruumistruumi.ee\/pood\/baseus-usb-c-hub-5-in-1-adapter-3x-usb-3-0-hdmi-100w-pd\/"},"modified":"2025-08-21T08:21:28","modified_gmt":"2025-08-21T08:21:28","slug":"baseus-usb-c-hub-5-in-1-adapter-3x-usb-3-0-hdmi-100w-pd","status":"publish","type":"product","link":"https:\/\/blankpage.ee\/_ruumist-ruumi\/pood\/baseus-usb-c-hub-5-in-1-adapter-3x-usb-3-0-hdmi-100w-pd\/","title":{"rendered":"Baseus USB-C hub 5-in-1 Adapter (3x USB 3.0, HDMI, 100W PD)"},"content":{"rendered":"<h3>Baseus USB-C hub \u2013 5-in-1 adapter WKWG020013<\/h3>\n<p>Baseus USB-C hub on ideaalne lahendus neile, kes otsivad mitmek\u00fclgset ja usaldusv\u00e4\u00e4rset adapterit. See seade v\u00f5imaldab kiiret andmeedastust kuni 500 MB\/s, nutikat seadmete laadimist (PD 100W) ja kvaliteetset pildi kuvamist 4K@30Hz resolutsiooniga. Digitaalsete seadmete pidevalt kasvava kasutuse korral tagab Baseus USB-C hub sujuva ja stabiilse \u00fchenduse nii kontoris kui ka kodus.<\/p>\n<p><img decoding=\"async\" src=\"https:\/\/blankpage.ee\/_ruumist-ruumi\/wp-content\/uploads\/2025\/03\/1-23.webp\" alt=\"Baseus USB-C hub adapter koos viie pordiga\"><\/p>\n<h3>Mitmek\u00fclgsed \u00fchendusv\u00f5imalused<\/h3>\n<p>See 5-portine adapter pakub laia valikut \u00fchendusv\u00f5imalusi, et saaksite oma seadmeid kasutada maksimaalse mugavusega. Lisaks kaasaegselt kujundatud USB-C pordile on seadmel kolm USB 3.0 porti, mis v\u00f5imaldavad kiiret andmeedastust ja tagavad kuni 500 MB\/s \u00fclekandekiiruse. \u00dche HDMI v\u00e4ljundi abil saab seadme \u00fchendada suure ekraani, et nautida 4K@30Hz video kvaliteeti. Samuti toetab seade 100W PD laadimist, tagades kiire energiat\u00e4ienduse erinevatele nutiseadmetele.<\/p>\n<p><img decoding=\"async\" src=\"https:\/\/blankpage.ee\/_ruumist-ruumi\/wp-content\/uploads\/2025\/03\/3-20.webp\" alt=\"Baseus USB-C hub USB-C ja HDMI portidega\"><\/p>\n<h3>Kiire laadimine ja turvaline andmeedastus<\/h3>\n<p>Baseus USB-C hub v\u00f5imaldab kiiret ja turvalist seadmete laadimist t\u00e4nu oma 100W PD tehnoloogiale, mis sobib ideaalselt nutitelefonide, s\u00fclearvutite ja tahvelarvutite energiavajaduseks. Lisaks tagavad USB 3.0 portide abil toimiv andmeedastusprotsess suurep\u00e4rase j\u00f5udluse ka suurte failide ja videote \u00fclekanne. LED-indikaator annab visuaalse teate seadme t\u00f6\u00f6olekust, v\u00f5imaldades teil j\u00e4lgida laadimise ja andmeedastuse protsessi reaalajas.<\/p>\n<p><img decoding=\"async\" src=\"https:\/\/blankpage.ee\/_ruumist-ruumi\/wp-content\/uploads\/2025\/03\/7-8.webp\" alt=\"Baseus USB-C hub kiire laadimise jaoks\"><\/p>\n<h3>K\u00f5rge pildikvaliteet ja nutikas disain<\/h3>\n<p>Adapter v\u00f5imaldab HDMI-kaabli kaudu \u00fchendada erinevaid suurk\u00fcljelisi ekraane, nagu teler, monitor v\u00f5i projektor, pakkudes selget ja detailselt kujutatud pilti 4K@30Hz kvaliteediga. See muudab Baseus USB-C hub\u2019i ideaalseks lahenduseks \u00e4rikohtumisteks, esitlusteks ja konverentsidele, kus vajalik on muljetavaldav visuaalne esitlus. Lisaks oma suurep\u00e4rasele funktsionaalsusele on seade kompaktne ja kerge, mist\u00f5ttu sobib see ideaalselt igap\u00e4evaseks kaasaskandmiseks ja mitmek\u00fclgseks kasutamiseks.\n<\/p>\n<p><img decoding=\"async\" src=\"https:\/\/blankpage.ee\/_ruumist-ruumi\/wp-content\/uploads\/2025\/03\/5-8.webp\" alt=\"Baseus USB-C hub 4K@30Hz pildikvaliteediga\"><\/p>\n","protected":false},"excerpt":{"rendered":"<p>Baseus USB-C hub \u2013 5-in-1 adapter WKWG020013 Baseus USB-C hub on ideaalne lahendus neile, kes otsivad mitmek\u00fclgset ja usaldusv\u00e4\u00e4rset adapterit. See seade v\u00f5imaldab kiiret andmeedastust kuni 500 MB\/s, nutikat seadmete laadimist (PD 100W) ja kvaliteetset pildi kuvamist 4K@30Hz resolutsiooniga. Digitaalsete seadmete pidevalt kasvava kasutuse korral tagab Baseus USB-C hub sujuva ja stabiilse \u00fchenduse nii kontoris [&hellip;]<\/p>\n","protected":false},"featured_media":153616,"comment_status":"open","ping_status":"open","template":"","meta":[],"product_brand":[2876],"product_cat":[2961],"product_tag":[],"class_list":{"0":"post-153611","1":"product","2":"type-product","3":"status-publish","4":"has-post-thumbnail","6":"product_brand-baseus","7":"product_cat-dokkimisjaamad-usb-jagajad-ja-hub-id","8":"product_shipping_class-innpro","10":"first","11":"instock","12":"sale","13":"taxable","14":"shipping-taxable","15":"purchasable","16":"product-type-simple"},"_links":{"self":[{"href":"https:\/\/blankpage.ee\/_ruumist-ruumi\/wp-json\/wp\/v2\/product\/153611","targetHints":{"allow":["GET"]}}],"collection":[{"href":"https:\/\/blankpage.ee\/_ruumist-ruumi\/wp-json\/wp\/v2\/product"}],"about":[{"href":"https:\/\/blankpage.ee\/_ruumist-ruumi\/wp-json\/wp\/v2\/types\/product"}],"replies":[{"embeddable":true,"href":"https:\/\/blankpage.ee\/_ruumist-ruumi\/wp-json\/wp\/v2\/comments?post=153611"}],"wp:featuredmedia":[{"embeddable":true,"href":"https:\/\/blankpage.ee\/_ruumist-ruumi\/wp-json\/wp\/v2\/media\/153616"}],"wp:attachment":[{"href":"https:\/\/blankpage.ee\/_ruumist-ruumi\/wp-json\/wp\/v2\/media?parent=153611"}],"wp:term":[{"taxonomy":"product_brand","embeddable":true,"href":"https:\/\/blankpage.ee\/_ruumist-ruumi\/wp-json\/wp\/v2\/product_brand?post=153611"},{"taxonomy":"product_cat","embeddable":true,"href":"https:\/\/blankpage.ee\/_ruumist-ruumi\/wp-json\/wp\/v2\/product_cat?post=153611"},{"taxonomy":"product_tag","embeddable":true,"href":"https:\/\/blankpage.ee\/_ruumist-ruumi\/wp-json\/wp\/v2\/product_tag?post=153611"}],"curies":[{"name":"wp","href":"https:\/\/api.w.org\/{rel}","templated":true}]}}