{"id":153776,"date":"2025-03-28T14:46:53","date_gmt":"2025-03-28T14:46:53","guid":{"rendered":"https:\/\/ruumistruumi.ee\/pood\/baseus-usb-c-jaotur-lite-seeria-4-in-1-4x-usb-3-0-usb-c-1m-must\/"},"modified":"2025-08-21T08:21:28","modified_gmt":"2025-08-21T08:21:28","slug":"baseus-usb-c-jaotur-lite-seeria-4-in-1-4x-usb-3-0-usb-c-1m-must","status":"publish","type":"product","link":"https:\/\/blankpage.ee\/_ruumist-ruumi\/pood\/baseus-usb-c-jaotur-lite-seeria-4-in-1-4x-usb-3-0-usb-c-1m-must\/","title":{"rendered":"Baseus USB-C jaotur \u2013 Lite Seeria 4-in-1 (4x USB 3.0, USB-C, 1m, Must)"},"content":{"rendered":"<h3>Baseus USB-C jaotur \u2013 Lite Seeria 4-in-1<\/h3>\n<p>Avasta Baseus USB-C jaotur \u2013 see kompaktne ja v\u00f5imas seade, mis sisaldab 4 USB 3.0 porti ning v\u00f5imaldab failiedastust kiirusel kuni 5Gbps. Baseus USB-C jaotur muudab sinu arvuti t\u00f6\u00f6korralduse lihtsamaks ning sobib suurep\u00e4raselt nii koduseks kasutamiseks kui ka kontorit\u00f6\u00f6ks. T\u00e4nu Plug&#038;Play funktsioonile on seadme \u00fchendamine kiire ja mugav, tagades sujuva \u00fchenduse erinevate seadmetega.<\/p>\n<h3>Mitmed kasutusv\u00f5imalused<\/h3>\n<p>Baseus USB-C jaotur pakub suurep\u00e4rast \u00fchenduvust, v\u00f5imaldades \u00fchendada kuni neli t\u00e4iendavat seadet. Sa saad \u00fchendada hiire, klaviatuuri, printeri, laualambi, tahvelarvuti, nutitelefoni, m\u00e4lupulga v\u00f5i m\u00e4lukaardi lugeja, et saavutada optimaalne t\u00f6\u00f6korraldus ja meelelahutus. See mitmek\u00fclgne jaotur sobib ideaalselt nii t\u00f6\u00f6keskkonda kui ka vaba aja veetmiseks.<\/p>\n<p><img decoding=\"async\" src=\"https:\/\/blankpage.ee\/_ruumist-ruumi\/wp-content\/uploads\/2025\/03\/8-14.webp\" alt=\"Baseus USB-C jaotur lisaseadmete \u00fchendamiseks\"><\/p>\n<h3>Kiired failiedastused<\/h3>\n<p>Kui vajad kiiret ja stabiilset failiedastust, on Baseus USB-C jaotur parim valik. Seade v\u00f5imaldab andmeedastust kuni 5Gbps, mis t\u00e4hendab, et saad oma faile kiiresti edastada ilma viivitusteta. Olgu tegemist suurte andmefailide v\u00f5i igap\u00e4evaste \u00fclesannetega \u2013 Baseus USB-C jaotur tagab usaldusv\u00e4\u00e4rse toimimise.<\/p>\n<p><img decoding=\"async\" src=\"https:\/\/blankpage.ee\/_ruumist-ruumi\/wp-content\/uploads\/2025\/03\/2-30.webp\" alt=\"Kiire failiedastus Baseus USB-C jaoturiga\"><\/p>\n<h3>Plug&#038;Play ja OTG funktsioonid<\/h3>\n<p>\u00c4ra raiska aega keerulise seadistamisega \u2013 Baseus USB-C jaotur toetab Plug&#038;Play lahendust, mis v\u00f5imaldab seadet \u00fchendada ilma t\u00e4iendavate draiveriteta. Lisaks toetab see ka OTG funktsiooni, et saaksid \u00fchendada nutitelefoni v\u00f5i tahvelarvuti arvutiga ja nautida suuremat ekraani ning mugavat failijagamist. Pane t\u00e4hele, et sinu seade peab OTG funktsiooni toetama.<\/p>\n<p><img decoding=\"async\" src=\"https:\/\/blankpage.ee\/_ruumist-ruumi\/wp-content\/uploads\/2025\/03\/5-20.webp\" alt=\"Baseus USB-C jaotur Plug&#038;Play funktsiooniga\"><br \/>\n<img decoding=\"async\" src=\"https:\/\/blankpage.ee\/_ruumist-ruumi\/wp-content\/uploads\/2025\/03\/1-34.webp\" alt=\"Baseus USB-C jaotur OTG funktsiooniga\"><\/p>\n<h3>Usaldusv\u00e4\u00e4rne j\u00f5udlus ja l\u00e4bim\u00f5eldud disain<\/h3>\n<p>Seadme sisseehitatud kiip ja USB-C port (5V \/ 3A) tagavad stabiilse ja sujuva t\u00f6\u00f6 ka suurte koormuste korral, n\u00e4iteks 4TB-draivide puhul. Korpus on valmistatud vastupidavast, kriimustuskindlast ABS plastikust, mis tagab pikaajalise kasutamise ilma kulumiseta. Punitud kaabel pakub head kaitset t\u00f5mbamise ja kulumise vastu ning oran\u017eid detailid annavad tootele isikup\u00e4ra.<\/p>\n<p><img decoding=\"async\" src=\"https:\/\/blankpage.ee\/_ruumist-ruumi\/wp-content\/uploads\/2025\/03\/9-18.webp\" alt=\"Baseus USB-C jaotur stabiilse j\u00f5udlusega\"><br \/>\n<img decoding=\"async\" src=\"https:\/\/blankpage.ee\/_ruumist-ruumi\/wp-content\/uploads\/2025\/03\/7-15.webp\" alt=\"Baseus USB-C jaotur vastupidava disainiga\"><\/p>\n<h3>Kergesti kaasaskantav<\/h3>\n<p>Kahekordne funktsionaalsus ja kompaktne disain muudavad Baseus USB-C jaoturist ideaalse kaaslase igap\u00e4evaseks kasutamiseks. See seade kaalub vaid 28g ning 1-meetrine kaabel tagab, et see mahub h\u00f5lpsasti sinu kotis v\u00f5i k\u00e4ekotis. V\u00f5ta Baseus USB-C jaotur kaasa t\u00f6\u00f6le, puhkusele v\u00f5i \u00e4rireisile ning kasuta selle funktsionaalsust igal ajal!<\/p>\n<p><img decoding=\"async\" src=\"https:\/\/blankpage.ee\/_ruumist-ruumi\/wp-content\/uploads\/2025\/03\/4-20.webp\" alt=\"Kompaktne Baseus USB-C jaotur kergeks transportimiseks\"><\/p>\n<div class=\"table-wrapper\">\n<table>\n<tbody>\n<tr>\n<th>Br\u00e4nd<\/th>\n<td>Baseus<\/td>\n<\/tr>\n<tr>\n<th>Nimi<\/th>\n<td>Lite Seeria 4-Port HUB Adapter<\/td>\n<\/tr>\n<tr>\n<th>Mudel<\/th>\n<td>WKQX030401<\/td>\n<\/tr>\n<tr>\n<th>T\u00f6\u00f6pingepinge<\/th>\n<td>5V<\/td>\n<\/tr>\n<tr>\n<th>T\u00f6\u00f6vool<\/th>\n<td>&lt;200mA<\/td>\n<\/tr>\n<tr>\n<th>V\u00e4ljundpordid<\/th>\n<td>4x USB-A<\/td>\n<\/tr>\n<tr>\n<th>Sisendpinge \/ vool (USB-C)<\/th>\n<td>5V \/ 3A<\/td>\n<\/tr>\n<tr>\n<th>Edastuskiirus<\/th>\n<td>Kuni 5Gbps<\/td>\n<\/tr>\n<tr>\n<th>V\u00e4rv<\/th>\n<td>Must<\/td>\n<\/tr>\n<tr>\n<th>Kaal<\/th>\n<td>28g<\/td>\n<\/tr>\n<tr>\n<th>M\u00f5\u00f5dud<\/th>\n<td>44x110x14mm<\/td>\n<\/tr>\n<tr>\n<th>Kaabli pikkus<\/th>\n<td>1m<\/td>\n<\/tr>\n<tr>\n<th>Toetatud operatsioonis\u00fcsteemid<\/th>\n<td>Windows, Mac OS, Linux jne.<\/td>\n<\/tr>\n<\/tbody>\n<\/table>\n<\/div>\n","protected":false},"excerpt":{"rendered":"<p>Baseus USB-C jaotur \u2013 Lite Seeria 4-in-1 Avasta Baseus USB-C jaotur \u2013 see kompaktne ja v\u00f5imas seade, mis sisaldab 4 USB 3.0 porti ning v\u00f5imaldab failiedastust kiirusel kuni 5Gbps. Baseus USB-C jaotur muudab sinu arvuti t\u00f6\u00f6korralduse lihtsamaks ning sobib suurep\u00e4raselt nii koduseks kasutamiseks kui ka kontorit\u00f6\u00f6ks. T\u00e4nu Plug&#038;Play funktsioonile on seadme \u00fchendamine kiire ja mugav, [&hellip;]<\/p>\n","protected":false},"featured_media":153784,"comment_status":"open","ping_status":"open","template":"","meta":[],"product_brand":[2876],"product_cat":[2961],"product_tag":[],"class_list":{"0":"post-153776","1":"product","2":"type-product","3":"status-publish","4":"has-post-thumbnail","6":"product_brand-baseus","7":"product_cat-dokkimisjaamad-usb-jagajad-ja-hub-id","8":"product_shipping_class-innpro","10":"first","11":"instock","12":"sale","13":"taxable","14":"shipping-taxable","15":"purchasable","16":"product-type-simple"},"_links":{"self":[{"href":"https:\/\/blankpage.ee\/_ruumist-ruumi\/wp-json\/wp\/v2\/product\/153776","targetHints":{"allow":["GET"]}}],"collection":[{"href":"https:\/\/blankpage.ee\/_ruumist-ruumi\/wp-json\/wp\/v2\/product"}],"about":[{"href":"https:\/\/blankpage.ee\/_ruumist-ruumi\/wp-json\/wp\/v2\/types\/product"}],"replies":[{"embeddable":true,"href":"https:\/\/blankpage.ee\/_ruumist-ruumi\/wp-json\/wp\/v2\/comments?post=153776"}],"wp:featuredmedia":[{"embeddable":true,"href":"https:\/\/blankpage.ee\/_ruumist-ruumi\/wp-json\/wp\/v2\/media\/153784"}],"wp:attachment":[{"href":"https:\/\/blankpage.ee\/_ruumist-ruumi\/wp-json\/wp\/v2\/media?parent=153776"}],"wp:term":[{"taxonomy":"product_brand","embeddable":true,"href":"https:\/\/blankpage.ee\/_ruumist-ruumi\/wp-json\/wp\/v2\/product_brand?post=153776"},{"taxonomy":"product_cat","embeddable":true,"href":"https:\/\/blankpage.ee\/_ruumist-ruumi\/wp-json\/wp\/v2\/product_cat?post=153776"},{"taxonomy":"product_tag","embeddable":true,"href":"https:\/\/blankpage.ee\/_ruumist-ruumi\/wp-json\/wp\/v2\/product_tag?post=153776"}],"curies":[{"name":"wp","href":"https:\/\/api.w.org\/{rel}","templated":true}]}}