{"id":154320,"date":"2025-03-28T17:58:14","date_gmt":"2025-03-28T17:58:14","guid":{"rendered":"https:\/\/ruumistruumi.ee\/pood\/8k-hdmi-kaabel-choetech-xhh01-2m-hdmi-2-1-nailonpunutis\/"},"modified":"2025-08-21T08:21:24","modified_gmt":"2025-08-21T08:21:24","slug":"8k-hdmi-kaabel-choetech-xhh01-2m-hdmi-2-1-nailonpunutis","status":"publish","type":"product","link":"https:\/\/blankpage.ee\/_ruumist-ruumi\/pood\/8k-hdmi-kaabel-choetech-xhh01-2m-hdmi-2-1-nailonpunutis\/","title":{"rendered":"8K HDMI kaabel Choetech XHH01 (2m, HDMI 2.1, nailonpunutis)"},"content":{"rendered":"<h3>8K HDMI kaabel Choetech XHH01<\/h3>\n<p>Koge erakordset pildikvaliteeti selle 8K HDMI kaabli abil. Olgu tegemist filmide, m\u00e4ngude v\u00f5i s\u00f5pradega fotode vaatamisega \u2013 see kvaliteetne kaabel on loodud pakkuma parimat visuaalset elamust. Choetech XHH01 toetab 8K 60Hz resolutsiooni ning tagab kuni 48Gbps edastuskiiruse, mis v\u00f5imaldab usaldusv\u00e4\u00e4rset ja kiiret \u00fchendust erinevate seadmetega.<\/p>\n<p><img decoding=\"async\" src=\"https:\/\/blankpage.ee\/_ruumist-ruumi\/wp-content\/uploads\/2025\/03\/5-40.webp\" alt=\"8K HDMI kaabel Choetech XHH01, suurep\u00e4rase pildikvaliteediga\"><\/p>\n<h3>Suurep\u00e4rane pildikvaliteet ja j\u00f5udlus<\/h3>\n<p>XHH01 8K HDMI kaabel tagab erakordse vangerdusv\u00f5ime, v\u00f5imaldades n\u00e4ha igat detaili. See kaabel toetab 8K 60Hz pilte ning \u00fchildub ka 4K 120Hz, 2K 144Hz ja muude resolutsioonidega. Dynamic HDR tehnoloogia tagab elavad ja loomulikud v\u00e4rvid, samal ajal kui 48Gbps edastuskiirus v\u00f5imaldab kiire andmeedastuse. Selline kombinatsioon muudab selle 8K HDMI kaabli ideaalseks nii filmide nautimiseks kui ka videom\u00e4ngude m\u00e4ngimiseks.<\/p>\n<p><img decoding=\"async\" src=\"https:\/\/blankpage.ee\/_ruumist-ruumi\/wp-content\/uploads\/2025\/03\/4-47.webp\" alt=\"8K HDMI kaabel koos Dynamic HDR ja 48Gbps edastuskiirusega\"><\/p>\n<h3>Lisav\u00f5imalused ja kaasaegsed tehnoloogiad<\/h3>\n<p>Kaabel toetab tipptasemel tehnoloogiaid nagu Variable Refresh Rate (VRR), Quick Frame Transport (QFT), Quick Media Switching (QMS) ja Auto Low Latency Mode (ALLM). Need v\u00f5imaldavad 8K HDMI kaablil pakkuda sujuvat ja madala latentsusega kogemust ning sobivad ideaalselt d\u00fcnaamiliste m\u00e4ngude jaoks. Samuti annab see tugi 3D-tehnoloogiale koduses keskkonnas t\u00f5elise kinoelamuse.<\/p>\n<p><img decoding=\"async\" src=\"https:\/\/blankpage.ee\/_ruumist-ruumi\/wp-content\/uploads\/2025\/03\/7-36.webp\" alt=\"8K HDMI kaabel Choetech XHH01, VRR ja ALLM toetusega\"><\/p>\n<h3>Lai \u00fchilduvus<\/h3>\n<p>See mitmek\u00fclgne 8K HDMI kaabel t\u00f6\u00f6tab sujuvalt enamiku seadmetega, sealhulgas Samsungi ja LG telerid, XBOX-ide, PlayStation konsoolid, arvutite, s\u00fclearvutite, projektorite ja Blu-ray m\u00e4ngijatega. \u00dchilduvus tagab, et leiad alati ideaalse \u00fchenduse erinevate meelelahutusseadmetega, pakkudes mugavust ja t\u00f6\u00f6kindlust igap\u00e4evases kasutamises.<\/p>\n<p><img decoding=\"async\" src=\"https:\/\/blankpage.ee\/_ruumist-ruumi\/wp-content\/uploads\/2025\/03\/6-41.webp\" alt=\"8K HDMI kaabel Choetech XHH01, \u00fchilduv erinevate seadmetega\"><\/p>\n<h3>Hoolikas disain ja vastupidavus<\/h3>\n<p>Vali k\u00f5rgeima kvaliteediga 8K HDMI kaabel, mis on loodud kestma aastaid. Choetech XHH01 on varustatud tugevdatud nailonpunutisega, mis kaitseb kaablit kahjustuste eest ja tagab paindumatuse intensiivsel kasutamisel. Kullatud pistikud tagavad kiire ning t\u00f6\u00f6kindla \u00fchenduse, pakkudes lisatuge igap\u00e4evastele \u00fchendusvajadustele.<\/p>\n<p><img decoding=\"async\" src=\"https:\/\/blankpage.ee\/_ruumist-ruumi\/wp-content\/uploads\/2025\/03\/9-31.webp\" alt=\"8K HDMI kaabel Choetech XHH01, kullatud pistikutega ja tugevdatud nailonpunutisega\"><\/p>\n<h3>Karbi sisu<\/h3>\n<ul>\n<li>HDMI kaabel<\/li>\n<li>Kasutusjuhend<\/li>\n<\/ul>\n<div class=\"table-wrapper\">\n<table>\n<tbody>\n<tr>\n<th>Br\u00e4nd<\/th>\n<td>Choetech<\/td>\n<\/tr>\n<tr>\n<th>Mudel<\/th>\n<td>XHH01<\/td>\n<\/tr>\n<tr>\n<th>T\u00fc\u00fcp<\/th>\n<td>HDMI to HDMI<\/td>\n<\/tr>\n<tr>\n<th>Resolutsioon<\/th>\n<td>8K \/ 60Hz, 4K \/ 120Hz, 2K \/ 144Hz<\/td>\n<\/tr>\n<tr>\n<th>Toetatud resolutsioonid<\/th>\n<td>8K 60Hz \/ 30Hz, 4K 144Hz \/ 60Hz \/ 30Hz, 1440p 165Hz \/ 120Hz, 1080p 240Hz, 720p<\/td>\n<\/tr>\n<tr>\n<th>Maksimaalne edastuskiirus<\/th>\n<td>48Gbps<\/td>\n<\/tr>\n<tr>\n<th>HDMI standard<\/th>\n<td>HDMI 2.1<\/td>\n<\/tr>\n<tr>\n<th>Materjal<\/th>\n<td>Tsingisulam + nailonpunutis<\/td>\n<\/tr>\n<tr>\n<th>Pikkus<\/th>\n<td>2 m<\/td>\n<\/tr>\n<tr>\n<th>\u00dchilduvus<\/th>\n<td>Samsung TV, LG TV, Fire TV, Roku Stick Player, XBOX One \/ 360 \/ Series X, PlayStation 5, PlayStation 3, PlayStation 4, Blu-ray m\u00e4ngija, projektor, arvuti, s\u00fclearvuti, monitor jne.<\/td>\n<\/tr>\n<\/tbody>\n<\/table>\n<\/div>\n","protected":false},"excerpt":{"rendered":"<p>8K HDMI kaabel Choetech XHH01 Koge erakordset pildikvaliteeti selle 8K HDMI kaabli abil. Olgu tegemist filmide, m\u00e4ngude v\u00f5i s\u00f5pradega fotode vaatamisega \u2013 see kvaliteetne kaabel on loodud pakkuma parimat visuaalset elamust. Choetech XHH01 toetab 8K 60Hz resolutsiooni ning tagab kuni 48Gbps edastuskiiruse, mis v\u00f5imaldab usaldusv\u00e4\u00e4rset ja kiiret \u00fchendust erinevate seadmetega. Suurep\u00e4rane pildikvaliteet ja j\u00f5udlus XHH01 [&hellip;]<\/p>\n","protected":false},"featured_media":154326,"comment_status":"open","ping_status":"open","template":"","meta":[],"product_brand":[2973],"product_cat":[2952],"product_tag":[],"class_list":{"0":"post-154320","1":"product","2":"type-product","3":"status-publish","4":"has-post-thumbnail","6":"product_brand-choetech","7":"product_cat-videokaablid","8":"product_shipping_class-innpro","10":"first","11":"instock","12":"sale","13":"taxable","14":"shipping-taxable","15":"purchasable","16":"product-type-simple"},"_links":{"self":[{"href":"https:\/\/blankpage.ee\/_ruumist-ruumi\/wp-json\/wp\/v2\/product\/154320","targetHints":{"allow":["GET"]}}],"collection":[{"href":"https:\/\/blankpage.ee\/_ruumist-ruumi\/wp-json\/wp\/v2\/product"}],"about":[{"href":"https:\/\/blankpage.ee\/_ruumist-ruumi\/wp-json\/wp\/v2\/types\/product"}],"replies":[{"embeddable":true,"href":"https:\/\/blankpage.ee\/_ruumist-ruumi\/wp-json\/wp\/v2\/comments?post=154320"}],"wp:featuredmedia":[{"embeddable":true,"href":"https:\/\/blankpage.ee\/_ruumist-ruumi\/wp-json\/wp\/v2\/media\/154326"}],"wp:attachment":[{"href":"https:\/\/blankpage.ee\/_ruumist-ruumi\/wp-json\/wp\/v2\/media?parent=154320"}],"wp:term":[{"taxonomy":"product_brand","embeddable":true,"href":"https:\/\/blankpage.ee\/_ruumist-ruumi\/wp-json\/wp\/v2\/product_brand?post=154320"},{"taxonomy":"product_cat","embeddable":true,"href":"https:\/\/blankpage.ee\/_ruumist-ruumi\/wp-json\/wp\/v2\/product_cat?post=154320"},{"taxonomy":"product_tag","embeddable":true,"href":"https:\/\/blankpage.ee\/_ruumist-ruumi\/wp-json\/wp\/v2\/product_tag?post=154320"}],"curies":[{"name":"wp","href":"https:\/\/api.w.org\/{rel}","templated":true}]}}