{"id":154442,"date":"2025-03-28T17:59:06","date_gmt":"2025-03-28T17:59:06","guid":{"rendered":"https:\/\/ruumistruumi.ee\/pood\/baseus-esitluspult-orange-dot-multifunktsionaalne-seade-punane-laser-usb-c-300mah\/"},"modified":"2025-08-21T08:21:23","modified_gmt":"2025-08-21T08:21:23","slug":"baseus-esitluspult-orange-dot-multifunktsionaalne-seade-punane-laser-usb-c-300mah","status":"publish","type":"product","link":"https:\/\/blankpage.ee\/_ruumist-ruumi\/pood\/baseus-esitluspult-orange-dot-multifunktsionaalne-seade-punane-laser-usb-c-300mah\/","title":{"rendered":"Baseus esitluspult \u2013 Orange Dot multifunktsionaalne seade (punane laser, USB-C, 300mAh)"},"content":{"rendered":"<h3>Baseus esitluspult Orange Dot multifunktsionaalne seade (hall)<\/h3>\n<p>Lihtsusta oma loenguid ja esitlusi Baseus esitluspuldi abil. Baseus esitluspult on usaldusv\u00e4\u00e4rne ja tipptasemel, pakkudes v\u00f5imalust muuta sinu esitlused atraktiivsemaks. See Orange Dot mudel v\u00f5imaldab mugavalt slaide vahetada ning esile t\u00f5sta olulist teavet punase laseriga. Seadmel on lisaks ka k\u00f5net tekstiks teisendamise ja hiina-inglise keele t\u00f5lkimise funktsioonid, mis muudavad iga esitlusnurka interaktiivseks. T\u00e4nu topelt USB-A ja USB-C \u00fchenduvusele ning pikale t\u00f6\u00f6raadiusele on seade usaldusv\u00e4\u00e4rne igas ruumis kasutamiseks.<\/p>\n<p><img decoding=\"async\" src=\"https:\/\/blankpage.ee\/_ruumist-ruumi\/wp-content\/uploads\/2025\/03\/3-60.webp\" alt=\"Baseus esitluspult punase laseriga\"><\/p>\n<h3>Automaatne transkriptsioon<\/h3>\n<p>Esitluse salvestamine muutub lihtsaks t\u00e4nu sisseehitatud m\u00fcrasummutusega mikrofonile, mis koos IFLYTEK A.I. k\u00f5netuvastusega teisendab heli t\u00e4pselt tekstiks. L\u00f5petades salvestuse, genereeritakse QR-kood, mida saab skaneerida, et laadida ja jagada salvestatud teksti. See funktsioon suurendab Baseus esitluspuldi mitmek\u00fclgsust.<\/p>\n<p><img decoding=\"async\" src=\"https:\/\/blankpage.ee\/_ruumist-ruumi\/wp-content\/uploads\/2025\/03\/8-31.webp\" alt=\"Baseus esitluspult funktsionaalsusega\"><\/p>\n<h3>Mugav kaugjuhtimine<\/h3>\n<p>Baseus esitluspult muudab loengute andmise lihtsamaks, v\u00f5imaldades slaide vahetada, videoid esitada ja veebilehti navigeerida. Spotlight-funktsioon aitab keskenduda olulistele detailidele ja suurendusklaasi abil on v\u00f5imalik v\u00e4ikseid jooniseid t\u00e4pselt suurendada. Lisaks saab slaididel teatud teavet esile t\u00f5sta ja alla joonida, muutes esitlust d\u00fcnaamiliseks.<\/p>\n<p><img decoding=\"async\" src=\"https:\/\/blankpage.ee\/_ruumist-ruumi\/wp-content\/uploads\/2025\/03\/4-55.webp\" alt=\"Baseus esitluspult kaugjuhtimisega\"><\/p>\n<h3>Laiad v\u00f5imalused<\/h3>\n<p>See multifunktsionaalne juhtimispult sobib erinevateks esitlusteks, kuna see \u00fchildub nii traditsiooniliste projektsiooniekraanide kui ka LCD-ekraanidega. Laserpointeril on kaks t\u00f6\u00f6re\u017eiimi \u2013 digitaalne ja f\u00fc\u00fcsiline. Seade t\u00f6\u00f6tab sujuvalt Windowsi, iOSi ja Linuxi operatsioonis\u00fcsteemidega, toetades mitmeid failiformaate ning toimides koos Office, WPS v\u00f5i Adobe Acrobat rakendustega.<\/p>\n<p><img decoding=\"async\" src=\"https:\/\/blankpage.ee\/_ruumist-ruumi\/wp-content\/uploads\/2025\/03\/6-45.webp\" alt=\"Baseus esitluspult laia t\u00f6\u00f6v\u00f5imega\"><\/p>\n<h3>Muljetavaldav j\u00f5udlus ja ulatus<\/h3>\n<p>Seadme t\u00e4iustatud kiip tagab kiire andmeedastuse ja madala latentsuse. Baseus esitluspult pakub kuni 50 m kaugjuhtimisulatust ja kuni 100 m lasertegija ulatust. Lisaks tagab 300 mAh akutoetus pika t\u00f6\u00f6aja, kus laadimine v\u00f5tab vaid umbes 1,5 tundi.<\/p>\n<p><img decoding=\"async\" src=\"https:\/\/blankpage.ee\/_ruumist-ruumi\/wp-content\/uploads\/2025\/03\/7-41.webp\" alt=\"Baseus esitluspult pika akutoega\"><\/p>\n<h3>Parandatud disain<\/h3>\n<p>Seade on valmistatud kvaliteetsest alumiiniumisulamist, mis muudab selle vastupidavaks ja elegantseks. Komplektis on vastuv\u00f5tja, millel on USB-A ja USB-C pordid, v\u00f5imaldades kiiret \u00fchendust arvuti v\u00f5i s\u00fclearvutiga. Ergonomilised nupud tagavad sujuva ja lihtsa kasutuskogemuse, pakkudes optimaalset kontrolli iga esitlusolukorra korral.<\/p>\n<p><img decoding=\"async\" src=\"https:\/\/blankpage.ee\/_ruumist-ruumi\/wp-content\/uploads\/2025\/03\/1-72.webp\" alt=\"Baseus esitluspult elegantses disainis\"><\/p>\n<h3>T\u00e4iendavad eelised<\/h3>\n<p>Lisaks eelmainitud funktsioonidele pakub Baseus esitluspult kasutajale suurep\u00e4rast t\u00f6\u00f6kindlust ja intuitiivset kasutajaliidest, muutes esitluste l\u00e4biviimise lihtsaks ka neile, kes ei ole tehnoloogiav\u00f5lurid. Selle kompaktne ja kerge konstruktsioon v\u00f5imaldab seadet h\u00f5lpsasti kaasas kanda ja kiiresti seadistada erinevateks esitluseks. Baseus esitluspult on ideaalne valik nii haridusasutustele kui \u00e4riklientidele, pakkudes professionaalset esitluslahendust igaks olukorraks.<\/p>\n<h3>Karbi sisu<\/h3>\n<ul>\n<li>Kaugjuhtimispult koos adapteriga<\/li>\n<li>Laadimiskaabel (USB-A \/ USB-C)<\/li>\n<\/ul>\n<div class=\"table-wrapper\">\n<table>\n<tbody>\n<tr>\n<th>Br\u00e4nd<\/th>\n<td>Baseus<\/td>\n<\/tr>\n<tr>\n<th>Nimetus<\/th>\n<td>Orange Dot AI juhtmevaba esitleja (punane laser) (laadimine)<\/td>\n<\/tr>\n<tr>\n<th>Mudel<\/th>\n<td>WKCD020013<\/td>\n<\/tr>\n<tr>\n<th>V\u00e4rv<\/th>\n<td>Hall<\/td>\n<\/tr>\n<tr>\n<th>Materjal<\/th>\n<td>Alumiiniumisulam + PC + ABS<\/td>\n<\/tr>\n<tr>\n<th>T\u00f6\u00f6sagedus<\/th>\n<td>2400-2490MHz<\/td>\n<\/tr>\n<tr>\n<th>Kaugjuhtimise ulatus<\/th>\n<td>Kuni 50m<\/td>\n<\/tr>\n<tr>\n<th>Laserpointeri ulatus<\/th>\n<td>Kuni 100m<\/td>\n<\/tr>\n<tr>\n<th>Helisalvestuse ulatus<\/th>\n<td>Kuni 1m<\/td>\n<\/tr>\n<tr>\n<th>Lasern\u00e4idiku v\u00e4rv<\/th>\n<td>Punane<\/td>\n<\/tr>\n<tr>\n<th>Akumaht<\/th>\n<td>300mAh \/ 3.7V<\/td>\n<\/tr>\n<tr>\n<th>Laadimisport<\/th>\n<td>USB-C<\/td>\n<\/tr>\n<tr>\n<th>Sisend<\/th>\n<td>5V \/ 0.3A<\/td>\n<\/tr>\n<tr>\n<th>M\u00f5\u00f5tmed<\/th>\n<td>30x137x10mm<\/td>\n<\/tr>\n<tr>\n<th>Kaal<\/th>\n<td>Umbes 56g<\/td>\n<\/tr>\n<\/tbody>\n<\/table>\n<\/div>\n","protected":false},"excerpt":{"rendered":"<p>Baseus esitluspult Orange Dot multifunktsionaalne seade (hall) Lihtsusta oma loenguid ja esitlusi Baseus esitluspuldi abil. Baseus esitluspult on usaldusv\u00e4\u00e4rne ja tipptasemel, pakkudes v\u00f5imalust muuta sinu esitlused atraktiivsemaks. See Orange Dot mudel v\u00f5imaldab mugavalt slaide vahetada ning esile t\u00f5sta olulist teavet punase laseriga. Seadmel on lisaks ka k\u00f5net tekstiks teisendamise ja hiina-inglise keele t\u00f5lkimise funktsioonid, mis [&hellip;]<\/p>\n","protected":false},"featured_media":154449,"comment_status":"open","ping_status":"open","template":"","meta":[],"product_brand":[2876],"product_cat":[2955],"product_tag":[],"class_list":{"0":"post-154442","1":"product","2":"type-product","3":"status-publish","4":"has-post-thumbnail","6":"product_brand-baseus","7":"product_cat-laserpointerid","8":"product_shipping_class-innpro","10":"first","11":"outofstock","12":"sale","13":"taxable","14":"shipping-taxable","15":"purchasable","16":"product-type-simple"},"_links":{"self":[{"href":"https:\/\/blankpage.ee\/_ruumist-ruumi\/wp-json\/wp\/v2\/product\/154442","targetHints":{"allow":["GET"]}}],"collection":[{"href":"https:\/\/blankpage.ee\/_ruumist-ruumi\/wp-json\/wp\/v2\/product"}],"about":[{"href":"https:\/\/blankpage.ee\/_ruumist-ruumi\/wp-json\/wp\/v2\/types\/product"}],"replies":[{"embeddable":true,"href":"https:\/\/blankpage.ee\/_ruumist-ruumi\/wp-json\/wp\/v2\/comments?post=154442"}],"wp:featuredmedia":[{"embeddable":true,"href":"https:\/\/blankpage.ee\/_ruumist-ruumi\/wp-json\/wp\/v2\/media\/154449"}],"wp:attachment":[{"href":"https:\/\/blankpage.ee\/_ruumist-ruumi\/wp-json\/wp\/v2\/media?parent=154442"}],"wp:term":[{"taxonomy":"product_brand","embeddable":true,"href":"https:\/\/blankpage.ee\/_ruumist-ruumi\/wp-json\/wp\/v2\/product_brand?post=154442"},{"taxonomy":"product_cat","embeddable":true,"href":"https:\/\/blankpage.ee\/_ruumist-ruumi\/wp-json\/wp\/v2\/product_cat?post=154442"},{"taxonomy":"product_tag","embeddable":true,"href":"https:\/\/blankpage.ee\/_ruumist-ruumi\/wp-json\/wp\/v2\/product_tag?post=154442"}],"curies":[{"name":"wp","href":"https:\/\/api.w.org\/{rel}","templated":true}]}}