{"id":155055,"date":"2025-03-28T20:46:46","date_gmt":"2025-03-28T20:46:46","guid":{"rendered":"https:\/\/ruumistruumi.ee\/pood\/hooldusvaba-pliiaku-green-cell-agm11-6v-5ah-ups-ja-hairesusteemidele\/"},"modified":"2025-05-05T08:36:39","modified_gmt":"2025-05-05T08:36:39","slug":"hooldusvaba-pliiaku-green-cell-agm11-6v-5ah-ups-ja-hairesusteemidele","status":"publish","type":"product","link":"https:\/\/blankpage.ee\/_ruumist-ruumi\/pood\/hooldusvaba-pliiaku-green-cell-agm11-6v-5ah-ups-ja-hairesusteemidele\/","title":{"rendered":"Hooldusvaba pliiaku Green Cell AGM11 6V 5Ah (UPS ja h\u00e4ires\u00fcsteemidele)"},"content":{"rendered":"<h3>AGM 6V 5Ah hooldusvaba pliiaku UPS ja h\u00e4ires\u00fcsteemide jaoks<\/h3>\n<p>Hooldusvaba pliiaku, nagu Green Cell AGM11, on loodud pakkuma usaldusv\u00e4\u00e4rset ja pikaajalist energiat UPS-i ja h\u00e4ires\u00fcsteemide ning muude kriitiliste seadmete jaoks. See 6V 5Ah aku kasutab kaasaegset AGM tehnoloogiat, mis tagab stabiilse ja pikaajalise t\u00f6\u00f6kindluse nii ts\u00fcklilise kui ka puhverdustoite korral.<\/p>\n<p><img decoding=\"async\" src=\"https:\/\/blankpage.ee\/_ruumist-ruumi\/wp-content\/uploads\/2025\/03\/1-117.webp\" alt=\"AGM 6V 5Ah hooldusvaba pliiaku\"><\/p>\n<h3>Ts\u00fckliline kasutus<\/h3>\n<p>Ts\u00fckliline kasutus t\u00e4hendab aku rakendamist p\u00f5hitoiteallikana, mida laaditakse ja t\u00fchjendatakse sagedase kasutusn\u00f5udega. Sellist hooldusteta akut kasutatakse sageli ratastoolides, p\u00e4ikeseenergia s\u00fcsteemides ja golfik\u00e4ru rakendustes, kus kiire laadimine ja t\u00fchjenemine on igap\u00e4evased protsessid.<\/p>\n<p><img decoding=\"async\" src=\"https:\/\/blankpage.ee\/_ruumist-ruumi\/wp-content\/uploads\/2025\/03\/2-117.webp\" alt=\"Ts\u00fckliline kasutus Green Cell 6V 5Ah hooldusvaba pliiaku\"><\/p>\n<h3>Puhverkasutus<\/h3>\n<p>Puhverkasutus v\u00f5imaldab seadmetel j\u00e4tkata t\u00f6\u00f6d isegi siis, kui peamine toiteallikas on kadunud. Green Cell 6V 5Ah hooldusvaba pliiaku tagab usaldusv\u00e4\u00e4rse varutoite, mida kasutatakse nii h\u00e4ires\u00fcsteemides, kassaaparaatides kui ka avariivalgustuses. Selle kiire reageerimine kriitilistes olukordades annab lisakindlust.<\/p>\n<p><img decoding=\"async\" src=\"https:\/\/blankpage.ee\/_ruumist-ruumi\/wp-content\/uploads\/2025\/03\/3-109.webp\" alt=\"Puhverkasutus Green Cell 6V 5Ah hooldusvaba pliiaku\"><\/p>\n<h3>Hooldusvaba kasutus<\/h3>\n<p>AGM tehnoloogia t\u00e4iustab aku konstruktsiooni, v\u00f5imaldades hooldusvaba akut t\u00f6\u00f6tada kuni 5+ aastat ilma regulaarse hoolduseta. Iseregulatsiooni funktsioon ja spetsiaalne VRLA ventiilitekhnoloogia v\u00e4hendavad vajadust hoolduseks, muutes selle parimaks lahenduseks pikaajalise kasutuse jaoks ja aidates v\u00e4hendada hoolduskulusid.<\/p>\n<p><img decoding=\"async\" src=\"https:\/\/blankpage.ee\/_ruumist-ruumi\/wp-content\/uploads\/2025\/03\/4-99.webp\" alt=\"Hooldusvaba kasutus Green Cell 6V 5Ah hooldusvaba pliiaku\"><\/p>\n<h3>Ohutus ja rakendused<\/h3>\n<p>Ohutus on \u00fcks peamisi eeliseid, mida Green Cell akud pakuvad. Aku elektrol\u00fc\u00fct on kindlalt kinnitatud klaaskiuddisaini abil, mis tagab lekkevaba toimimise ja kaitseb seadmeid ka ekstreemsetes tingimustes. See omadus muudab Green Cell AGM11 eriliselt sobivaks rakendusteks, kus ohutus ja t\u00f6\u00f6kindlus on esmat\u00e4htsad, n\u00e4iteks m\u00e4nguasjade ja teiste delikaatsete seadmete puhul. Selliste omadustega on 6V 5Ah hooldusvaba pliiaku m\u00e4rkimisv\u00e4\u00e4rne investeering t\u00f6\u00f6kindlusse ja ohutusse. Selle akut\u00f6\u00f6 t\u00f5husus ja pikaealisus tagavad, et teie s\u00fcsteemid p\u00fcsivad pidevalt t\u00f6\u00f6korras ka k\u00f5ige enam stressi korral.<\/p>\n<p><img decoding=\"async\" src=\"https:\/\/blankpage.ee\/_ruumist-ruumi\/wp-content\/uploads\/2025\/03\/5-79.webp\" alt=\"Ohutus Green Cell 6V 5Ah hooldusvaba pliiaku\"><\/p>\n<div class=\"table-wrapper\">\n<table>\n<tbody>\n<tr>\n<th>Mahutavus:<\/th>\n<td>5Ah<\/td>\n<\/tr>\n<tr>\n<th>Pinge:<\/th>\n<td>6V<\/td>\n<\/tr>\n<tr>\n<th>T\u00fc\u00fcp:<\/th>\n<td>VRLA AGM<\/td>\n<\/tr>\n<tr>\n<th>V\u00e4rv:<\/th>\n<td>Must<\/td>\n<\/tr>\n<tr>\n<th>Klemmid:<\/th>\n<td>Faston 187 (F1)<\/td>\n<\/tr>\n<tr>\n<th>Eluea pikkus:<\/th>\n<td>Rohkem kui 5 aastat<\/td>\n<\/tr>\n<tr>\n<th>Maksimaalne t\u00fchjendusvool:<\/th>\n<td>3C<\/td>\n<\/tr>\n<tr>\n<th>Iset\u00fchjenemine:<\/th>\n<td>2% kuus (25\u00b0C juures)<\/td>\n<\/tr>\n<tr>\n<th>V\u00f5imsus temperatuuril:<\/th>\n<td>(40 \u00b0C &#8211; 102%) (25 \u00b0C &#8211; 100%) (0 \u00b0C &#8211; 85%) (-15 \u00b0C &#8211; 65%)<\/td>\n<\/tr>\n<tr>\n<th>Puhverlaadimine:<\/th>\n<td>6.75-6.90 V (-10 mV\/C)<\/td>\n<\/tr>\n<tr>\n<th>Ts\u00fckliline laadimine:<\/th>\n<td>7.2-7.5 V (-15 mV\/C)<\/td>\n<\/tr>\n<tr>\n<th>Sisemine takistus:<\/th>\n<td>\u226423m\u03a9 (25\u00b0C juures)<\/td>\n<\/tr>\n<tr>\n<th>Maksimaalne laadimisvool:<\/th>\n<td>1.5 A<\/td>\n<\/tr>\n<tr>\n<th>Tootja:<\/th>\n<td>Green Cell<\/td>\n<\/tr>\n<tr>\n<th>M\u00f5\u00f5tmed:<\/th>\n<td>70x47x101mm<\/td>\n<\/tr>\n<tr>\n<th>Kaal:<\/th>\n<td>0.78kg<\/td>\n<\/tr>\n<tr>\n<th>Koguk\u00f5rgus (\u00fchendustega):<\/th>\n<td>107mm<\/td>\n<\/tr>\n<tr>\n<th>Rakendused:<\/th>\n<td>H\u00e4ires\u00fcsteemidele ja m\u00e4nguasjadele<\/td>\n<\/tr>\n<tr>\n<th>Mahutavuse vahemik:<\/th>\n<td>alla 10Ah<\/td>\n<\/tr>\n<tr>\n<th>Garantii:<\/th>\n<td>24 kuud<\/td>\n<\/tr>\n<tr>\n<th>Tootekood:<\/th>\n<td>AGM11<\/td>\n<\/tr>\n<\/tbody>\n<\/table>\n<\/div>\n","protected":false},"excerpt":{"rendered":"<p>AGM 6V 5Ah hooldusvaba pliiaku UPS ja h\u00e4ires\u00fcsteemide jaoks Hooldusvaba pliiaku, nagu Green Cell AGM11, on loodud pakkuma usaldusv\u00e4\u00e4rset ja pikaajalist energiat UPS-i ja h\u00e4ires\u00fcsteemide ning muude kriitiliste seadmete jaoks. See 6V 5Ah aku kasutab kaasaegset AGM tehnoloogiat, mis tagab stabiilse ja pikaajalise t\u00f6\u00f6kindluse nii ts\u00fcklilise kui ka puhverdustoite korral. Ts\u00fckliline kasutus Ts\u00fckliline kasutus t\u00e4hendab [&hellip;]<\/p>\n","protected":false},"featured_media":155061,"comment_status":"open","ping_status":"open","template":"","meta":[],"product_brand":[2983],"product_cat":[2993],"product_tag":[],"class_list":{"0":"post-155055","1":"product","2":"type-product","3":"status-publish","4":"has-post-thumbnail","6":"product_brand-green-cell","7":"product_cat-akud-taaslaetavad-akud","8":"product_shipping_class-innpro","10":"first","11":"outofstock","12":"taxable","13":"shipping-taxable","14":"purchasable","15":"product-type-simple"},"_links":{"self":[{"href":"https:\/\/blankpage.ee\/_ruumist-ruumi\/wp-json\/wp\/v2\/product\/155055","targetHints":{"allow":["GET"]}}],"collection":[{"href":"https:\/\/blankpage.ee\/_ruumist-ruumi\/wp-json\/wp\/v2\/product"}],"about":[{"href":"https:\/\/blankpage.ee\/_ruumist-ruumi\/wp-json\/wp\/v2\/types\/product"}],"replies":[{"embeddable":true,"href":"https:\/\/blankpage.ee\/_ruumist-ruumi\/wp-json\/wp\/v2\/comments?post=155055"}],"wp:featuredmedia":[{"embeddable":true,"href":"https:\/\/blankpage.ee\/_ruumist-ruumi\/wp-json\/wp\/v2\/media\/155061"}],"wp:attachment":[{"href":"https:\/\/blankpage.ee\/_ruumist-ruumi\/wp-json\/wp\/v2\/media?parent=155055"}],"wp:term":[{"taxonomy":"product_brand","embeddable":true,"href":"https:\/\/blankpage.ee\/_ruumist-ruumi\/wp-json\/wp\/v2\/product_brand?post=155055"},{"taxonomy":"product_cat","embeddable":true,"href":"https:\/\/blankpage.ee\/_ruumist-ruumi\/wp-json\/wp\/v2\/product_cat?post=155055"},{"taxonomy":"product_tag","embeddable":true,"href":"https:\/\/blankpage.ee\/_ruumist-ruumi\/wp-json\/wp\/v2\/product_tag?post=155055"}],"curies":[{"name":"wp","href":"https:\/\/api.w.org\/{rel}","templated":true}]}}