{"id":155066,"date":"2025-03-28T20:46:46","date_gmt":"2025-03-28T20:46:46","guid":{"rendered":"https:\/\/ruumistruumi.ee\/pood\/hooldusvaba-agm-aku-green-cell-agm12-6v-7ah-ups-ile-ja-hairesusteemidele\/"},"modified":"2025-04-17T11:21:53","modified_gmt":"2025-04-17T11:21:53","slug":"hooldusvaba-agm-aku-green-cell-agm12-6v-7ah-ups-ile-ja-hairesusteemidele","status":"publish","type":"product","link":"https:\/\/blankpage.ee\/_ruumist-ruumi\/pood\/hooldusvaba-agm-aku-green-cell-agm12-6v-7ah-ups-ile-ja-hairesusteemidele\/","title":{"rendered":"Hooldusvaba AGM aku \u2013 Green Cell AGM12 6V 7Ah UPS-ile ja h\u00e4ires\u00fcsteemidele"},"content":{"rendered":"<h3>6V 7Ah Hooldusvaba AGM aku UPS ja h\u00e4ires\u00fcsteemidele<\/h3>\n<p>Hooldusvaba AGM aku on usaldusv\u00e4\u00e4rne ja mitmek\u00fclgne energiasalvestuslahendus, mis sobib suurep\u00e4raselt nii UPS-s\u00fcsteemide, h\u00e4ires\u00fcsteemide kui ka m\u00e4nguasjade toiteks. Green Cell AGM aku, mille pinge on 6V ja mahtuvus 7Ah, tagab stabiilse toiteallika ka k\u00f5ige n\u00f5udlikumates olukordades. Aku on loodud nii ts\u00fckliliseks kasutamiseks kui puhvertoiteks, pakkudes kuni 5+ aastat hooldusvaba t\u00f6\u00f6aega.<\/p>\n<p><img decoding=\"async\" src=\"https:\/\/blankpage.ee\/_ruumist-ruumi\/wp-content\/uploads\/2025\/03\/1-118.webp\" alt=\"Hooldusvaba AGM aku - energiasalvestus\"><\/p>\n<h3>Ts\u00fckliline kasutamine<\/h3>\n<p>Hooldusvaba AGM aku sobib ideaalselt ts\u00fckliliseks kasutamiseks. See t\u00e4hendab, et aku t\u00f6\u00f6tab iseseisva toiteallikana ning on alati valmis laadima ja toetama seadmete t\u00f6\u00f6kindlust. Selliseid akusid kasutatakse mitmetes rakendustes alates ratastoolidest ja p\u00e4ikesepaneelide s\u00fcsteemidest kuni golfiautode ja muruniidukiteni.<\/p>\n<p><img decoding=\"async\" src=\"https:\/\/blankpage.ee\/_ruumist-ruumi\/wp-content\/uploads\/2025\/03\/2-118.webp\" alt=\"Hooldusvaba AGM aku - ts\u00fckliline kasutamine\"><\/p>\n<h3>Puhverk\u00e4itlus<\/h3>\n<p>Puhverk\u00e4itlus v\u00f5imaldab hooldusvaba AGM akul pakkuda usaldusv\u00e4\u00e4rset varutoidet, kui p\u00f5hiline toiteallikas peaks eba\u00f5nnestuma. See funktsioon tagab, et h\u00e4ires\u00fcsteemid, UPS-seadmed ja kassaaparaadid saavad vajalikku lisatoidet, v\u00e4hendades ootamatute katkestuste riski ja tagades seadmete t\u00f6\u00f6kindluse kriitilistes olukordades.<\/p>\n<p><img decoding=\"async\" src=\"https:\/\/blankpage.ee\/_ruumist-ruumi\/wp-content\/uploads\/2025\/03\/3-110.webp\" alt=\"Hooldusvaba AGM aku - puhverk\u00e4itlus\"><\/p>\n<h3>Hooldusvaba kasutamine<\/h3>\n<p>Hooldusvaba AGM aku v\u00f5imaldab pikaajalist t\u00f6\u00f6kindlust ilma regulaarse hooldusvajaduseta. T\u00e4nu kaasaegsele VRLA-tehnoloogiale ja iseregulatsioonis\u00fcsteemile tagab see aku turvalise t\u00f6\u00f6 ka v\u00e4ga n\u00f5udlikes tingimustes. See innovatiivne lahendus pikendab seadmete kasutusiga ning v\u00e4hendab hooldus- ja remondikulusid, muutes selle ideaalseks nii UPS-seadmetele kui ka h\u00e4ires\u00fcsteemidele.<\/p>\n<p><img decoding=\"async\" src=\"https:\/\/blankpage.ee\/_ruumist-ruumi\/wp-content\/uploads\/2025\/03\/4-100.webp\" alt=\"Hooldusvaba AGM aku - hooldusvaba kasutamine\"><\/p>\n<h3>Ohutus<\/h3>\n<p>Ohutus on hooldusvaba AGM aku disainis \u00fclimalt oluline. Spetsiaalne konstruktsioon tagab, et elektrol\u00fc\u00fct p\u00fcsib kindlalt akus, v\u00f5imaldades sellel t\u00f6\u00f6tada ka \u00e4\u00e4rmuslikes tingimustes. See v\u00e4hendab lekke- ja l\u00fchisriski ning kindlustab seadmete t\u00f6\u00f6kindluse ka intensiivses kasutuses ja l\u00f6\u00f6kidele allutatud keskkondades.<\/p>\n<p><img decoding=\"async\" src=\"https:\/\/blankpage.ee\/_ruumist-ruumi\/wp-content\/uploads\/2025\/03\/5-80.webp\" alt=\"Hooldusvaba AGM aku - ohutus\"><\/p>\n<div class=\"table-wrapper\">\n<table>\n<tbody>\n<tr>\n<th>Mahtuvus:<\/th>\n<td>7Ah<\/td>\n<\/tr>\n<tr>\n<th>Pinge:<\/th>\n<td>6V<\/td>\n<\/tr>\n<tr>\n<th>T\u00fc\u00fcp:<\/th>\n<td>VRLA AGM<\/td>\n<\/tr>\n<tr>\n<th>V\u00e4rv:<\/th>\n<td>Must<\/td>\n<\/tr>\n<tr>\n<th>Klemm:<\/th>\n<td>Faston 187 (F1)<\/td>\n<\/tr>\n<tr>\n<th>Eluaeg:<\/th>\n<td>Rohkem kui 5 aastat<\/td>\n<\/tr>\n<tr>\n<th>Max. t\u00fchjenemisvool:<\/th>\n<td>3C<\/td>\n<\/tr>\n<tr>\n<th>Iset\u00fchjenemine:<\/th>\n<td>2% kuus (25\u00b0C juures)<\/td>\n<\/tr>\n<tr>\n<th>Mahtuvus temperatuuri j\u00e4rgi:<\/th>\n<td>(40\u00b0C &#8211; 102%) (25\u00b0C &#8211; 100%) (0\u00b0C &#8211; 85%) (-15\u00b0C &#8211; 65%)<\/td>\n<\/tr>\n<tr>\n<th>Puhverlaadimine:<\/th>\n<td>6.75-6.90 V (-10 mV\/C)<\/td>\n<\/tr>\n<tr>\n<th>Ts\u00fckliline laadimine:<\/th>\n<td>7.2-7.5 V (-15 mV\/C)<\/td>\n<\/tr>\n<tr>\n<th>Sisemine takistus:<\/th>\n<td>&le;18.5m\u03a9 (25\u00b0C juures)<\/td>\n<\/tr>\n<tr>\n<th>Maksimaalne laadimisvool:<\/th>\n<td>2.1 A<\/td>\n<\/tr>\n<tr>\n<th>Tootja:<\/th>\n<td>Green Cell<\/td>\n<\/tr>\n<tr>\n<th>M\u00f5\u00f5tmed:<\/th>\n<td>151x35x94mm<\/td>\n<\/tr>\n<tr>\n<th>Kaal:<\/th>\n<td>1.02kg<\/td>\n<\/tr>\n<tr>\n<th>Koguk\u00f5rgus (koos klemmidega):<\/th>\n<td>100mm<\/td>\n<\/tr>\n<tr>\n<th>Kasutusvaldkond:<\/th>\n<td>H\u00e4ires\u00fcsteemid ja m\u00e4nguasjad<\/td>\n<\/tr>\n<tr>\n<th>Mahtuvuse vahemik:<\/th>\n<td>Alla 10Ah<\/td>\n<\/tr>\n<tr>\n<th>Garantii:<\/th>\n<td>24 kuud<\/td>\n<\/tr>\n<tr>\n<th>Tootekood:<\/th>\n<td>AGM12<\/td>\n<\/tr>\n<\/tbody>\n<\/table>\n<\/div>\n","protected":false},"excerpt":{"rendered":"<p>6V 7Ah Hooldusvaba AGM aku UPS ja h\u00e4ires\u00fcsteemidele Hooldusvaba AGM aku on usaldusv\u00e4\u00e4rne ja mitmek\u00fclgne energiasalvestuslahendus, mis sobib suurep\u00e4raselt nii UPS-s\u00fcsteemide, h\u00e4ires\u00fcsteemide kui ka m\u00e4nguasjade toiteks. Green Cell AGM aku, mille pinge on 6V ja mahtuvus 7Ah, tagab stabiilse toiteallika ka k\u00f5ige n\u00f5udlikumates olukordades. Aku on loodud nii ts\u00fckliliseks kasutamiseks kui puhvertoiteks, pakkudes kuni 5+ [&hellip;]<\/p>\n","protected":false},"featured_media":155072,"comment_status":"open","ping_status":"open","template":"","meta":[],"product_brand":[2983],"product_cat":[2993],"product_tag":[],"class_list":{"0":"post-155066","1":"product","2":"type-product","3":"status-publish","4":"has-post-thumbnail","6":"product_brand-green-cell","7":"product_cat-akud-taaslaetavad-akud","8":"product_shipping_class-innpro","10":"first","11":"outofstock","12":"taxable","13":"shipping-taxable","14":"purchasable","15":"product-type-simple"},"_links":{"self":[{"href":"https:\/\/blankpage.ee\/_ruumist-ruumi\/wp-json\/wp\/v2\/product\/155066","targetHints":{"allow":["GET"]}}],"collection":[{"href":"https:\/\/blankpage.ee\/_ruumist-ruumi\/wp-json\/wp\/v2\/product"}],"about":[{"href":"https:\/\/blankpage.ee\/_ruumist-ruumi\/wp-json\/wp\/v2\/types\/product"}],"replies":[{"embeddable":true,"href":"https:\/\/blankpage.ee\/_ruumist-ruumi\/wp-json\/wp\/v2\/comments?post=155066"}],"wp:featuredmedia":[{"embeddable":true,"href":"https:\/\/blankpage.ee\/_ruumist-ruumi\/wp-json\/wp\/v2\/media\/155072"}],"wp:attachment":[{"href":"https:\/\/blankpage.ee\/_ruumist-ruumi\/wp-json\/wp\/v2\/media?parent=155066"}],"wp:term":[{"taxonomy":"product_brand","embeddable":true,"href":"https:\/\/blankpage.ee\/_ruumist-ruumi\/wp-json\/wp\/v2\/product_brand?post=155066"},{"taxonomy":"product_cat","embeddable":true,"href":"https:\/\/blankpage.ee\/_ruumist-ruumi\/wp-json\/wp\/v2\/product_cat?post=155066"},{"taxonomy":"product_tag","embeddable":true,"href":"https:\/\/blankpage.ee\/_ruumist-ruumi\/wp-json\/wp\/v2\/product_tag?post=155066"}],"curies":[{"name":"wp","href":"https:\/\/api.w.org\/{rel}","templated":true}]}}