{"id":155076,"date":"2025-03-28T20:46:46","date_gmt":"2025-03-28T20:46:46","guid":{"rendered":"https:\/\/ruumistruumi.ee\/pood\/green-cell-inverter-inv03de-12v-230v-500w-1000w-modifitseeritud-siinuslaine\/"},"modified":"2025-05-12T06:51:06","modified_gmt":"2025-05-12T06:51:06","slug":"green-cell-inverter-inv03de-12v-230v-500w-1000w-modifitseeritud-siinuslaine","status":"publish","type":"product","link":"https:\/\/blankpage.ee\/_ruumist-ruumi\/pood\/green-cell-inverter-inv03de-12v-230v-500w-1000w-modifitseeritud-siinuslaine\/","title":{"rendered":"Green Cell inverter INV03DE 12V\/230V 500W\/1000W (modifitseeritud siinuslaine)"},"content":{"rendered":"<h3>Green Cell inverter: 12V kuni 230V 500W\/1000W pingeinverter (modifitseeritud siinuslaine)<\/h3>\n<p>Green Cell inverter on tipptasemel seade, mis muudab autoakust v\u00f5i sigaretis\u00fc\u00fctaja pesast saadava alalisvoolu (DC) circa 230 V vahelduvvooluks (AC). Seadme intelligentsed funktsioonid v\u00f5imaldavad selle kasulikkust erinevates s\u00f5idukites \u2013 alates autodes ja matkabussides kuni veokiteni \u2013 tagades usaldusv\u00e4\u00e4rse energiaallika vastavalt Euroopa standarditele (Type F). See inverter sobib ideaalselt neile, kes hindavad mobiilset ja ohutut elektrivarustust.<\/p>\n<p><img decoding=\"async\" src=\"https:\/\/blankpage.ee\/_ruumist-ruumi\/wp-content\/uploads\/2025\/03\/1-119.webp\" alt=\"Green Cell inverter esipaneel 12V kuni 230V\"><\/p>\n<h3>L\u00e4bim\u00f5eldud disain ja kasutusmugavus<\/h3>\n<p>Disain on optimeeritud lihtsaks ja intuitiivseks kasutamiseks. Esipaneelil on kaasaegne pistikupesa ja USB-port, mis v\u00f5imaldavad laadida nutitelefone ning teisi seadmeid. Kompaktne ja vastupidav alumiiniumkorpus kaitseb seadet mehhaaniliste vigade eest. Green Cell inverteri hoolikalt l\u00e4bim\u00f5eldud konstruktsioon tagab t\u00f6\u00f6kindla ja pikaajalise kasutuse igas olukorras.<\/p>\n<p><img decoding=\"async\" src=\"https:\/\/blankpage.ee\/_ruumist-ruumi\/wp-content\/uploads\/2025\/03\/2-119.webp\" alt=\"Green Cell inverter konstruktsioon ja disain\"><\/p>\n<h3>Pinge, v\u00f5imsus ja turvalisus<\/h3>\n<p>Oluline on, et aku pinge vastaks inverteri t\u00f6\u00f6parameetritele \u2013 12 V on levinud paljudes s\u00f5idukites ning 24 V v\u00f5ib esineda suuremates s\u00fcsteemides. Green Cell inverter suudab t\u00f6\u00f6delda neid pingeid stabiilselt, pakkudes pidevat v\u00f5imsust 500 W ja impulssv\u00f5imsust 1000 W, kusjuures seadme koormus ei tohiks \u00fcletada 85% nominaalset v\u00f5imsust, et tagada ohutu t\u00f6\u00f6.<\/p>\n<p>Green Cell inverter pakub suurep\u00e4rase j\u00f5udluse ja energias\u00e4\u00e4stu, tagades \u00fchtlase voolu ning madala m\u00fcratasemega t\u00f6\u00f6. T\u00e4iendavad tehnilised n\u00e4itajad \u2013 sealhulgas v\u00e4ljundpinge kuju (modifitseeritud siinuslaine) ja v\u00e4ljundsagedus 50 Hz \u2013 v\u00f5imaldavad seadmel sujuvalt t\u00f6\u00f6tada erinevate elektrikoormustega. See seade on loodud nii n\u00f5udlikele kasutajatele, kes soovivad oma s\u00f5idukitest maksimumi v\u00f5tta, kui ka neile, kes hindavad lihtsust ja turvalisust.<\/p>\n<p><img decoding=\"async\" src=\"https:\/\/blankpage.ee\/_ruumist-ruumi\/wp-content\/uploads\/2025\/03\/3-111.webp\" alt=\"Green Cell inverter pinge \u00fchilduvus 12V\"><br \/>\n<img decoding=\"async\" src=\"https:\/\/blankpage.ee\/_ruumist-ruumi\/wp-content\/uploads\/2025\/03\/4-101.webp\" alt=\"Green Cell inverter v\u00f5imsuse valik 500W\/1000W\"><br \/>\n<img decoding=\"async\" src=\"https:\/\/blankpage.ee\/_ruumist-ruumi\/wp-content\/uploads\/2025\/03\/5-81.webp\" alt=\"Green Cell inverter intelligentne ventilaator\"><br \/>\n<img decoding=\"async\" src=\"https:\/\/blankpage.ee\/_ruumist-ruumi\/wp-content\/uploads\/2025\/03\/6-58.webp\" alt=\"Green Cell inverter turvalisus ja sertifikaadid\"><\/p>\n<h3>Komplekti kuulub<\/h3>\n<p>Komplekti kuuluvad inverter, akuklemmidele m\u00f5eldud kaablid, sigaretis\u00fc\u00fctaja kaabel, varukaitsed ja kasutusjuhend, mis tagavad kiire ning lihtsa paigalduse ja t\u00f6\u00f6kindla \u00fchenduse k\u00f5igi seadmetega.<\/p>\n<div class=\"table-wrapper\">\n<table>\n<tbody>\n<tr>\n<th>Tootja<\/th>\n<td>Green Cell<\/td>\n<\/tr>\n<tr>\n<th>Mudel<\/th>\n<td>INV03DE<\/td>\n<\/tr>\n<tr>\n<th>T\u00f5husus<\/th>\n<td>85%<\/td>\n<\/tr>\n<tr>\n<th>V\u00e4rv<\/th>\n<td>Must<\/td>\n<\/tr>\n<tr>\n<th>M\u00f5\u00f5tmed koos kinnitusega<\/th>\n<td>196 x 106 x 62 mm<\/td>\n<\/tr>\n<tr>\n<th>Indikaator<\/th>\n<td>LED-id<\/td>\n<\/tr>\n<tr>\n<th>Sisendpinge<\/th>\n<td>12 V DC<\/td>\n<\/tr>\n<tr>\n<th>V\u00e4ljundpinge<\/th>\n<td>230 V AC<\/td>\n<\/tr>\n<tr>\n<th>V\u00e4ljundpinge kuju<\/th>\n<td>Modifitseeritud siinuslaine<\/td>\n<\/tr>\n<tr>\n<th>V\u00e4ljundsagedus<\/th>\n<td>50 Hz<\/td>\n<\/tr>\n<tr>\n<th>Kasutatav v\u00f5imsus (pidev)<\/th>\n<td>500 W<\/td>\n<\/tr>\n<tr>\n<th>Hetkev\u00f5imsus (impulss)<\/th>\n<td>1000 W<\/td>\n<\/tr>\n<tr>\n<th>Kaitsepinge<\/th>\n<td>30 A<\/td>\n<\/tr>\n<tr>\n<th>Kaitsmete arv<\/th>\n<td>2<\/td>\n<\/tr>\n<tr>\n<th>T\u00fchivoolutarve<\/th>\n<td>1 A<\/td>\n<\/tr>\n<tr>\n<th>Kaal<\/th>\n<td>843 g<\/td>\n<\/tr>\n<\/tbody>\n<\/table>\n<\/div>\n","protected":false},"excerpt":{"rendered":"<p>Green Cell inverter: 12V kuni 230V 500W\/1000W pingeinverter (modifitseeritud siinuslaine) Green Cell inverter on tipptasemel seade, mis muudab autoakust v\u00f5i sigaretis\u00fc\u00fctaja pesast saadava alalisvoolu (DC) circa 230 V vahelduvvooluks (AC). Seadme intelligentsed funktsioonid v\u00f5imaldavad selle kasulikkust erinevates s\u00f5idukites \u2013 alates autodes ja matkabussides kuni veokiteni \u2013 tagades usaldusv\u00e4\u00e4rse energiaallika vastavalt Euroopa standarditele (Type F). See [&hellip;]<\/p>\n","protected":false},"featured_media":155083,"comment_status":"open","ping_status":"open","template":"","meta":[],"product_brand":[2983],"product_cat":[2967],"product_tag":[],"class_list":{"0":"post-155076","1":"product","2":"type-product","3":"status-publish","4":"has-post-thumbnail","6":"product_brand-green-cell","7":"product_cat-muud-tarvikud","8":"product_shipping_class-innpro","10":"first","11":"outofstock","12":"taxable","13":"shipping-taxable","14":"purchasable","15":"product-type-simple"},"_links":{"self":[{"href":"https:\/\/blankpage.ee\/_ruumist-ruumi\/wp-json\/wp\/v2\/product\/155076","targetHints":{"allow":["GET"]}}],"collection":[{"href":"https:\/\/blankpage.ee\/_ruumist-ruumi\/wp-json\/wp\/v2\/product"}],"about":[{"href":"https:\/\/blankpage.ee\/_ruumist-ruumi\/wp-json\/wp\/v2\/types\/product"}],"replies":[{"embeddable":true,"href":"https:\/\/blankpage.ee\/_ruumist-ruumi\/wp-json\/wp\/v2\/comments?post=155076"}],"wp:featuredmedia":[{"embeddable":true,"href":"https:\/\/blankpage.ee\/_ruumist-ruumi\/wp-json\/wp\/v2\/media\/155083"}],"wp:attachment":[{"href":"https:\/\/blankpage.ee\/_ruumist-ruumi\/wp-json\/wp\/v2\/media?parent=155076"}],"wp:term":[{"taxonomy":"product_brand","embeddable":true,"href":"https:\/\/blankpage.ee\/_ruumist-ruumi\/wp-json\/wp\/v2\/product_brand?post=155076"},{"taxonomy":"product_cat","embeddable":true,"href":"https:\/\/blankpage.ee\/_ruumist-ruumi\/wp-json\/wp\/v2\/product_cat?post=155076"},{"taxonomy":"product_tag","embeddable":true,"href":"https:\/\/blankpage.ee\/_ruumist-ruumi\/wp-json\/wp\/v2\/product_tag?post=155076"}],"curies":[{"name":"wp","href":"https:\/\/api.w.org\/{rel}","templated":true}]}}