{"id":155106,"date":"2025-03-28T23:03:19","date_gmt":"2025-03-28T23:03:19","guid":{"rendered":"https:\/\/ruumistruumi.ee\/pood\/mini-led-projektor-blitzwolf-bw-v3-wi-fi-bluetooth-250-ansi-lm-must\/"},"modified":"2025-08-21T08:21:19","modified_gmt":"2025-08-21T08:21:19","slug":"mini-led-projektor-blitzwolf-bw-v3-wi-fi-bluetooth-250-ansi-lm-must","status":"publish","type":"product","link":"https:\/\/blankpage.ee\/_ruumist-ruumi\/pood\/mini-led-projektor-blitzwolf-bw-v3-wi-fi-bluetooth-250-ansi-lm-must\/","title":{"rendered":"Mini LED projektor BlitzWolf BW-V3 (Wi-Fi, Bluetooth, 250 ANSI lm, must)"},"content":{"rendered":"<h3>BlitzWolf BW-V3 mini LED projektor \u2013 Wi-Fi + Bluetooth (must)<\/h3>\n<p>Muutke iga koht kodukino saaliks kompaktse BlitzWolf BW-V3 mini LED projektoriga. Seade v\u00f5imaldab kuvada pilti maksimaalse diagonaaliga 200&#8243; ja 1080p resolutsioonis, heledusega kuni 250 ANSI luumenit. LED-lambi eluiga ulatub 40 000 tunnini ning projektor toetab Bluetooth 5.0 ja Wi-Fi 2.4G\/5G, pakkudes mitmek\u00fclgseid kasutusv\u00f5imalusi.<\/p>\n<p><img decoding=\"async\" src=\"https:\/\/blankpage.ee\/_ruumist-ruumi\/wp-content\/uploads\/2025\/03\/8-40.webp\" border=\"0\" alt=\"BlitzWolf BW-V3 mini LED projektor\" \/><\/p>\n<h3>Kompaktne disain<\/h3>\n<p>T\u00e4nu oma kompaktsusele ja kergele kaalule on projektorit lihtne kaasas kanda ja kasutada erinevates olukordades. Seade sobib ideaalselt neile, kes hindavad liikuvust \u2013 paigutage see oma kotti v\u00f5i seljakotti ning v\u00f5tke kaasa esitlustele, s\u00f5pradega kokkusaamiseks, puhkusele v\u00f5i matkale. N\u00fc\u00fcd saate te ja teie l\u00e4hedased igal ajal nautida filmielamusi kodus.<\/p>\n<p><img decoding=\"async\" src=\"https:\/\/blankpage.ee\/_ruumist-ruumi\/wp-content\/uploads\/2025\/03\/1-123.webp\" border=\"0\" alt=\"Kompaktne BlitzWolf BW-V3 mini LED projektor\" \/><\/p>\n<h3>Mugavaks kasutamiseks<\/h3>\n<p>Veetke kvaliteetaega oma l\u00e4hedastega ja nautige vahemikus 40&#8243; kuni 200&#8243; diagonaaliga pilti, mis loob t\u00f5elise koduse kinoelamuse. Paindlik paigutus statiivi, stendi v\u00f5i laua peale v\u00f5imaldab seadet kohandada erinevates ruumides \u2013 projektori eemalduse kaugus on 1,5 kuni 3 meetrit. Seade on varustatud LED-lambiga, mille kasutusiga ulatub kuni 40 000 tunnini.<\/p>\n<p><img decoding=\"async\" src=\"https:\/\/blankpage.ee\/_ruumist-ruumi\/wp-content\/uploads\/2025\/03\/6-61.webp\" border=\"0\" alt=\"Mugav BlitzWolf BW-V3 mini LED projektor\" \/><\/p>\n<h3>Parim kaasahaaratus<\/h3>\n<p>1080p resolutsioon ja 250 ANSI luumeni heleduse tase tagavad suurep\u00e4rase v\u00e4rviedastuse ning detailirikka pildi, pakkudes elamust, mis paneb teid tundma end s\u00fcndmuste keskmes. Unustage \u00fcmbritsev maailm ja sukeldage end t\u00e4ielikult oma lemmikfilmide ning -sarjade nautimisse. Lisaks on BlitzWolf BW-V3 mini LED projektor erakordselt vaikne (44 dB), v\u00f5imaldades keskenduda \u00fcksnes vaatamisele.<\/p>\n<p><img decoding=\"async\" src=\"https:\/\/blankpage.ee\/_ruumist-ruumi\/wp-content\/uploads\/2025\/03\/2-123.webp\" border=\"0\" alt=\"Kaasahaarav BlitzWolf BW-V3 mini LED projektor\" \/><\/p>\n<h3>Mitmek\u00fclgsed \u00fchendusv\u00f5imalused<\/h3>\n<p>Projektor toetab Bluetooth 5.0 ja Wi-Fi 2.4G\/5G \u00fchenduvust, pakkudes kiiret ja stabiilset liidest. Seadme lai \u00fchilduvus ning mitmesugused pordid \u2013 sealhulgas USB, HDMI ja k\u00f5rvaklappide pesa \u2013 tagavad, et saate h\u00f5lpsasti \u00fchendada s\u00fclearvuti, DVD-m\u00e4ngija, konsooli, USB-draivi ja palju muud.<\/p>\n<p><img decoding=\"async\" src=\"https:\/\/blankpage.ee\/_ruumist-ruumi\/wp-content\/uploads\/2025\/03\/5-83.webp\" border=\"0\" alt=\"BlitzWolf BW-V3 mini LED projektor - \u00fchendusv\u00f5imalused\" \/><\/p>\n<h3>Kaugarvaldus kaasas<\/h3>\n<p>Nautige projektori mugavat kasutamist. Komplektis on praktiline pult, mis v\u00f5imaldab seadet juhtida diivanilt t\u00f5usmata, pakkudes t\u00f5elist kasutusmugavust. Avastage, kui lihtne on oma meelelahutust kaugjuhtida!<\/p>\n<p><img decoding=\"async\" src=\"https:\/\/blankpage.ee\/_ruumist-ruumi\/wp-content\/uploads\/2025\/03\/3-115.webp\" border=\"0\" alt=\"BlitzWolf BW-V3 mini LED projektori kaugarvaldus\" \/><\/p>\n<h3>Komplekti kuulub:<\/h3>\n<ul>\n<li>Projektor<\/li>\n<li>Pult<\/li>\n<li>Adapter<\/li>\n<li>Kasutusjuhend<\/li>\n<\/ul>\n<div class=\"table-wrapper\">\n<table>\n<tbody>\n<tr>\n<th>Tootja<\/th>\n<td>Blitzwolf<\/td>\n<\/tr>\n<tr>\n<th>Mudel<\/th>\n<td>BW-V3 Mini<\/td>\n<\/tr>\n<tr>\n<th>Natiivresolutsioon<\/th>\n<td>1280 x 720p<\/td>\n<\/tr>\n<tr>\n<th>Maksimaalne resolutsioon<\/th>\n<td>1080p<\/td>\n<\/tr>\n<tr>\n<th>K\u00fcljesuhe<\/th>\n<td>4:3 \/ 16:9<\/td>\n<\/tr>\n<tr>\n<th>Projektsiooniala<\/th>\n<td>50&#8243; kuni 200&#8243;<\/td>\n<\/tr>\n<tr>\n<th>Projektsioonkaugus<\/th>\n<td>1,5 kuni 3 m<\/td>\n<\/tr>\n<tr>\n<th>Projektsioonisuhe<\/th>\n<td>1.25:1<\/td>\n<\/tr>\n<tr>\n<th>Objektiivi t\u00fc\u00fcp<\/th>\n<td>F80<\/td>\n<\/tr>\n<tr>\n<th>Heledus<\/th>\n<td>250 ANSI luumenit<\/td>\n<\/tr>\n<tr>\n<th>V\u00e4rvustemperatuur<\/th>\n<td>6800K<\/td>\n<\/tr>\n<tr>\n<th>Lambi t\u00fc\u00fcp<\/th>\n<td>LED<\/td>\n<\/tr>\n<tr>\n<th>Lambi eluiga<\/th>\n<td>40 000 tundi<\/td>\n<\/tr>\n<tr>\n<th>T\u00f6\u00f6m\u00fcra<\/th>\n<td>44 dB<\/td>\n<\/tr>\n<tr>\n<th>Liidesed<\/th>\n<td>AV \/ k\u00f5rvaklappide \/ HDMI \/ USB \/ standardne toitesisend \/ DC<\/td>\n<\/tr>\n<tr>\n<th>Kaugarvalduspult<\/th>\n<td>7m\/45\u00b0<\/td>\n<\/tr>\n<tr>\n<th>Wi-Fi<\/th>\n<td>2.4G &amp; 5G<\/td>\n<\/tr>\n<tr>\n<th>Bluetooth versioon<\/th>\n<td>5.0<\/td>\n<\/tr>\n<tr>\n<th>Toetatud videovormid<\/th>\n<td>MPEG1\/MPEG2\/MPEG4\/H.263\/H.264\/AVS\/VC1\/MJPEG\/RV 30\/RV40\/HEVC<\/td>\n<\/tr>\n<tr>\n<th>Toetatud helivormid<\/th>\n<td>MPEG1\/MPEG2\/LPCM\/MP3\/WMA2\/AAC\/WAV<\/td>\n<\/tr>\n<tr>\n<th>Toetatud pildiformid<\/th>\n<td>JPEG\/PNG\/BMP<\/td>\n<\/tr>\n<tr>\n<th>Energiatarve<\/th>\n<td>50 W<\/td>\n<\/tr>\n<tr>\n<th>Pinge<\/th>\n<td>DC 18V-22V<\/td>\n<\/tr>\n<tr>\n<th>M\u00f5\u00f5tmed<\/th>\n<td>165 x 128 x 66 mm<\/td>\n<\/tr>\n<\/tbody>\n<\/table>\n<\/div>\n","protected":false},"excerpt":{"rendered":"<p>BlitzWolf BW-V3 mini LED projektor \u2013 Wi-Fi + Bluetooth (must) Muutke iga koht kodukino saaliks kompaktse BlitzWolf BW-V3 mini LED projektoriga. Seade v\u00f5imaldab kuvada pilti maksimaalse diagonaaliga 200&#8243; ja 1080p resolutsioonis, heledusega kuni 250 ANSI luumenit. LED-lambi eluiga ulatub 40 000 tunnini ning projektor toetab Bluetooth 5.0 ja Wi-Fi 2.4G\/5G, pakkudes mitmek\u00fclgseid kasutusv\u00f5imalusi. Kompaktne disain [&hellip;]<\/p>\n","protected":false},"featured_media":155113,"comment_status":"open","ping_status":"open","template":"","meta":[],"product_brand":[2958],"product_cat":[2960],"product_tag":[],"class_list":{"0":"post-155106","1":"product","2":"type-product","3":"status-publish","4":"has-post-thumbnail","6":"product_brand-blitzwolf","7":"product_cat-projektorid","8":"product_shipping_class-innpro","10":"first","11":"instock","12":"sale","13":"taxable","14":"shipping-taxable","15":"purchasable","16":"product-type-simple"},"_links":{"self":[{"href":"https:\/\/blankpage.ee\/_ruumist-ruumi\/wp-json\/wp\/v2\/product\/155106","targetHints":{"allow":["GET"]}}],"collection":[{"href":"https:\/\/blankpage.ee\/_ruumist-ruumi\/wp-json\/wp\/v2\/product"}],"about":[{"href":"https:\/\/blankpage.ee\/_ruumist-ruumi\/wp-json\/wp\/v2\/types\/product"}],"replies":[{"embeddable":true,"href":"https:\/\/blankpage.ee\/_ruumist-ruumi\/wp-json\/wp\/v2\/comments?post=155106"}],"wp:featuredmedia":[{"embeddable":true,"href":"https:\/\/blankpage.ee\/_ruumist-ruumi\/wp-json\/wp\/v2\/media\/155113"}],"wp:attachment":[{"href":"https:\/\/blankpage.ee\/_ruumist-ruumi\/wp-json\/wp\/v2\/media?parent=155106"}],"wp:term":[{"taxonomy":"product_brand","embeddable":true,"href":"https:\/\/blankpage.ee\/_ruumist-ruumi\/wp-json\/wp\/v2\/product_brand?post=155106"},{"taxonomy":"product_cat","embeddable":true,"href":"https:\/\/blankpage.ee\/_ruumist-ruumi\/wp-json\/wp\/v2\/product_cat?post=155106"},{"taxonomy":"product_tag","embeddable":true,"href":"https:\/\/blankpage.ee\/_ruumist-ruumi\/wp-json\/wp\/v2\/product_tag?post=155106"}],"curies":[{"name":"wp","href":"https:\/\/api.w.org\/{rel}","templated":true}]}}