{"id":155115,"date":"2025-03-28T23:03:19","date_gmt":"2025-03-28T23:03:19","guid":{"rendered":"https:\/\/ruumistruumi.ee\/pood\/blitzwolf-projektor-bw-v4-1080p-led-wi-fi-bluetooth-must\/"},"modified":"2025-08-21T08:21:20","modified_gmt":"2025-08-21T08:21:20","slug":"blitzwolf-projektor-bw-v4-1080p-led-wi-fi-bluetooth-must","status":"publish","type":"product","link":"https:\/\/blankpage.ee\/_ruumist-ruumi\/pood\/blitzwolf-projektor-bw-v4-1080p-led-wi-fi-bluetooth-must\/","title":{"rendered":"BlitzWolf projektor BW-V4 1080p LED (Wi-Fi, Bluetooth, must)"},"content":{"rendered":"<h3>BlitzWolf projektor BW-V4 1080p LED (Wi-Fi, Bluetooth, must)<\/h3>\n<p>BlitzWolf projektor BW-V4 on ideaalne valik neile, kes hindavad suurep\u00e4rast pildi- ja helikvaliteeti ning soovivad nautida vabadust vaadata mitmekesist sisu. Seade pakub 1080p resolutsiooni, automaatset keystone korrigeerimist ja autofookust. Sisseehitatud 5W k\u00f5lar tagab kristallselge heli ning v\u00f5imaldab kogeda rikkalikku helikogemust. Lisaks toetab see BlitzWolf projektor Dual Bluetooth 5.0 ja WiFi 2.4G\/5G \u00fchendust, v\u00f5imaldades projitseerida kuni 300-tollist pilti.<\/p>\n<p><img decoding=\"async\" src=\"https:\/\/blankpage.ee\/_ruumist-ruumi\/wp-content\/uploads\/2025\/03\/5-84.webp\" alt=\"BlitzWolf projektor 300-tollise pildiga\" \/><\/p>\n<h3>Silmapaistev pildikvaliteet<\/h3>\n<p>BW-V4 projektor pakub Full HD 1920 x 1080p resolutsiooni, tagades detailse ja selge pildi. Toetades 16,7 miljonit v\u00e4rvi, kuvab seade v\u00e4ga realistlikke ja rikkalikke v\u00e4rve. See BlitzWolf projektor sobib ideaalselt nii koduseks kasutamiseks kui ka \u00e4ripresentatsioonideks, pakkudes integreeritud 5W k\u00f5lariga sujuvat helikogemust.<\/p>\n<p><img decoding=\"async\" src=\"https:\/\/blankpage.ee\/_ruumist-ruumi\/wp-content\/uploads\/2025\/03\/2-124.webp\" alt=\"BlitzWolf projektor Full HD resolutsiooniga\" \/><\/p>\n<h3>Sobib igaks juhuks<\/h3>\n<p>Muutke iga koht kinosaaliks! BW-V4 projektoriga saate projitseerida pilte 50\u2013300-tollise diagonaaliga vahemikus 1,5 kuni 6 meetrit. Seade sobib nii v\u00e4ikeste kui ka suurte ruumide jaoks, v\u00f5imaldades kiiresti kohandada pilti automaatse keystone korrigeerimise abil.<\/p>\n<p><img decoding=\"async\" src=\"https:\/\/blankpage.ee\/_ruumist-ruumi\/wp-content\/uploads\/2025\/03\/3-116.webp\" alt=\"BlitzWolf projektor automaatse keystone korrigeerimisega\" \/><\/p>\n<h3>\u00dchildub paljude seadmetega<\/h3>\n<p>BlitzWolf projektoril on mitmed pordid, mis tagavad seadme \u00fchilduvuse erinevate seadmetega. AV-sisend v\u00f5imaldab \u00fchendada videoseadmeid, nagu DVD-m\u00e4ngijaid ja videokaameraid, samas kui k\u00f5rvaklappide pesa pakub v\u00f5imalust \u00fchendada k\u00f5rvaklapid v\u00f5i v\u00e4lised k\u00f5larid. Lisaks on seadmel kaks HDMI-porti ning see on varustatud USB-pordi ja eraldi j\u00f5usisaldusega.<\/p>\n<p><img decoding=\"async\" src=\"https:\/\/blankpage.ee\/_ruumist-ruumi\/wp-content\/uploads\/2025\/03\/6-62.webp\" alt=\"BlitzWolf projektor HDMI ja USB portidega\" \/><\/p>\n<h3>Usaldusv\u00e4\u00e4rne j\u00f5udlus<\/h3>\n<p>Unustage \u00fchendusprobleemid! BW-V4 projektor toetab 2.4G\/5G WiFi \u00fchendust, tagades usaldusv\u00e4\u00e4rse ja stabiilse edastuse. Dual Bluetooth 5.0 tehnoloogia v\u00f5imaldab projektoril korraga \u00fchendada kahe seadmega, pakkudes sujuvat ja katkestusteta toimimist. See BlitzWolf projektor on loodud maksimaalseks j\u00f5udluseks igas olukorras.<\/p>\n<p><img decoding=\"async\" src=\"https:\/\/blankpage.ee\/_ruumist-ruumi\/wp-content\/uploads\/2025\/03\/4-103.webp\" alt=\"BlitzWolf projektor WiFi ja Bluetoothiga\" \/><\/p>\n<h3>Kaugjuhtimispult<\/h3>\n<p>Komplektis on kaugjuhtimispult, mis v\u00f5imaldab projektorit mugavalt ja intuitiivselt juhtida. Puldi keystone korrigeerimise ja fookusnupud tagavad pildi kiire kohandamise vastavalt teie vajadustele.<\/p>\n<p><img decoding=\"async\" src=\"https:\/\/blankpage.ee\/_ruumist-ruumi\/wp-content\/uploads\/2025\/03\/1-124.webp\" alt=\"BlitzWolf projektor koos kaugjuhtimispuldiga\" \/><\/p>\n<h3>Komplektis sisaldub:<\/h3>\n<ul>\n<li>Projektor<\/li>\n<li>Kaugjuhtimispult<\/li>\n<li>Toitekaabel<\/li>\n<li>HDMI kaabel<\/li>\n<li>AV kaabel<\/li>\n<li>Objektiivi lapp<\/li>\n<li>Kasutusjuhend<\/li>\n<\/ul>\n<div class=\"table-wrapper\">\n<table>\n<tbody>\n<tr>\n<th>Tootja<\/th>\n<td>BlitzWolf<\/td>\n<\/tr>\n<tr>\n<th>Mudel<\/th>\n<td>BW-V4<\/td>\n<\/tr>\n<tr>\n<th>Resolutsioon<\/th>\n<td>1920*1080<\/td>\n<\/tr>\n<tr>\n<th>Kuvasuhe<\/th>\n<td>4:3 \/ 16:9<\/td>\n<\/tr>\n<tr>\n<th>Valge v\u00e4rvi temperatuur<\/th>\n<td>8000K<\/td>\n<\/tr>\n<tr>\n<th>T\u00f6\u00f6m\u00fcra<\/th>\n<td>44DB<\/td>\n<\/tr>\n<tr>\n<th>Kontrastisuhe<\/th>\n<td>1000:1<\/td>\n<\/tr>\n<tr>\n<th>Viske suhe<\/th>\n<td>1.35<\/td>\n<\/tr>\n<tr>\n<th>Projektsiooniala<\/th>\n<td>50&#8243; &#8211; 300&#8243;<\/td>\n<\/tr>\n<tr>\n<th>Projektsioonikaugus<\/th>\n<td>1.5 &#8211; 6 m<\/td>\n<\/tr>\n<tr>\n<th>Fookusmeetod<\/th>\n<td>Automaatne<\/td>\n<\/tr>\n<tr>\n<th>Liides<\/th>\n<td>AV\/k\u00f5rvaklap\/HDMI\/USB<\/td>\n<\/tr>\n<tr>\n<th>Kaugjuhtimispult<\/th>\n<td>Infrapuna<\/td>\n<\/tr>\n<tr>\n<th>Valguse heledus<\/th>\n<td>10000 LM<\/td>\n<\/tr>\n<tr>\n<th>Lambi eluiga<\/th>\n<td>50 000 tundi<\/td>\n<\/tr>\n<tr>\n<th>Wi-Fi<\/th>\n<td>2.4G\/5G<\/td>\n<\/tr>\n<tr>\n<th>Bluetooth<\/th>\n<td>5.0<\/td>\n<\/tr>\n<tr>\n<th>K\u00f5lar<\/th>\n<td>5W x1<\/td>\n<\/tr>\n<tr>\n<th>Toetatud videoformaat<\/th>\n<td>MPEG1\/MPEG2\/MPEG4\/H.263\/H.264\/AVS\/VC1\/MJPEG\/RV30\/RV40\/HEVC<\/td>\n<\/tr>\n<tr>\n<th>Toetatud audioformaat<\/th>\n<td>MPEG1\/MPEG2\/LPCM\/MP3\/WMA2\/AAC\/WAV<\/td>\n<\/tr>\n<tr>\n<th>Toetatud pildiformaat<\/th>\n<td>JPEG\/PNG\/BMP<\/td>\n<\/tr>\n<tr>\n<th>Energiatarve<\/th>\n<td>90W\u00b15W<\/td>\n<\/tr>\n<tr>\n<th>Energiatarve ooteolekus<\/th>\n<td>1W<\/td>\n<\/tr>\n<tr>\n<th>Sisendpinge<\/th>\n<td>AC 100-240V~50\/60Hz, 2.1A (max.)<\/td>\n<\/tr>\n<\/tbody>\n<\/table>\n<\/div>\n","protected":false},"excerpt":{"rendered":"<p>BlitzWolf projektor BW-V4 1080p LED (Wi-Fi, Bluetooth, must) BlitzWolf projektor BW-V4 on ideaalne valik neile, kes hindavad suurep\u00e4rast pildi- ja helikvaliteeti ning soovivad nautida vabadust vaadata mitmekesist sisu. Seade pakub 1080p resolutsiooni, automaatset keystone korrigeerimist ja autofookust. Sisseehitatud 5W k\u00f5lar tagab kristallselge heli ning v\u00f5imaldab kogeda rikkalikku helikogemust. Lisaks toetab see BlitzWolf projektor Dual Bluetooth [&hellip;]<\/p>\n","protected":false},"featured_media":155122,"comment_status":"open","ping_status":"closed","template":"","meta":[],"product_brand":[2958],"product_cat":[2960],"product_tag":[],"class_list":{"0":"post-155115","1":"product","2":"type-product","3":"status-publish","4":"has-post-thumbnail","6":"product_brand-blitzwolf","7":"product_cat-projektorid","8":"product_shipping_class-innpro","10":"first","11":"instock","12":"sale","13":"taxable","14":"shipping-taxable","15":"purchasable","16":"product-type-simple"},"_links":{"self":[{"href":"https:\/\/blankpage.ee\/_ruumist-ruumi\/wp-json\/wp\/v2\/product\/155115","targetHints":{"allow":["GET"]}}],"collection":[{"href":"https:\/\/blankpage.ee\/_ruumist-ruumi\/wp-json\/wp\/v2\/product"}],"about":[{"href":"https:\/\/blankpage.ee\/_ruumist-ruumi\/wp-json\/wp\/v2\/types\/product"}],"replies":[{"embeddable":true,"href":"https:\/\/blankpage.ee\/_ruumist-ruumi\/wp-json\/wp\/v2\/comments?post=155115"}],"wp:featuredmedia":[{"embeddable":true,"href":"https:\/\/blankpage.ee\/_ruumist-ruumi\/wp-json\/wp\/v2\/media\/155122"}],"wp:attachment":[{"href":"https:\/\/blankpage.ee\/_ruumist-ruumi\/wp-json\/wp\/v2\/media?parent=155115"}],"wp:term":[{"taxonomy":"product_brand","embeddable":true,"href":"https:\/\/blankpage.ee\/_ruumist-ruumi\/wp-json\/wp\/v2\/product_brand?post=155115"},{"taxonomy":"product_cat","embeddable":true,"href":"https:\/\/blankpage.ee\/_ruumist-ruumi\/wp-json\/wp\/v2\/product_cat?post=155115"},{"taxonomy":"product_tag","embeddable":true,"href":"https:\/\/blankpage.ee\/_ruumist-ruumi\/wp-json\/wp\/v2\/product_tag?post=155115"}],"curies":[{"name":"wp","href":"https:\/\/api.w.org\/{rel}","templated":true}]}}