{"id":155387,"date":"2025-03-29T00:26:30","date_gmt":"2025-03-29T00:26:30","guid":{"rendered":"https:\/\/ruumistruumi.ee\/pood\/koorui-24e3-monitor-24-ips-1920x1080-165hz-1ms-free-sync-hdmi-dp\/"},"modified":"2025-08-21T08:21:07","modified_gmt":"2025-08-21T08:21:07","slug":"koorui-24e3-monitor-24-ips-1920x1080-165hz-1ms-free-sync-hdmi-dp","status":"publish","type":"product","link":"https:\/\/blankpage.ee\/_ruumist-ruumi\/pood\/koorui-24e3-monitor-24-ips-1920x1080-165hz-1ms-free-sync-hdmi-dp\/","title":{"rendered":"Koorui 24E3 monitor 24&#8243; IPS 1920&#215;1080 165Hz (1ms, Free Sync, HDMI\/DP)"},"content":{"rendered":"<h3>Koorui 24E3 monitor 24&#8243; IPS 1920&#215;1080 165Hz<\/h3>\n<p>Otsid m\u00e4ngimiseks sobivat monitori? Koorui 24E3 monitor on 24-tolline seade, mis pakub laia v\u00e4rvigammat ja realistlikku pildiloovust. Madal latentsus ja 1 ms reaktsiooniaeg tagavad kiire reageerimise, pakkudes sujuvat m\u00e4ngukogemust. Lisaks v\u00f5imaldab monitori 165 Hz v\u00e4rskendussagedus nautida katkestusteta m\u00e4ngusessioone. Avasta parim j\u00f5udlus koos Koorui 24E3 monitoriga!<\/p>\n<p><img decoding=\"async\" src=\"https:\/\/blankpage.ee\/_ruumist-ruumi\/wp-content\/uploads\/2025\/03\/1-142.webp\" alt=\"Koorui 24E3 monitor m\u00e4nguesitlus\"><\/p>\n<h3>Parima kvaliteediga pilt<\/h3>\n<p>Tutvu 24-tollise Koorui 24E3 monitoriga, mis on varustatud uusima p\u00f5lvkonna IPS-paneeliga, pakkudes erakordset pildikvaliteeti. Lai sRGB v\u00e4rvigamma, mis katab 99%, tagab \u00fclimalt t\u00e4pse v\u00e4rviedastuse ja \u00fcle 16,7 miljoni v\u00e4rvi kuvamise, tuues iga pildi ellu. See monitor on ideaalne valik m\u00e4nguritele ja professionaalidele, kes hindavad kvaliteetset ja detailselt esitatud pilti.<\/p>\n<p><img decoding=\"async\" src=\"https:\/\/blankpage.ee\/_ruumist-ruumi\/wp-content\/uploads\/2025\/03\/2-141.webp\" alt=\"Koorui 24E3 monitor IPS-paneeliga\"><\/p>\n<h3>Loodud m\u00e4nguf\u00e4nnidele<\/h3>\n<p>Koorui 24E3 monitor on loodud n\u00f5udlike m\u00e4nguf\u00e4nnide jaoks, pakkudes 165 Hz v\u00e4rskendussagedust ja kaasaegset Adaptive Sync tehnoloogiat. See tagab erakordselt sujuva ja katkestusteta m\u00e4ngukogemuse. M\u00e4ngure\u017eiimi abil on v\u00f5imalik n\u00e4ha isegi k\u00f5ige peenemaid detaile n\u00f5rgas valguses, andes sulle eelise hektiliste m\u00e4ngusituatsioonide ajal. Selline t\u00e4pne positsioneerimine suurendab laskmise t\u00e4psust ja annab sulle konkurentsieelise.<\/p>\n<p><img decoding=\"async\" src=\"https:\/\/blankpage.ee\/_ruumist-ruumi\/wp-content\/uploads\/2025\/03\/3-132.webp\" alt=\"Koorui 24E3 monitor m\u00e4ngure\u017eiimis\"><\/p>\n<h3>L\u00e4bim\u00f5eldud disain<\/h3>\n<p>Koorui 24E3 monitor \u00fchendab k\u00f5rgema klassi viimistluse ja kaasaegse, \u00fcli\u00f5hukese disainiga. Selle elegantne korpus on m\u00f5eldud maksimaalseks ruumi s\u00e4\u00e4stmiseks ning lihtsaks paigaldamiseks. Reguleeritav jalg ja kergesti kohandatav kaldenurk tagavad optimaalse mugavuse. VESA seina kinnituse v\u00f5imalus v\u00f5imaldab sul monitori paigutada igasse t\u00f6\u00f6- v\u00f5i m\u00e4ngukeskkonda.<\/p>\n<p><img decoding=\"async\" src=\"https:\/\/blankpage.ee\/_ruumist-ruumi\/wp-content\/uploads\/2025\/03\/4-119.webp\" alt=\"Koorui 24E3 monitor disaini ja paigalduse esitlus\"><\/p>\n<h3>Mitmek\u00fclgsed \u00fchendusv\u00f5imalused<\/h3>\n<p>Koorui 24E3 monitor pakub suurep\u00e4rast pildikvaliteeti ja mitmek\u00fclgseid \u00fchendusv\u00f5imalusi. HDMI ja DisplayPort liidesed muudavad erinevate seadmete \u00fchendamise lihtsaks, v\u00f5imaldades sul \u00fchendada arvuti, s\u00fclearvuti v\u00f5i m\u00e4ngukonsooli nagu Xbox. T\u00e4nu 165 Hz v\u00e4rskendussagedusele ja FHD resolutsioonile (1920&#215;1080) on videod ja m\u00e4ngud esitatud sujuvalt ning teravalt. Nutika disaini t\u00f5ttu on ka paigaldamine kiire ja mugav, tagades sulle kvaliteetse ja l\u00f6\u00f6va visuaalse elamuse.<\/p>\n<p><img decoding=\"async\" src=\"https:\/\/blankpage.ee\/_ruumist-ruumi\/wp-content\/uploads\/2025\/03\/5-96.webp\" alt=\"Koorui 24E3 monitor \u00fchendusv\u00f5imalused\"><\/p>\n<div class=\"table-wrapper\">\n<table>\n<tbody>\n<tr>\n<th>Tootja<\/th>\n<td>Koorui<\/td>\n<\/tr>\n<tr>\n<th>Mudel<\/th>\n<td>24E3<\/td>\n<\/tr>\n<tr>\n<th>Ekraani suurus<\/th>\n<td>24&#8243;<\/td>\n<\/tr>\n<tr>\n<th>Paneeli t\u00fc\u00fcp<\/th>\n<td>IPS<\/td>\n<\/tr>\n<tr>\n<th>Resolutsioon<\/th>\n<td>1920 \u00d7 1080<\/td>\n<\/tr>\n<tr>\n<th>Sagedus<\/th>\n<td>165 Hz<\/td>\n<\/tr>\n<tr>\n<th>Kuvasuhe<\/th>\n<td>16:9<\/td>\n<\/tr>\n<tr>\n<th>Reaktsiooniaeg<\/th>\n<td>1 ms<\/td>\n<\/tr>\n<tr>\n<th>V\u00e4rvigamma<\/th>\n<td>SRGB 99%<\/td>\n<\/tr>\n<tr>\n<th>Heledus<\/th>\n<td>250 cd\/m\u00b2<\/td>\n<\/tr>\n<tr>\n<th>Kalde nurk<\/th>\n<td>-5\u00b0\/20\u00b0<\/td>\n<\/tr>\n<tr>\n<th>Sisendid<\/th>\n<td>HDMI 1.4\/ DP1.2<\/td>\n<\/tr>\n<tr>\n<th>M\u00f5\u00f5tmed<\/th>\n<td>515 \u00d7 428 \u00d7 320 mm<\/td>\n<\/tr>\n<tr>\n<th>Kaal<\/th>\n<td>3.06 kg<\/td>\n<\/tr>\n<tr>\n<th>Toitevahemik<\/th>\n<td>100-240 V, 47\/63 Hz, 2.0 A<\/td>\n<\/tr>\n<tr>\n<th>Lisafunktsioonid<\/th>\n<td>Seinakinnituse v\u00f5imalus, Sinise valguse filter, Vilkumisvaba, Free Sync<\/td>\n<\/tr>\n<tr>\n<th>V\u00e4rvivalik<\/th>\n<td>16,7 miljonit<\/td>\n<\/tr>\n<tr>\n<th>Energiaklass<\/th>\n<td>E<\/td>\n<\/tr>\n<\/tbody>\n<\/table>\n<\/div>\n","protected":false},"excerpt":{"rendered":"<p>Koorui 24E3 monitor 24&#8243; IPS 1920&#215;1080 165Hz Otsid m\u00e4ngimiseks sobivat monitori? Koorui 24E3 monitor on 24-tolline seade, mis pakub laia v\u00e4rvigammat ja realistlikku pildiloovust. Madal latentsus ja 1 ms reaktsiooniaeg tagavad kiire reageerimise, pakkudes sujuvat m\u00e4ngukogemust. Lisaks v\u00f5imaldab monitori 165 Hz v\u00e4rskendussagedus nautida katkestusteta m\u00e4ngusessioone. Avasta parim j\u00f5udlus koos Koorui 24E3 monitoriga! Parima kvaliteediga pilt [&hellip;]<\/p>\n","protected":false},"featured_media":155393,"comment_status":"open","ping_status":"open","template":"","meta":[],"product_brand":[2997],"product_cat":[2998],"product_tag":[],"class_list":{"0":"post-155387","1":"product","2":"type-product","3":"status-publish","4":"has-post-thumbnail","6":"product_brand-koorui","7":"product_cat-monitorid","8":"product_shipping_class-innpro","10":"first","11":"instock","12":"sale","13":"taxable","14":"shipping-taxable","15":"purchasable","16":"product-type-simple"},"_links":{"self":[{"href":"https:\/\/blankpage.ee\/_ruumist-ruumi\/wp-json\/wp\/v2\/product\/155387","targetHints":{"allow":["GET"]}}],"collection":[{"href":"https:\/\/blankpage.ee\/_ruumist-ruumi\/wp-json\/wp\/v2\/product"}],"about":[{"href":"https:\/\/blankpage.ee\/_ruumist-ruumi\/wp-json\/wp\/v2\/types\/product"}],"replies":[{"embeddable":true,"href":"https:\/\/blankpage.ee\/_ruumist-ruumi\/wp-json\/wp\/v2\/comments?post=155387"}],"wp:featuredmedia":[{"embeddable":true,"href":"https:\/\/blankpage.ee\/_ruumist-ruumi\/wp-json\/wp\/v2\/media\/155393"}],"wp:attachment":[{"href":"https:\/\/blankpage.ee\/_ruumist-ruumi\/wp-json\/wp\/v2\/media?parent=155387"}],"wp:term":[{"taxonomy":"product_brand","embeddable":true,"href":"https:\/\/blankpage.ee\/_ruumist-ruumi\/wp-json\/wp\/v2\/product_brand?post=155387"},{"taxonomy":"product_cat","embeddable":true,"href":"https:\/\/blankpage.ee\/_ruumist-ruumi\/wp-json\/wp\/v2\/product_cat?post=155387"},{"taxonomy":"product_tag","embeddable":true,"href":"https:\/\/blankpage.ee\/_ruumist-ruumi\/wp-json\/wp\/v2\/product_tag?post=155387"}],"curies":[{"name":"wp","href":"https:\/\/api.w.org\/{rel}","templated":true}]}}