{"id":155861,"date":"2025-03-29T07:06:11","date_gmt":"2025-03-29T07:06:11","guid":{"rendered":"https:\/\/ruumistruumi.ee\/pood\/baseus-ethernet-kaabel-cat-8-rj45-40gbps-1m-must\/"},"modified":"2025-08-21T08:21:05","modified_gmt":"2025-08-21T08:21:05","slug":"baseus-ethernet-kaabel-cat-8-rj45-40gbps-1m-must","status":"publish","type":"product","link":"https:\/\/blankpage.ee\/_ruumist-ruumi\/pood\/baseus-ethernet-kaabel-cat-8-rj45-40gbps-1m-must\/","title":{"rendered":"Baseus Ethernet Kaabel Cat.8 RJ45, 40Gbps, 1m (must)"},"content":{"rendered":"<h3>Punutud v\u00f5rgukaabel Cat.8 Baseus Ethernet kaabel, RJ45, 40Gbps, 1m (must)<\/h3>\n<p>Baseus Ethernet kaabel on loodud tagamaks erakordselt kiire ja usaldusv\u00e4\u00e4rse andmeedastuse. Selle Cat.8 standard ja RJ45 pistik vastavad t\u00e4nap\u00e4evaste v\u00f5rguseadmete k\u00f5rgele n\u00f5udlusele. Kaabli disainis on p\u00f6\u00f6ratud erilist t\u00e4helepanu kvaliteetsele materjalile, mis v\u00f5imaldab andmeid edastada kiirusega kuni 40 Gbps ning s\u00e4ilitada stabiilne signaal sagedusel 2000 MHz.<\/p>\n<p><img decoding=\"async\" src=\"https:\/\/blankpage.ee\/_ruumist-ruumi\/wp-content\/uploads\/2025\/03\/1-164.webp\" border=\"0\" alt=\"Baseus Ethernet kaabel pakendis\" \/><\/p>\n<p>K\u00f5rgekvaliteediline puhta vase (30 AWG) ja vastupidava alumiiniumisulami koos spetsiaalsete kuldsete pistikutega moodustavad tugevate ja usaldusv\u00e4\u00e4rsete \u00fchenduste aluse ning v\u00e4listavad elektromagnetilised h\u00e4ired. Nailonpunutis kaitseb kaablit igap\u00e4evase kulumise eest, pikendades selle eluiga ja tagades p\u00fcsiva \u00fchenduse ruuteri, l\u00fcliti, modemi ja teleri vahel.<\/p>\n<h3>Kiire signaali edastus<\/h3>\n<p>Kaabli tehnilised omadused tagavad, et v\u00f5rk suudab vastu panna ka k\u00f5ige n\u00f5udlikumatele rakendustele. Oleme p\u00f6\u00f6ranud erilist t\u00e4helepanu andmete edastamise kiirusele ja stabiilsusele, mis on t\u00e4nap\u00e4eva tehnoloogilises maailmas \u00fclimalt oluline. Baseus Ethernet kaabli kasutamine annab kindluse, et teie andmeside j\u00e4\u00e4b kiireks ning t\u00f6\u00f6kindlaks ka n\u00f5udlikes tingimustes.<\/p>\n<p>Toote disain ja tehnilised lahendused on loodud pakkuma maksimaalset j\u00f5udlust nii koduseks kasutamiseks kui ka professionaalseks t\u00f6\u00f6ks. Selle paigutus \u00fcletab tavap\u00e4rased andmeedastuse piirangud ja muudab Baseus Ethernet kaabli eriti v\u00e4\u00e4rtuslikuks investeeringuks. Digitaalne maailm on teie k\u00e4eulatuses \u2013 kiire internet, sujuvad videok\u00f5ned ja stabiilne andmeside on k\u00f5ik v\u00f5imalik \u00fche kvaliteetse kaabli abil.<\/p>\n<p>Kaabli paindlik disain v\u00f5imaldab lihtsat paigaldust ja haldust, muutes tehniliste seadmete vahelise \u00fchenduse mugavaks ja kiireks. Lisaks tagab k\u00f5rgekvaliteediline ehitus, et toode vastab k\u00f5ige rangematele turvastandarditele ja IT-spetsialistide n\u00f5udmistele. See Baseus Ethernet kaabel on ideaalne valik professionaalseks ja igap\u00e4evaseks kasutamiseks, pakkudes innovatsiooni, kvaliteeti ja t\u00f6\u00f6kindlust.<\/p>\n<p><img decoding=\"async\" src=\"https:\/\/blankpage.ee\/_ruumist-ruumi\/wp-content\/uploads\/2025\/03\/2-159.webp\" border=\"0\" alt=\"Baseus Ethernet kaabel kiir\u00fchendus\" \/><\/p>\n<div class=\"table-wrapper\">\n<table>\n<tbody>\n<tr>\n<th>Tootja<\/th>\n<td>Baseus<\/td>\n<\/tr>\n<tr>\n<th>Tootja Kood<\/th>\n<td>B0013320C111-01<\/td>\n<\/tr>\n<tr>\n<th>V\u00e4rv<\/th>\n<td>Must<\/td>\n<\/tr>\n<tr>\n<th>Pikkus<\/th>\n<td>1m<\/td>\n<\/tr>\n<tr>\n<th>\u00dclekandekiirus<\/th>\n<td>max. 40 Gbps<\/td>\n<\/tr>\n<tr>\n<th>L\u00e4bilaskev\u00f5ime<\/th>\n<td>2000 MHz<\/td>\n<\/tr>\n<tr>\n<th>\u00dchilduvus<\/th>\n<td>Windows, iOS, Linux<\/td>\n<\/tr>\n<\/tbody>\n<\/table>\n<\/div>\n","protected":false},"excerpt":{"rendered":"<p>Punutud v\u00f5rgukaabel Cat.8 Baseus Ethernet kaabel, RJ45, 40Gbps, 1m (must) Baseus Ethernet kaabel on loodud tagamaks erakordselt kiire ja usaldusv\u00e4\u00e4rse andmeedastuse. Selle Cat.8 standard ja RJ45 pistik vastavad t\u00e4nap\u00e4evaste v\u00f5rguseadmete k\u00f5rgele n\u00f5udlusele. Kaabli disainis on p\u00f6\u00f6ratud erilist t\u00e4helepanu kvaliteetsele materjalile, mis v\u00f5imaldab andmeid edastada kiirusega kuni 40 Gbps ning s\u00e4ilitada stabiilne signaal sagedusel 2000 MHz. [&hellip;]<\/p>\n","protected":false},"featured_media":155864,"comment_status":"open","ping_status":"open","template":"","meta":[],"product_brand":[2876],"product_cat":[2951],"product_tag":[],"class_list":{"0":"post-155861","1":"product","2":"type-product","3":"status-publish","4":"has-post-thumbnail","6":"product_brand-baseus","7":"product_cat-vorgukaablid","8":"product_shipping_class-innpro","10":"first","11":"instock","12":"sale","13":"taxable","14":"shipping-taxable","15":"purchasable","16":"product-type-simple"},"_links":{"self":[{"href":"https:\/\/blankpage.ee\/_ruumist-ruumi\/wp-json\/wp\/v2\/product\/155861","targetHints":{"allow":["GET"]}}],"collection":[{"href":"https:\/\/blankpage.ee\/_ruumist-ruumi\/wp-json\/wp\/v2\/product"}],"about":[{"href":"https:\/\/blankpage.ee\/_ruumist-ruumi\/wp-json\/wp\/v2\/types\/product"}],"replies":[{"embeddable":true,"href":"https:\/\/blankpage.ee\/_ruumist-ruumi\/wp-json\/wp\/v2\/comments?post=155861"}],"wp:featuredmedia":[{"embeddable":true,"href":"https:\/\/blankpage.ee\/_ruumist-ruumi\/wp-json\/wp\/v2\/media\/155864"}],"wp:attachment":[{"href":"https:\/\/blankpage.ee\/_ruumist-ruumi\/wp-json\/wp\/v2\/media?parent=155861"}],"wp:term":[{"taxonomy":"product_brand","embeddable":true,"href":"https:\/\/blankpage.ee\/_ruumist-ruumi\/wp-json\/wp\/v2\/product_brand?post=155861"},{"taxonomy":"product_cat","embeddable":true,"href":"https:\/\/blankpage.ee\/_ruumist-ruumi\/wp-json\/wp\/v2\/product_cat?post=155861"},{"taxonomy":"product_tag","embeddable":true,"href":"https:\/\/blankpage.ee\/_ruumist-ruumi\/wp-json\/wp\/v2\/product_tag?post=155861"}],"curies":[{"name":"wp","href":"https:\/\/api.w.org\/{rel}","templated":true}]}}