{"id":157136,"date":"2025-03-29T13:14:12","date_gmt":"2025-03-29T13:14:12","guid":{"rendered":"https:\/\/ruumistruumi.ee\/pood\/vention-kedb0-multifunktsionaalsed-krimptangid-must-punane-korge-susinikusisaldusega-teras\/"},"modified":"2025-08-21T08:20:43","modified_gmt":"2025-08-21T08:20:43","slug":"vention-kedb0-multifunktsionaalsed-krimptangid-must-punane-korge-susinikusisaldusega-teras","status":"publish","type":"product","link":"https:\/\/blankpage.ee\/_ruumist-ruumi\/pood\/vention-kedb0-multifunktsionaalsed-krimptangid-must-punane-korge-susinikusisaldusega-teras\/","title":{"rendered":"Vention KEDB0 Multifunktsionaalsed Krimptangid (Must\/Punane, K\u00f5rge s\u00fcsinikusisaldusega teras)"},"content":{"rendered":"<h3>Vention KEDB0 multifunktsionaalsed krimptangid (must ja punane)<\/h3>\n<p>Vention KEDB0 multifunktsionaalsed krimptangid on h\u00e4davajalik t\u00f6\u00f6riist neile, kes tegelevad igap\u00e4evaselt IKT ja telekommunikatsiooniv\u00f5rkudega. Nende t\u00f6\u00f6riistade abil saad turvaliselt kinnitada RJ45 kaabli\u00fchendusi, eemaldada isolatsiooni ning l\u00f5igata juhtmeid t\u00e4pselt. T\u00f6\u00f6riist sobib suurep\u00e4raselt 8P, 6P ja 4P modulaarsete \u00fchenduste loomiseks ning tagab t\u00f6\u00f6kindluse ka n\u00f5udlikes tingimustes.<\/p>\n<p><img decoding=\"async\" src=\"https:\/\/blankpage.ee\/_ruumist-ruumi\/wp-content\/uploads\/2025\/03\/6-118.webp\" alt=\"Vention KEDB0 multifunktsionaalsed krimptangid tootefoto\"><\/p>\n<h3>\u00dcks t\u00f6\u00f6riist, mitu rakendust<\/h3>\n<p>Olgu tegemist v\u00f5rgu- v\u00f5i telefonikaablitega v\u00f5i vajadusega l\u00f5igata kaablit t\u00e4pselt, need multifunktsionaalsed krimptangid on usaldusv\u00e4\u00e4rne abiline igas olukorras. Sellega saad kinnitada nii v\u00f5rgukaablite (8P) kui ka telefonikaablite (6P ja 4P) \u00fchendusi ning lahendada keerulisi kaabli\u00fchendusi ilma eraldi t\u00f6\u00f6riistu vahetamata.<\/p>\n<p>Lisaks eelmainitud rakendusv\u00f5imalustele on Vention KEDB0 multifunktsionaalsed krimptangid ideaalne valik nii professionaalidele kui ka kodukasutajatele, kes hindavad t\u00f6\u00f6riista vastupidavust ja mitmek\u00fclgsust. T\u00f6\u00f6riista valmistamisel on kasutatud k\u00f5rge s\u00fcsinikusisaldusega terast, mis tagab pikaajalise tugevuse ja usaldusv\u00e4\u00e4rsuse isegi rasketes t\u00f6\u00f6tingimustes. Multifunktsionaalsed krimptangid on disainitud ergonoomiliselt, pakkudes head haarduvust ja mugavust ka pikaajaliseks kasutamiseks. nende kompaktsus ja nutikas disain v\u00f5imaldavad efektiivset t\u00f6\u00f6tlemist nii kitsastes ruumides kui ka avarates t\u00f6\u00f6kohtades. \u00dche seadme mitmek\u00fclgne funktsionaalsus aitab sul s\u00e4\u00e4sta nii aega kui ka raha, kuna \u00fche t\u00f6\u00f6riista abil saad teostada mitmeid erinevaid operatsioone.<\/p>\n<p><img decoding=\"async\" src=\"https:\/\/blankpage.ee\/_ruumist-ruumi\/wp-content\/uploads\/2025\/03\/4-181.webp\" alt=\"Vention KEDB0 multifunktsionaalsed krimptangid kasutamise n\u00e4ide\"><\/p>\n<div class=\"table-wrapper\">\n<table>\n<tbody>\n<tr>\n<th>Tootja<\/th>\n<td>Vention<\/td>\n<\/tr>\n<tr>\n<th>Mudel<\/th>\n<td>KEDB0<\/td>\n<\/tr>\n<tr>\n<th>V\u00e4rv<\/th>\n<td>Must + punane<\/td>\n<\/tr>\n<tr>\n<th>Materjal<\/th>\n<td>K\u00f5rge s\u00fcsinikusisaldusega teras<\/td>\n<\/tr>\n<\/tbody>\n<\/table>\n<\/div>\n","protected":false},"excerpt":{"rendered":"<p>Vention KEDB0 multifunktsionaalsed krimptangid (must ja punane) Vention KEDB0 multifunktsionaalsed krimptangid on h\u00e4davajalik t\u00f6\u00f6riist neile, kes tegelevad igap\u00e4evaselt IKT ja telekommunikatsiooniv\u00f5rkudega. Nende t\u00f6\u00f6riistade abil saad turvaliselt kinnitada RJ45 kaabli\u00fchendusi, eemaldada isolatsiooni ning l\u00f5igata juhtmeid t\u00e4pselt. T\u00f6\u00f6riist sobib suurep\u00e4raselt 8P, 6P ja 4P modulaarsete \u00fchenduste loomiseks ning tagab t\u00f6\u00f6kindluse ka n\u00f5udlikes tingimustes. \u00dcks t\u00f6\u00f6riist, mitu rakendust [&hellip;]<\/p>\n","protected":false},"featured_media":157139,"comment_status":"open","ping_status":"open","template":"","meta":[],"product_brand":[2980],"product_cat":[2967],"product_tag":[],"class_list":{"0":"post-157136","1":"product","2":"type-product","3":"status-publish","4":"has-post-thumbnail","6":"product_brand-vention","7":"product_cat-muud-tarvikud","8":"product_shipping_class-innpro","10":"first","11":"instock","12":"sale","13":"taxable","14":"shipping-taxable","15":"purchasable","16":"product-type-simple"},"_links":{"self":[{"href":"https:\/\/blankpage.ee\/_ruumist-ruumi\/wp-json\/wp\/v2\/product\/157136","targetHints":{"allow":["GET"]}}],"collection":[{"href":"https:\/\/blankpage.ee\/_ruumist-ruumi\/wp-json\/wp\/v2\/product"}],"about":[{"href":"https:\/\/blankpage.ee\/_ruumist-ruumi\/wp-json\/wp\/v2\/types\/product"}],"replies":[{"embeddable":true,"href":"https:\/\/blankpage.ee\/_ruumist-ruumi\/wp-json\/wp\/v2\/comments?post=157136"}],"wp:featuredmedia":[{"embeddable":true,"href":"https:\/\/blankpage.ee\/_ruumist-ruumi\/wp-json\/wp\/v2\/media\/157139"}],"wp:attachment":[{"href":"https:\/\/blankpage.ee\/_ruumist-ruumi\/wp-json\/wp\/v2\/media?parent=157136"}],"wp:term":[{"taxonomy":"product_brand","embeddable":true,"href":"https:\/\/blankpage.ee\/_ruumist-ruumi\/wp-json\/wp\/v2\/product_brand?post=157136"},{"taxonomy":"product_cat","embeddable":true,"href":"https:\/\/blankpage.ee\/_ruumist-ruumi\/wp-json\/wp\/v2\/product_cat?post=157136"},{"taxonomy":"product_tag","embeddable":true,"href":"https:\/\/blankpage.ee\/_ruumist-ruumi\/wp-json\/wp\/v2\/product_tag?post=157136"}],"curies":[{"name":"wp","href":"https:\/\/api.w.org\/{rel}","templated":true}]}}