{"id":157238,"date":"2025-03-29T13:15:55","date_gmt":"2025-03-29T13:15:55","guid":{"rendered":"https:\/\/ruumistruumi.ee\/pood\/usb-a-to-dc-kaabel-vention-usb-a-to-dc-5-5mm-toitekaabel-5v-3a-1m-must-ceybf\/"},"modified":"2025-08-21T08:20:42","modified_gmt":"2025-08-21T08:20:42","slug":"usb-a-to-dc-kaabel-vention-usb-a-to-dc-5-5mm-toitekaabel-5v-3a-1m-must-ceybf","status":"publish","type":"product","link":"https:\/\/blankpage.ee\/_ruumist-ruumi\/pood\/usb-a-to-dc-kaabel-vention-usb-a-to-dc-5-5mm-toitekaabel-5v-3a-1m-must-ceybf\/","title":{"rendered":"USB-A to DC kaabel \u2013 Vention USB-A to DC 5.5mm toitekaabel 5V\/3A, 1m, Must CEYBF"},"content":{"rendered":"<h3>USB-A to DC kaabel \u2013 Vention USB-A to DC 5.5mm toitekaabel 5V\/3A, 1m, Must CEYBF<\/h3>\n<p>Avastage meie uus USB-A to DC kaabel, mis on loodud pakkuma erakordset kvaliteeti ja t\u00f6\u00f6kindlust teie igap\u00e4evasteks toite\u00fclekande vajadusteks. Ventioni uusim CEYBF-mudel \u00fchendab tipptasemel materjalid ja kaasaegse disaini, tagades stabiilse \u00fchenduse. Kaabel on valmistatud k\u00f5rgekvaliteedilisest vasktraadist ning selle AWG 28 ristl\u00f5ike suurus v\u00f5imaldab kiiret ja usaldusv\u00e4\u00e4rset pinge edastamist 5 V ning voolutugevuseks 3 A. See USB-A to DC kaabel sobib ideaalselt nii kontori kui ka t\u00f6\u00f6stuskeskkonna seadmete jaoks.<\/p>\n<p>Pistikud on nikliga kaetud, et pakkuda t\u00e4iendavat korrosioonikindlust ning suurep\u00e4rast \u00fchenduvust erinevate seadmetega. Lisaks on elegantne must pol\u00fcvin\u00fc\u00fclkloriidist (PVC) kate loodud tagama kaabli mehaaniline kaitse ja pikendama selle kasutusiga. T\u00e4nu plug-and-play tehnoloogiale on seade kasutusvalmis kohe karbist v\u00e4lja v\u00f5tmise j\u00e4rel, v\u00f5imaldades kiiret ja lihtsat paigaldust ilma t\u00e4iendavate seadistusteta.<\/p>\n<p>Selline USB-A to DC kaabel vastab k\u00f5rgeimatele tehnilistele standarditele ja on projekteeritud rahuldama nii professionaalsete kasutajate kui ka tehnikahuviliste n\u00f5udmisi. Ventioni hoolikalt v\u00e4lja t\u00f6\u00f6tatud toode tagab, et teie seadmed saavad vajalikku stabiilset toidet piiramatult ja ohutult. Kasutades seda kaablit, v\u00f5ite olla kindlad, et \u00fchendus on alati usaldusv\u00e4\u00e4rne, v\u00f5imaldades teil keskenduda oma t\u00f6\u00f6le ning saavutada maksimaalne efektiivsus.\n<\/p>\n<p><img decoding=\"async\" src=\"https:\/\/blankpage.ee\/_ruumist-ruumi\/wp-content\/uploads\/2025\/03\/1-281.webp\" border=\"0\" alt=\"USB-A to DC kaabel \u2013 Vention USB-A to DC 5.5mm toitekaabel\" \/><\/p>\n<div class=\"table-wrapper\">\n<table>\n<tbody>\n<tr>\n<th>Tootja<\/th>\n<td>Vention<\/td>\n<\/tr>\n<tr>\n<th>Mudel<\/th>\n<td>CEYBF<\/td>\n<\/tr>\n<tr>\n<th>Kaabli pikkus<\/th>\n<td>1 m<\/td>\n<\/tr>\n<tr>\n<th>Sisendpinge<\/th>\n<td>5 V<\/td>\n<\/tr>\n<tr>\n<th>Sisendvool<\/th>\n<td>3 A<\/td>\n<\/tr>\n<tr>\n<th>Toote v\u00e4rv<\/th>\n<td>Must<\/td>\n<\/tr>\n<tr>\n<th>Pistikud<\/th>\n<td>USB A &#8211; DC 5.5 mm<\/td>\n<\/tr>\n<tr>\n<th>Pistiku kontaktkate<\/th>\n<td>Nikkel<\/td>\n<\/tr>\n<tr>\n<th>Katte materjal<\/th>\n<td>Pol\u00fcvin\u00fc\u00fclkloriid (PVC)<\/td>\n<\/tr>\n<tr>\n<th>Kaabli materjal<\/th>\n<td>Vask<\/td>\n<\/tr>\n<tr>\n<th>Traadi suurus<\/th>\n<td>AWG 28<\/td>\n<\/tr>\n<tr>\n<th>Plug and Play<\/th>\n<td>Jah<\/td>\n<\/tr>\n<\/tbody>\n<\/table>\n<\/div>\n","protected":false},"excerpt":{"rendered":"<p>USB-A to DC kaabel \u2013 Vention USB-A to DC 5.5mm toitekaabel 5V\/3A, 1m, Must CEYBF Avastage meie uus USB-A to DC kaabel, mis on loodud pakkuma erakordset kvaliteeti ja t\u00f6\u00f6kindlust teie igap\u00e4evasteks toite\u00fclekande vajadusteks. Ventioni uusim CEYBF-mudel \u00fchendab tipptasemel materjalid ja kaasaegse disaini, tagades stabiilse \u00fchenduse. Kaabel on valmistatud k\u00f5rgekvaliteedilisest vasktraadist ning selle AWG 28 [&hellip;]<\/p>\n","protected":false},"featured_media":157240,"comment_status":"open","ping_status":"open","template":"","meta":[],"product_brand":[2980],"product_cat":[2982],"product_tag":[],"class_list":{"0":"post-157238","1":"product","2":"type-product","3":"status-publish","4":"has-post-thumbnail","6":"product_brand-vention","7":"product_cat-toitekaablid","8":"product_shipping_class-innpro","10":"first","11":"instock","12":"sale","13":"taxable","14":"shipping-taxable","15":"purchasable","16":"product-type-simple"},"_links":{"self":[{"href":"https:\/\/blankpage.ee\/_ruumist-ruumi\/wp-json\/wp\/v2\/product\/157238","targetHints":{"allow":["GET"]}}],"collection":[{"href":"https:\/\/blankpage.ee\/_ruumist-ruumi\/wp-json\/wp\/v2\/product"}],"about":[{"href":"https:\/\/blankpage.ee\/_ruumist-ruumi\/wp-json\/wp\/v2\/types\/product"}],"replies":[{"embeddable":true,"href":"https:\/\/blankpage.ee\/_ruumist-ruumi\/wp-json\/wp\/v2\/comments?post=157238"}],"wp:featuredmedia":[{"embeddable":true,"href":"https:\/\/blankpage.ee\/_ruumist-ruumi\/wp-json\/wp\/v2\/media\/157240"}],"wp:attachment":[{"href":"https:\/\/blankpage.ee\/_ruumist-ruumi\/wp-json\/wp\/v2\/media?parent=157238"}],"wp:term":[{"taxonomy":"product_brand","embeddable":true,"href":"https:\/\/blankpage.ee\/_ruumist-ruumi\/wp-json\/wp\/v2\/product_brand?post=157238"},{"taxonomy":"product_cat","embeddable":true,"href":"https:\/\/blankpage.ee\/_ruumist-ruumi\/wp-json\/wp\/v2\/product_cat?post=157238"},{"taxonomy":"product_tag","embeddable":true,"href":"https:\/\/blankpage.ee\/_ruumist-ruumi\/wp-json\/wp\/v2\/product_tag?post=157238"}],"curies":[{"name":"wp","href":"https:\/\/api.w.org\/{rel}","templated":true}]}}