{"id":157462,"date":"2025-03-29T13:18:17","date_gmt":"2025-03-29T13:18:17","guid":{"rendered":"https:\/\/ruumistruumi.ee\/pood\/kaasaskantav-projektsiooniekraan-blitzwolf-bw-vs6-120-160-vaatenurk-4k\/"},"modified":"2025-08-21T08:20:41","modified_gmt":"2025-08-21T08:20:41","slug":"kaasaskantav-projektsiooniekraan-blitzwolf-bw-vs6-120-160-vaatenurk-4k","status":"publish","type":"product","link":"https:\/\/blankpage.ee\/_ruumist-ruumi\/pood\/kaasaskantav-projektsiooniekraan-blitzwolf-bw-vs6-120-160-vaatenurk-4k\/","title":{"rendered":"Kaasaskantav projektsiooniekraan BlitzWolf BW-VS6 120&#8243; (160\u00b0 vaatenurk, 4K)"},"content":{"rendered":"<h3>Kaasaskantav projektsiooniekraan BlitzWolf BW-VS6 120&#8243;<\/h3>\n<p>Nautige kinos olemise tunnet mis tahes kohas. BlitzWolf BW-VS6 kaasaskantav projektsiooniekraan sobib ideaalselt kasutamiseks nii kodus kui ka aias \u2013 t\u00e4nu stabiilsele alusele ei vaju see \u00fcmber. See v\u00f5imaldab nautida suurep\u00e4rast pildikvaliteeti ja t\u00f5etruut v\u00e4rviedastust, mis on valmistatud vastupidavatest ja tugevatest materjalidest. Ekraan on lihtne kokku panna ning mugavalt transporditav.<\/p>\n<p><img decoding=\"async\" src=\"https:\/\/blankpage.ee\/_ruumist-ruumi\/wp-content\/uploads\/2025\/03\/4-207.webp\" border=\"0\" alt=\"Kaasaskantav projektsiooniekraan BlitzWolf BW-VS6 stabiilse alusega\" \/><\/p>\n<h3>Suurep\u00e4rane pildikvaliteet<\/h3>\n<p>Kogege unustamatuid emotsioone, vaadates filme v\u00f5i seriaale. BlitzWolf ekraan tagab suurep\u00e4rase 4K pildikvaliteedi ning laia 160\u00b0 vaatenurga, pakkudes elavaid ja loomulikke v\u00e4rve. BW-VS6 mudel t\u00f5stab filmikogemuse t\u00e4iesti uuele tasemele, kus iga detail on n\u00e4htav ja selge.<\/p>\n<p><img decoding=\"async\" src=\"https:\/\/blankpage.ee\/_ruumist-ruumi\/wp-content\/uploads\/2025\/03\/3-245.webp\" border=\"0\" alt=\"Kaasaskantav projektsiooniekraan BlitzWolf BW-VS6 4K ja 160\u00b0 vaatenurgaga\" \/><\/p>\n<h3>K\u00f5rgekvaliteediline konstruktsioon<\/h3>\n<p>BW-VS6 alus on valmistatud vastupidavast alumiiniumisulamist, muutes seadme v\u00e4ga stabiilseks ja kahjustuskindlaks. Ekraan ise on toodetud paksendatud pol\u00fcestrist, mis tagab erakordse vastupidavuse ning kortsumisvabaduse, v\u00e4ltides soovimatute voltide v\u00f5i moonutuste teket.<\/p>\n<p><img decoding=\"async\" src=\"https:\/\/blankpage.ee\/_ruumist-ruumi\/wp-content\/uploads\/2025\/03\/1-301.webp\" border=\"0\" alt=\"Kaasaskantav projektsiooniekraan tugevast alumiiniumisulamist alusega\" \/><\/p>\n<h3>Lihtne kokkupanek ja transport<\/h3>\n<p>Olgu tegu s\u00f5pradepeo, aiapeo, film\u00f5htu v\u00f5i telkimisega \u2013 BW-VS6 ekraan on mitmek\u00fclgne ja sobib erinevateks olukordadeks. Selle kokkupanek on kiire ning lihtne ja komplektis olevad lisatarvikud v\u00f5imaldavad seadet kasutada v\u00e4litingimustes ilma raskusteta. \u00c4rge muretsege k\u00f5ikumise v\u00f5i \u00fcmber kukkumise p\u00e4rast, sest seade on loodud maksimaalse stabiilsuse tagamiseks.<\/p>\n<p><img decoding=\"async\" src=\"https:\/\/blankpage.ee\/_ruumist-ruumi\/wp-content\/uploads\/2025\/03\/2-271.webp\" border=\"0\" alt=\"Kaasaskantav projektsiooniekraan BlitzWolf BW-VS6 \u2013 lihtne transport ja kokkupanek\" \/><\/p>\n<p>Kaasaskantav projektsiooniekraan v\u00f5imaldab teil nautida kvaliteetset meelelahutust igas keskkonnas. See seadeldis \u00fchendab kaasaegse disaini ja lihtsa paigaldamise, pakkudes erakordset kasutuskogemust nii sise- kui v\u00e4listingimustes. T\u00e4nu robustsele ja kergesti transporditavale konstruktsioonile sobib see ideaalselt kodukino, kontori esitlusteks ning muudeks v\u00e4ljaspoolse kasutamise olukordadeks. BW-VS6 mudeli silmapaistav pildikvaliteet ja lai vaatenurk tagavad, et iga detail oleks teravalt ja elavalt edastatud.<\/p>\n<h3>Komplektis<\/h3>\n<ul>\n<li>Projektsiooniekraan<\/li>\n<li>Alus<\/li>\n<li>Kinnitusvahendid<\/li>\n<\/ul>\n<div class=\"table-wrapper\">\n<table>\n<tbody>\n<tr>\n<th>Br\u00e4nd<\/th>\n<td>BlitzWolf<\/td>\n<\/tr>\n<tr>\n<th>Mudel<\/th>\n<td>BW-VS6<\/td>\n<\/tr>\n<tr>\n<th>Suurus<\/th>\n<td>120&#8243;<\/td>\n<\/tr>\n<tr>\n<th>Vaatenurk<\/th>\n<td>160\u00b0<\/td>\n<\/tr>\n<tr>\n<th>Projektsiooni m\u00f5\u00f5tmed<\/th>\n<td>265 x 149 cm<\/td>\n<\/tr>\n<tr>\n<th>M\u00f5\u00f5tmed<\/th>\n<td>276 x 207 x 49 cm<\/td>\n<\/tr>\n<\/tbody>\n<\/table>\n<\/div>\n","protected":false},"excerpt":{"rendered":"<p>Kaasaskantav projektsiooniekraan BlitzWolf BW-VS6 120&#8243; Nautige kinos olemise tunnet mis tahes kohas. BlitzWolf BW-VS6 kaasaskantav projektsiooniekraan sobib ideaalselt kasutamiseks nii kodus kui ka aias \u2013 t\u00e4nu stabiilsele alusele ei vaju see \u00fcmber. See v\u00f5imaldab nautida suurep\u00e4rast pildikvaliteeti ja t\u00f5etruut v\u00e4rviedastust, mis on valmistatud vastupidavatest ja tugevatest materjalidest. Ekraan on lihtne kokku panna ning mugavalt transporditav. [&hellip;]<\/p>\n","protected":false},"featured_media":157467,"comment_status":"open","ping_status":"open","template":"","meta":[],"product_brand":[2958],"product_cat":[2994],"product_tag":[],"class_list":{"0":"post-157462","1":"product","2":"type-product","3":"status-publish","4":"has-post-thumbnail","6":"product_brand-blitzwolf","7":"product_cat-projektoriekraanid","8":"product_shipping_class-innpro","10":"first","11":"instock","12":"sale","13":"taxable","14":"shipping-taxable","15":"purchasable","16":"product-type-simple"},"_links":{"self":[{"href":"https:\/\/blankpage.ee\/_ruumist-ruumi\/wp-json\/wp\/v2\/product\/157462","targetHints":{"allow":["GET"]}}],"collection":[{"href":"https:\/\/blankpage.ee\/_ruumist-ruumi\/wp-json\/wp\/v2\/product"}],"about":[{"href":"https:\/\/blankpage.ee\/_ruumist-ruumi\/wp-json\/wp\/v2\/types\/product"}],"replies":[{"embeddable":true,"href":"https:\/\/blankpage.ee\/_ruumist-ruumi\/wp-json\/wp\/v2\/comments?post=157462"}],"wp:featuredmedia":[{"embeddable":true,"href":"https:\/\/blankpage.ee\/_ruumist-ruumi\/wp-json\/wp\/v2\/media\/157467"}],"wp:attachment":[{"href":"https:\/\/blankpage.ee\/_ruumist-ruumi\/wp-json\/wp\/v2\/media?parent=157462"}],"wp:term":[{"taxonomy":"product_brand","embeddable":true,"href":"https:\/\/blankpage.ee\/_ruumist-ruumi\/wp-json\/wp\/v2\/product_brand?post=157462"},{"taxonomy":"product_cat","embeddable":true,"href":"https:\/\/blankpage.ee\/_ruumist-ruumi\/wp-json\/wp\/v2\/product_cat?post=157462"},{"taxonomy":"product_tag","embeddable":true,"href":"https:\/\/blankpage.ee\/_ruumist-ruumi\/wp-json\/wp\/v2\/product_tag?post=157462"}],"curies":[{"name":"wp","href":"https:\/\/api.w.org\/{rel}","templated":true}]}}