{"id":157571,"date":"2025-03-29T13:21:10","date_gmt":"2025-03-29T13:21:10","guid":{"rendered":"https:\/\/ruumistruumi.ee\/pood\/mokin-usb-c-dokkimisjaam-9-in-1-2x-usb-3-0-usb-2-0-2x-hdmi-sd-tf-rj45-100w-pd-hobedane\/"},"modified":"2025-04-17T11:01:05","modified_gmt":"2025-04-17T11:01:05","slug":"mokin-usb-c-dokkimisjaam-9-in-1-2x-usb-3-0-usb-2-0-2x-hdmi-sd-tf-rj45-100w-pd-hobedane","status":"publish","type":"product","link":"https:\/\/blankpage.ee\/_ruumist-ruumi\/pood\/mokin-usb-c-dokkimisjaam-9-in-1-2x-usb-3-0-usb-2-0-2x-hdmi-sd-tf-rj45-100w-pd-hobedane\/","title":{"rendered":"MOKiN USB-C dokkimisjaam 9-in-1 (2x USB 3.0, USB 2.0, 2x HDMI, SD\/TF, RJ45, 100W PD, h\u00f5bedane)"},"content":{"rendered":"<h3>MOKiN USB-C dokkimisjaam 9-in-1 (2x USB 3.0, USB 2.0, 2x HDMI, SD\/TF, RJ45, 100W PD, h\u00f5bedane)<\/h3>\n<p>MOKiN USB-C dokkimisjaam on mitmek\u00fclgne ja tipptasemel \u00fchenduslahendus, mis laiendab sinu arvuti v\u00f5imalusi \u00fclimalt. See seade \u00fchendab kiiresti erinevaid vidinaid ja lisaseadmeid, pakkudes sujuvat t\u00f6\u00f6- ja meelelahutuskogemust nii kodus kui kontoris. Kompaktne ja elegantne h\u00f5bedane viimistlus lisab kaasaegsele t\u00f6\u00f6lauale stiili.<\/p>\n<p><img decoding=\"async\" src=\"https:\/\/blankpage.ee\/_ruumist-ruumi\/wp-content\/uploads\/2025\/03\/5-182.webp\" border=\"0\" alt=\"MOKiN USB-C dokkimisjaam \u00fchendatud seadmetega\" \/><\/p>\n<p>Dokkimisjaama 9-funktsiooniline komplekt sisaldab kahte USB 3.0 porti, \u00fchte USB 2.0 porti ning mitmeid muid \u00fchendusv\u00f5imalusi \u2013 kaks HDMI v\u00e4ljundit, RJ45 v\u00f5rguporti ja k\u00f5rge laadimisv\u00f5imsusega USB-C porti, mis toetab kuni 100 W. Lisaks on seadmel SD\/TF ja microSD kaardipesad, mis v\u00f5imaldavad kiiret andmeside lugemist ja kirjutamist. T\u00e4nu sellele lahendusele saad h\u00f5lpsalt \u00fchendada erinevaid seadmeid ja nautida k\u00f5rge kvaliteediga pildiesitust.<\/p>\n<p><img decoding=\"async\" src=\"https:\/\/blankpage.ee\/_ruumist-ruumi\/wp-content\/uploads\/2025\/03\/1-308.webp\" border=\"0\" alt=\"MOKiN USB-C dokkimisjaam stabiilseks interneti\u00fchenduseks\" \/><\/p>\n<p>Stabiilne interneti\u00fchendus on tagatud RJ45 porti kaudu, mille maksimaalne kiirus ulatub kuni 1000 Mbps-ni. MOKiN USB-C dokkimisjaam v\u00f5imaldab kiireid andmeedastusi USB portide abil, muutes seadme ideaalseks nii professionaalseks t\u00f6\u00f6ks kui ka igap\u00e4evaseks kasutamiseks, kus mitmete seadmete samaaegne \u00fchendamine on vajalik.<\/p>\n<p><img decoding=\"async\" src=\"https:\/\/blankpage.ee\/_ruumist-ruumi\/wp-content\/uploads\/2025\/03\/6-139.webp\" border=\"0\" alt=\"MOKiN USB-C dokkimisjaam 4K video jaoks\" \/><\/p>\n<p>Oled otsimas lahendust, mis \u00fchendab stiili ja j\u00f5udluse? MOKiN USB-C dokkimisjaam vastab k\u00f5ikidele ootustele t\u00f6\u00f6ks, meelelahutuseks ja m\u00e4nguks. Seade v\u00f5imaldab kiireid failiedastusi USB 3.0 ja 2.0 portide kaudu ning toetab sujuvat laadimist, muutes igap\u00e4evased toimingud lihtsaks ja t\u00f5husaks. Lisaks on seade \u00fchilduv paljude operatsioonis\u00fcsteemidega nagu Windows, macOS ja Linux, pakkudes usaldusv\u00e4\u00e4rset \u00fchendust igas olukorras.<\/p>\n<p><img decoding=\"async\" src=\"https:\/\/blankpage.ee\/_ruumist-ruumi\/wp-content\/uploads\/2025\/03\/4-213.webp\" border=\"0\" alt=\"MOKiN USB-C dokkimisjaam kiireks failide edastamiseks\" \/><\/p>\n<p><img decoding=\"async\" src=\"https:\/\/blankpage.ee\/_ruumist-ruumi\/wp-content\/uploads\/2025\/03\/2-275.webp\" border=\"0\" alt=\"MOKiN USB-C dokkimisjaam 100W laadimisv\u00f5imega\" \/><\/p>\n<p><img decoding=\"async\" src=\"https:\/\/blankpage.ee\/_ruumist-ruumi\/wp-content\/uploads\/2025\/03\/7-127.webp\" border=\"0\" alt=\"MOKiN USB-C dokkimisjaam lisaseadmetele\" \/><\/p>\n<div class=\"table-wrapper\">\n<table>\n<tbody>\n<tr>\n<th>Tootja<\/th>\n<td>MOKiN<\/td>\n<\/tr>\n<tr>\n<th>Mudel<\/th>\n<td>MOUC0305<\/td>\n<\/tr>\n<tr>\n<th>Pordid<\/th>\n<td>RJ45 \/ SD\/TF kaardipesa \/ microSD kaardipesa \/ USB2.0 \/ USB3.0 x2 \/ USB-C \/ HDMI x2<\/td>\n<\/tr>\n<tr>\n<th>RJ45 port<\/th>\n<td>Maksimaalne kiirus: 1000 Mbps<\/td>\n<\/tr>\n<tr>\n<th>SD ja microSD kaardipesa<\/th>\n<td>Andmete lugemise kiirus: 50-104MB\/s<br \/>Andmete kirjutamise kiirus: 30-80MB\/s<\/td>\n<\/tr>\n<tr>\n<th>USB2.0 port<\/th>\n<td>Maksimaalne edastuskiirus: 480Mbps<br \/>Maksimaalne v\u00e4ljundvool: 5V \/ 0.5A<\/td>\n<\/tr>\n<tr>\n<th>USB3.0 port<\/th>\n<td>Maksimaalne edastuskiirus: 5Gbps (\u00fchilduv ka USB2.0 ja USB1.1-ga)<br \/>Maksimaalne v\u00e4ljundvool: 5V \/ 0.9A<\/td>\n<\/tr>\n<tr>\n<th>USB-C port<\/th>\n<td>Maksimaalne laadimisv\u00f5imsus: 100 W<\/td>\n<\/tr>\n<tr>\n<th>HDMI-1 port<\/th>\n<td>4Kx2K@60Hz, 3840 x 2160 \/ 4Kx2K@30Hz, 3840 x 2160<\/td>\n<\/tr>\n<tr>\n<th>HDMI-2 port<\/th>\n<td>4Kx2K@30Hz, 3840 x 2160<\/td>\n<\/tr>\n<\/tbody>\n<\/table>\n<\/div>\n","protected":false},"excerpt":{"rendered":"<p>MOKiN USB-C dokkimisjaam 9-in-1 (2x USB 3.0, USB 2.0, 2x HDMI, SD\/TF, RJ45, 100W PD, h\u00f5bedane) MOKiN USB-C dokkimisjaam on mitmek\u00fclgne ja tipptasemel \u00fchenduslahendus, mis laiendab sinu arvuti v\u00f5imalusi \u00fclimalt. See seade \u00fchendab kiiresti erinevaid vidinaid ja lisaseadmeid, pakkudes sujuvat t\u00f6\u00f6- ja meelelahutuskogemust nii kodus kui kontoris. Kompaktne ja elegantne h\u00f5bedane viimistlus lisab kaasaegsele t\u00f6\u00f6lauale [&hellip;]<\/p>\n","protected":false},"featured_media":157578,"comment_status":"open","ping_status":"open","template":"","meta":[],"product_brand":[3006],"product_cat":[3002],"product_tag":[],"class_list":{"0":"post-157571","1":"product","2":"type-product","3":"status-publish","4":"has-post-thumbnail","6":"product_brand-mokin","7":"product_cat-dokkimisjaamad","8":"product_shipping_class-innpro","10":"first","11":"outofstock","12":"taxable","13":"shipping-taxable","14":"purchasable","15":"product-type-simple"},"_links":{"self":[{"href":"https:\/\/blankpage.ee\/_ruumist-ruumi\/wp-json\/wp\/v2\/product\/157571","targetHints":{"allow":["GET"]}}],"collection":[{"href":"https:\/\/blankpage.ee\/_ruumist-ruumi\/wp-json\/wp\/v2\/product"}],"about":[{"href":"https:\/\/blankpage.ee\/_ruumist-ruumi\/wp-json\/wp\/v2\/types\/product"}],"replies":[{"embeddable":true,"href":"https:\/\/blankpage.ee\/_ruumist-ruumi\/wp-json\/wp\/v2\/comments?post=157571"}],"wp:featuredmedia":[{"embeddable":true,"href":"https:\/\/blankpage.ee\/_ruumist-ruumi\/wp-json\/wp\/v2\/media\/157578"}],"wp:attachment":[{"href":"https:\/\/blankpage.ee\/_ruumist-ruumi\/wp-json\/wp\/v2\/media?parent=157571"}],"wp:term":[{"taxonomy":"product_brand","embeddable":true,"href":"https:\/\/blankpage.ee\/_ruumist-ruumi\/wp-json\/wp\/v2\/product_brand?post=157571"},{"taxonomy":"product_cat","embeddable":true,"href":"https:\/\/blankpage.ee\/_ruumist-ruumi\/wp-json\/wp\/v2\/product_cat?post=157571"},{"taxonomy":"product_tag","embeddable":true,"href":"https:\/\/blankpage.ee\/_ruumist-ruumi\/wp-json\/wp\/v2\/product_tag?post=157571"}],"curies":[{"name":"wp","href":"https:\/\/api.w.org\/{rel}","templated":true}]}}