{"id":157601,"date":"2025-03-29T13:21:10","date_gmt":"2025-03-29T13:21:10","guid":{"rendered":"https:\/\/ruumistruumi.ee\/pood\/havit-pj217-eu-nutikas-juhtmevaba-projektor-lcd-1280x720p-180-ansi\/"},"modified":"2025-07-02T21:26:37","modified_gmt":"2025-07-02T21:26:37","slug":"havit-pj217-eu-nutikas-juhtmevaba-projektor-lcd-1280x720p-180-ansi","status":"publish","type":"product","link":"https:\/\/blankpage.ee\/_ruumist-ruumi\/pood\/havit-pj217-eu-nutikas-juhtmevaba-projektor-lcd-1280x720p-180-ansi\/","title":{"rendered":"HAVIT PJ217-EU Nutikas Juhtmevaba Projektor (LCD, 1280x720p, 180 ANSI)"},"content":{"rendered":"<h3>HAVIT PJ217-EU Nutikas Juhtmevaba Projektor \/ OHVIT Projektor (Valge)<\/h3>\n<p>HAVIT PJ217-EU nutikas projektor on ideaalne lahendus kodukinof\u00e4nnidele. Seade pakub resolutsiooni 1280 x 720p, tagades selged ja teravad pildid kuni 300 tolli diagonaalil. Lisaks v\u00f5imaldab projektor juhtmevaba \u00fchendust erinevate seadmetega, andes v\u00f5imaluse ligip\u00e4\u00e4suks veebisisule, rakendustele ja muudele allikatele. T\u00e4nu oma kompaktsusele ja kergele kaalule on seade lihtsasti kaasaskantav, v\u00f5imaldades Teil nautida meelelahutust igas keskkonnas.<\/p>\n<p><img decoding=\"async\" src=\"https:\/\/blankpage.ee\/_ruumist-ruumi\/wp-content\/uploads\/2025\/03\/5-184.webp\" alt=\"HAVIT PJ217-EU Valge Nutikas Projektor\"><\/p>\n<h3>Kinoelamus kodus<\/h3>\n<p>HAVIT PJ217-EU projektor muudab iga filmi\u00f5htu ainulaadseks visuaalseks kogemuseks. Resolutsioon 1280 x 720p ja 180 ANSI luumenit tagavad h\u00e4mmastavalt terava pildi, intensiivsed v\u00e4rvid ja s\u00fcgavad kontrastid. T\u00e4nu projitseerimisalale kuni 300 tolli ja projitseerimiskaugusele (1,5\u20135 m) saate kogeda t\u00f5elist kinoelamust, ilma pildikvaliteedis kompromissi tegemata.<\/p>\n<p><img decoding=\"async\" src=\"https:\/\/blankpage.ee\/_ruumist-ruumi\/wp-content\/uploads\/2025\/03\/3-252.webp\" alt=\"Kinoelamus: HAVIT PJ217-EU Nutikas Projektor\"><\/p>\n<h3>Mugav kasutamine<\/h3>\n<p>See nutikas projektor v\u00f5imaldab trapetskorrektsiooni ja poolautomaatselt autofookust, tagades kiire ja t\u00e4pse pildi. Kaugjuhtimispuldi abil saate seadet mugavalt hallata, v\u00e4hendades seadistamisel tekkivaid vigu. Lisaks projitseerib projektor pildi \u00fchtlaselt olenemata kaldenurgast, pakkudes laitmatut visuaalset elamust.<\/p>\n<p><img decoding=\"async\" src=\"https:\/\/blankpage.ee\/_ruumist-ruumi\/wp-content\/uploads\/2025\/03\/6-140.webp\" alt=\"Kasutuslihtsus: HAVIT PJ217-EU Nutikas Projektor\"><\/p>\n<h3>Juhtmevaba vabadus<\/h3>\n<p>Projektor tagab usaldusv\u00e4\u00e4rse \u00fchenduse ja v\u00f5imaldab Teil h\u00f5lpsasti p\u00e4\u00e4seda ligi erinevatele sisudele. T\u00e4nu Wi-Fi-le (2,4 GHz ja 5 GHz) saate sisu mugavalt voogesitada mobiilseadmetest v\u00f5i arvutist, ilma t\u00fclikate kaabliteta. Seade on varustatud mitmek\u00fclgsete portidega \u2013 AV, HDMI ja USB \u2013 mis tagavad sujuva \u00fchendumise konsoolide, meediam\u00e4ngijate, arvutite ja m\u00e4lupulkadega.<\/p>\n<p><img decoding=\"async\" src=\"https:\/\/blankpage.ee\/_ruumist-ruumi\/wp-content\/uploads\/2025\/03\/8-66.webp\" alt=\"Juhtmevabadus: HAVIT PJ217-EU Nutikas Projektor\"><\/p>\n<h3>Modernne disain, kompaktne \u00fclesehitus<\/h3>\n<p>HAVIT PJ217-EU projektor kombineerib kaasaegse disaini ja tipptasemel funktsionaalsuse, sobides ideaalselt igasse interj\u00f6\u00f6ri. Seadme kerge ja kompaktne \u00fclesehitus tagab kiire liigutamise ning lihtsa paigaldamise, v\u00f5imaldades Teil nautida lemmikfilme ja telesarju k\u00f5ikjal, kasutades seda nutikat projektorit.<\/p>\n<p><img decoding=\"async\" src=\"https:\/\/blankpage.ee\/_ruumist-ruumi\/wp-content\/uploads\/2025\/03\/4-215.webp\" alt=\"Modernne disain: HAVIT PJ217-EU Nutikas Projektor\"><\/p>\n<div class=\"table-wrapper\">\n<table>\n<tbody>\n<tr>\n<th>Tootja<\/th>\n<td>Havit<\/td>\n<\/tr>\n<tr>\n<th>Mudel<\/th>\n<td>PJ217-EU<\/td>\n<\/tr>\n<tr>\n<th>V\u00e4rv<\/th>\n<td>Valge<\/td>\n<\/tr>\n<tr>\n<th>Kuvamise t\u00fc\u00fcp<\/th>\n<td>LCD 2,69&#8221;<\/td>\n<\/tr>\n<tr>\n<th>Heledus<\/th>\n<td>180 ANSI luumenit<\/td>\n<\/tr>\n<tr>\n<th>P\u00f5hieresolutsioon<\/th>\n<td>1280 x 720p<\/td>\n<\/tr>\n<tr>\n<th>Projekteerimiskaugus<\/th>\n<td>1,5 &#8211; 5 m<\/td>\n<\/tr>\n<tr>\n<th>Projekteerimisala<\/th>\n<td>45 &#8211; 300&#8243;<\/td>\n<\/tr>\n<tr>\n<th>Kuvasuhe<\/th>\n<td>16:9 \/ 4:3<\/td>\n<\/tr>\n<tr>\n<th>Wi-Fi<\/th>\n<td>Jah (2,4 GHz ja 5 GHz)<\/td>\n<\/tr>\n<tr>\n<th>Juhtmevaba \u00fchendus<\/th>\n<td>Jah<\/td>\n<\/tr>\n<tr>\n<th>Sisendid \/ V\u00e4ljundid<\/th>\n<td>AV, HDMI, USB<\/td>\n<\/tr>\n<tr>\n<th>K\u00f5lar<\/th>\n<td>4\u03a93W<\/td>\n<\/tr>\n<tr>\n<th>V\u00f5imsustarve<\/th>\n<td>70 W<\/td>\n<\/tr>\n<tr>\n<th>M\u00f5\u00f5dud<\/th>\n<td>\u03c6203 x 83 mm<\/td>\n<\/tr>\n<tr>\n<th>Kaal<\/th>\n<td>0,96 kg<\/td>\n<\/tr>\n<\/tbody>\n<\/table>\n<\/div>\n","protected":false},"excerpt":{"rendered":"<p>HAVIT PJ217-EU Nutikas Juhtmevaba Projektor \/ OHVIT Projektor (Valge) HAVIT PJ217-EU nutikas projektor on ideaalne lahendus kodukinof\u00e4nnidele. Seade pakub resolutsiooni 1280 x 720p, tagades selged ja teravad pildid kuni 300 tolli diagonaalil. Lisaks v\u00f5imaldab projektor juhtmevaba \u00fchendust erinevate seadmetega, andes v\u00f5imaluse ligip\u00e4\u00e4suks veebisisule, rakendustele ja muudele allikatele. T\u00e4nu oma kompaktsusele ja kergele kaalule on seade [&hellip;]<\/p>\n","protected":false},"featured_media":157607,"comment_status":"open","ping_status":"open","template":"","meta":[],"product_brand":[2937],"product_cat":[2960],"product_tag":[],"class_list":{"0":"post-157601","1":"product","2":"type-product","3":"status-publish","4":"has-post-thumbnail","6":"product_brand-havit","7":"product_cat-projektorid","8":"product_shipping_class-innpro","10":"first","11":"outofstock","12":"sale","13":"taxable","14":"shipping-taxable","15":"purchasable","16":"product-type-simple"},"_links":{"self":[{"href":"https:\/\/blankpage.ee\/_ruumist-ruumi\/wp-json\/wp\/v2\/product\/157601","targetHints":{"allow":["GET"]}}],"collection":[{"href":"https:\/\/blankpage.ee\/_ruumist-ruumi\/wp-json\/wp\/v2\/product"}],"about":[{"href":"https:\/\/blankpage.ee\/_ruumist-ruumi\/wp-json\/wp\/v2\/types\/product"}],"replies":[{"embeddable":true,"href":"https:\/\/blankpage.ee\/_ruumist-ruumi\/wp-json\/wp\/v2\/comments?post=157601"}],"wp:featuredmedia":[{"embeddable":true,"href":"https:\/\/blankpage.ee\/_ruumist-ruumi\/wp-json\/wp\/v2\/media\/157607"}],"wp:attachment":[{"href":"https:\/\/blankpage.ee\/_ruumist-ruumi\/wp-json\/wp\/v2\/media?parent=157601"}],"wp:term":[{"taxonomy":"product_brand","embeddable":true,"href":"https:\/\/blankpage.ee\/_ruumist-ruumi\/wp-json\/wp\/v2\/product_brand?post=157601"},{"taxonomy":"product_cat","embeddable":true,"href":"https:\/\/blankpage.ee\/_ruumist-ruumi\/wp-json\/wp\/v2\/product_cat?post=157601"},{"taxonomy":"product_tag","embeddable":true,"href":"https:\/\/blankpage.ee\/_ruumist-ruumi\/wp-json\/wp\/v2\/product_tag?post=157601"}],"curies":[{"name":"wp","href":"https:\/\/api.w.org\/{rel}","templated":true}]}}