{"id":157747,"date":"2025-03-29T19:03:50","date_gmt":"2025-03-29T19:03:50","guid":{"rendered":"https:\/\/ruumistruumi.ee\/pood\/baseus-t-space-hub-usb-c-lightning-kaablitega-tesla-autodele-must\/"},"modified":"2025-08-21T08:20:39","modified_gmt":"2025-08-21T08:20:39","slug":"baseus-t-space-hub-usb-c-lightning-kaablitega-tesla-autodele-must","status":"publish","type":"product","link":"https:\/\/blankpage.ee\/_ruumist-ruumi\/pood\/baseus-t-space-hub-usb-c-lightning-kaablitega-tesla-autodele-must\/","title":{"rendered":"Baseus T-Space Hub USB-C Lightning kaablitega Tesla autodele (must)"},"content":{"rendered":"<h3>Baseus T-Space Hub USB-C Lightning kaablitega Tesla autodele (must)<\/h3>\n<p>Baseus T-Space hub on spetsiaalselt Tesla autode jaoks loodud. Seade sisaldab sisseehitatud USB-C ja USB-A porte ning kahte sisse t\u00f5mmatavat USB-C kaablit, mis v\u00f5imaldavad korraga laadida kuni nelja seadet. T\u00e4nu 45-vatisele v\u00f5imsusele ei pea ooteaeg pikka, kuna Baseus T-Space hub v\u00f5imaldab kiiret ja turvalist laadimist. Lisaks kohandab Baseus Power Split 2.0 laadimisv\u00f5imsust automaatselt, tagades seel\u00e4bi k\u00f5igi \u00fchendatud seadmete ohutuse.<\/p>\n<p><img decoding=\"async\" src=\"https:\/\/blankpage.ee\/_ruumist-ruumi\/wp-content\/uploads\/2025\/03\/6-148.webp\" alt=\"Baseus T-Space hub USB-C ja USB-A portidega\"><\/p>\n<h3>Kiire ja turvaline laadimine<\/h3>\n<p>Baseus T-Space hub on esimene omalaadne seade Tesla autodes, mis kasutab uuenduslikku GaN-tehnoloogiat. See tehnoloogia tagab m\u00e4rkimisv\u00e4\u00e4rselt kiire laadimise, ilma et seade \u00fcle kuumeneks. Toode toetab erinevaid kiirlaadimise protokolle, sealhulgas PD3.0, FCP, SCP, QC3.0 ja AFC, ning kaitseb \u00fchendatud seadmeid \u00fclekoormuse, l\u00fchise ja \u00fclekuumenemise eest.<\/p>\n<p><img decoding=\"async\" src=\"https:\/\/blankpage.ee\/_ruumist-ruumi\/wp-content\/uploads\/2025\/03\/1-322.webp\" alt=\"Baseus T-Space hub GaN-tehnoloogial p\u00f5hinev laadimisseade Tesla jaoks\"><\/p>\n<h3>Loodud Tesla autodele<\/h3>\n<p>Baseus T-Space hub on loodud spetsiaalselt Tesla autodele ja sobitub ideaalselt s\u00f5iduki interj\u00f6\u00f6riga. Seadmel on spetsiaalne kate, mis kaitseb porte ja kaableid tolmu v\u00f5i juhuslikult paiknevate vedelike eest, samas kui silikoonviimistlus hoiab auto komponente kriimustuste eest. Need disainielemendid muudavad Baseus T-Space hubi ideaalseks lisandiks igas Tesla mudelis.<\/p>\n<p><img decoding=\"async\" src=\"https:\/\/blankpage.ee\/_ruumist-ruumi\/wp-content\/uploads\/2025\/03\/5-193.webp\" alt=\"Baseus T-Space hub silikoonviimistlusega Tesla jaoks\"><\/p>\n<h3>Mugavad lahendused igale reisile<\/h3>\n<p>Seade eristub kahe sisse t\u00f5mmatava USB-C kaabliga, millest kummagi pikkus on 0,8 meetrit, v\u00f5imaldades vajadusel ka tagaistmel olevatel reisijatel mugavalt kasutada laadimiseks kaasaskantavaid seadmeid. Magnetkinnitused muudavad kaablite hoiustamise lihtsaks ja praktiliseks. Lisaks v\u00f5imaldavad USB-A ja USB-C pordid \u00fchendada lisaseadmeid, n\u00e4iteks TWS k\u00f5rvaklappe v\u00f5i m\u00e4ngupulte. Baseus T-Space hub pakub ka kiiret andmeedastust, mis on saadaval Tesla mudelitele 3 ja Y, tagades kogu s\u00f5idu ajal t\u00f5husa \u00fchenduvuse ja mugavuse.<\/p>\n<p><img decoding=\"async\" src=\"https:\/\/blankpage.ee\/_ruumist-ruumi\/wp-content\/uploads\/2025\/03\/2-292.webp\" alt=\"Baseus T-Space hub teleskoopkaablitega Tesla jaoks\"><\/p>\n<div class=\"table-wrapper\">\n<table>\n<tbody>\n<tr>\n<th>Tootja<\/th>\n<td>Baseus<\/td>\n<\/tr>\n<tr>\n<th>Tootja kood<\/th>\n<td>B00051300111-01<\/td>\n<\/tr>\n<tr>\n<th>Mudel<\/th>\n<td>TS010<\/td>\n<\/tr>\n<tr>\n<th>V\u00e4rv<\/th>\n<td>must<\/td>\n<\/tr>\n<tr>\n<th>Materjal<\/th>\n<td>ABS, PC, alumiiniumisulamit<\/td>\n<\/tr>\n<tr>\n<th>Sisendpinge (USB-C1\/2)<\/th>\n<td>9V\/3A<\/td>\n<\/tr>\n<tr>\n<th>V\u00e4ljundpinge (kaabel 1)<\/th>\n<td>5V\/3A, 9V\/3A, 12V\/2.5A, 15V\/2A, 20V\/1.5A, 30W max.<\/td>\n<\/tr>\n<tr>\n<th>V\u00e4ljundpinge (kaabel 2)<\/th>\n<td>5V\/3A, 9V\/3A, 12V\/3A, 15V\/3A, 20V\/2.25A, 45W max.<\/td>\n<\/tr>\n<tr>\n<th>USB-C<\/th>\n<td>5V\/3A, 9V\/3A, 12V\/2.5A, 15V\/2A, 20V\/1.5A, 30W max.<\/td>\n<\/tr>\n<tr>\n<th>PPS<\/th>\n<td>3.3V-11V, 3.3A<\/td>\n<\/tr>\n<tr>\n<th>USB-A<\/th>\n<td>5V\/2.4A<\/td>\n<\/tr>\n<tr>\n<th>Kaabel 1 + kaabel 2<\/th>\n<td>30W + 18W<\/td>\n<\/tr>\n<tr>\n<th>Kaabel 1 + kaabel 2 + USB-C<\/th>\n<td>18 W + 18 W + 8 W<\/td>\n<\/tr>\n<tr>\n<th>Kaabel 1 + kaabel 2 + USB-C + USB-A<\/th>\n<td>18 W + 8 W + 8 W + 12 W<\/td>\n<\/tr>\n<tr>\n<th>Kaal<\/th>\n<td>u 318 g<\/td>\n<\/tr>\n<tr>\n<th>M\u00f5\u00f5tmed<\/th>\n<td>196 \u00d7 100 \u00d7 32 mm<\/td>\n<\/tr>\n<\/tbody>\n<\/table>\n<\/div>\n","protected":false},"excerpt":{"rendered":"<p>Baseus T-Space Hub USB-C Lightning kaablitega Tesla autodele (must) Baseus T-Space hub on spetsiaalselt Tesla autode jaoks loodud. Seade sisaldab sisseehitatud USB-C ja USB-A porte ning kahte sisse t\u00f5mmatavat USB-C kaablit, mis v\u00f5imaldavad korraga laadida kuni nelja seadet. T\u00e4nu 45-vatisele v\u00f5imsusele ei pea ooteaeg pikka, kuna Baseus T-Space hub v\u00f5imaldab kiiret ja turvalist laadimist. Lisaks [&hellip;]<\/p>\n","protected":false},"featured_media":157752,"comment_status":"open","ping_status":"open","template":"","meta":[],"product_brand":[2876],"product_cat":[2961],"product_tag":[],"class_list":{"0":"post-157747","1":"product","2":"type-product","3":"status-publish","4":"has-post-thumbnail","6":"product_brand-baseus","7":"product_cat-dokkimisjaamad-usb-jagajad-ja-hub-id","8":"product_shipping_class-innpro","10":"first","11":"instock","12":"sale","13":"taxable","14":"shipping-taxable","15":"purchasable","16":"product-type-simple"},"_links":{"self":[{"href":"https:\/\/blankpage.ee\/_ruumist-ruumi\/wp-json\/wp\/v2\/product\/157747","targetHints":{"allow":["GET"]}}],"collection":[{"href":"https:\/\/blankpage.ee\/_ruumist-ruumi\/wp-json\/wp\/v2\/product"}],"about":[{"href":"https:\/\/blankpage.ee\/_ruumist-ruumi\/wp-json\/wp\/v2\/types\/product"}],"replies":[{"embeddable":true,"href":"https:\/\/blankpage.ee\/_ruumist-ruumi\/wp-json\/wp\/v2\/comments?post=157747"}],"wp:featuredmedia":[{"embeddable":true,"href":"https:\/\/blankpage.ee\/_ruumist-ruumi\/wp-json\/wp\/v2\/media\/157752"}],"wp:attachment":[{"href":"https:\/\/blankpage.ee\/_ruumist-ruumi\/wp-json\/wp\/v2\/media?parent=157747"}],"wp:term":[{"taxonomy":"product_brand","embeddable":true,"href":"https:\/\/blankpage.ee\/_ruumist-ruumi\/wp-json\/wp\/v2\/product_brand?post=157747"},{"taxonomy":"product_cat","embeddable":true,"href":"https:\/\/blankpage.ee\/_ruumist-ruumi\/wp-json\/wp\/v2\/product_cat?post=157747"},{"taxonomy":"product_tag","embeddable":true,"href":"https:\/\/blankpage.ee\/_ruumist-ruumi\/wp-json\/wp\/v2\/product_tag?post=157747"}],"curies":[{"name":"wp","href":"https:\/\/api.w.org\/{rel}","templated":true}]}}