{"id":157802,"date":"2025-03-29T19:03:50","date_gmt":"2025-03-29T19:03:50","guid":{"rendered":"https:\/\/ruumistruumi.ee\/pood\/arzopa-p101w-digitaalne-pildiraam-101-tolline-full-hd-32gb-usb-c-wifi\/"},"modified":"2025-08-21T08:20:39","modified_gmt":"2025-08-21T08:20:39","slug":"arzopa-p101w-digitaalne-pildiraam-101-tolline-full-hd-32gb-usb-c-wifi","status":"publish","type":"product","link":"https:\/\/blankpage.ee\/_ruumist-ruumi\/pood\/arzopa-p101w-digitaalne-pildiraam-101-tolline-full-hd-32gb-usb-c-wifi\/","title":{"rendered":"Arzopa P101W Digitaalne Pildiraam (10,1-tolline, Full HD, 32GB, USB-C, WiFi)"},"content":{"rendered":"<h3>Arzopa P101W 10,1-tolline digitaalne pildiraam<\/h3>\n<p>Arzopa P101W digitaalne pildiraam pakub modernset lahendust fotode ja videote esitamiseks, \u00fchendades kaasaegsed tehnoloogiad ja intuitiivsed funktsioonid. Raamil on suur Full HD ekraan ja mahukas m\u00e4lu, mis mahutab kuni 80 000 fotot. Piltide saatmine oma galeriist on t\u00e4nu spetsiaalsele rakendusele kiire ja lihtne. Avastage, mida veel Arzopa pildiraam teile pakkuda suudab!<\/p>\n<p><img decoding=\"async\" border=\"0\" src=\"https:\/\/blankpage.ee\/_ruumist-ruumi\/wp-content\/uploads\/2025\/03\/1-328.webp\" alt=\"digitaalne pildiraam suur Full HD ekraan\"\/><\/p>\n<h3>K\u00f5rge resolutsiooniga ekraan<\/h3>\n<p>P101W on varustatud 10,1-tollise ekraaniga, mille eraldusv\u00f5ime on 1280 \u00d7 800 pikslit. Selline ekraan pakub mitte ainult selget ja \u00fcksikasjalikku pilti, vaid parandab ka fotode ja videote vaatamise kogemust. Ekraani 16:10 k\u00fcljesuhe vastab t\u00e4nap\u00e4eva multimeediumistandarditele, muutes sisu kuvamise esteetiliselt nauditavaks.<\/p>\n<p><img decoding=\"async\" border=\"0\" src=\"https:\/\/blankpage.ee\/_ruumist-ruumi\/wp-content\/uploads\/2025\/03\/2-295.webp\" alt=\"digitaalne pildiraam k\u00f5rge resolutsiooniga ekraan\"\/><\/p>\n<h3>Integreeritud m\u00e4lu ja failivormingute tugi<\/h3>\n<p>Arzopa P101W-l on 32 GB sisseehitatud m\u00e4lu, mis v\u00f5imaldab salvestada suure hulga multimeediafaile. Seade toetab populaarseid foto (JPEG, JPG, PNG, WEBP) ja video (MP4, M4V, 3GP, MOV) vorminguid, muutes selle \u00fchilduvaks erinevate sisutallikatega.<\/p>\n<p><img decoding=\"async\" border=\"0\" src=\"https:\/\/blankpage.ee\/_ruumist-ruumi\/wp-content\/uploads\/2025\/03\/3-268.webp\" alt=\"digitaalne pildiraam integreeritud m\u00e4lu failivormingute tugi\"\/><\/p>\n<h3>Lihtne \u00fchendamine<\/h3>\n<p>Kasutajatele pakutakse mitmesuguseid \u00fchendamisv\u00f5imalusi, sealhulgas DC vooluport, USB-C port ja Micro SD kaardi pesa (maksimaalse m\u00e4lumahuga kuni 128 GB). Need sisendid tagavad kiire ja lihtsa failide jagamise ning \u00fchilduvuse paljude v\u00e4lisseadmetega. Lisaks on seade varustatud sisseehitatud WiFi-\u00fchendusega, mis v\u00f5imaldab mugavat juhtmevaba \u00fchendamist ja sujuvat pildivahetust interneti kaudu.<\/p>\n<p><img decoding=\"async\" border=\"0\" src=\"https:\/\/blankpage.ee\/_ruumist-ruumi\/wp-content\/uploads\/2025\/03\/4-227.webp\" alt=\"digitaalne pildiraam USB-C ja Micro SD \u00fchendused\"\/><\/p>\n<h3>Nutikad funktsioonid ja Frameo rakendus<\/h3>\n<p>Innovatiivne automaatse p\u00f6\u00f6ramise ja kaadri t\u00e4itmise funktsioon tagab, et pildi v\u00f5i video k\u00f5ige olulisemad osad on alati ekraanil sobivalt esitatud, kohandades orientatsiooni vastavalt pildi v\u00f5i video formaadile. Lisaks t\u00f6\u00f6tab raam Frameo rakendusega, mis v\u00f5imaldab h\u00f5lpsasti ja kiiresti valitud pilti paigutada.<\/p>\n<p><img decoding=\"async\" border=\"0\" src=\"https:\/\/blankpage.ee\/_ruumist-ruumi\/wp-content\/uploads\/2025\/03\/5-196.webp\" alt=\"digitaalne pildiraam Frameo rakendus\"\/><\/p>\n<h3>Full HD ekraan ja vaatamise ergonoomika<\/h3>\n<p>Full HD ekraan koos peegeldusvastase katte ja 178\u00b0 vaatenurgaga on omadused, mis m\u00e4rkimisv\u00e4\u00e4rselt parandavad kuvatava sisu kvaliteeti. Need v\u00f5imaldavad fotosid ja videoid vaadata erinevatest perspektiividest, ilma kvaliteedis kaotamata, muutes Arzopa P101W raami \u00e4\u00e4rmiselt funktsionaalseks seadmeks igap\u00e4evaseks kasutamiseks.<\/p>\n<p><img decoding=\"async\" border=\"0\" src=\"https:\/\/blankpage.ee\/_ruumist-ruumi\/wp-content\/uploads\/2025\/03\/6-150.webp\" alt=\"digitaalne pildiraam Full HD ekraan\"\/><\/p>\n<h3>Komplekti kuulub<\/h3>\n<ul class=\"list-disc pl-5\">\n<li>Digitaalne raam<\/li>\n<li>Alus (p\u00fcstitusjalg)<\/li>\n<li>Toiteadapter koos kaabliga<\/li>\n<li>Kasutusjuhend<\/li>\n<\/ul>\n<div class=\"table-wrapper\">\n<table>\n<tbody>\n<tr>\n<th>Tootja<\/th>\n<td>Arzopa<\/td>\n<\/tr>\n<tr>\n<th>Mudel<\/th>\n<td>P101W<\/td>\n<\/tr>\n<tr>\n<th>Ekraan<\/th>\n<td>10,1 tolli<\/td>\n<\/tr>\n<tr>\n<th>Eraldusv\u00f5ime<\/th>\n<td>1280&#215;800<\/td>\n<\/tr>\n<tr>\n<th>K\u00fcljesuhe<\/th>\n<td>16:10<\/td>\n<\/tr>\n<tr>\n<th>M\u00e4lu<\/th>\n<td>32 GB<\/td>\n<\/tr>\n<tr>\n<th>Failivormingud<\/th>\n<td>JPEG, JPG, PNG, WEBP, MP4, M4V, 3GP, MOV<\/td>\n<\/tr>\n<tr>\n<th>Sisendid<\/th>\n<td>DC vooluport, USB-C port, Micro SD kaardi pesa<\/td>\n<\/tr>\n<tr>\n<th>\u00dchilduv rakendus<\/th>\n<td>Frameo App<\/td>\n<\/tr>\n<\/tbody>\n<\/table>\n<\/div>\n","protected":false},"excerpt":{"rendered":"<p>Arzopa P101W 10,1-tolline digitaalne pildiraam Arzopa P101W digitaalne pildiraam pakub modernset lahendust fotode ja videote esitamiseks, \u00fchendades kaasaegsed tehnoloogiad ja intuitiivsed funktsioonid. Raamil on suur Full HD ekraan ja mahukas m\u00e4lu, mis mahutab kuni 80 000 fotot. Piltide saatmine oma galeriist on t\u00e4nu spetsiaalsele rakendusele kiire ja lihtne. Avastage, mida veel Arzopa pildiraam teile pakkuda [&hellip;]<\/p>\n","protected":false},"featured_media":157809,"comment_status":"open","ping_status":"open","template":"","meta":[],"product_brand":[2996],"product_cat":[2979],"product_tag":[],"class_list":{"0":"post-157802","1":"product","2":"type-product","3":"status-publish","4":"has-post-thumbnail","6":"product_brand-arzopa","7":"product_cat-kaasaskantavad-monitorid","8":"product_shipping_class-innpro","10":"first","11":"instock","12":"sale","13":"taxable","14":"shipping-taxable","15":"purchasable","16":"product-type-simple"},"_links":{"self":[{"href":"https:\/\/blankpage.ee\/_ruumist-ruumi\/wp-json\/wp\/v2\/product\/157802","targetHints":{"allow":["GET"]}}],"collection":[{"href":"https:\/\/blankpage.ee\/_ruumist-ruumi\/wp-json\/wp\/v2\/product"}],"about":[{"href":"https:\/\/blankpage.ee\/_ruumist-ruumi\/wp-json\/wp\/v2\/types\/product"}],"replies":[{"embeddable":true,"href":"https:\/\/blankpage.ee\/_ruumist-ruumi\/wp-json\/wp\/v2\/comments?post=157802"}],"wp:featuredmedia":[{"embeddable":true,"href":"https:\/\/blankpage.ee\/_ruumist-ruumi\/wp-json\/wp\/v2\/media\/157809"}],"wp:attachment":[{"href":"https:\/\/blankpage.ee\/_ruumist-ruumi\/wp-json\/wp\/v2\/media?parent=157802"}],"wp:term":[{"taxonomy":"product_brand","embeddable":true,"href":"https:\/\/blankpage.ee\/_ruumist-ruumi\/wp-json\/wp\/v2\/product_brand?post=157802"},{"taxonomy":"product_cat","embeddable":true,"href":"https:\/\/blankpage.ee\/_ruumist-ruumi\/wp-json\/wp\/v2\/product_cat?post=157802"},{"taxonomy":"product_tag","embeddable":true,"href":"https:\/\/blankpage.ee\/_ruumist-ruumi\/wp-json\/wp\/v2\/product_tag?post=157802"}],"curies":[{"name":"wp","href":"https:\/\/api.w.org\/{rel}","templated":true}]}}