{"id":157818,"date":"2025-03-29T19:03:50","date_gmt":"2025-03-29T19:03:50","guid":{"rendered":"https:\/\/ruumistruumi.ee\/pood\/mcdodo-hu-7740-6-uhes-usb-c-jaotur-usb-c-hdmi-2x-usb3-0-sd-tf\/"},"modified":"2025-08-21T08:20:39","modified_gmt":"2025-08-21T08:20:39","slug":"mcdodo-hu-7740-6-uhes-usb-c-jaotur-usb-c-hdmi-2x-usb3-0-sd-tf","status":"publish","type":"product","link":"https:\/\/blankpage.ee\/_ruumist-ruumi\/pood\/mcdodo-hu-7740-6-uhes-usb-c-jaotur-usb-c-hdmi-2x-usb3-0-sd-tf\/","title":{"rendered":"Mcdodo HU-7740 6-\u00fches USB-C jaotur (USB-C, HDMI, 2x USB3.0, SD\/TF)"},"content":{"rendered":"<h3>Mcdodo HU-7740 6-\u00fches USB-C jaotur (USB-C, HDMI, USB3.0*2, SD, TF)<\/h3>\n<p>Mcdodo HU-7740 on mitmek\u00fclgne USB-C jaotur, mis pakub praktilisi lahendusi nii t\u00f6\u00f6ks kui meelelahutuseks. Vastupidavast alumiiniumisulamist valmistatud jaotur on usaldusv\u00e4\u00e4rne ning tagab stabiilsed \u00fchendused erinevate seadmetega. Selle kompaktne suurus ja kerge kaal muudavad toote ideaalseks kaasaskantavaks ning mugavaks igap\u00e4evaseks kasutamiseks. Lisaks v\u00f5imaldavad sisseehitatud SD ja TF kaardilugejad kiiret andmete lugemist ja kirjutamist, pakkudes eriti suurt kasu fotograafidele ja m\u00e4lukaartide kasutajatele.<\/p>\n<p><img decoding=\"async\" border=\"0\" src=\"https:\/\/blankpage.ee\/_ruumist-ruumi\/wp-content\/uploads\/2025\/03\/2-297.webp\" alt=\"Mcdodo HU-7740 USB-C jaotur alumine disain\" \/><\/p>\n<h3>Kiired ja efektiivsed \u00fchendused<\/h3>\n<p>Mcdodo HU-7740 USB-C jaotur on varustatud kiirelaadimise v\u00f5imega. \u00dcks USB-C PD port v\u00f5imaldab MacBooki, iPadi v\u00f5i nutitelefoni laadimist kuni 100 W v\u00f5imsusega. Kaks USB3.0 porti tagavad andmeedastuskiiruse kuni 5 Gbps ning kaks USB2.0 porti pakuvad usaldusv\u00e4\u00e4rset \u00fchendust 480 Mbps kiirusega. Lisaks v\u00f5imaldab jaotur \u00fchendada mitmesuguseid seadmeid \u2013 hiire, klaviatuuri, k\u00f5vaketta, printeri v\u00f5i skanneri. Iga porti moodulil on s\u00f5ltumatu kiip, mis tagab sujuva ja stabiilse toimimise. See USB-C jaotur on ideaalne lahendus nii kontori kui kodukasutuseks.<\/p>\n<p><img decoding=\"async\" border=\"0\" src=\"https:\/\/blankpage.ee\/_ruumist-ruumi\/wp-content\/uploads\/2025\/03\/5-198.webp\" alt=\"Mcdodo HU-7740 USB-C jaotur - pordid\" \/><\/p>\n<h3>Erakordne pildikvaliteet ja t\u00e4iustatud ekraanifunktsioonid<\/h3>\n<p>Mcdodo HU-7740 USB-C jaotur toetab 4K@30 Hz videov\u00e4ljundit HDMI kaudu ning 1080P kvaliteeti VGA kaudu, tagades suurep\u00e4rase pildikvaliteedi suurematel ekraanidel. Ekraani laiendamise v\u00f5imalus teleri v\u00f5i monitori abil muudab selle ideaalseks esitluste, mitme \u00fclesande korraga t\u00e4itmise ja meelelahutuse jaoks. Sellised lahendused suurendavad kasutusmugavust ja paindlikkust igas olukorras.<\/p>\n<p><img decoding=\"async\" border=\"0\" src=\"https:\/\/blankpage.ee\/_ruumist-ruumi\/wp-content\/uploads\/2025\/03\/4-229.webp\" alt=\"Mcdodo HU-7740 USB-C jaotur - HDMI ja VGA tugi\" \/><\/p>\n<h3>Kiire interneti\u00fchendus<\/h3>\n<p>Kui vajate kiiret ja stabiilset interneti\u00fchendust, on see USB-C jaotur just teie jaoks loodud. RJ45 port tagab usaldusv\u00e4\u00e4rse interneti\u00fchenduse kuni 1000 Mbps, mis on h\u00e4davajalik nii v\u00f5rgut\u00f6\u00f6 kui ka m\u00e4ngude jaoks. Kiire \u00fchendus v\u00f5imaldab sujuvat andmeedastust isegi suure koormuse korral.<\/p>\n<p><img decoding=\"async\" border=\"0\" src=\"https:\/\/blankpage.ee\/_ruumist-ruumi\/wp-content\/uploads\/2025\/03\/6-151.webp\" alt=\"Mcdodo HU-7740 USB-C jaotur - RJ45 port ja kiire interneti\u00fchendus\" \/><\/p>\n<h3>Usaldusv\u00e4\u00e4rsus ja kasutusmugavus<\/h3>\n<p>Mcdodo HU-7740 USB-C jaotur on \u00fchilduv nii Windows 10, Mac OS kui ka Android seadmetega, muutes selle universaalseks lahenduseks erinevatele kasutajatele. LED-indikaator annab selge \u00fclevaate seadme t\u00f6\u00f6olekust, samal ajal kui efektiivne soojuse hajumine ja kriimustuskindel disain tagavad pikaajalise t\u00f6\u00f6kindluse. Kerge disain ja 15 cm pikkune kaabel suurendavad toote kasutusmugavust igap\u00e4evaselt.<\/p>\n<p><img decoding=\"async\" border=\"0\" src=\"https:\/\/blankpage.ee\/_ruumist-ruumi\/wp-content\/uploads\/2025\/03\/1-330.webp\" alt=\"Mcdodo HU-7740 USB-C jaotur - kerge ja kompaktne disain\" \/><\/p>\n<div class=\"table-wrapper\">\n<table>\n<tbody>\n<tr>\n<th>Tootja<\/th>\n<td>Mcdodo<\/td>\n<\/tr>\n<tr>\n<th>Mudel<\/th>\n<td>HU-7740<\/td>\n<\/tr>\n<tr>\n<th>V\u00e4rv<\/th>\n<td>hall<\/td>\n<\/tr>\n<tr>\n<th>Materjal<\/th>\n<td>alumiiniumisulamist<\/td>\n<\/tr>\n<tr>\n<th>Kaal<\/th>\n<td>88 g<\/td>\n<\/tr>\n<tr>\n<th>M\u00f5\u00f5tmed<\/th>\n<td>30 \u00d7 4.2 \u00d7 1.85 cm<\/td>\n<\/tr>\n<tr>\n<th>Kaabli pikkus<\/th>\n<td>15 cm<\/td>\n<\/tr>\n<tr>\n<th>HDMI lahutusv\u00f5ime<\/th>\n<td>4K@30 Hz<\/td>\n<\/tr>\n<tr>\n<th>VGA lahutusv\u00f5ime<\/th>\n<td>1080P<\/td>\n<\/tr>\n<tr>\n<th>Edastuskiirus (USB3.0)<\/th>\n<td>5 Gbps<\/td>\n<\/tr>\n<tr>\n<th>Edastuskiirus (USB2.0)<\/th>\n<td>480 Mbps<\/td>\n<\/tr>\n<tr>\n<th>V\u00e4ljundpinge<\/th>\n<td>20V \/ 5A<\/td>\n<\/tr>\n<tr>\n<th>SD\/TF kaardilugeja<\/th>\n<td>andmete lugemine ja kirjutamine<\/td>\n<\/tr>\n<tr>\n<th>Sisendport<\/th>\n<td>USB-C<\/td>\n<\/tr>\n<tr>\n<th>V\u00e4ljundpordid<\/th>\n<td>USB3.0 x2, HDMI, USB-C PD, LAN, TF, SD, USB2.0 x2, VGA<\/td>\n<\/tr>\n<\/tbody>\n<\/table>\n<\/div>\n","protected":false},"excerpt":{"rendered":"<p>Mcdodo HU-7740 6-\u00fches USB-C jaotur (USB-C, HDMI, USB3.0*2, SD, TF) Mcdodo HU-7740 on mitmek\u00fclgne USB-C jaotur, mis pakub praktilisi lahendusi nii t\u00f6\u00f6ks kui meelelahutuseks. Vastupidavast alumiiniumisulamist valmistatud jaotur on usaldusv\u00e4\u00e4rne ning tagab stabiilsed \u00fchendused erinevate seadmetega. Selle kompaktne suurus ja kerge kaal muudavad toote ideaalseks kaasaskantavaks ning mugavaks igap\u00e4evaseks kasutamiseks. Lisaks v\u00f5imaldavad sisseehitatud SD ja [&hellip;]<\/p>\n","protected":false},"featured_media":157824,"comment_status":"open","ping_status":"open","template":"","meta":[],"product_brand":[2977],"product_cat":[2961],"product_tag":[],"class_list":{"0":"post-157818","1":"product","2":"type-product","3":"status-publish","4":"has-post-thumbnail","6":"product_brand-mcdodo","7":"product_cat-dokkimisjaamad-usb-jagajad-ja-hub-id","8":"product_shipping_class-innpro","10":"first","11":"instock","12":"sale","13":"taxable","14":"shipping-taxable","15":"purchasable","16":"product-type-simple"},"_links":{"self":[{"href":"https:\/\/blankpage.ee\/_ruumist-ruumi\/wp-json\/wp\/v2\/product\/157818","targetHints":{"allow":["GET"]}}],"collection":[{"href":"https:\/\/blankpage.ee\/_ruumist-ruumi\/wp-json\/wp\/v2\/product"}],"about":[{"href":"https:\/\/blankpage.ee\/_ruumist-ruumi\/wp-json\/wp\/v2\/types\/product"}],"replies":[{"embeddable":true,"href":"https:\/\/blankpage.ee\/_ruumist-ruumi\/wp-json\/wp\/v2\/comments?post=157818"}],"wp:featuredmedia":[{"embeddable":true,"href":"https:\/\/blankpage.ee\/_ruumist-ruumi\/wp-json\/wp\/v2\/media\/157824"}],"wp:attachment":[{"href":"https:\/\/blankpage.ee\/_ruumist-ruumi\/wp-json\/wp\/v2\/media?parent=157818"}],"wp:term":[{"taxonomy":"product_brand","embeddable":true,"href":"https:\/\/blankpage.ee\/_ruumist-ruumi\/wp-json\/wp\/v2\/product_brand?post=157818"},{"taxonomy":"product_cat","embeddable":true,"href":"https:\/\/blankpage.ee\/_ruumist-ruumi\/wp-json\/wp\/v2\/product_cat?post=157818"},{"taxonomy":"product_tag","embeddable":true,"href":"https:\/\/blankpage.ee\/_ruumist-ruumi\/wp-json\/wp\/v2\/product_tag?post=157818"}],"curies":[{"name":"wp","href":"https:\/\/api.w.org\/{rel}","templated":true}]}}