{"id":157825,"date":"2025-03-29T19:04:58","date_gmt":"2025-03-29T19:04:58","guid":{"rendered":"https:\/\/ruumistruumi.ee\/pood\/usb-c-hub-mcdodo-hu-7420-6-in-1-usb-c-usb3-0-x2-sd-tf-lugeja-hdmi-rj45\/"},"modified":"2025-08-21T08:20:39","modified_gmt":"2025-08-21T08:20:39","slug":"usb-c-hub-mcdodo-hu-7420-6-in-1-usb-c-usb3-0-x2-sd-tf-lugeja-hdmi-rj45","status":"publish","type":"product","link":"https:\/\/blankpage.ee\/_ruumist-ruumi\/pood\/usb-c-hub-mcdodo-hu-7420-6-in-1-usb-c-usb3-0-x2-sd-tf-lugeja-hdmi-rj45\/","title":{"rendered":"USB-C Hub &#8211; Mcdodo HU-7420 6-in-1 (USB-C, USB3.0 x2, SD\/TF-lugeja, HDMI, RJ45)"},"content":{"rendered":"<h3>Mcdodo HU-7420 6-in-1 USB-C Hub (USB-C, USB3.0 x2, SD\/TF-lugeja, HDMI)<\/h3>\n<p>Mcdodo HU-7420 on mitmek\u00fclgne USB-C Hub, mis on loodud kasutajatele, kes otsivad usaldusv\u00e4\u00e4rset ja kiiret lahendust nii t\u00f6\u00f6ks kui meelelahutuseks. Kestvast alumiiniumisulamist valmistatud seade tagab suurep\u00e4rase j\u00f5udluse ja t\u00f6\u00f6kindluse. Kompaktne disain ja kerge kaal muudavad selle USB-C Hub\u2019i mugavaks kaasaskandmiseks ning hoiustamiseks. Lisaks v\u00f5imaldavad sisseehitatud SD ja TF kaardi lugejad kiiret andmeside, mis on eriti v\u00e4\u00e4rtuslik fotograafidele ja neile, kes kasutavad m\u00e4lukaarte tihti.<\/p>\n<p><img decoding=\"async\" src=\"https:\/\/blankpage.ee\/_ruumist-ruumi\/wp-content\/uploads\/2025\/03\/2-298.webp\" alt=\"Mcdodo 6-in-1 USB-C Hub \u00fcldvaade\"\/><\/p>\n<h3>Kiired ja t\u00f5husad \u00fchendused<\/h3>\n<p>USB-C port v\u00f5imaldab Mcdodo HU-7420 kaudu kiiret seadmete laadimist, toetades kuni 100 vati v\u00f5imsust Power Delivery re\u017eiimis. Lisaks tagavad kaks USB3.0 porti andmeedastuskiiruse kuni 5 Gbps, samas kui USB2.0 portid v\u00f5imaldavad stabiilset \u00fchendust t\u00e4iendavate seadmete jaoks. Iga port on varustatud iseseisva kiibiga, mis tagab laitmatu t\u00f6\u00f6 ning teeb sellest USB-C Hub\u2019i tarvis esmaklassilise \u00fchendusv\u00f5imaluse.<\/p>\n<p><img decoding=\"async\" src=\"https:\/\/blankpage.ee\/_ruumist-ruumi\/wp-content\/uploads\/2025\/03\/5-199.webp\" alt=\"Mcdodo USB-C Hub USB3.0 ja USB2.0 portidega\"\/><\/p>\n<h3>Suurep\u00e4rane pildikvaliteet ja laiendatud kuvafunktsioonid<\/h3>\n<p>Mcdodo HU-7420 USB-C Hub toetab 4K@30 Hz videokuva HDMI-pordi kaudu ning 1080P VGA-\u00fchendust, pakkudes muljetavaldavat pildikvaliteeti suuremates ekraanides. Ekraani laiendamise v\u00f5imalus teleris v\u00f5i monitoris muudab selle seadme ideaalseks esitlusteks, mitut\u00fclesandeliseks t\u00f6\u00f6ks ja meelelahutuseks.<\/p>\n<p><img decoding=\"async\" src=\"https:\/\/blankpage.ee\/_ruumist-ruumi\/wp-content\/uploads\/2025\/03\/4-230.webp\" alt=\"Mcdodo USB-C Hub HDMI ja VGA v\u00e4ljundiga\"\/><\/p>\n<h3>Kiire Interneti-\u00fchendus<\/h3>\n<p>Kui otsite kiiret ja usaldusv\u00e4\u00e4rset interneti\u00fchendust, on Mcdodo HU-7420 USB-C Hub ideaalne valik. RJ45 port tagab stabiilse interneti\u00fchenduse kuni 1000 Mbps kiirusega, v\u00f5imaldades sujuvat veebit\u00f6\u00f6d ja m\u00e4ngukogemust.<\/p>\n<p><img decoding=\"async\" src=\"https:\/\/blankpage.ee\/_ruumist-ruumi\/wp-content\/uploads\/2025\/03\/7-132.webp\" alt=\"Mcdodo USB-C Hub RJ45 portiga\"\/><\/p>\n<h3>Usaldusv\u00e4\u00e4rsus ja kasutusmugavus<\/h3>\n<p>Mcdodo HU-7420 USB-C Hub on \u00fchilduv Windows 10, Mac OS ja Android operatsioonis\u00fcsteemidega, pakkudes universaalset lahendust erinevatele seadmetele. Seadme LED-indikaator hoiab teid kursis t\u00f6\u00f6seisundiga, samas kui efektiivne soojuse hajumine ja kriimustuskindel pind tagavad pika eluea ning usaldusv\u00e4\u00e4rse t\u00f6\u00f6. Lisaks muudab kerge disain ja 15 cm pikkusega kaabel igap\u00e4evase kasutamise eriti mugavaks.<\/p>\n<p><img decoding=\"async\" src=\"https:\/\/blankpage.ee\/_ruumist-ruumi\/wp-content\/uploads\/2025\/03\/1-331.webp\" alt=\"Mcdodo USB-C Hub koos LED-indikaatoriga\"\/><\/p>\n<div class=\"table-wrapper\">\n<p>\u00a0<\/p>\n<table>\n<tbody>\n<tr>\n<th>Tootja<\/th>\n<td>Mcdodo<\/td>\n<\/tr>\n<tr>\n<th>Mudel<\/th>\n<td>HU-7420<\/td>\n<\/tr>\n<tr>\n<th>V\u00e4rv<\/th>\n<td>hall<\/td>\n<\/tr>\n<tr>\n<th>Materjal<\/th>\n<td>alumiiniumisulamist<\/td>\n<\/tr>\n<tr>\n<th>Kaal<\/th>\n<td>88 g<\/td>\n<\/tr>\n<tr>\n<th>M\u00f5\u00f5dud<\/th>\n<td>30 \u00d7 4.2 \u00d7 1.85 cm<\/td>\n<\/tr>\n<tr>\n<th>Kaabli pikkus<\/th>\n<td>15 cm<\/td>\n<\/tr>\n<tr>\n<th>HDMI resolutsioon<\/th>\n<td>4K@30 Hz<\/td>\n<\/tr>\n<tr>\n<th>VGA resolutsioon<\/th>\n<td>1080P<\/td>\n<\/tr>\n<tr>\n<th>\u00dclekandekiirus (USB3.0)<\/th>\n<td>5 Gbps<\/td>\n<\/tr>\n<tr>\n<th>\u00dclekandekiirus (USB2.0)<\/th>\n<td>480 Mbps<\/td>\n<\/tr>\n<tr>\n<th>V\u00e4ljundpinge<\/th>\n<td>20V \/ 5A<\/td>\n<\/tr>\n<tr>\n<th>SD\/TF kaardi lugeja<\/th>\n<td>andmete lugemine ja kirjutamine<\/td>\n<\/tr>\n<tr>\n<th>Sisendport<\/th>\n<td>USB-C<\/td>\n<\/tr>\n<tr>\n<th>V\u00e4ljundpordid<\/th>\n<td>USB3.0 x2, HDMI, USB-C PD, LAN, TF, SD, USB2.0 x2, VGA<\/td>\n<\/tr>\n<\/tbody>\n<\/table>\n<\/div>\n","protected":false},"excerpt":{"rendered":"<p>Mcdodo HU-7420 6-in-1 USB-C Hub (USB-C, USB3.0 x2, SD\/TF-lugeja, HDMI) Mcdodo HU-7420 on mitmek\u00fclgne USB-C Hub, mis on loodud kasutajatele, kes otsivad usaldusv\u00e4\u00e4rset ja kiiret lahendust nii t\u00f6\u00f6ks kui meelelahutuseks. Kestvast alumiiniumisulamist valmistatud seade tagab suurep\u00e4rase j\u00f5udluse ja t\u00f6\u00f6kindluse. Kompaktne disain ja kerge kaal muudavad selle USB-C Hub\u2019i mugavaks kaasaskandmiseks ning hoiustamiseks. Lisaks v\u00f5imaldavad sisseehitatud [&hellip;]<\/p>\n","protected":false},"featured_media":157831,"comment_status":"open","ping_status":"open","template":"","meta":[],"product_brand":[2977],"product_cat":[2961],"product_tag":[],"class_list":{"0":"post-157825","1":"product","2":"type-product","3":"status-publish","4":"has-post-thumbnail","6":"product_brand-mcdodo","7":"product_cat-dokkimisjaamad-usb-jagajad-ja-hub-id","8":"product_shipping_class-innpro","10":"first","11":"instock","12":"sale","13":"taxable","14":"shipping-taxable","15":"purchasable","16":"product-type-simple"},"_links":{"self":[{"href":"https:\/\/blankpage.ee\/_ruumist-ruumi\/wp-json\/wp\/v2\/product\/157825","targetHints":{"allow":["GET"]}}],"collection":[{"href":"https:\/\/blankpage.ee\/_ruumist-ruumi\/wp-json\/wp\/v2\/product"}],"about":[{"href":"https:\/\/blankpage.ee\/_ruumist-ruumi\/wp-json\/wp\/v2\/types\/product"}],"replies":[{"embeddable":true,"href":"https:\/\/blankpage.ee\/_ruumist-ruumi\/wp-json\/wp\/v2\/comments?post=157825"}],"wp:featuredmedia":[{"embeddable":true,"href":"https:\/\/blankpage.ee\/_ruumist-ruumi\/wp-json\/wp\/v2\/media\/157831"}],"wp:attachment":[{"href":"https:\/\/blankpage.ee\/_ruumist-ruumi\/wp-json\/wp\/v2\/media?parent=157825"}],"wp:term":[{"taxonomy":"product_brand","embeddable":true,"href":"https:\/\/blankpage.ee\/_ruumist-ruumi\/wp-json\/wp\/v2\/product_brand?post=157825"},{"taxonomy":"product_cat","embeddable":true,"href":"https:\/\/blankpage.ee\/_ruumist-ruumi\/wp-json\/wp\/v2\/product_cat?post=157825"},{"taxonomy":"product_tag","embeddable":true,"href":"https:\/\/blankpage.ee\/_ruumist-ruumi\/wp-json\/wp\/v2\/product_tag?post=157825"}],"curies":[{"name":"wp","href":"https:\/\/api.w.org\/{rel}","templated":true}]}}