{"id":157885,"date":"2025-03-29T19:04:58","date_gmt":"2025-03-29T19:04:58","guid":{"rendered":"https:\/\/ruumistruumi.ee\/pood\/dokkimisjaam-tahvelarvutile-invzi-maghub-3-tahvelarvuti-hoidik-3x-usb-c-2x-usb-a-4k-hdmi\/"},"modified":"2025-08-21T08:20:39","modified_gmt":"2025-08-21T08:20:39","slug":"dokkimisjaam-tahvelarvutile-invzi-maghub-3-tahvelarvuti-hoidik-3x-usb-c-2x-usb-a-4k-hdmi","status":"publish","type":"product","link":"https:\/\/blankpage.ee\/_ruumist-ruumi\/pood\/dokkimisjaam-tahvelarvutile-invzi-maghub-3-tahvelarvuti-hoidik-3x-usb-c-2x-usb-a-4k-hdmi\/","title":{"rendered":"Dokkimisjaam tahvelarvutile: INVZI MagHub 3 (Tahvelarvuti Hoidik, 3x USB-C, 2x USB-A, 4K HDMI)"},"content":{"rendered":"<h3>Dokkimisjaam tahvelarvutile ja hoidik iPadile \u2013 INVZI MagHub 3 (MH03), 3x USB-C, 2x USB-A<\/h3>\n<p>Tutvustame INVZI MagHub 3 \u2013 innovatiivset dokkimisjaama tahvelarvutile ja tahvelarvuti hoidikut, mis muudab teie iPad Pro mitmek\u00fclgseks t\u00f6\u00f6jaamaks. Auhinnatud CES2024 innovatsiooni auhindadega pakub seade suurep\u00e4rast funktsioonide valikut ka k\u00f5ige n\u00f5udlikumatele kasutajatele.<\/p>\n<p><img decoding=\"async\" border=\"0\" src=\"https:\/\/blankpage.ee\/_ruumist-ruumi\/wp-content\/uploads\/2025\/03\/1-336.webp\" alt=\"dokkimisjaam tahvelarvutile\"\/><\/p>\n<h3>K\u00f5ik teie vajadused kaetud<\/h3>\n<p>INVZI MagHub 3 dokkimisjaam tahvelarvutile pakub muljetavaldavaid laiendusv\u00f5imalusi, muutes teie iPad Pro v\u00f5imsaks t\u00f6\u00f6riistaks. Seade on varustatud 4K@60Hz HDMI, SD\/MicroSD pesade, 3,5 mm audio sissep\u00e4\u00e4su, 100W USB-C laadimispordiga, kahe USB-A pordi ja \u00fche USB-C pordi 5Gbps andmeedastusega, tagades sellega mitmek\u00fclgsuse ja mugavuse. Nii saate h\u00f5lpsalt \u00fchendada k\u00f5ik vajalikke seadmeid ja tarvikuid dokkimisjaama tahvelarvutile kasutades.<\/p>\n<p><img decoding=\"async\" border=\"0\" src=\"https:\/\/blankpage.ee\/_ruumist-ruumi\/wp-content\/uploads\/2025\/03\/2-301.webp\" alt=\"dokkimisjaam tahvelarvutile \u2013 INVZI MagHub 3 \u00fchendusv\u00f5imalused\"\/><\/p>\n<h3>Uus mugavuse tase<\/h3>\n<p>MagHub 3 dokkimisjaam tahvelarvutile on loodud silmas pidades teie mugavust. Reguleeritav topeltliigend v\u00f5imaldab kohandada tahvelarvuti nurka pikaajalise kasutamise ajal, tagades ideaalse asendi nii t\u00f6\u00f6ks, meelelahutuseks kui ka videokonverentsideks. Lisaks on seade varustatud uuendusliku magnetilise kinnitusmehhanismiga, mis v\u00f5imaldab turvaliselt kinnitada ja eemaldada Apple Pencil m\u00f5lemalt k\u00fcljelt, hoides teie stylus alati k\u00e4ep\u00e4rast.<\/p>\n<p><img decoding=\"async\" border=\"0\" src=\"https:\/\/blankpage.ee\/_ruumist-ruumi\/wp-content\/uploads\/2025\/03\/5-201.webp\" alt=\"dokkimisjaam tahvelarvutile \u2013 MagHub 3 reguleeritav hoidik ja magnetiline kinnitus\"\/><\/p>\n<h3>Andmete \u00fclekandmine kerge vaevaga<\/h3>\n<p>Dokkimisjaam tahvelarvutile v\u00f5imaldab andmete lihtsat ja kiiret \u00fclekandmist t\u00e4nu mitmek\u00fclgsetele USB-portidele. \u00dclekandekiirus kuni 5Gbps teeb faile liigutades t\u00f6\u00f6 palju kiiremaks ja efektiivsemaks, aidates teil keskenduda p\u00f5hilistele \u00fclesannetele.<\/p>\n<p><img decoding=\"async\" border=\"0\" src=\"https:\/\/blankpage.ee\/_ruumist-ruumi\/wp-content\/uploads\/2025\/03\/3-273.webp\" alt=\"dokkimisjaam tahvelarvutile \u2013 andmete \u00fclekandmine USB-portide kaudu\"\/><\/p>\n<h3>Auhinnatud disain<\/h3>\n<p>INVZI MagHub 3 dokkimisjaam tahvelarvutile on valmistatud kvaliteetsest alumiiniumist, mis mitte ainult ei anna seadmest elegantset v\u00e4limust, vaid tagab ka suurep\u00e4rase vastupidavuse ja t\u00f5husa soojuse hajumise. Tugev konstruktsioon t\u00e4hendab, et seade kestab aastaid, s\u00e4ilitades kaasaegse disaini, mis sobib ideaalselt teie iPad Pro esteetikaga.<\/p>\n<p><img decoding=\"async\" border=\"0\" src=\"https:\/\/blankpage.ee\/_ruumist-ruumi\/wp-content\/uploads\/2025\/03\/4-235.webp\" alt=\"dokkimisjaam tahvelarvutile \u2013 INVZI MagHub 3 alumiiniumdisain\"\/><\/p>\n<div class=\"table-wrapper\">\n<h3>Tehnilised andmed<\/h3>\n<table>\n<tbody>\n<tr>\n<th>Tootja<\/th>\n<td>INVZI<\/td>\n<\/tr>\n<tr>\n<th>Mudel<\/th>\n<td>MH03<\/td>\n<\/tr>\n<tr>\n<th>Toetatud resolutsioon<\/th>\n<td>HDMI 4K@60Hz<\/td>\n<\/tr>\n<tr>\n<th>Reguleerimisv\u00f5imalus<\/th>\n<td>3 taset: 180\u00b0\/360\u00b0\/180\u00b0<\/td>\n<\/tr>\n<tr>\n<th>Laadimisv\u00f5imsus<\/th>\n<td>PD 100 W<\/td>\n<\/tr>\n<tr>\n<th>Andmeedastus<\/th>\n<td>5Gbps<\/td>\n<\/tr>\n<tr>\n<th>Saadaval olevad \u00fchendused<\/th>\n<td>USB-C PD, USB-C, USB-A x 2, Audio Jack, SD\/Micro SD, HDMI<\/td>\n<\/tr>\n<tr>\n<th>\u00dchilduvus<\/th>\n<td>Seadmed suurusega 4.7-12.9&#8243;<\/td>\n<\/tr>\n<\/tbody>\n<\/table>\n<\/div>\n","protected":false},"excerpt":{"rendered":"<p>Dokkimisjaam tahvelarvutile ja hoidik iPadile \u2013 INVZI MagHub 3 (MH03), 3x USB-C, 2x USB-A Tutvustame INVZI MagHub 3 \u2013 innovatiivset dokkimisjaama tahvelarvutile ja tahvelarvuti hoidikut, mis muudab teie iPad Pro mitmek\u00fclgseks t\u00f6\u00f6jaamaks. Auhinnatud CES2024 innovatsiooni auhindadega pakub seade suurep\u00e4rast funktsioonide valikut ka k\u00f5ige n\u00f5udlikumatele kasutajatele. K\u00f5ik teie vajadused kaetud INVZI MagHub 3 dokkimisjaam tahvelarvutile pakub [&hellip;]<\/p>\n","protected":false},"featured_media":157891,"comment_status":"open","ping_status":"open","template":"","meta":[],"product_brand":[2995],"product_cat":[2961],"product_tag":[],"class_list":{"0":"post-157885","1":"product","2":"type-product","3":"status-publish","4":"has-post-thumbnail","6":"product_brand-invzi","7":"product_cat-dokkimisjaamad-usb-jagajad-ja-hub-id","8":"product_shipping_class-innpro","10":"first","11":"outofstock","12":"sale","13":"taxable","14":"shipping-taxable","15":"purchasable","16":"product-type-simple"},"_links":{"self":[{"href":"https:\/\/blankpage.ee\/_ruumist-ruumi\/wp-json\/wp\/v2\/product\/157885","targetHints":{"allow":["GET"]}}],"collection":[{"href":"https:\/\/blankpage.ee\/_ruumist-ruumi\/wp-json\/wp\/v2\/product"}],"about":[{"href":"https:\/\/blankpage.ee\/_ruumist-ruumi\/wp-json\/wp\/v2\/types\/product"}],"replies":[{"embeddable":true,"href":"https:\/\/blankpage.ee\/_ruumist-ruumi\/wp-json\/wp\/v2\/comments?post=157885"}],"wp:featuredmedia":[{"embeddable":true,"href":"https:\/\/blankpage.ee\/_ruumist-ruumi\/wp-json\/wp\/v2\/media\/157891"}],"wp:attachment":[{"href":"https:\/\/blankpage.ee\/_ruumist-ruumi\/wp-json\/wp\/v2\/media?parent=157885"}],"wp:term":[{"taxonomy":"product_brand","embeddable":true,"href":"https:\/\/blankpage.ee\/_ruumist-ruumi\/wp-json\/wp\/v2\/product_brand?post=157885"},{"taxonomy":"product_cat","embeddable":true,"href":"https:\/\/blankpage.ee\/_ruumist-ruumi\/wp-json\/wp\/v2\/product_cat?post=157885"},{"taxonomy":"product_tag","embeddable":true,"href":"https:\/\/blankpage.ee\/_ruumist-ruumi\/wp-json\/wp\/v2\/product_tag?post=157885"}],"curies":[{"name":"wp","href":"https:\/\/api.w.org\/{rel}","templated":true}]}}