{"id":157893,"date":"2025-03-29T19:04:58","date_gmt":"2025-03-29T19:04:58","guid":{"rendered":"https:\/\/ruumistruumi.ee\/pood\/usb-jaotur-4x-invzi-mh04-4x-usb-3-0-must\/"},"modified":"2025-08-21T08:20:39","modified_gmt":"2025-08-21T08:20:39","slug":"usb-jaotur-4x-invzi-mh04-4x-usb-3-0-must","status":"publish","type":"product","link":"https:\/\/blankpage.ee\/_ruumist-ruumi\/pood\/usb-jaotur-4x-invzi-mh04-4x-usb-3-0-must\/","title":{"rendered":"USB jaotur 4x INVZI MH04 (4x USB 3.0, must)"},"content":{"rendered":"<h3>4-\u00fches USB jaotur 4x adapter, INVZI MH04 (must)<\/h3>\n<p>INVZI USB jaotur 4x pakub andmeedastuskiirust kuni 5 Gbps, mis on k\u00fcmme korda kiirem kui USB 2.0. Selle seadme abil saad edastada t\u00e4ispika HD-filmi vaid m\u00f5ne sekundiga. USB jaotur 4x on ideaalne lahendus k\u00f5igile, kes vajavad kiiret ja usaldusv\u00e4\u00e4rset \u00fchendust, kuid pane t\u00e4hele, et s\u00fcsteem ei toeta seadmete laadimist.<\/p>\n<p><img decoding=\"async\" border=\"0\" src=\"https:\/\/blankpage.ee\/_ruumist-ruumi\/wp-content\/uploads\/2025\/03\/2-302.webp\" alt=\"USB jaotur 4x kiire andmeedastus\"\/><\/p>\n<h3>Rohkem porte, rohkem v\u00f5imalusi<\/h3>\n<p>Laienda oma \u00fchte USB 3.0 porti neljaks ja naudi lihtsat \u00fchendamist erinevate seadmetega, sealhulgas m\u00e4lupulgad, hiired, klaviatuurid, k\u00f5larid, m\u00e4ngukonsoolid ja muud tarvikud. Selle USB jaotur 4x abil on seadmete \u00fchendamine v\u00f5imalik ilma keerukate seadistusteta. Lisaks toetab seade OTG-d, pakkudes paindlikku ja mugavat \u00fchendust igas olukorras.<\/p>\n<p><img decoding=\"async\" border=\"0\" src=\"https:\/\/blankpage.ee\/_ruumist-ruumi\/wp-content\/uploads\/2025\/03\/4-236.webp\" alt=\"USB jaotur 4x \u00fchendamise v\u00f5imalused\"\/><\/p>\n<h3>Erakordne ehituskvaliteet<\/h3>\n<p>INVZI USB jaotur 4x on varustatud uusima VL817 kiibiga ja termilise disainiga, mis aitab v\u00e4ltida voolut\u00f5use, \u00fclekoormusi, l\u00fchiseid ja \u00fclekuumenemist. Tugev ja vastupidav ehitus tagab pikaajalise t\u00f6\u00f6kindluse. Seade on plug-and-play lahendus, mis v\u00f5imaldab kiiret seadmete vahetust ilma arvuti taask\u00e4ivitamiseta, muutes selle ideaalseks igap\u00e4evaseks kasutamiseks. Lisaks on selle disaini eesm\u00e4rk tagada, et seade suudab taluda igap\u00e4evast koormust ning j\u00e4\u00e4da stabiilseks ka intensiivse kasutamise korral.<\/p>\n<p><img decoding=\"async\" border=\"0\" src=\"https:\/\/blankpage.ee\/_ruumist-ruumi\/wp-content\/uploads\/2025\/03\/6-154.webp\" alt=\"USB jaotur 4x turvaline kasutamine\"\/><\/p>\n<h3>Lai \u00fchilduvus<\/h3>\n<p>INVZI USB jaotur 4x t\u00f6\u00f6tab sujuvalt koos mitme operatsioonis\u00fcsteemiga, sealhulgas Windows 10, 8, 7, Vista, XP, Mac OS X 10.6 kuni 10.12 v\u00f5i uuemate versioonidega ning Linux 2.6.14 v\u00f5i uuemate versioonidega. See seadistus tagab, et seade on \u00fchilduv enamiku sinu arvuti ja muu elektroonikaga, pakkudes stabiilset ja kiiret andmeedastust. Universaalne \u00fchilduvus teeb USB jaotur 4x-st suurep\u00e4rase valiku nii koduseks kui ka kontorit\u00f6\u00f6ks.<\/p>\n<p><img decoding=\"async\" border=\"0\" src=\"https:\/\/blankpage.ee\/_ruumist-ruumi\/wp-content\/uploads\/2025\/03\/5-202.webp\" alt=\"USB jaotur 4x lai \u00fchilduvus\"\/><\/p>\n<div class=\"table-wrapper\">\n<p>\u00a0<\/p>\n<h3><\/h3>\n<table>\n<tbody>\n<tr>\n<th>Tootja<\/th>\n<td>INVZI<\/td>\n<\/tr>\n<tr>\n<th>Model<\/th>\n<td>MH04<\/td>\n<\/tr>\n<tr>\n<th>\u00dclekandekiirus<\/th>\n<td>5 Gbps<\/td>\n<\/tr>\n<tr>\n<th>\u00dchilduvus<\/th>\n<td>Windows 10, 8, 7, Vista, XP, Mac OS X 10.6\u201310.12 ja hilisemad, Linux 2.6.14 ja hilisemad<\/td>\n<\/tr>\n<\/tbody>\n<\/table>\n<\/div>\n","protected":false},"excerpt":{"rendered":"<p>4-\u00fches USB jaotur 4x adapter, INVZI MH04 (must) INVZI USB jaotur 4x pakub andmeedastuskiirust kuni 5 Gbps, mis on k\u00fcmme korda kiirem kui USB 2.0. Selle seadme abil saad edastada t\u00e4ispika HD-filmi vaid m\u00f5ne sekundiga. USB jaotur 4x on ideaalne lahendus k\u00f5igile, kes vajavad kiiret ja usaldusv\u00e4\u00e4rset \u00fchendust, kuid pane t\u00e4hele, et s\u00fcsteem ei toeta [&hellip;]<\/p>\n","protected":false},"featured_media":157898,"comment_status":"open","ping_status":"open","template":"","meta":[],"product_brand":[2995],"product_cat":[2961],"product_tag":[],"class_list":{"0":"post-157893","1":"product","2":"type-product","3":"status-publish","4":"has-post-thumbnail","6":"product_brand-invzi","7":"product_cat-dokkimisjaamad-usb-jagajad-ja-hub-id","8":"product_shipping_class-innpro","10":"first","11":"instock","12":"sale","13":"taxable","14":"shipping-taxable","15":"purchasable","16":"product-type-simple"},"_links":{"self":[{"href":"https:\/\/blankpage.ee\/_ruumist-ruumi\/wp-json\/wp\/v2\/product\/157893","targetHints":{"allow":["GET"]}}],"collection":[{"href":"https:\/\/blankpage.ee\/_ruumist-ruumi\/wp-json\/wp\/v2\/product"}],"about":[{"href":"https:\/\/blankpage.ee\/_ruumist-ruumi\/wp-json\/wp\/v2\/types\/product"}],"replies":[{"embeddable":true,"href":"https:\/\/blankpage.ee\/_ruumist-ruumi\/wp-json\/wp\/v2\/comments?post=157893"}],"wp:featuredmedia":[{"embeddable":true,"href":"https:\/\/blankpage.ee\/_ruumist-ruumi\/wp-json\/wp\/v2\/media\/157898"}],"wp:attachment":[{"href":"https:\/\/blankpage.ee\/_ruumist-ruumi\/wp-json\/wp\/v2\/media?parent=157893"}],"wp:term":[{"taxonomy":"product_brand","embeddable":true,"href":"https:\/\/blankpage.ee\/_ruumist-ruumi\/wp-json\/wp\/v2\/product_brand?post=157893"},{"taxonomy":"product_cat","embeddable":true,"href":"https:\/\/blankpage.ee\/_ruumist-ruumi\/wp-json\/wp\/v2\/product_cat?post=157893"},{"taxonomy":"product_tag","embeddable":true,"href":"https:\/\/blankpage.ee\/_ruumist-ruumi\/wp-json\/wp\/v2\/product_tag?post=157893"}],"curies":[{"name":"wp","href":"https:\/\/api.w.org\/{rel}","templated":true}]}}