{"id":158045,"date":"2025-03-29T19:07:58","date_gmt":"2025-03-29T19:07:58","guid":{"rendered":"https:\/\/ruumistruumi.ee\/pood\/nutikas-fotoraam-arzopa-p156w-156-tais-hd-32gb-wi-fi-puutetundlik\/"},"modified":"2025-08-21T08:20:38","modified_gmt":"2025-08-21T08:20:38","slug":"nutikas-fotoraam-arzopa-p156w-156-tais-hd-32gb-wi-fi-puutetundlik","status":"publish","type":"product","link":"https:\/\/blankpage.ee\/_ruumist-ruumi\/pood\/nutikas-fotoraam-arzopa-p156w-156-tais-hd-32gb-wi-fi-puutetundlik\/","title":{"rendered":"Nutikas fotoraam Arzopa P156W \u2013 15,6\u201d T\u00e4is-HD (32GB, Wi-Fi, Puutetundlik)"},"content":{"rendered":"<h3>Nutikas fotoraam Arzopa P156W \u2013 T\u00e4is-HD esitlus<\/h3>\n<p>Nutikas fotoraam Arzopa P156W on loodud pakkuma kaasaegset meelelahutust ning tipptasemel fotode ja videote esitust. Selle nutika fotoraami abil saad h\u00f5lpsalt jagada oma lemmikm\u00e4lestusi, nautides 15,6-tollist t\u00e4is-HD ekraani ja 32 GB sisem\u00e4lu. Kasutades intuitiivset rakendust, on piltide laadimine, redigeerimine ja esitamine kiire ning mugav.<\/p>\n<p><img decoding=\"async\" border=\"0\" src=\"https:\/\/blankpage.ee\/_ruumist-ruumi\/wp-content\/uploads\/2025\/03\/4-248.webp\" alt=\"Nutikas fotoraam rakendus telefonis\" \/><\/p>\n<h3>K\u00f5rge resolutsiooniga ekraan<\/h3>\n<p>P156W on varustatud 15,6-tollise ekraaniga, mille resolutsioon on 1920 x 1080 pikslit, et tagada selge ja detailne pildikvaliteet. Ekraani 16:9 kuvasuhe sobib suurep\u00e4raselt kaasaegsete multimeedia standarditega, muutes iga esituse elavamaks. See nutikas fotoraam annab sulle v\u00f5imaluse nautida igat pilti parimal kujul.<\/p>\n<p><img decoding=\"async\" border=\"0\" src=\"https:\/\/blankpage.ee\/_ruumist-ruumi\/wp-content\/uploads\/2025\/03\/1-353.webp\" alt=\"Nutikas fotoraam k\u00f5rge resolutsiooniga ekraan\" \/><\/p>\n<h3>Integreeritud m\u00e4lu ning formaaditoetus<\/h3>\n<p>Seade pakub 32 GB sisem\u00e4lu, mis v\u00f5imaldab salvestada tuhandeid fotosid ja videoid. Lisaks toetab nutikas fotoraam laia valikut failivormaatide gruppe \u2013 JPEG, JPG, PNG, WEBP ning videoformaate MP4, M4V ja 3GP \u2013 tagades maksimaalse \u00fchilduvuse erinevate sisuallikatega.<\/p>\n<p><img decoding=\"async\" border=\"0\" src=\"https:\/\/blankpage.ee\/_ruumist-ruumi\/wp-content\/uploads\/2025\/03\/7-141.webp\" alt=\"Nutikas fotoraam integreeritud m\u00e4lu\" \/><\/p>\n<h3>Mitmek\u00fclgne \u00fchenduvus<\/h3>\n<p>Seadmel on mitmeid \u00fchendamisv\u00f5imalusi, sealhulgas DC toiteport, USB-C port ja Micro SD kaardi pesa (toetab kuni 128 GB). Need v\u00f5imaldavad kiiret andmeedastust ning tagavad, et nutikas fotoraam saab suhelda erinevate v\u00e4lisseadmetega ilma igasuguste piiranguteta.<\/p>\n<p><img decoding=\"async\" border=\"0\" src=\"https:\/\/blankpage.ee\/_ruumist-ruumi\/wp-content\/uploads\/2025\/03\/6-169.webp\" alt=\"Nutikas fotoraam \u00fchenduvusv\u00f5imalused\" \/><\/p>\n<h3>Targad funktsioonid ja rakenduste tugi<\/h3>\n<p>Innovatiivsed funktsioonid, nagu automaatne p\u00f6\u00f6ramine ja raamit\u00e4itmine, tagavad, et k\u00f5ik olulised pildi osad on alati t\u00e4iuslikult esindatud. Seade t\u00f6\u00f6tab sujuvalt koos Frameo rakendusega, v\u00f5imaldades sul reaalajas hallata ja valida kuvatavat sisu, olenemata asukohast. See nutikas fotoraam v\u00f5imaldab sul nautida lihtsat ja paindlikku meelelahutust nii kodus kui kontoris.<\/p>\n<p><img decoding=\"async\" border=\"0\" src=\"https:\/\/blankpage.ee\/_ruumist-ruumi\/wp-content\/uploads\/2025\/03\/8-69.webp\" alt=\"Nutikas fotoraam Frameo rakendus\" \/><\/p>\n<h3>Puutetundlik ja mitmefunktsionaalne ekraan<\/h3>\n<p>Full HD puutetundlik ekraan v\u00f5imaldab sul mugavalt fotosid suumida, heledust reguleerida ja valida soovitud kuvare\u017eiime \u2013 n\u00e4iteks une re\u017eiimi, mis sobib ideaalselt \u00f6iseks kasutamiseks. Nutikas fotoraam Arzopa P156W annab sulle t\u00e4ieliku kontrolli ning tagab suurep\u00e4rase vaatajaskogemuse igas olukorras.<\/p>\n<p><img decoding=\"async\" border=\"0\" src=\"https:\/\/blankpage.ee\/_ruumist-ruumi\/wp-content\/uploads\/2025\/03\/5-215.webp\" alt=\"Nutikas fotoraam puutetundlik ekraan\" \/><\/p>\n<h3>Komplekti kuulub:<\/h3>\n<ul class=\"list-disc pl-5\">\n<li>Digitaalne raam<\/li>\n<li>Jalg (alus)<\/li>\n<li>Toiteadapter kaabliga<\/li>\n<li>Kasutusjuhend<\/li>\n<\/ul>\n<div class=\"table-wrapper\">\n<h3>Tehnilised andmed:<\/h3>\n<table>\n<tbody>\n<tr>\n<th>Tootja<\/th>\n<td>Arzopa<\/td>\n<\/tr>\n<tr>\n<th>Mudel<\/th>\n<td>P156W<\/td>\n<\/tr>\n<tr>\n<th>Ekraani suurus<\/th>\n<td>15,6&#8243;<\/td>\n<\/tr>\n<tr>\n<th>Resolutsioon<\/th>\n<td>1920 x 1080<\/td>\n<\/tr>\n<tr>\n<th>Heledus<\/th>\n<td>250 cd\/m2<\/td>\n<\/tr>\n<tr>\n<th>Kuvasuhe<\/th>\n<td>16:9<\/td>\n<\/tr>\n<tr>\n<th>M\u00e4lu<\/th>\n<td>32 GB<\/td>\n<\/tr>\n<tr>\n<th>RAM<\/th>\n<td>1 GB<\/td>\n<\/tr>\n<tr>\n<th>Protsessor<\/th>\n<td>RK3326 neljatuumaline Cortex-A35, sagedus kuni 1,5 GHz<\/td>\n<\/tr>\n<tr>\n<th>Failivormid<\/th>\n<td>JPEG, JPG, PNG, WEBP, MP4, M4V, 3GP<\/td>\n<\/tr>\n<tr>\n<th>\u00dchenduvus<\/th>\n<td>Wi-Fi<\/td>\n<\/tr>\n<tr>\n<th>\u00dchilduvad seadmed<\/th>\n<td>iOS, Android<\/td>\n<\/tr>\n<tr>\n<th>Toitepesa<\/th>\n<td>DC toite sisend<\/td>\n<\/tr>\n<tr>\n<th>K\u00f5rvaklappide pesa<\/th>\n<td>3,5 mm stereo k\u00f5rvaklappide v\u00e4ljund<\/td>\n<\/tr>\n<tr>\n<th>SD-kaart<\/th>\n<td>Toetab kuni 128G<\/td>\n<\/tr>\n<tr>\n<th>Adapter<\/th>\n<td>12V\/1A toiteadapter<\/td>\n<\/tr>\n<tr>\n<th>\u00dchilduv rakendus<\/th>\n<td>Frameo rakendus<\/td>\n<\/tr>\n<\/tbody>\n<\/table>\n<p>\u00a0<\/p>\n<\/div>\n","protected":false},"excerpt":{"rendered":"<p>Nutikas fotoraam Arzopa P156W \u2013 T\u00e4is-HD esitlus Nutikas fotoraam Arzopa P156W on loodud pakkuma kaasaegset meelelahutust ning tipptasemel fotode ja videote esitust. Selle nutika fotoraami abil saad h\u00f5lpsalt jagada oma lemmikm\u00e4lestusi, nautides 15,6-tollist t\u00e4is-HD ekraani ja 32 GB sisem\u00e4lu. Kasutades intuitiivset rakendust, on piltide laadimine, redigeerimine ja esitamine kiire ning mugav. K\u00f5rge resolutsiooniga ekraan P156W [&hellip;]<\/p>\n","protected":false},"featured_media":158052,"comment_status":"open","ping_status":"open","template":"","meta":[],"product_brand":[2996],"product_cat":[2979],"product_tag":[],"class_list":{"0":"post-158045","1":"product","2":"type-product","3":"status-publish","4":"has-post-thumbnail","6":"product_brand-arzopa","7":"product_cat-kaasaskantavad-monitorid","8":"product_shipping_class-innpro","10":"first","11":"instock","12":"sale","13":"taxable","14":"shipping-taxable","15":"purchasable","16":"product-type-simple"},"_links":{"self":[{"href":"https:\/\/blankpage.ee\/_ruumist-ruumi\/wp-json\/wp\/v2\/product\/158045","targetHints":{"allow":["GET"]}}],"collection":[{"href":"https:\/\/blankpage.ee\/_ruumist-ruumi\/wp-json\/wp\/v2\/product"}],"about":[{"href":"https:\/\/blankpage.ee\/_ruumist-ruumi\/wp-json\/wp\/v2\/types\/product"}],"replies":[{"embeddable":true,"href":"https:\/\/blankpage.ee\/_ruumist-ruumi\/wp-json\/wp\/v2\/comments?post=158045"}],"wp:featuredmedia":[{"embeddable":true,"href":"https:\/\/blankpage.ee\/_ruumist-ruumi\/wp-json\/wp\/v2\/media\/158052"}],"wp:attachment":[{"href":"https:\/\/blankpage.ee\/_ruumist-ruumi\/wp-json\/wp\/v2\/media?parent=158045"}],"wp:term":[{"taxonomy":"product_brand","embeddable":true,"href":"https:\/\/blankpage.ee\/_ruumist-ruumi\/wp-json\/wp\/v2\/product_brand?post=158045"},{"taxonomy":"product_cat","embeddable":true,"href":"https:\/\/blankpage.ee\/_ruumist-ruumi\/wp-json\/wp\/v2\/product_cat?post=158045"},{"taxonomy":"product_tag","embeddable":true,"href":"https:\/\/blankpage.ee\/_ruumist-ruumi\/wp-json\/wp\/v2\/product_tag?post=158045"}],"curies":[{"name":"wp","href":"https:\/\/api.w.org\/{rel}","templated":true}]}}