{"id":158388,"date":"2025-03-29T19:15:20","date_gmt":"2025-03-29T19:15:20","guid":{"rendered":"https:\/\/ruumistruumi.ee\/pood\/orico-25pw1-ketasumbris-2-5-tolline-hdd-ssd-ketasumbris-5gbps-usb-a-to-micro-b-must\/"},"modified":"2025-08-21T08:20:34","modified_gmt":"2025-08-21T08:20:34","slug":"orico-25pw1-ketasumbris-2-5-tolline-hdd-ssd-ketasumbris-5gbps-usb-a-to-micro-b-must","status":"publish","type":"product","link":"https:\/\/blankpage.ee\/_ruumist-ruumi\/pood\/orico-25pw1-ketasumbris-2-5-tolline-hdd-ssd-ketasumbris-5gbps-usb-a-to-micro-b-must\/","title":{"rendered":"Orico 25PW1 Ketas\u00fcmbris: 2.5-tolline HDD\/SSD ketas\u00fcmbris, 5Gbps, USB-A to Micro-B, must"},"content":{"rendered":"<h3>Orico 25PW1 Ketas\u00fcmbris \u2013 HDD\/SSD 2.5&#8243;, 5Gbps, USB-A to Micro-B (must)<\/h3>\n<p>Stiilne ja kaasaskantav Orico 25PW1 Ketas\u00fcmbris on m\u00f5eldud turvaliseks ja mugavaks andmete hoiustamiseks. Vastupidavatest materjalidest valmistatud s\u00fcmbris sobib ideaalselt 2.5-tolliste SATA-liidesega k\u00f5vaketaste jaoks, tagades usaldusv\u00e4\u00e4rse kaitse, 5 Gbps andmeedastuskiiruse ja kuni 6 TB mahutavuse. Selle moodne ja stiilne disain rahuldab iga kasutaja vajadusi.<\/p>\n<p>\n  <img decoding=\"async\" border=\"0\" src=\"https:\/\/blankpage.ee\/_ruumist-ruumi\/wp-content\/uploads\/2025\/03\/1-391.webp\" alt=\"Orico 25PW1 Ketas\u00fcmbris musta v\u00e4rvi 2.5-tolliste k\u00f5vaketaste jaoks\"\/>\n<\/p>\n<h3>Usaldusv\u00e4\u00e4rne lahendus n\u00f5udlikule kasutajale<\/h3>\n<p>Orico 25PW1 Ketas\u00fcmbris on suurep\u00e4rane valik professionaalidele, kes vajavad usaldusv\u00e4\u00e4rset ja kiiret salvestuslahendust, kuid sobib ka igap\u00e4evaseks kasutamiseks. \u00dchilduvusega 2.5-tolliste k\u00f5vaketaste ja SSD-dega pakub see muljetavaldavat kuni 6 TB mahutavust, muutes selle ideaalseks suurte andmefailide t\u00f6\u00f6tlemiseks. N\u00fc\u00fcdsest ei pea te enam muretsema andmeruumi puudumise ega vana failide kustutamise p\u00e4rast. Lisaks on Orico 25PW1 Ketas\u00fcmbris tuntud oma tipptasemel j\u00f5udluse poolest.<\/p>\n<p>\n  <img decoding=\"async\" border=\"0\" src=\"https:\/\/blankpage.ee\/_ruumist-ruumi\/wp-content\/uploads\/2025\/03\/3-314.webp\" alt=\"Orico 25PW1 Ketas\u00fcmbris muljetavaldav mahutavus kuni 6 TB\"\/>\n<\/p>\n<h3>Kohene andmeedastus ja tugev disain<\/h3>\n<p>Orico 25PW1 Ketas\u00fcmbris pakub uskumatut andmeedastuskiirust kuni 5 Gbps, ning USB 3.0 protokoll v\u00f5imaldab saavutada maksimaalseid edastuskiirusi kuni 490 MB\/s. Kerge, kuid vastupidav ja purunemiskindel korpus tagab hoiustatud andmete turvalisuse. Lisaks pakub sisseehitatud vahtmaterjal t\u00e4iendavat kaitset, v\u00e4hendades v\u00f5imalikke kahjustusi. P\u00e4rast 10 minutit tegevusetust l\u00e4heb seade automaatselt unere\u017eiimi, mis pikendab seadme kasutusiga ja kaitseb andmeid vigastuste eest.<\/p>\n<p>\n  <img decoding=\"async\" border=\"0\" src=\"https:\/\/blankpage.ee\/_ruumist-ruumi\/wp-content\/uploads\/2025\/03\/5-247.webp\" alt=\"Orico 25PW1 Ketas\u00fcmbris kiire andmeedastus kuni 5 Gbps\"\/>\n<\/p>\n<h3>Lai \u00fchilduvus ja lihtne paigaldus<\/h3>\n<p>T\u00f6\u00f6riistavaba paigaldusega on seadet lihtne ja kiire paigaldada. Seadet saab \u00fchendada erinevatele seadmetele, n\u00e4iteks nutitelefonidele, teleritele ja PS4 konsoolidele, ning see t\u00f6\u00f6tab erinevate operatsioonis\u00fcsteemidega, sealhulgas Windows, Linux, Mac OS ja Android. See muudab Orico 25PW1 Ketas\u00fcmbris ideaalseks lahenduseks igas olukorras, tagades \u00fchtlase ja usaldusv\u00e4\u00e4rse j\u00f5udluse. Lisaks toetab korpus plug-and-play funktsionaalsust, muutes selle kasutamise veelgi intuitiivsemaks.<\/p>\n<p>\n  <img decoding=\"async\" border=\"0\" src=\"https:\/\/blankpage.ee\/_ruumist-ruumi\/wp-content\/uploads\/2025\/03\/4-281.webp\" alt=\"Orico 25PW1 Ketas\u00fcmbris universaalne \u00fchilduvus ja lihtne paigaldus\"\/>\n<\/p>\n<h3>Komplektis<\/h3>\n<ul class=\"list-disc pl-5\">\n<li>kettakorpus<\/li>\n<li>andmekaabel<\/li>\n<li>kasutusjuhend<\/li>\n<\/ul>\n<div class=\"table-wrapper\">\n<p>&nbsp;<\/p>\n<h3><\/h3>\n<table>\n<tbody>\n<tr>\n<th>Tootja<\/th>\n<td>Orico<\/td>\n<\/tr>\n<tr>\n<th>Mudel<\/th>\n<td>25PW1<\/td>\n<\/tr>\n<tr>\n<th>V\u00e4rv<\/th>\n<td>must<\/td>\n<\/tr>\n<tr>\n<th>Liides<\/th>\n<td>Micro-B, Type-C<\/td>\n<\/tr>\n<tr>\n<th>Andmekaabel<\/th>\n<td>USB-A to Micro-B<\/td>\n<\/tr>\n<tr>\n<th>Andmeedastuskiirus<\/th>\n<td>5Gbps<\/td>\n<\/tr>\n<tr>\n<th>\u00dchilduvad seadmed<\/th>\n<td>Lauaarvuti, s\u00fclearvuti, ruuter, TV, PS4, tahvelarvuti<\/td>\n<\/tr>\n<tr>\n<th>Mahutavus<\/th>\n<td>6TB<\/td>\n<\/tr>\n<tr>\n<th>Konstruktsioonimaterjal<\/th>\n<td>ABS<\/td>\n<\/tr>\n<tr>\n<th>M\u00f5\u00f5tmed<\/th>\n<td>130 x 80 x 14.5 mm<\/td>\n<\/tr>\n<\/tbody>\n<\/table>\n<\/div>\n","protected":false},"excerpt":{"rendered":"<p>Orico 25PW1 Ketas\u00fcmbris \u2013 HDD\/SSD 2.5&#8243;, 5Gbps, USB-A to Micro-B (must) Stiilne ja kaasaskantav Orico 25PW1 Ketas\u00fcmbris on m\u00f5eldud turvaliseks ja mugavaks andmete hoiustamiseks. Vastupidavatest materjalidest valmistatud s\u00fcmbris sobib ideaalselt 2.5-tolliste SATA-liidesega k\u00f5vaketaste jaoks, tagades usaldusv\u00e4\u00e4rse kaitse, 5 Gbps andmeedastuskiiruse ja kuni 6 TB mahutavuse. Selle moodne ja stiilne disain rahuldab iga kasutaja vajadusi. Usaldusv\u00e4\u00e4rne [&hellip;]<\/p>\n","protected":false},"featured_media":158393,"comment_status":"open","ping_status":"open","template":"","meta":[],"product_brand":[2953],"product_cat":[3000],"product_tag":[],"class_list":{"0":"post-158388","1":"product","2":"type-product","3":"status-publish","4":"has-post-thumbnail","6":"product_brand-orico","7":"product_cat-kovaketta-korpused","8":"product_shipping_class-innpro","10":"first","11":"instock","12":"sale","13":"taxable","14":"shipping-taxable","15":"purchasable","16":"product-type-simple"},"_links":{"self":[{"href":"https:\/\/blankpage.ee\/_ruumist-ruumi\/wp-json\/wp\/v2\/product\/158388","targetHints":{"allow":["GET"]}}],"collection":[{"href":"https:\/\/blankpage.ee\/_ruumist-ruumi\/wp-json\/wp\/v2\/product"}],"about":[{"href":"https:\/\/blankpage.ee\/_ruumist-ruumi\/wp-json\/wp\/v2\/types\/product"}],"replies":[{"embeddable":true,"href":"https:\/\/blankpage.ee\/_ruumist-ruumi\/wp-json\/wp\/v2\/comments?post=158388"}],"wp:featuredmedia":[{"embeddable":true,"href":"https:\/\/blankpage.ee\/_ruumist-ruumi\/wp-json\/wp\/v2\/media\/158393"}],"wp:attachment":[{"href":"https:\/\/blankpage.ee\/_ruumist-ruumi\/wp-json\/wp\/v2\/media?parent=158388"}],"wp:term":[{"taxonomy":"product_brand","embeddable":true,"href":"https:\/\/blankpage.ee\/_ruumist-ruumi\/wp-json\/wp\/v2\/product_brand?post=158388"},{"taxonomy":"product_cat","embeddable":true,"href":"https:\/\/blankpage.ee\/_ruumist-ruumi\/wp-json\/wp\/v2\/product_cat?post=158388"},{"taxonomy":"product_tag","embeddable":true,"href":"https:\/\/blankpage.ee\/_ruumist-ruumi\/wp-json\/wp\/v2\/product_tag?post=158388"}],"curies":[{"name":"wp","href":"https:\/\/api.w.org\/{rel}","templated":true}]}}