{"id":158494,"date":"2025-03-29T19:17:15","date_gmt":"2025-03-29T19:17:15","guid":{"rendered":"https:\/\/ruumistruumi.ee\/pood\/baseus-ssd-umbris-flyjoy-m-2-nvme-usb-3-2-gen2-hall\/"},"modified":"2025-08-21T08:20:33","modified_gmt":"2025-08-21T08:20:33","slug":"baseus-ssd-umbris-flyjoy-m-2-nvme-usb-3-2-gen2-hall","status":"publish","type":"product","link":"https:\/\/blankpage.ee\/_ruumist-ruumi\/pood\/baseus-ssd-umbris-flyjoy-m-2-nvme-usb-3-2-gen2-hall\/","title":{"rendered":"Baseus SSD \u00fcmbris \u2013 FlyJoy M.2 NVMe (USB 3.2 Gen2, hall)"},"content":{"rendered":"<h3>Baseus SSD \u00fcmbris \u2013 FlyJoy seeria (hall)<\/h3>\n<p>Baseus SSD \u00fcmbris, osa Baseus FlyJoy seeriast, \u00fchendab endas muljetavaldava j\u00f5udluse ja patenteeritud andmekaitsetehnoloogia. See uuenduslik toode tagab kiire, turvalise ja stabiilse failiedastuse ning on ideaalne nii professionaalidele kui tehnoloogiahuvilistele. Esimesed kasutajad m\u00e4rkavad kohe, kuidas Baseus SSD \u00fcmbris muudab igap\u00e4evased andmeedastus\u00fclesanded sujuvaks ja efektiivseks.<\/p>\n<p>\n  <img decoding=\"async\" border=\"0\" src=\"https:\/\/blankpage.ee\/_ruumist-ruumi\/wp-content\/uploads\/2025\/03\/5-258.webp\" alt=\"Baseus SSD \u00fcmbris\"\/>\n<\/p>\n<h3>Kiire andmeedastus ilma viivitusteta<\/h3>\n<p>T\u00e4nu sisseehitatud Realteki kiibile ja USB 3.2 Gen2 standardile ulatuvad edastuskiirused kuni 10 Gbps. See t\u00e4hendab, et Baseus SSD \u00fcmbrisega saad edastada 1 GB andmeid umbes \u00fche sekundiga. UASP-andmeedastusprotokoll ning TRIM-funktsiooni tugi tagavad maksimaalse j\u00f5udluse ja stabiilsuse, minimeerides viivitusi ning v\u00f5imaldades sul keskenduda olulisematele \u00fclesannetele.<\/p>\n<p>\n  <img decoding=\"async\" border=\"0\" src=\"https:\/\/blankpage.ee\/_ruumist-ruumi\/wp-content\/uploads\/2025\/03\/3-321.webp\" alt=\"Kiire andmeedastus Baseus SSD \u00fcmbrisega\"\/>\n<\/p>\n<h3>Suur salvestusmahtude tugi<\/h3>\n<p>Baseus SSD \u00fcmbris toetab kuni 8TB SSD kettaid, v\u00f5imaldades sul salvestada tohutul hulgal andmeid \u2013 olgu tegemist kuni 2,78 miljoni HD-pildi, 5400 HD-filmi v\u00f5i 8,4 miljoni dokumendiga. See suur salvestusv\u00f5ime tagab, et sul ei tule kunagi muretsema andmete ruumikitsikuse p\u00e4rast.<\/p>\n<p>\n  <img decoding=\"async\" border=\"0\" src=\"https:\/\/blankpage.ee\/_ruumist-ruumi\/wp-content\/uploads\/2025\/03\/6-203.webp\" alt=\"Suur salvestusmaht Baseus SSD \u00fcmbrises\"\/>\n<\/p>\n<h3>Lai \u00fchilduvus<\/h3>\n<p>Toode t\u00f6\u00f6tab probleemideta erinevate SSD suurustega (2280, 2260, 2242, 2230) ning on \u00fchilduv Windowsi, macOS-i ja Linuxi operatsioonis\u00fcsteemidega. Kaasasolev USB-C\u2013USB-C kaabel v\u00f5imaldab sul \u00fchendada seadme enamikuga populaarsetest nutitelefonidest ja s\u00fclearvutitest, tagades Baseus SSD \u00fcmbrise mitmek\u00fclgsuse igas olukorras.<\/p>\n<p>\n  <img decoding=\"async\" border=\"0\" src=\"https:\/\/blankpage.ee\/_ruumist-ruumi\/wp-content\/uploads\/2025\/03\/4-291.webp\" alt=\"Lai \u00fchilduvus Baseus SSD \u00fcmbrisega\"\/>\n<\/p>\n<h3>T\u00f5hus jahutus ja kaitse<\/h3>\n<p>BTC-tehnoloogia, alumiiniumkorpus ja silikoonist jahutuspadi t\u00f6\u00f6tavad koos, et tagada t\u00f5hus soojuse hajutamine. See nutikas lahendus kaitseb SSD ketast \u00fclekuumenemise eest ja pikendab Baseus SSD \u00fcmbrise kasutusiga. Lisaks annab kaasasolev silikoonkate t\u00e4iendava kaitse mehaaniliste kahjustuste vastu.<\/p>\n<p>\n  <img decoding=\"async\" border=\"0\" src=\"https:\/\/blankpage.ee\/_ruumist-ruumi\/wp-content\/uploads\/2025\/03\/1-402.webp\" alt=\"Jahutus ja kaitse Baseus SSD \u00fcmbrises\"\/>\n<\/p>\n<h3>Lihtne paigaldus ja mugav kasutamine<\/h3>\n<p>Baseus SSD \u00fcmbris on loodud, et muuta paigaldus ja kasutamine v\u00f5imalikult lihtsaks. See ei n\u00f5ua keerulisi tehnilisi teadmisi \u2013 ainult \u00fchenda ja alusta! Mugav sisse\/v\u00e4lja l\u00fcliti ning sisseehitatud valgusindikaator muudavad seadme kasutamise intuitiivseks. Lisaks l\u00fclitub seade 10 minuti tegevuse puudumisel automaatselt unere\u017eiimi, s\u00e4\u00e4stes energiat ja pikendades ketta eluiga.<\/p>\n<p>\n  <img decoding=\"async\" border=\"0\" src=\"https:\/\/blankpage.ee\/_ruumist-ruumi\/wp-content\/uploads\/2025\/03\/2-350.webp\" alt=\"Mugav kasutamine Baseus SSD \u00fcmbrisega\"\/>\n<\/p>\n<h3>Komplektis<\/h3>\n<ul class=\"list-disc pl-5\">\n<li>Ketta korpus<\/li>\n<li>Silikoonist kate<\/li>\n<li>Jahutuse silikoonpadi<\/li>\n<li>USB-C\u2013USB-C kaabel<\/li>\n<\/ul>\n<div class=\"table-wrapper\">\n<p>\u00a0<\/p>\n<h3>Tehnilised andmed<\/h3>\n<table>\n<tbody>\n<tr>\n<th>Tootja<\/th>\n<td>Baseus<\/td>\n<\/tr>\n<tr>\n<th>Nimetus<\/th>\n<td>FlyJoy Series SSD \u00fcmbris (M.2 NVMe)<\/td>\n<\/tr>\n<tr>\n<th>Mudel<\/th>\n<td>B00760600811-01<\/td>\n<\/tr>\n<tr>\n<th>V\u00e4rv<\/th>\n<td>Hall<\/td>\n<\/tr>\n<tr>\n<th>Materjal<\/th>\n<td>Alumiiniumisulamist<\/td>\n<\/tr>\n<tr>\n<th>Kaal<\/th>\n<td>Ligikaudu 43 g<\/td>\n<\/tr>\n<tr>\n<th>\u00dchilduvus<\/th>\n<td>M2. NVMe<\/td>\n<\/tr>\n<tr>\n<th>Toetatud SSD suurused<\/th>\n<td>2280, 2260, 2242, 2230<\/td>\n<\/tr>\n<tr>\n<th>Andmeedastusprotokoll<\/th>\n<td>UASP<\/td>\n<\/tr>\n<tr>\n<th>Muu<\/th>\n<td>TRIM toe<\/td>\n<\/tr>\n<tr>\n<th>\u00dchilduvad operatsioonis\u00fcsteemid<\/th>\n<td>Windows, macOS, Linux<\/td>\n<\/tr>\n<\/tbody>\n<\/table>\n<\/div>\n","protected":false},"excerpt":{"rendered":"<p>Baseus SSD \u00fcmbris \u2013 FlyJoy seeria (hall) Baseus SSD \u00fcmbris, osa Baseus FlyJoy seeriast, \u00fchendab endas muljetavaldava j\u00f5udluse ja patenteeritud andmekaitsetehnoloogia. See uuenduslik toode tagab kiire, turvalise ja stabiilse failiedastuse ning on ideaalne nii professionaalidele kui tehnoloogiahuvilistele. Esimesed kasutajad m\u00e4rkavad kohe, kuidas Baseus SSD \u00fcmbris muudab igap\u00e4evased andmeedastus\u00fclesanded sujuvaks ja efektiivseks. Kiire andmeedastus ilma viivitusteta [&hellip;]<\/p>\n","protected":false},"featured_media":158501,"comment_status":"open","ping_status":"open","template":"","meta":[],"product_brand":[2876],"product_cat":[3000],"product_tag":[],"class_list":{"0":"post-158494","1":"product","2":"type-product","3":"status-publish","4":"has-post-thumbnail","6":"product_brand-baseus","7":"product_cat-kovaketta-korpused","8":"product_shipping_class-innpro","10":"first","11":"instock","12":"sale","13":"taxable","14":"shipping-taxable","15":"purchasable","16":"product-type-simple"},"_links":{"self":[{"href":"https:\/\/blankpage.ee\/_ruumist-ruumi\/wp-json\/wp\/v2\/product\/158494","targetHints":{"allow":["GET"]}}],"collection":[{"href":"https:\/\/blankpage.ee\/_ruumist-ruumi\/wp-json\/wp\/v2\/product"}],"about":[{"href":"https:\/\/blankpage.ee\/_ruumist-ruumi\/wp-json\/wp\/v2\/types\/product"}],"replies":[{"embeddable":true,"href":"https:\/\/blankpage.ee\/_ruumist-ruumi\/wp-json\/wp\/v2\/comments?post=158494"}],"wp:featuredmedia":[{"embeddable":true,"href":"https:\/\/blankpage.ee\/_ruumist-ruumi\/wp-json\/wp\/v2\/media\/158501"}],"wp:attachment":[{"href":"https:\/\/blankpage.ee\/_ruumist-ruumi\/wp-json\/wp\/v2\/media?parent=158494"}],"wp:term":[{"taxonomy":"product_brand","embeddable":true,"href":"https:\/\/blankpage.ee\/_ruumist-ruumi\/wp-json\/wp\/v2\/product_brand?post=158494"},{"taxonomy":"product_cat","embeddable":true,"href":"https:\/\/blankpage.ee\/_ruumist-ruumi\/wp-json\/wp\/v2\/product_cat?post=158494"},{"taxonomy":"product_tag","embeddable":true,"href":"https:\/\/blankpage.ee\/_ruumist-ruumi\/wp-json\/wp\/v2\/product_tag?post=158494"}],"curies":[{"name":"wp","href":"https:\/\/api.w.org\/{rel}","templated":true}]}}