{"id":158544,"date":"2025-03-30T09:29:42","date_gmt":"2025-03-30T09:29:42","guid":{"rendered":"https:\/\/ruumistruumi.ee\/pood\/maono-helikaart-amg1-neo-48v-xlr-rgb-bluetooth-4-2\/"},"modified":"2025-08-21T08:20:20","modified_gmt":"2025-08-21T08:20:20","slug":"maono-helikaart-amg1-neo-48v-xlr-rgb-bluetooth-4-2","status":"publish","type":"product","link":"https:\/\/blankpage.ee\/_ruumist-ruumi\/pood\/maono-helikaart-amg1-neo-48v-xlr-rgb-bluetooth-4-2\/","title":{"rendered":"Maono helikaart \u2013 AMG1 Neo (48V XLR, RGB, Bluetooth 4.2)"},"content":{"rendered":"<h3>Maono helikaart \u2013 AMG1 Neo (must variant)<\/h3>\n<p>See Maono helikaart on mitmek\u00fclgne helilahendus, mis t\u00f5stab sinu voogesituste ja salvestuste kvaliteeti t\u00e4nu professionaalsele helile, intuitiivsele juhtimisele ja muljetavaldavale RGB-valgustusele. Kompaktne disain sobib ideaalselt sinu t\u00f6\u00f6lauale ning XLR-sisend tagab kiire mikrofoni \u00fchendamise.<\/p>\n<p><img decoding=\"async\" border=\"0\" src=\"https:\/\/blankpage.ee\/_ruumist-ruumi\/wp-content\/uploads\/2025\/03\/7-163.webp\" alt=\"Maono helikaart - vaade laual\"\/><\/p>\n<h3>Suurep\u00e4rane helikvaliteet<\/h3>\n<p>Maono helikaart pakub esmaklassilist helikvaliteeti sisseehitatud eelv\u00f5imendi ja 48V fantoomtoitega, mis maksimeerib sinu XLR-mikrofoni potentsiaali. T\u00e4psed heliseaded tagavad, et sinu kuulajad kuulevad sind selgelt ning v\u00f5imsalt, ilma detailidest ja n\u00fcanssidest loovutamata.<\/p>\n<p><img decoding=\"async\" border=\"0\" src=\"https:\/\/blankpage.ee\/_ruumist-ruumi\/wp-content\/uploads\/2025\/03\/1-403.webp\" alt=\"Maono helikaart - l\u00e4hedalt vaade\"\/><\/p>\n<h3>Ideaalne voogesitajatele<\/h3>\n<p>\u00dche nupuvajutusega mikrofoni v\u00f5i muusika vaigistamise funktsioonid annavad sulle t\u00e4pse helikontrolli. Kaheastmeline m\u00fcra v\u00e4hendamine (kuni 20 dB ja kuni 30 dB) tagab kristallselge heli ning v\u00e4hendab taustam\u00fcra, andes sulle vabaduse korraldada kaasahaaravaid voogesitusi ja virtuaalseid koosolekuid.<\/p>\n<p><img decoding=\"async\" border=\"0\" src=\"https:\/\/blankpage.ee\/_ruumist-ruumi\/wp-content\/uploads\/2025\/03\/5-262.webp\" alt=\"Maono helikaart - ideaalne voogesitajatele\"\/><\/p>\n<h3>Lihtne monitooring<\/h3>\n<p>Maono helikaart v\u00f5imaldab lihtsat ja intuitiivset heli juhtimist voogesituse ajal. Seade toetab funktsioone nagu Loopback ja Direct Monitor, mis v\u00f5imaldavad kuulata oma h\u00e4\u00e4lt reaalajas. Mugavad sisseehitatud l\u00fclitid muudavad seadme kasutamise sujuvaks ja praktiliseks.<\/p>\n<p><img decoding=\"async\" border=\"0\" src=\"https:\/\/blankpage.ee\/_ruumist-ruumi\/wp-content\/uploads\/2025\/03\/6-206.webp\" alt=\"Maono helikaart - monitooringu funktsioon\"\/><\/p>\n<h3>Kohanda oma heli vastavalt vajadusele<\/h3>\n<p>Helikaardil on loomingulised omadused, sealhulgas h\u00e4\u00e4le muutmise funktsioon, mis v\u00f5imaldab sul k\u00f5lada n\u00e4iteks robotina v\u00f5i lapsena. Personaliseeritud nupud annavad sulle v\u00f5imaluse luua unikaalseid heliefekte, samas kui reverb ja sidechain funktsioonid sobivad ideaalselt laulmiseks ja muuks loominguliseks t\u00f6\u00f6ks.<\/p>\n<p><img decoding=\"async\" border=\"0\" src=\"https:\/\/blankpage.ee\/_ruumist-ruumi\/wp-content\/uploads\/2025\/03\/2-352.webp\" alt=\"Maono helikaart - h\u00e4\u00e4le muutmise funktsioon\"\/><\/p>\n<h3>V\u00e4rvikas RGB-valgustus<\/h3>\n<p>Tootel on lisaks v\u00f5imas helilahendus pakkudes vapustavat RGB-valgustust, mis annab seadmele unikaalse m\u00e4ngulise iseloomu. Saad valida 11 re\u017eiimi vahel ning isikup\u00e4rastada valguse vastavalt ruumi sisekujundusele. Nupud ja valgusribad on kohandatavad \u00fchev\u00e4rviliste, gradiendi ja isegi vikerkaare efektidega.<\/p>\n<p><img decoding=\"async\" border=\"0\" src=\"https:\/\/blankpage.ee\/_ruumist-ruumi\/wp-content\/uploads\/2025\/03\/4-294.webp\" alt=\"Maono helikaart - RGB valgustus\"\/><\/p>\n<h3>Lai \u00fchilduvus<\/h3>\n<p>Maono helikaart t\u00f6\u00f6tab probleemideta telefonide, arvutite ja tahvelarvutitega. Seade toetab sujuvat salvestamist populaarsete programmide nagu OBS Studio, Discord, Twitch, TikTok, YouTube, Facebook, Streamlabs, StreamYard ja Zoom abil. Lisaks toetab toode Bluetooth 4.2, mis v\u00f5imaldab kiiret ja lihtsat \u00fchendamist, muutes selle ideaalseks nii voogesitajatele kui ka professionaalsetele salvestajatele.<\/p>\n<p><img decoding=\"async\" border=\"0\" src=\"https:\/\/blankpage.ee\/_ruumist-ruumi\/wp-content\/uploads\/2025\/03\/3-323.webp\" alt=\"Maono helikaart - \u00fchilduvus erinevate seadmetega\"\/><\/p>\n<div class=\"table-wrapper\">\n<p>\u00a0<\/p>\n<h3><\/h3>\n<table>\n<tbody>\n<tr>\n<th>Tootja<\/th>\n<td>Maono<\/td>\n<\/tr>\n<tr>\n<th>Nimi<\/th>\n<td>Maonocaster AMG1 NEO<\/td>\n<\/tr>\n<tr>\n<th>Mudel<\/th>\n<td>G1 Neo<\/td>\n<\/tr>\n<tr>\n<th>Sagedusreaktsioon<\/th>\n<td>20 Hz &#8211; 20 kHz<\/td>\n<\/tr>\n<tr>\n<th>THD<\/th>\n<td>&lt; 0.05% 1 kHz<\/td>\n<\/tr>\n<tr>\n<th>Prooviv\u00f5tu sagedus<\/th>\n<td>48 kHz \/ 16 bit<\/td>\n<\/tr>\n<tr>\n<th>Juhtmevaba \u00fchenduvus<\/th>\n<td>Bluetooth 4.2<\/td>\n<\/tr>\n<\/tbody>\n<\/table>\n<\/div>\n","protected":false},"excerpt":{"rendered":"<p>Maono helikaart \u2013 AMG1 Neo (must variant) See Maono helikaart on mitmek\u00fclgne helilahendus, mis t\u00f5stab sinu voogesituste ja salvestuste kvaliteeti t\u00e4nu professionaalsele helile, intuitiivsele juhtimisele ja muljetavaldavale RGB-valgustusele. Kompaktne disain sobib ideaalselt sinu t\u00f6\u00f6lauale ning XLR-sisend tagab kiire mikrofoni \u00fchendamise. Suurep\u00e4rane helikvaliteet Maono helikaart pakub esmaklassilist helikvaliteeti sisseehitatud eelv\u00f5imendi ja 48V fantoomtoitega, mis maksimeerib sinu [&hellip;]<\/p>\n","protected":false},"featured_media":158552,"comment_status":"open","ping_status":"open","template":"","meta":[],"product_brand":[3017],"product_cat":[2981],"product_tag":[],"class_list":{"0":"post-158544","1":"product","2":"type-product","3":"status-publish","4":"has-post-thumbnail","6":"product_brand-maono","7":"product_cat-valised-helikaardid","8":"product_shipping_class-innpro","10":"first","11":"instock","12":"sale","13":"taxable","14":"shipping-taxable","15":"purchasable","16":"product-type-simple"},"_links":{"self":[{"href":"https:\/\/blankpage.ee\/_ruumist-ruumi\/wp-json\/wp\/v2\/product\/158544","targetHints":{"allow":["GET"]}}],"collection":[{"href":"https:\/\/blankpage.ee\/_ruumist-ruumi\/wp-json\/wp\/v2\/product"}],"about":[{"href":"https:\/\/blankpage.ee\/_ruumist-ruumi\/wp-json\/wp\/v2\/types\/product"}],"replies":[{"embeddable":true,"href":"https:\/\/blankpage.ee\/_ruumist-ruumi\/wp-json\/wp\/v2\/comments?post=158544"}],"wp:featuredmedia":[{"embeddable":true,"href":"https:\/\/blankpage.ee\/_ruumist-ruumi\/wp-json\/wp\/v2\/media\/158552"}],"wp:attachment":[{"href":"https:\/\/blankpage.ee\/_ruumist-ruumi\/wp-json\/wp\/v2\/media?parent=158544"}],"wp:term":[{"taxonomy":"product_brand","embeddable":true,"href":"https:\/\/blankpage.ee\/_ruumist-ruumi\/wp-json\/wp\/v2\/product_brand?post=158544"},{"taxonomy":"product_cat","embeddable":true,"href":"https:\/\/blankpage.ee\/_ruumist-ruumi\/wp-json\/wp\/v2\/product_cat?post=158544"},{"taxonomy":"product_tag","embeddable":true,"href":"https:\/\/blankpage.ee\/_ruumist-ruumi\/wp-json\/wp\/v2\/product_tag?post=158544"}],"curies":[{"name":"wp","href":"https:\/\/api.w.org\/{rel}","templated":true}]}}