{"id":158556,"date":"2025-03-30T09:29:42","date_gmt":"2025-03-30T09:29:42","guid":{"rendered":"https:\/\/ruumistruumi.ee\/pood\/maono-ame2-helikaart-usb-c-bluetooth-32-bitine-2000-mah\/"},"modified":"2025-08-21T08:20:20","modified_gmt":"2025-08-21T08:20:20","slug":"maono-ame2-helikaart-usb-c-bluetooth-32-bitine-2000-mah","status":"publish","type":"product","link":"https:\/\/blankpage.ee\/_ruumist-ruumi\/pood\/maono-ame2-helikaart-usb-c-bluetooth-32-bitine-2000-mah\/","title":{"rendered":"Maono AME2 Helikaart (USB-C, Bluetooth, 32-bitine, 2000 mAh)"},"content":{"rendered":"<h3>Maono AME2 helikaart (must variant)<\/h3>\n<p>Maono helikaart Maono AME2 on mitmek\u00fclgne ja v\u00f5imas seade, mis t\u00f5stab teie heli\u00fclekannete ja salvestuste kvaliteeti t\u00e4nu t\u00e4iustatud funktsioonidele, intuitiivsele kasutajaliidesele ja laiale \u00fchilduvusele. Seade tagab suurep\u00e4rase helikvaliteedi ning sobib ideaalselt podcastide salvestamiseks, voogesituseks ja muude sisu loomiseks.<\/p>\n<p>\n  <img decoding=\"async\" border=\"0\" src=\"https:\/\/blankpage.ee\/_ruumist-ruumi\/wp-content\/uploads\/2025\/03\/1-404.webp\" alt=\"Maono helikaart esivaade\"\/>\n<\/p>\n<h3>Ideaalne voogesituse lahendus<\/h3>\n<p>Maono helikaart \u00fchendab revolutsioonilised omadused, pakkudes piiramatuid kohandamisv\u00f5imalusi ja kasutusmugavust. Seade on loodud kaasaegsete audiotootmisstuudiote jaoks ning \u00fchilduv arvutite, nutitelefonide, tahvelarvutite ja kaameratega nii Windowsi kui Mac OS-iga. Lisaks tagab see lisafunktsioonide abil alati k\u00f5rgekvaliteedilise helikogemuse, mida iseloomustab usaldusv\u00e4\u00e4rne Maono helikaart.<\/p>\n<p>\n  <img decoding=\"async\" border=\"0\" src=\"https:\/\/blankpage.ee\/_ruumist-ruumi\/wp-content\/uploads\/2025\/03\/3-324.webp\" alt=\"Maono helikaart voogedastuseks\"\/>\n<\/p>\n<h3>Esimese klassi heli<\/h3>\n<p>AME2-l on sisseehitatud kvaliteetsed eelsegistajad ja see toetab fantoomtoidet, pakkudes optimaalseid tingimusi XLR-mikrofonidele. Seadmel on 3-positsiooniline v\u00f5imenduse juhtimisfunktsioon, mis tagab tipptasemel heli madala m\u00fcra (kuni 60 dB). Lisaks tugevdavad 32-bitine kiip ja DENOISE-funktsioon heli kvaliteeti nii d\u00fcnaamiliste kui ka kondensaator mikrofonide kasutamisel.<\/p>\n<p>\n  <img decoding=\"async\" border=\"0\" src=\"https:\/\/blankpage.ee\/_ruumist-ruumi\/wp-content\/uploads\/2025\/03\/2-353.webp\" alt=\"Kvaliteetsed eelsegistajad Maono helikaartiga\"\/>\n<\/p>\n<h3>Kohanda heli oma ootustele<\/h3>\n<p>Seade v\u00f5imaldab teil kohandada heli s\u00fcgavust ja ajastust kuue erineva reverbi re\u017eiimi abil. Lisaks on saadaval kolm muudetavat tooni (k\u00f5rge, keskmine ja madal), 12-sammuline automaatne h\u00e4\u00e4lestus ning toonimuutmise nupud, mis v\u00f5imaldavad saavutada t\u00e4pselt soovitud helin\u00e4itajad. Iga mikrofoni sisend t\u00f6\u00f6deldakse eraldi, tagades professionaalse ja usaldusv\u00e4\u00e4rse salvestuse.<\/p>\n<p>\n  <img decoding=\"async\" border=\"0\" src=\"https:\/\/blankpage.ee\/_ruumist-ruumi\/wp-content\/uploads\/2025\/03\/5-263.webp\" alt=\"Heli kohandamine Maono helikaardiga\"\/>\n<\/p>\n<h3>Lai \u00fchilduvus<\/h3>\n<p>Maono helikaart on loodud mitme seadme \u00fchendamiseks. \u00dchendage seade arvuti v\u00f5i tahvelarvutiga l\u00e4bi USB-C liidese, stuudiomonitoriga MONITOR SPK kaudu v\u00f5i nutitelefoni ja teiste seadmetega l\u00e4bi AUX-IN sisendi. LIVE-OUTPUT1\/2 v\u00e4ljundid tagavad mugava salvestus- ja vooglahenduse. M\u00e4rkus: USB-C mikrofonid ei ole toetatud.<\/p>\n<p>\n  <img decoding=\"async\" border=\"0\" src=\"https:\/\/blankpage.ee\/_ruumist-ruumi\/wp-content\/uploads\/2025\/03\/6-207.webp\" alt=\"Lai \u00fchilduvus Maono helikaardiga\"\/>\n<\/p>\n<h3>Komplekti kuulub<\/h3>\n<p>Pakend sisaldab helikaarti, USB-A \u2013 USB-C laadimiskaablit, kahte TRRS 3.5mm audiokaablit ja kasutusjuhendit, pakkudes k\u00f5ike vajaliku kiireks kasutuselev\u00f5tuks.<\/p>\n<ul class=\"list-disc pl-5\">\n<li>Helikaart<\/li>\n<li>USB-A \u2013 USB-C laadimiskaabel<\/li>\n<li>TRRS 3.5mm audiokaabel x2<\/li>\n<li>Kasutusjuhend<\/li>\n<\/ul>\n<div class=\"table-wrapper\">\n<h3>Tehnilised andmed<\/h3>\n<table>\n<tbody>\n<tr>\n<th>Tootja<\/th>\n<td>Maono<\/td>\n<\/tr>\n<tr>\n<th>Mudel<\/th>\n<td>AME2<\/td>\n<\/tr>\n<tr>\n<th>Andme\u00fclekande liides<\/th>\n<td>USB-C<\/td>\n<\/tr>\n<tr>\n<th>Sagedusvahemik<\/th>\n<td>20 Hz &#8211; 20 kHz<\/td>\n<\/tr>\n<tr>\n<th>THD<\/th>\n<td>&lt; 0.05% 1 kHz<\/td>\n<\/tr>\n<tr>\n<th>K\u00f5rvaklappide v\u00e4ljundv\u00f5imsus<\/th>\n<td>20 mW, 32\u03a9 (1 kHz, THD + N = 1%)<\/td>\n<\/tr>\n<tr>\n<th>Prooviv\u00f5tusagedus<\/th>\n<td>48 kHz \/ 16 bit<\/td>\n<\/tr>\n<tr>\n<th>Juhtmevaba \u00fchendus<\/th>\n<td>Bluetooth 4.2<\/td>\n<\/tr>\n<tr>\n<th>Akut\u00fc\u00fcp<\/th>\n<td>Liitium-pol\u00fcmeer<\/td>\n<\/tr>\n<tr>\n<th>Akumaht<\/th>\n<td>2000 mAh<\/td>\n<\/tr>\n<tr>\n<th>Laadimisparameetrid<\/th>\n<td>5 V \/ 1 A<\/td>\n<\/tr>\n<tr>\n<th>Laadimisaeg<\/th>\n<td>Umbes 3 tundi<\/td>\n<\/tr>\n<tr>\n<th>T\u00f6\u00f6aeg<\/th>\n<td>Umbes 8 tundi<\/td>\n<\/tr>\n<tr>\n<th>M\u00f5\u00f5tmed<\/th>\n<td>24.5 x 15.7 x 5.5 cm<\/td>\n<\/tr>\n<\/tbody>\n<\/table>\n<\/div>\n","protected":false},"excerpt":{"rendered":"<p>Maono AME2 helikaart (must variant) Maono helikaart Maono AME2 on mitmek\u00fclgne ja v\u00f5imas seade, mis t\u00f5stab teie heli\u00fclekannete ja salvestuste kvaliteeti t\u00e4nu t\u00e4iustatud funktsioonidele, intuitiivsele kasutajaliidesele ja laiale \u00fchilduvusele. Seade tagab suurep\u00e4rase helikvaliteedi ning sobib ideaalselt podcastide salvestamiseks, voogesituseks ja muude sisu loomiseks. Ideaalne voogesituse lahendus Maono helikaart \u00fchendab revolutsioonilised omadused, pakkudes piiramatuid kohandamisv\u00f5imalusi ja [&hellip;]<\/p>\n","protected":false},"featured_media":158562,"comment_status":"open","ping_status":"open","template":"","meta":[],"product_brand":[3017],"product_cat":[2981],"product_tag":[],"class_list":{"0":"post-158556","1":"product","2":"type-product","3":"status-publish","4":"has-post-thumbnail","6":"product_brand-maono","7":"product_cat-valised-helikaardid","8":"product_shipping_class-innpro","10":"first","11":"instock","12":"sale","13":"taxable","14":"shipping-taxable","15":"purchasable","16":"product-type-simple"},"_links":{"self":[{"href":"https:\/\/blankpage.ee\/_ruumist-ruumi\/wp-json\/wp\/v2\/product\/158556","targetHints":{"allow":["GET"]}}],"collection":[{"href":"https:\/\/blankpage.ee\/_ruumist-ruumi\/wp-json\/wp\/v2\/product"}],"about":[{"href":"https:\/\/blankpage.ee\/_ruumist-ruumi\/wp-json\/wp\/v2\/types\/product"}],"replies":[{"embeddable":true,"href":"https:\/\/blankpage.ee\/_ruumist-ruumi\/wp-json\/wp\/v2\/comments?post=158556"}],"wp:featuredmedia":[{"embeddable":true,"href":"https:\/\/blankpage.ee\/_ruumist-ruumi\/wp-json\/wp\/v2\/media\/158562"}],"wp:attachment":[{"href":"https:\/\/blankpage.ee\/_ruumist-ruumi\/wp-json\/wp\/v2\/media?parent=158556"}],"wp:term":[{"taxonomy":"product_brand","embeddable":true,"href":"https:\/\/blankpage.ee\/_ruumist-ruumi\/wp-json\/wp\/v2\/product_brand?post=158556"},{"taxonomy":"product_cat","embeddable":true,"href":"https:\/\/blankpage.ee\/_ruumist-ruumi\/wp-json\/wp\/v2\/product_cat?post=158556"},{"taxonomy":"product_tag","embeddable":true,"href":"https:\/\/blankpage.ee\/_ruumist-ruumi\/wp-json\/wp\/v2\/product_tag?post=158556"}],"curies":[{"name":"wp","href":"https:\/\/api.w.org\/{rel}","templated":true}]}}