{"id":158608,"date":"2025-03-30T09:29:42","date_gmt":"2025-03-30T09:29:42","guid":{"rendered":"https:\/\/ruumistruumi.ee\/pood\/juhtmevaba-klaviatuur-mofii-sweet-new-2-4g-klaviatuur-ja-hiire-komplekt-oranz-reguleeritav-dpi\/"},"modified":"2025-08-21T08:20:33","modified_gmt":"2025-08-21T08:20:33","slug":"juhtmevaba-klaviatuur-mofii-sweet-new-2-4g-klaviatuur-ja-hiire-komplekt-oranz-reguleeritav-dpi","status":"publish","type":"product","link":"https:\/\/blankpage.ee\/_ruumist-ruumi\/pood\/juhtmevaba-klaviatuur-mofii-sweet-new-2-4g-klaviatuur-ja-hiire-komplekt-oranz-reguleeritav-dpi\/","title":{"rendered":"Juhtmevaba klaviatuur \u2013 MOFII Sweet New 2.4G Klaviatuur ja Hiire Komplekt (Oran\u017e, Reguleeritav DPI)"},"content":{"rendered":"<h3>MOFII Sweet New 2.4G juhtmevaba klaviatuur ja hiire komplekt (Oran\u017e)<\/h3>\n<p>MOFII Sweet New 2.4G juhtmevaba klaviatuur ja hiire komplekt on ideaalne valik neile, kes hindavad oma kontoriseadmete esteetikat ja funktsionaalsust. Komplekt sisaldab klaviatuuri, millel on 104 klahvi, ning ergonoomilist hiirt, mille DPI-tundlikkust saab h\u00f5lpsasti kohandada. Seadistatud 3 energiakokkuhoiu re\u017eiimi pikendavad patareide t\u00f6\u00f6aega oluliselt. Lisaks on komplekt \u00fchilduv erinevate operatsioonis\u00fcsteemidega ning paigaldus on kiire ja lihtne, sest lisadraivereid pole vaja.<\/p>\n<p>\n  <img decoding=\"async\" border=\"0\" src=\"https:\/\/blankpage.ee\/_ruumist-ruumi\/wp-content\/uploads\/2025\/03\/4-300.webp\" alt=\"MOFII Sweet New 2.4G juhtmevaba klaviatuur ja hiire komplekt \u2013 oran\u017e\" \/>\n<\/p>\n<h3>Usaldusv\u00e4\u00e4rne juhtmevaba \u00fchendus<\/h3>\n<p>Vabanege mittevajalikest kaablitest ja nautige juhtmevaba tehnoloogia pakkumat vabadust! MOFII Sweet New komplekt tagab stabiilse 2.4G juhtmevaba \u00fchenduse, mille t\u00f6\u00f6ulatus on 6 kuni 10 meetrit. See v\u00f5imaldab teil liigutada ennast vabalt nii d\u00fcnaamilises kontoris kui ka kodus, ilma et kaablid takistaksid t\u00f6\u00f6d.<\/p>\n<p>\n  <img decoding=\"async\" border=\"0\" src=\"https:\/\/blankpage.ee\/_ruumist-ruumi\/wp-content\/uploads\/2025\/03\/1-412.webp\" alt=\"MOFII Sweet New 2.4G juhtmevaba klaviatuur \u2013 \u00fchenduse funktsionaalsus\" \/>\n<\/p>\n<h3>Klaviatuur \u2013 kirjutamise mugavus<\/h3>\n<p>Komplekti kuuluv klaviatuur paistab silma oma mugavusega ning tagab kiire reageerimise t\u00e4nu 104 klahvile. Funktsiooniklahvid v\u00f5imaldavad arvuti funktsioone h\u00f5lpsalt hallata ning klahvide kestvus, ulatudes 8 miljonini vajutust, tagab pikaajalise t\u00f6\u00f6kindluse.<\/p>\n<p>\n  <img decoding=\"async\" border=\"0\" src=\"https:\/\/blankpage.ee\/_ruumist-ruumi\/wp-content\/uploads\/2025\/03\/3-332.webp\" alt=\"MOFII Sweet New 2.4G juhtmevaba klaviatuur \u2013 kirjutamise mugavus\" \/>\n<\/p>\n<h3>Hiir \u2013 t\u00e4psus igas liikumises<\/h3>\n<p>Kaasas olev hiir, mille DPI on reguleeritav 800\/1200\/1600 vahel, v\u00f5imaldab teil t\u00e4pselt kohandada liikumise tundlikkust. Hiir, v\u00e4ga kerge ehk vaid 80 grammi, v\u00e4hendab k\u00e4ev\u00e4simust ning selle ergonoomiline disain ja 4 nuppu, mille t\u00f6\u00f6iga ulatub kuni 3 miljonini vajutust, loovad mugava kasutuskogemuse.<\/p>\n<p>\n  <img decoding=\"async\" border=\"0\" src=\"https:\/\/blankpage.ee\/_ruumist-ruumi\/wp-content\/uploads\/2025\/03\/2-358.webp\" alt=\"MOFII Sweet New 2.4G juhtmevaba klaviatuur ja hiire komplekt \u2013 hiire t\u00e4psus ja ergonoomika\" \/>\n<\/p>\n<h3>Komplekti kuulub:<\/h3>\n<ul class=\"list-disc pl-5\">\n<li>Klaviatuur<\/li>\n<li>Hiir<\/li>\n<li>Vastuv\u00f5tja<\/li>\n<\/ul>\n<div class=\"table-wrapper\">\n<p>\u00a0<\/p>\n<table>\n<tbody>\n<tr>\n<th>Tootja<\/th>\n<td>Mofii<\/td>\n<\/tr>\n<tr>\n<th>Mudel<\/th>\n<td>New SMK-623387AG O<\/td>\n<\/tr>\n<tr>\n<th>V\u00e4rvus<\/th>\n<td>Oran\u017e<\/td>\n<\/tr>\n<tr>\n<th>\u00dchendus<\/th>\n<td>Juhtmevaba, 2.4G<\/td>\n<\/tr>\n<tr>\n<th>Ulatuse vahemik<\/th>\n<td>6-10 meetrit<\/td>\n<\/tr>\n<tr>\n<th>\u00dchilduvad operatsioonis\u00fcsteemid<\/th>\n<td>Windows 2000\/Windows XP\/Windows ME\/Windows Vista\/Windows 7\/8\/10<\/td>\n<\/tr>\n<\/tbody>\n<\/table>\n<p>\u00a0<\/p>\n<h3>Hiir<\/h3>\n<table>\n<tbody>\n<tr>\n<th>DPI<\/th>\n<td>800\/1200\/1600<\/td>\n<\/tr>\n<tr>\n<th>Nuppude arv<\/th>\n<td>4<\/td>\n<\/tr>\n<tr>\n<th>Nupu eluiga<\/th>\n<td>3 miljonit vajutust<\/td>\n<\/tr>\n<tr>\n<th>Toide<\/th>\n<td>AA leelispatarei x1<\/td>\n<\/tr>\n<tr>\n<th>Kaal<\/th>\n<td>Ligikaudu 80 g<\/td>\n<\/tr>\n<tr>\n<th>M\u00f5\u00f5tmed<\/th>\n<td>101.2 x 75 x 33.6 mm<\/td>\n<\/tr>\n<\/tbody>\n<\/table>\n<p>\u00a0<\/p>\n<h3>Klaviatuur<\/h3>\n<table>\n<tbody>\n<tr>\n<th>Klahvide arv<\/th>\n<td>104<\/td>\n<\/tr>\n<tr>\n<th>Klahvide eluiga<\/th>\n<td>8 miljonit vajutust<\/td>\n<\/tr>\n<tr>\n<th>Toide<\/th>\n<td>AA leelispatarei x1<\/td>\n<\/tr>\n<tr>\n<th>Kaal<\/th>\n<td>Ligikaudu 717.6 g<\/td>\n<\/tr>\n<tr>\n<th>M\u00f5\u00f5tmed<\/th>\n<td>444.34 x 133 x 38.1 mm<\/td>\n<\/tr>\n<\/tbody>\n<\/table>\n<\/div>\n","protected":false},"excerpt":{"rendered":"<p>MOFII Sweet New 2.4G juhtmevaba klaviatuur ja hiire komplekt (Oran\u017e) MOFII Sweet New 2.4G juhtmevaba klaviatuur ja hiire komplekt on ideaalne valik neile, kes hindavad oma kontoriseadmete esteetikat ja funktsionaalsust. Komplekt sisaldab klaviatuuri, millel on 104 klahvi, ning ergonoomilist hiirt, mille DPI-tundlikkust saab h\u00f5lpsasti kohandada. Seadistatud 3 energiakokkuhoiu re\u017eiimi pikendavad patareide t\u00f6\u00f6aega oluliselt. Lisaks on [&hellip;]<\/p>\n","protected":false},"featured_media":158613,"comment_status":"open","ping_status":"open","template":"","meta":[],"product_brand":[3014],"product_cat":[2957],"product_tag":[],"class_list":{"0":"post-158608","1":"product","2":"type-product","3":"status-publish","4":"has-post-thumbnail","6":"product_brand-mofii","7":"product_cat-hiired-ja-klaviatuurid","8":"product_shipping_class-innpro","10":"first","11":"instock","12":"sale","13":"taxable","14":"shipping-taxable","15":"purchasable","16":"product-type-simple"},"_links":{"self":[{"href":"https:\/\/blankpage.ee\/_ruumist-ruumi\/wp-json\/wp\/v2\/product\/158608","targetHints":{"allow":["GET"]}}],"collection":[{"href":"https:\/\/blankpage.ee\/_ruumist-ruumi\/wp-json\/wp\/v2\/product"}],"about":[{"href":"https:\/\/blankpage.ee\/_ruumist-ruumi\/wp-json\/wp\/v2\/types\/product"}],"replies":[{"embeddable":true,"href":"https:\/\/blankpage.ee\/_ruumist-ruumi\/wp-json\/wp\/v2\/comments?post=158608"}],"wp:featuredmedia":[{"embeddable":true,"href":"https:\/\/blankpage.ee\/_ruumist-ruumi\/wp-json\/wp\/v2\/media\/158613"}],"wp:attachment":[{"href":"https:\/\/blankpage.ee\/_ruumist-ruumi\/wp-json\/wp\/v2\/media?parent=158608"}],"wp:term":[{"taxonomy":"product_brand","embeddable":true,"href":"https:\/\/blankpage.ee\/_ruumist-ruumi\/wp-json\/wp\/v2\/product_brand?post=158608"},{"taxonomy":"product_cat","embeddable":true,"href":"https:\/\/blankpage.ee\/_ruumist-ruumi\/wp-json\/wp\/v2\/product_cat?post=158608"},{"taxonomy":"product_tag","embeddable":true,"href":"https:\/\/blankpage.ee\/_ruumist-ruumi\/wp-json\/wp\/v2\/product_tag?post=158608"}],"curies":[{"name":"wp","href":"https:\/\/api.w.org\/{rel}","templated":true}]}}