{"id":158713,"date":"2025-03-30T09:34:27","date_gmt":"2025-03-30T09:34:27","guid":{"rendered":"https:\/\/ruumistruumi.ee\/pood\/mofii-x910-traadita-numbriklahvistik-must-punane-2-4ghz-usb\/"},"modified":"2025-08-21T08:20:19","modified_gmt":"2025-08-21T08:20:19","slug":"mofii-x910-traadita-numbriklahvistik-must-punane-2-4ghz-usb","status":"publish","type":"product","link":"https:\/\/blankpage.ee\/_ruumist-ruumi\/pood\/mofii-x910-traadita-numbriklahvistik-must-punane-2-4ghz-usb\/","title":{"rendered":"MOFII X910 Traadita Numbriklahvistik (Must-Punane, 2.4GHz, USB)"},"content":{"rendered":"<h3>MOFII X910 traadita numbriklahvistik (must ja punane)<\/h3>\n<p>MOFII X910 traadita numbriklahvistik on ideaalne lahendus nii kontori kui kodu vajadustele. T\u00e4nu kaasaegsele 2.4GHz FSK tehnoloogiale tagab seade sujuva juhtmeteta \u00fchenduse ja t\u00f6\u00f6vabaduse. Seade sisaldab 18 klahvi ning t\u00f6\u00f6tab usaldusv\u00e4\u00e4rselt 6 kuni 10 meetri kaugusel USB-vastuv\u00f5tjast, mist\u00f5ttu sobib see suurep\u00e4raselt arvutile v\u00f5i s\u00fclearvutile m\u00f5eldud lisanumbriklahvistikuks.<\/p>\n<p>\n  <img decoding=\"async\" border=\"0\" src=\"https:\/\/blankpage.ee\/_ruumist-ruumi\/wp-content\/uploads\/2025\/03\/3-344.webp\" alt=\"Traadita numbriklahvistik kontori ja kodu kasutamiseks, MOFII X910.\"\/>\n<\/p>\n<h3>Kompaktne disain ja kasutusmugavus<\/h3>\n<p>MOFII X910 traadita numbriklahvistiku kujundus l\u00e4htub kasutaja mugavusest. Kompaktne m\u00f5\u00f5tmed (90 x 134.80 x 28.50 mm) v\u00f5imaldavad seadet igale t\u00f6\u00f6lauale mugavalt asetada. Ergonomiline ja l\u00e4bim\u00f5eldud disain tagab t\u00e4pse ning mugava sisestamise ka pikema t\u00f6\u00f6aja jooksul. Lisaks on seade v\u00e4ga kerge \u2013 kaal koos AAA patareiga ei \u00fcleta 105\u00b15 g, mis muudab selle ideaalseks kaasaskandmiseks.<\/p>\n<p>\n  <img decoding=\"async\" border=\"0\" src=\"https:\/\/blankpage.ee\/_ruumist-ruumi\/wp-content\/uploads\/2025\/03\/1-423.webp\" alt=\"Kompaktne ja ergonoomiline traadita numbriklahvistik, MOFII X910.\"\/>\n<\/p>\n<h3>T\u00f6\u00f6kindlus ja vastupidavus<\/h3>\n<p>MOFII X910 traadita numbriklahvistik paistab silma suure j\u00f5udluse ja vastupidavusega. Klahvide vajutustugevus on 60\u00b115 gf, mis tagab t\u00e4pse ning mugava tippimise. Lisaks on klahvid loodud taluma kuni 8 miljoni ts\u00fckli ulatust, mis kinnitab seadme pikaajalist t\u00f6\u00f6kindlust ja vastupidavust.<\/p>\n<p>\n  <img decoding=\"async\" border=\"0\" src=\"https:\/\/blankpage.ee\/_ruumist-ruumi\/wp-content\/uploads\/2025\/03\/2-369.webp\" alt=\"Vastupidav ja j\u00f5uline traadita numbriklahvistik, MOFII X910.\"\/>\n<\/p>\n<h3>Usaldusv\u00e4\u00e4rne j\u00f5udlus<\/h3>\n<p>MOFII X910 traadita numbriklahvistik kasutab kaasaegset RF-tehnoloogiat, mis tagab stabiilse ja usaldusv\u00e4\u00e4rse traadita \u00fchenduse. Klaviatuuri toiteks on vajalik vaid \u00fcks AAA patarei, muutes seade energiat\u00f5husaks \u2013 t\u00f6\u00f6re\u017eiimis tarbitakse ainult 6.5 mA ja unere\u017eiimis 0.06 mA.<\/p>\n<p>\n  <img decoding=\"async\" border=\"0\" src=\"https:\/\/blankpage.ee\/_ruumist-ruumi\/wp-content\/uploads\/2025\/03\/5-275.webp\" alt=\"Energias\u00e4\u00e4stlik traadita numbriklahvistik \u00fche AAA patareiga, MOFII X910.\"\/>\n<\/p>\n<h3>Lihtne paigaldus ja lai \u00fchilduvus<\/h3>\n<p>MOFII X910 traadita numbriklahvistik on paigaldatav \u00fclimalt lihtsal viisil. \u00dchendage lihtsalt USB-vastuv\u00f5tja oma arvutiga ja seade on kohe kasutusk\u00f5lblik. Samuti tagab laiaulatuslik \u00fchilduvus operatsioonis\u00fcsteemidega \u2013 toode t\u00f6\u00f6tab sujuvalt Windows 2000, XP, ME, Vista, 7, 8 ja 10 keskkondades.<\/p>\n<p>\n  <img decoding=\"async\" border=\"0\" src=\"https:\/\/blankpage.ee\/_ruumist-ruumi\/wp-content\/uploads\/2025\/03\/4-308.webp\" alt=\"Lihtsasti paigaldatav ja \u00fchilduv traadita numbriklahvistik, MOFII X910.\"\/>\n<\/p>\n<h3>Komplektis:<\/h3>\n<ul class=\"list-disc pl-5\">\n<li>MOFII X910 traadita numbriklahvistik<\/li>\n<li>USB nano vastuv\u00f5tja<\/li>\n<li>Kasutusjuhend<\/li>\n<\/ul>\n<div class=\"table-wrapper\">\n<p>\u00a0<\/p>\n<h3><\/h3>\n<table>\n<tbody>\n<tr>\n<th>Tootja<\/th>\n<td>MOFII<\/td>\n<\/tr>\n<tr>\n<th>Mudel<\/th>\n<td>X910<\/td>\n<\/tr>\n<tr>\n<th>Patarei t\u00fc\u00fcp<\/th>\n<td>AAA<\/td>\n<\/tr>\n<tr>\n<th>V\u00f5imsuse tarbimine<\/th>\n<td>&lt; 6.5 mA (t\u00f6\u00f6re\u017eiim), 0.06 mA (unere\u017eiim)<\/td>\n<\/tr>\n<tr>\n<th>Klahvi vajutustugevus<\/th>\n<td>60\u00b115 gf<\/td>\n<\/tr>\n<tr>\n<th>Liides<\/th>\n<td>USB 1.1, USB 2.0<\/td>\n<\/tr>\n<tr>\n<th>RF sagedus<\/th>\n<td>2.4 GHz<\/td>\n<\/tr>\n<tr>\n<th>RF kanalite arv<\/th>\n<td>34<\/td>\n<\/tr>\n<tr>\n<th>Vahemik<\/th>\n<td>6 kuni 10 meetrit<\/td>\n<\/tr>\n<tr>\n<th>\u00dchilduvus<\/th>\n<td>Windows 2000, XP, ME, Vista, 7, 8, 10<\/td>\n<\/tr>\n<tr>\n<th>T\u00f6\u00f6temperatuur<\/th>\n<td>-5 kuni 40\u00b0C<\/td>\n<\/tr>\n<tr>\n<th>T\u00f6\u00f6niiskus<\/th>\n<td>20% kuni 90%<\/td>\n<\/tr>\n<tr>\n<th>M\u00f5\u00f5tmed<\/th>\n<td>90 x 134.80 x 28.50 mm<\/td>\n<\/tr>\n<tr>\n<th>Kaal<\/th>\n<td>105\u00b15 g (koos patareiga)<\/td>\n<\/tr>\n<tr>\n<th>V\u00e4rvus<\/th>\n<td>must-punane<\/td>\n<\/tr>\n<\/tbody>\n<\/table>\n<\/div>\n","protected":false},"excerpt":{"rendered":"<p>MOFII X910 traadita numbriklahvistik (must ja punane) MOFII X910 traadita numbriklahvistik on ideaalne lahendus nii kontori kui kodu vajadustele. T\u00e4nu kaasaegsele 2.4GHz FSK tehnoloogiale tagab seade sujuva juhtmeteta \u00fchenduse ja t\u00f6\u00f6vabaduse. Seade sisaldab 18 klahvi ning t\u00f6\u00f6tab usaldusv\u00e4\u00e4rselt 6 kuni 10 meetri kaugusel USB-vastuv\u00f5tjast, mist\u00f5ttu sobib see suurep\u00e4raselt arvutile v\u00f5i s\u00fclearvutile m\u00f5eldud lisanumbriklahvistikuks. Kompaktne disain [&hellip;]<\/p>\n","protected":false},"featured_media":158719,"comment_status":"open","ping_status":"open","template":"","meta":[],"product_brand":[3014],"product_cat":[2957],"product_tag":[],"class_list":{"0":"post-158713","1":"product","2":"type-product","3":"status-publish","4":"has-post-thumbnail","6":"product_brand-mofii","7":"product_cat-hiired-ja-klaviatuurid","8":"product_shipping_class-innpro","10":"first","11":"instock","12":"sale","13":"taxable","14":"shipping-taxable","15":"purchasable","16":"product-type-simple"},"_links":{"self":[{"href":"https:\/\/blankpage.ee\/_ruumist-ruumi\/wp-json\/wp\/v2\/product\/158713","targetHints":{"allow":["GET"]}}],"collection":[{"href":"https:\/\/blankpage.ee\/_ruumist-ruumi\/wp-json\/wp\/v2\/product"}],"about":[{"href":"https:\/\/blankpage.ee\/_ruumist-ruumi\/wp-json\/wp\/v2\/types\/product"}],"replies":[{"embeddable":true,"href":"https:\/\/blankpage.ee\/_ruumist-ruumi\/wp-json\/wp\/v2\/comments?post=158713"}],"wp:featuredmedia":[{"embeddable":true,"href":"https:\/\/blankpage.ee\/_ruumist-ruumi\/wp-json\/wp\/v2\/media\/158719"}],"wp:attachment":[{"href":"https:\/\/blankpage.ee\/_ruumist-ruumi\/wp-json\/wp\/v2\/media?parent=158713"}],"wp:term":[{"taxonomy":"product_brand","embeddable":true,"href":"https:\/\/blankpage.ee\/_ruumist-ruumi\/wp-json\/wp\/v2\/product_brand?post=158713"},{"taxonomy":"product_cat","embeddable":true,"href":"https:\/\/blankpage.ee\/_ruumist-ruumi\/wp-json\/wp\/v2\/product_cat?post=158713"},{"taxonomy":"product_tag","embeddable":true,"href":"https:\/\/blankpage.ee\/_ruumist-ruumi\/wp-json\/wp\/v2\/product_tag?post=158713"}],"curies":[{"name":"wp","href":"https:\/\/api.w.org\/{rel}","templated":true}]}}