{"id":158722,"date":"2025-03-30T09:34:27","date_gmt":"2025-03-30T09:34:27","guid":{"rendered":"https:\/\/ruumistruumi.ee\/pood\/juhtmevaba-numbriklaviatuur-mofii-x910-roosa-2-4ghz-usb\/"},"modified":"2025-08-21T08:20:19","modified_gmt":"2025-08-21T08:20:19","slug":"juhtmevaba-numbriklaviatuur-mofii-x910-roosa-2-4ghz-usb","status":"publish","type":"product","link":"https:\/\/blankpage.ee\/_ruumist-ruumi\/pood\/juhtmevaba-numbriklaviatuur-mofii-x910-roosa-2-4ghz-usb\/","title":{"rendered":"Juhtmevaba numbriklaviatuur MOFII X910 (Roosa, 2.4GHz, USB)"},"content":{"rendered":"<h3>MOFII X910 juhtmevaba numbriklaviatuur (roosa)<\/h3>\n<p>MOFII X910 juhtmevaba numbriklaviatuur sobib suurep\u00e4raselt kasutamiseks nii kontoris kui ka kodus. T\u00e4nu 2,4GHz FSK tehnoloogiale saab seade t\u00f6\u00f6tada juhtmeteta ja vabalt, pakkudes suurep\u00e4rast j\u00f5udlust igas olustikus. Lisaks 18 klahvile v\u00f5imaldab see t\u00f6\u00f6kindlalt kasutada numbriklaviatuuri ka 6\u201310 meetri kaugusel vastuv\u00f5tjast, muutes selle ideaalseks nii s\u00fclearvuti kui lauaarvuti kasutajatele, kes hindavad lisav\u00f5imalusi oma t\u00f6\u00f6laual.<\/p>\n<h3>Kompaktne disain ja kasutusmugavus<\/h3>\n<p>MOFII X910 juhtmevaba numbriklaviatuur on loodud kasutajas\u00f5bralikkust silmas pidades. Selle kompaktne disain (m\u00f5\u00f5tmed: 90 x 134,80 x 28,50 mm) sobib ideaalselt igale t\u00f6\u00f6lauale ja tagab ergonoomilise ning mugava t\u00f6\u00f6kaasluse ka pikaajalisel kasutamisel. Klaviatuur on \u00fclimalt kerge, kaaludes vaid 105\u00b15 g (koos patareiga), ning seet\u00f5ttu lihtne kaasas kanda igal hetkel.<\/p>\n<p>\n  <img decoding=\"async\" src=\"https:\/\/blankpage.ee\/_ruumist-ruumi\/wp-content\/uploads\/2025\/03\/3-345.webp\" alt=\"MOFII X910 juhtmevaba numbriklaviatuur - kompaktne ja funktsionaalne\"\/>\n<\/p>\n<h3>J\u00f5udlus ja vastupidavus<\/h3>\n<p>MOFII X910 juhtmevaba numbriklaviatuur paistab silma k\u00f5rge j\u00f5udluse ja vastupidavusega. Klahvide vajutustugevus on 60\u00b115 gf, mis tagab t\u00e4pse ja mugava tipptr\u00fckkimise. Klahvide pikaajaline vastupidavus kuni 8 miljonit vajutust kindlustab, et seade suudab pikka ja intensiivset kasutust ilma kompromissideta midaanumata.<\/p>\n<p>\n  <img decoding=\"async\" src=\"https:\/\/blankpage.ee\/_ruumist-ruumi\/wp-content\/uploads\/2025\/03\/1-424.webp\" alt=\"MOFII X910 juhtmevaba numbriklaviatuur - vastupidav ja t\u00e4pne\"\/>\n<\/p>\n<h3>Usaldusv\u00e4\u00e4rne toimivus<\/h3>\n<p>MOFII X910 juhtmevaba numbriklaviatuur tagab stabiilse ja kiire \u00fchenduse t\u00e4nu kaasaegsele RF-tehnoloogiale, mis v\u00f5imaldab sujuvat t\u00f6\u00f6protsessi. Seade on energias\u00e4\u00e4stlik, tarbides t\u00f6\u00f6moodis alla 6,5 mA ja unere\u017eiimis vaid 0,06 mA. Klaviatuuri toiteks on vajalik \u00fcks AAA patarei, mis tagab kiire ja mugava patarei vahetuse.<\/p>\n<p>\n  <img decoding=\"async\" src=\"https:\/\/blankpage.ee\/_ruumist-ruumi\/wp-content\/uploads\/2025\/03\/4-309.webp\" alt=\"MOFII X910 juhtmevaba numbriklaviatuur - stabiilne ja energias\u00e4\u00e4stlik\"\/>\n<\/p>\n<h3>Lihtne paigaldus ja lai \u00fchilduvus<\/h3>\n<p>MOFII X910 juhtmevaba numbriklaviatuur on \u00e4\u00e4rmiselt lihtne paigaldada. \u00dchenda lihtsalt USB-vastuv\u00f5tja arvutiga ning seade on hetkega kasutusvalmis. Lai \u00fchilduvus tagab, et klaviatuur t\u00f6\u00f6tab probleemideta Windows 2000, XP, ME, Vista, 7, 8 ja 10 operatsioonis\u00fcsteemidega.<\/p>\n<p>\n  <img decoding=\"async\" src=\"https:\/\/blankpage.ee\/_ruumist-ruumi\/wp-content\/uploads\/2025\/03\/2-370.webp\" alt=\"MOFII X910 juhtmevaba numbriklaviatuur - lihtne paigaldus ja lai \u00fchilduvus\"\/>\n<\/p>\n<h3>Komplekt sisaldab:<\/h3>\n<ul class=\"list-disc pl-5\">\n<li>MOFII X910 juhtmevaba numbriklaviatuur<\/li>\n<li>USB nano vastuv\u00f5tja<\/li>\n<li>Kasutusjuhend<\/li>\n<\/ul>\n<div class=\"table-wrapper\">\n<p>\u00a0<\/p>\n<h3>Tehnilised andmed<\/h3>\n<table>\n<tbody>\n<tr>\n<th>Tootja<\/th>\n<td>MOFII<\/td>\n<\/tr>\n<tr>\n<th>Mudel<\/th>\n<td>X910<\/td>\n<\/tr>\n<tr>\n<th>Patarei t\u00fc\u00fcp<\/th>\n<td>AAA<\/td>\n<\/tr>\n<tr>\n<th>Energiatarbimine<\/th>\n<td>&lt; 6.5 mA (t\u00f6\u00f6moodus), 0.06 mA (unere\u017eiim)<\/td>\n<\/tr>\n<tr>\n<th>Klahvide vajutustugevus<\/th>\n<td>60\u00b115 gf<\/td>\n<\/tr>\n<tr>\n<th>Liides<\/th>\n<td>USB 1.1, USB 2.0<\/td>\n<\/tr>\n<tr>\n<th>RF sagedus<\/th>\n<td>2,4 GHz<\/td>\n<\/tr>\n<tr>\n<th>RF kanalite arv<\/th>\n<td>34<\/td>\n<\/tr>\n<tr>\n<th>Vahemik<\/th>\n<td>6 kuni 10 meetrit<\/td>\n<\/tr>\n<tr>\n<th>\u00dchilduvus<\/th>\n<td>Windows 2000, XP, ME, Vista, 7, 8, 10<\/td>\n<\/tr>\n<tr>\n<th>T\u00f6\u00f6temperatuur<\/th>\n<td>-5 kuni 40\u00b0C<\/td>\n<\/tr>\n<tr>\n<th>T\u00f6\u00f6niiskus<\/th>\n<td>20% kuni 90%<\/td>\n<\/tr>\n<tr>\n<th>M\u00f5\u00f5dud<\/th>\n<td>90 x 134,80 x 28,50 mm<\/td>\n<\/tr>\n<tr>\n<th>Kaal<\/th>\n<td>105\u00b15 g (koos patareiga)<\/td>\n<\/tr>\n<tr>\n<th>V\u00e4rv<\/th>\n<td>Roosa<\/td>\n<\/tr>\n<\/tbody>\n<\/table>\n<\/div>\n","protected":false},"excerpt":{"rendered":"<p>MOFII X910 juhtmevaba numbriklaviatuur (roosa) MOFII X910 juhtmevaba numbriklaviatuur sobib suurep\u00e4raselt kasutamiseks nii kontoris kui ka kodus. T\u00e4nu 2,4GHz FSK tehnoloogiale saab seade t\u00f6\u00f6tada juhtmeteta ja vabalt, pakkudes suurep\u00e4rast j\u00f5udlust igas olustikus. Lisaks 18 klahvile v\u00f5imaldab see t\u00f6\u00f6kindlalt kasutada numbriklaviatuuri ka 6\u201310 meetri kaugusel vastuv\u00f5tjast, muutes selle ideaalseks nii s\u00fclearvuti kui lauaarvuti kasutajatele, kes hindavad [&hellip;]<\/p>\n","protected":false},"featured_media":158727,"comment_status":"open","ping_status":"open","template":"","meta":[],"product_brand":[3014],"product_cat":[2957],"product_tag":[],"class_list":{"0":"post-158722","1":"product","2":"type-product","3":"status-publish","4":"has-post-thumbnail","6":"product_brand-mofii","7":"product_cat-hiired-ja-klaviatuurid","8":"product_shipping_class-innpro","10":"first","11":"instock","12":"sale","13":"taxable","14":"shipping-taxable","15":"purchasable","16":"product-type-simple"},"_links":{"self":[{"href":"https:\/\/blankpage.ee\/_ruumist-ruumi\/wp-json\/wp\/v2\/product\/158722","targetHints":{"allow":["GET"]}}],"collection":[{"href":"https:\/\/blankpage.ee\/_ruumist-ruumi\/wp-json\/wp\/v2\/product"}],"about":[{"href":"https:\/\/blankpage.ee\/_ruumist-ruumi\/wp-json\/wp\/v2\/types\/product"}],"replies":[{"embeddable":true,"href":"https:\/\/blankpage.ee\/_ruumist-ruumi\/wp-json\/wp\/v2\/comments?post=158722"}],"wp:featuredmedia":[{"embeddable":true,"href":"https:\/\/blankpage.ee\/_ruumist-ruumi\/wp-json\/wp\/v2\/media\/158727"}],"wp:attachment":[{"href":"https:\/\/blankpage.ee\/_ruumist-ruumi\/wp-json\/wp\/v2\/media?parent=158722"}],"wp:term":[{"taxonomy":"product_brand","embeddable":true,"href":"https:\/\/blankpage.ee\/_ruumist-ruumi\/wp-json\/wp\/v2\/product_brand?post=158722"},{"taxonomy":"product_cat","embeddable":true,"href":"https:\/\/blankpage.ee\/_ruumist-ruumi\/wp-json\/wp\/v2\/product_cat?post=158722"},{"taxonomy":"product_tag","embeddable":true,"href":"https:\/\/blankpage.ee\/_ruumist-ruumi\/wp-json\/wp\/v2\/product_tag?post=158722"}],"curies":[{"name":"wp","href":"https:\/\/api.w.org\/{rel}","templated":true}]}}