{"id":158732,"date":"2025-03-30T09:34:27","date_gmt":"2025-03-30T09:34:27","guid":{"rendered":"https:\/\/ruumistruumi.ee\/pood\/wi%e2%80%91fi-6-ruuter-imou-hx21-dual-band-kuni-3-gbps\/"},"modified":"2025-08-21T08:20:19","modified_gmt":"2025-08-21T08:20:19","slug":"wi%e2%80%91fi-6-ruuter-imou-hx21-dual-band-kuni-3-gbps","status":"publish","type":"product","link":"https:\/\/blankpage.ee\/_ruumist-ruumi\/pood\/wi%e2%80%91fi-6-ruuter-imou-hx21-dual-band-kuni-3-gbps\/","title":{"rendered":"Wi\u2011Fi 6 ruuter IMOU HX21 (Dual-Band, kuni 3 Gbps)"},"content":{"rendered":"<h3>Wi\u2011Fi 6 ruuter IMOU HX21 Dual-Band<\/h3>\n<p>Wi\u2011Fi 6 ruuter IMOU HX21 pakub erakordset kiirust ja usaldusv\u00e4\u00e4rset interneti\u00fchendust t\u00e4nu uusimale Wi\u2011Fi 6 tehnoloogiale. Seade sobib suurep\u00e4raselt nii 8K\/4K video voogedastuseks, d\u00fcnaamiliseks online-m\u00e4ngimiseks kui ka igap\u00e4evaseks surfamiseks. Ruuter toetab kiiruseid kuni 3 Gbps \u2013 2.4 GHz sagedusel kuni 574 Mbps ja 5 GHz sagedusel kuni 2402 Mbps. Seadistamine on kiire ja lihtne t\u00e4nu intuitiivsele Imou Life rakendusele.<\/p>\n<p>\n  <img decoding=\"async\" src=\"https:\/\/blankpage.ee\/_ruumist-ruumi\/wp-content\/uploads\/2025\/03\/3-346.webp\" alt=\"Wi\u2011Fi 6 ruuter IMOU HX21 \u2013 kiire \u00fchendus ja stabiilsus\"\/>\n<\/p>\n<h3>Edasiarendatud Wi\u2011Fi 6 tehnoloogia<\/h3>\n<p>Uuenduslik Wi\u2011Fi 6 tehnoloogia tagab muljet avaldava \u00fchenduse stabiilsuse ka paljude samaaegsete seadmete kasutamisel. See tehnoloogia optimeerib kanalite jaotust ning v\u00e4hendab viivitust, v\u00f5imaldades nautida katkestusteta videovoogu, kiiret veebisirvimist ja sujuvat online-m\u00e4ngimist. Innovaatiline Wi\u2011Fi 6 ruuter tagab lisaks kiirele signaalile ka suurema v\u00f5imsuse ning t\u00e4iusliku stabiilsuse n\u00f5udlikes \u00fchendustes.<\/p>\n<p>\n  <img decoding=\"async\" src=\"https:\/\/blankpage.ee\/_ruumist-ruumi\/wp-content\/uploads\/2025\/03\/2-371.webp\" alt=\"Wi\u2011Fi 6 ruuter \u2013 edasiarendatud tehnoloogia tagab t\u00f5husa kasutamise\"\/>\n<\/p>\n<h3>IMOU Link\u2122 Mesh v\u00f5rgustik<\/h3>\n<p>IMOU-Link tehnoloogia v\u00f5imaldab luua \u00fchtse ja laiaulatusliku mesh-v\u00f5rgustiku, mis katab kogu kodu v\u00f5i kontori. Wi\u2011Fi 6 ruuter IMOU HX21 muudab v\u00f5rgu seadistamise kiireks ja lihtsaks, v\u00f5imaldades lisada t\u00e4iendavaid s\u00f5lmpunkte \u00fchtlase signaali tagamiseks igas ruumi nurgas.<\/p>\n<p>\n  <img decoding=\"async\" src=\"https:\/\/blankpage.ee\/_ruumist-ruumi\/wp-content\/uploads\/2025\/03\/6-214.webp\" alt=\"Wi\u2011Fi 6 ruuter ja IMOU Link Mesh \u2013 \u00fchtne ja stabiilne v\u00f5rgustik\"\/>\n<\/p>\n<h3>Loodud IMOU kaamerate jaoks<\/h3>\n<p>See Wi\u2011Fi 6 ruuter on spetsiaalselt arendatud t\u00f6\u00f6tama koos IMOU kaameratega, v\u00f5imaldades kiiret seadistamist ja stabiilset andmeedastust. Integreeritud Stream Accelerate tehnoloogia tagab katkestusteta videovoo edastamise, v\u00e4hendades andmekadu isegi tiheda v\u00f5rgu puhul. Seet\u00f5ttu on see ruuter ideaalne lahendus kodu v\u00f5i kontori turvavaatluseks.<\/p>\n<p>\n  <img decoding=\"async\" src=\"https:\/\/blankpage.ee\/_ruumist-ruumi\/wp-content\/uploads\/2025\/03\/1-425.webp\" alt=\"Wi\u2011Fi 6 ruuter IMOU HX21 \u2013 optimeeritud IMOU kaamerate jaoks\"\/>\n<\/p>\n<h3>Kaugkonfiguratsioon<\/h3>\n<p>Lae alla Imou Life rakendus ja saa t\u00e4ielik kontroll oma Wi\u2011Fi 6 ruuterit ning k\u00f5iki \u00fchendatud seadmeid eemalt. Rakendus v\u00f5imaldab kohandada IPTV seadistusi, Wi\u2011Fi k\u00fclaliste v\u00f5rguseadeid ja vanemliku kontrolli v\u00f5imalusi vaid m\u00f5ne klikiga. Kasuta mugavust ja paindlikkust, mida pakub see kasutajas\u00f5bralik lahendus.<\/p>\n<p>\n  <img decoding=\"async\" src=\"https:\/\/blankpage.ee\/_ruumist-ruumi\/wp-content\/uploads\/2025\/03\/4-310.webp\" alt=\"Wi\u2011Fi 6 ruuter \u2013 Imou Life rakendus kaugkonfigureerimiseks\"\/>\n<\/p>\n<div class=\"table-wrapper\">\n<h3>Tehnilised Andmed<\/h3>\n<table>\n<tbody>\n<tr>\n<th>Tootja<\/th>\n<td>IMOU<\/td>\n<\/tr>\n<tr>\n<th>Mudel<\/th>\n<td>HX21<\/td>\n<\/tr>\n<tr>\n<th>\u00dchendused<\/th>\n<td>Maksimaalselt 128 klienti, soovitatavalt 64<\/td>\n<\/tr>\n<tr>\n<th>ROM<\/th>\n<td>128 MB<\/td>\n<\/tr>\n<tr>\n<th>RAM<\/th>\n<td>256 MB<\/td>\n<\/tr>\n<tr>\n<th>V\u00f5rguportid<\/th>\n<td>1x Gigabit WAN + 3x Gigabit LAN<\/td>\n<\/tr>\n<tr>\n<th>WAN \u00dchendust\u00fc\u00fcbid<\/th>\n<td>PPPoE, D\u00fcnaamiline IP, Staatiline IP<\/td>\n<\/tr>\n<tr>\n<th>Tugi<\/th>\n<td>IPv4, IPv6, VPN PP2P, L2TP, QoS, DDNS, DMZ, Pordi edastamine, UPnP<\/td>\n<\/tr>\n<tr>\n<th>Haldamine<\/th>\n<td>Konfiguratsiooni leht (PC, mobiil), rakendus<\/td>\n<\/tr>\n<tr>\n<th>Wi\u2011Fi Sagedus<\/th>\n<td>2.4 GHz ja 5 GHz<\/td>\n<\/tr>\n<tr>\n<th>2.4 GHz Protokoll<\/th>\n<td>IEEE 802.1 b\/g\/n\/ax<\/td>\n<\/tr>\n<tr>\n<th>5 GHz Protokoll<\/th>\n<td>IEEE 802.11 a\/n\/ac\/ax<\/td>\n<\/tr>\n<tr>\n<th>Wi\u2011Fi Kiirus<\/th>\n<td>2.4 GHz: 574 Mbps; 5 GHz: 2402 Mbps;<\/td>\n<\/tr>\n<tr>\n<th>Wi\u2011Fi Antennid<\/th>\n<td>5 v\u00e4list 5 dBi antenni<\/td>\n<\/tr>\n<tr>\n<th>Juhtmevaba Turvalisus<\/th>\n<td>WPA-PSK\/WPA2-PSK\/WPA3-SAE, Peidetud SSID<\/td>\n<\/tr>\n<tr>\n<th>Muu<\/th>\n<td>Wi\u2011Fi ajakava, automaatne s\u00fcnkroonimine IMOU kaameratega, Imou-Link Mesh, voogedastuse kiirendus, vanemlik kontroll, Wi\u2011Fi k\u00fclalistele, Imou Life rakendus<\/td>\n<\/tr>\n<tr>\n<th>Toiteallikas<\/th>\n<td>DC 12 V 1 A<\/td>\n<\/tr>\n<tr>\n<th>M\u00f5\u00f5dud<\/th>\n<td>210 x 125 x 181 mm<\/td>\n<\/tr>\n<\/tbody>\n<\/table>\n<\/div>\n","protected":false},"excerpt":{"rendered":"<p>Wi\u2011Fi 6 ruuter IMOU HX21 Dual-Band Wi\u2011Fi 6 ruuter IMOU HX21 pakub erakordset kiirust ja usaldusv\u00e4\u00e4rset interneti\u00fchendust t\u00e4nu uusimale Wi\u2011Fi 6 tehnoloogiale. Seade sobib suurep\u00e4raselt nii 8K\/4K video voogedastuseks, d\u00fcnaamiliseks online-m\u00e4ngimiseks kui ka igap\u00e4evaseks surfamiseks. Ruuter toetab kiiruseid kuni 3 Gbps \u2013 2.4 GHz sagedusel kuni 574 Mbps ja 5 GHz sagedusel kuni 2402 Mbps. [&hellip;]<\/p>\n","protected":false},"featured_media":158738,"comment_status":"open","ping_status":"open","template":"","meta":[],"product_brand":[3003],"product_cat":[2967],"product_tag":[],"class_list":{"0":"post-158732","1":"product","2":"type-product","3":"status-publish","4":"has-post-thumbnail","6":"product_brand-imou","7":"product_cat-muud-tarvikud","8":"product_shipping_class-innpro","10":"first","11":"instock","12":"sale","13":"taxable","14":"shipping-taxable","15":"purchasable","16":"product-type-simple"},"_links":{"self":[{"href":"https:\/\/blankpage.ee\/_ruumist-ruumi\/wp-json\/wp\/v2\/product\/158732","targetHints":{"allow":["GET"]}}],"collection":[{"href":"https:\/\/blankpage.ee\/_ruumist-ruumi\/wp-json\/wp\/v2\/product"}],"about":[{"href":"https:\/\/blankpage.ee\/_ruumist-ruumi\/wp-json\/wp\/v2\/types\/product"}],"replies":[{"embeddable":true,"href":"https:\/\/blankpage.ee\/_ruumist-ruumi\/wp-json\/wp\/v2\/comments?post=158732"}],"wp:featuredmedia":[{"embeddable":true,"href":"https:\/\/blankpage.ee\/_ruumist-ruumi\/wp-json\/wp\/v2\/media\/158738"}],"wp:attachment":[{"href":"https:\/\/blankpage.ee\/_ruumist-ruumi\/wp-json\/wp\/v2\/media?parent=158732"}],"wp:term":[{"taxonomy":"product_brand","embeddable":true,"href":"https:\/\/blankpage.ee\/_ruumist-ruumi\/wp-json\/wp\/v2\/product_brand?post=158732"},{"taxonomy":"product_cat","embeddable":true,"href":"https:\/\/blankpage.ee\/_ruumist-ruumi\/wp-json\/wp\/v2\/product_cat?post=158732"},{"taxonomy":"product_tag","embeddable":true,"href":"https:\/\/blankpage.ee\/_ruumist-ruumi\/wp-json\/wp\/v2\/product_tag?post=158732"}],"curies":[{"name":"wp","href":"https:\/\/api.w.org\/{rel}","templated":true}]}}