{"id":158869,"date":"2025-03-30T09:40:02","date_gmt":"2025-03-30T09:40:02","guid":{"rendered":"https:\/\/ruumistruumi.ee\/pood\/topelt-monitorihoidik-huanuo-hnds6-13-30-vesa-gaasvedru\/"},"modified":"2025-08-21T08:20:18","modified_gmt":"2025-08-21T08:20:18","slug":"topelt-monitorihoidik-huanuo-hnds6-13-30-vesa-gaasvedru","status":"publish","type":"product","link":"https:\/\/blankpage.ee\/_ruumist-ruumi\/pood\/topelt-monitorihoidik-huanuo-hnds6-13-30-vesa-gaasvedru\/","title":{"rendered":"Topelt monitorihoidik Huanuo HNDS6 (13-30&#8243;, VESA, gaasvedru)"},"content":{"rendered":"<h3>Topelt monitorihoidik 13-30&#8243; Huanuo HNDS6<\/h3>\n<p>Huanuo topelt monitorihoidik on loodud neile, kes hindavad laia ja korrastatud t\u00f6\u00f6pinda. See topelt monitorihoidik pakub mugavust ja turvalisust lauaarvutiga t\u00f6\u00f6tamisel, v\u00f5imaldades kahe ekraani \u00fcheaegset kasutamist, mis suurendab t\u00f6\u00f6 efektiivsust ja loovust. Kvaliteetsed materjalid tagavad turvalisuse nii kasutajale kui ka tema seadmetele.<\/p>\n<p>\n  <img decoding=\"async\" border=\"0\" src=\"https:\/\/blankpage.ee\/_ruumist-ruumi\/wp-content\/uploads\/2025\/03\/6-222.webp\" alt=\"Topelt monitorihoidik Huanuo HNDS6 laual\"\/>\n<\/p>\n<h3>Mitmek\u00fclgne reguleerimine ergonoomiliseks t\u00f6\u00f6ks<\/h3>\n<p>See topelt monitorihoidik v\u00f5imaldab t\u00e4ielikku reguleerimist, et kohandada monitore vastavalt individuaalsetele vajadustele. Hoidik toetab kallutamist vahemikus +35\u00b0 kuni -50\u00b0, p\u00f6\u00f6ramist 180\u00b0 kummalegi k\u00fcljele ning 360\u00b0 p\u00f6\u00f6rlemist \u00fcmber telje. Maksimaalne k\u00f5rgus (15,75 tolli) ja pikendus (17,32 tolli) tagavad ideaalse joondamise, parandades oluliselt ergonoomikat ja t\u00f6\u00f6mugavust.<\/p>\n<p>\n  <img decoding=\"async\" border=\"0\" src=\"https:\/\/blankpage.ee\/_ruumist-ruumi\/wp-content\/uploads\/2025\/03\/7-172.webp\" alt=\"Huanuo HNDS6 topelt monitorihoidik - reguleeritavad funktsioonid\"\/>\n<\/p>\n<h3>Usaldusv\u00e4\u00e4rne disain ja vastupidav konstruktsioon<\/h3>\n<p>Huanuo HNDS6 on m\u00f5eldud pikaajaliseks kasutamiseks. Valmistatud lennukiklassi alumiiniumist ja tugevast raudast ning varustatud gaasivedruga, on see topelt monitorihoidik \u00fclimalt stabiilne ja vastupidav. Testitud \u00fcle 20 000 ts\u00fckli, tagab see oodatud t\u00f6\u00f6kindluse, samal ajal kui \u00f5lide 20% suurenenud paksus annab t\u00e4iendava stabiilsuse.<\/p>\n<p>\n  <img decoding=\"async\" border=\"0\" src=\"https:\/\/blankpage.ee\/_ruumist-ruumi\/wp-content\/uploads\/2025\/03\/2-382.webp\" alt=\"Huanuo HNDS6 topelt monitorihoidik - vastupidav konstruktsioon\"\/>\n<\/p>\n<h3>Innovatiivne paigaldus ja ruumihaldus<\/h3>\n<p>T\u00e4nu uuenduslikule Swift-Lock funktsioonile on Huanuo HNDS6 lihtsasti paigaldatav. Topelt C-klambrid tagavad tugeva kinnituse lauale, v\u00e4listades vajaduse keerukate t\u00f6\u00f6riistade j\u00e4rele. See topelt monitorihoidik v\u00f5imaldab efektiivset t\u00f6\u00f6ruumi korraldust, muutes laua korras hoidmise ja suurendades tootlikkust.<\/p>\n<p>\n  <img decoding=\"async\" border=\"0\" src=\"https:\/\/blankpage.ee\/_ruumist-ruumi\/wp-content\/uploads\/2025\/03\/5-286.webp\" alt=\"Huanuo HNDS6 topelt monitorihoidik - lihtne paigaldus\"\/>\n<\/p>\n<h3>Mitmek\u00fclgsed v\u00f5imalused ja t\u00f6\u00f6viljakuse t\u00f5stmine<\/h3>\n<p>Huanuo HNDS6 toetab 13 kuni 30 tolliseid monitore, maksimaalseks kaaluks kuni 6,5 kg, ning on \u00fchilduv VESA standardite (75 x 75 mm v\u00f5i 100 x 100 mm) n\u00f5uetega. \u00dche k\u00e4ega reguleeritav funktsioon aitab kiiresti leida k\u00f5ige mugavama positsiooni, parandades t\u00f6\u00f6 keskendumist ja efektiivsust. Valides selle topelt monitorihoidiku, investeerite mugavusse, ergonoomikasse ja igap\u00e4evasesse t\u00f6\u00f6viljakusse.<\/p>\n<p>\n  <img decoding=\"async\" border=\"0\" src=\"https:\/\/blankpage.ee\/_ruumist-ruumi\/wp-content\/uploads\/2025\/03\/4-320.webp\" alt=\"Huanuo HNDS6 topelt monitorihoidik - mitmek\u00fclgsed v\u00f5imalused\"\/>\n<\/p>\n<h3>Kaasas<\/h3>\n<ul class=\"list-disc pl-5\">\n<li>Alus<\/li>\n<li>C-t\u00fc\u00fcpi hoidik 4x<\/li>\n<li>Alumised hoidikukomponendid 2x<\/li>\n<li>\u00dclemised hoidikukomponendid 2x<\/li>\n<li>Kruvi M6 (12 mm) 6x<\/li>\n<li>L\u00e4biva kruvi<\/li>\n<li>Mutter<\/li>\n<li>Lukustusplaat<\/li>\n<li>Keskmine kuuskantv\u00f5ti (4 mm)<\/li>\n<li>V\u00e4ike kuuskantv\u00f5ti (3 mm)<\/li>\n<li>Suur kuuskantv\u00f5ti (5 mm)<\/li>\n<li>Kruvi M4 (2 mm) 8x<\/li>\n<li>Kruvi M4 (30 mm) 8x<\/li>\n<li>Vahet\u00fckk (13 mm) 8x<\/li>\n<li>Kasutusjuhend<\/li>\n<\/ul>\n<div class=\"table-wrapper\">\n<p>&nbsp;<\/p>\n<table>\n<tbody>\n<tr>\n<th>Tootja<\/th>\n<td>Huanuo<\/td>\n<\/tr>\n<tr>\n<th>Mudel<\/th>\n<td>HNDS6<\/td>\n<\/tr>\n<tr>\n<th>Valmistusmaterjal<\/th>\n<td>lennukiklassi alumiinium, raud, gaasivedru<\/td>\n<\/tr>\n<tr>\n<th>\u00dchilduvate monitoride suurus<\/th>\n<td>13&#8243;\u201330&#8243;<\/td>\n<\/tr>\n<tr>\n<th>\u00dchilduvate monitoride kaal<\/th>\n<td>6,5 kg<\/td>\n<\/tr>\n<tr>\n<th>VESA standard<\/th>\n<td>75 x 75 mm v\u00f5i 100 x 100 mm<\/td>\n<\/tr>\n<tr>\n<th>Kinnitusviisid<\/th>\n<td>Swift-Lock, C-klamber, l\u00e4biauk<\/td>\n<\/tr>\n<\/tbody>\n<\/table>\n<\/div>\n","protected":false},"excerpt":{"rendered":"<p>Topelt monitorihoidik 13-30&#8243; Huanuo HNDS6 Huanuo topelt monitorihoidik on loodud neile, kes hindavad laia ja korrastatud t\u00f6\u00f6pinda. See topelt monitorihoidik pakub mugavust ja turvalisust lauaarvutiga t\u00f6\u00f6tamisel, v\u00f5imaldades kahe ekraani \u00fcheaegset kasutamist, mis suurendab t\u00f6\u00f6 efektiivsust ja loovust. Kvaliteetsed materjalid tagavad turvalisuse nii kasutajale kui ka tema seadmetele. Mitmek\u00fclgne reguleerimine ergonoomiliseks t\u00f6\u00f6ks See topelt monitorihoidik v\u00f5imaldab [&hellip;]<\/p>\n","protected":false},"featured_media":158875,"comment_status":"open","ping_status":"open","template":"","meta":[],"product_brand":[3019],"product_cat":[3020],"product_tag":[],"class_list":{"0":"post-158869","1":"product","2":"type-product","3":"status-publish","4":"has-post-thumbnail","6":"product_brand-huanuo","7":"product_cat-monitori-alused","8":"product_shipping_class-innpro","10":"first","11":"instock","12":"sale","13":"taxable","14":"shipping-taxable","15":"purchasable","16":"product-type-simple"},"_links":{"self":[{"href":"https:\/\/blankpage.ee\/_ruumist-ruumi\/wp-json\/wp\/v2\/product\/158869","targetHints":{"allow":["GET"]}}],"collection":[{"href":"https:\/\/blankpage.ee\/_ruumist-ruumi\/wp-json\/wp\/v2\/product"}],"about":[{"href":"https:\/\/blankpage.ee\/_ruumist-ruumi\/wp-json\/wp\/v2\/types\/product"}],"replies":[{"embeddable":true,"href":"https:\/\/blankpage.ee\/_ruumist-ruumi\/wp-json\/wp\/v2\/comments?post=158869"}],"wp:featuredmedia":[{"embeddable":true,"href":"https:\/\/blankpage.ee\/_ruumist-ruumi\/wp-json\/wp\/v2\/media\/158875"}],"wp:attachment":[{"href":"https:\/\/blankpage.ee\/_ruumist-ruumi\/wp-json\/wp\/v2\/media?parent=158869"}],"wp:term":[{"taxonomy":"product_brand","embeddable":true,"href":"https:\/\/blankpage.ee\/_ruumist-ruumi\/wp-json\/wp\/v2\/product_brand?post=158869"},{"taxonomy":"product_cat","embeddable":true,"href":"https:\/\/blankpage.ee\/_ruumist-ruumi\/wp-json\/wp\/v2\/product_cat?post=158869"},{"taxonomy":"product_tag","embeddable":true,"href":"https:\/\/blankpage.ee\/_ruumist-ruumi\/wp-json\/wp\/v2\/product_tag?post=158869"}],"curies":[{"name":"wp","href":"https:\/\/api.w.org\/{rel}","templated":true}]}}