{"id":158906,"date":"2025-03-30T09:40:02","date_gmt":"2025-03-30T09:40:02","guid":{"rendered":"https:\/\/ruumistruumi.ee\/pood\/perlesmith-psmfk12-reguleeritav-televiisori-kinnitus-26-60-kuni-35kg-vesa-100x100-400x400\/"},"modified":"2025-08-21T08:20:19","modified_gmt":"2025-08-21T08:20:19","slug":"perlesmith-psmfk12-reguleeritav-televiisori-kinnitus-26-60-kuni-35kg-vesa-100x100-400x400","status":"publish","type":"product","link":"https:\/\/blankpage.ee\/_ruumist-ruumi\/pood\/perlesmith-psmfk12-reguleeritav-televiisori-kinnitus-26-60-kuni-35kg-vesa-100x100-400x400\/","title":{"rendered":"Perlesmith PSMFK12 reguleeritav televiisori kinnitus (26-60&#8243;, kuni 35kg, VESA 100&#215;100 &#8211; 400&#215;400)"},"content":{"rendered":"<h3>Perlesmith PSMFK12 reguleeritav televiisori kinnitus<\/h3>\n<p>Perlesmith PSMFK12 reguleeritav televiisori kinnitus on loodud kaasaegselt ja ohutult telerite seinale paigaldamiseks. See usaldusv\u00e4\u00e4rne toode sobib diagonaaliga 26 kuni 60 tolli ning tagab maksimaalse stabiilsuse igap\u00e4evaseks kasutamiseks. T\u00e4nu vastupidavale konstruktsioonile toetab kinnitus ka seadmeid kuni 35 kg ja vastab VESA standarditele alates 100 x 100 mm kuni 400 x 400 mm. Sellest tuleneb, et see reguleeritav televiisori kinnitus pakub laiaulatuslikku \u00fchilduvust erinevate br\u00e4ndide ja mudelitega.<\/p>\n<p>\n  <img decoding=\"async\" border=\"0\" src=\"https:\/\/blankpage.ee\/_ruumist-ruumi\/wp-content\/uploads\/2025\/03\/6-225.webp\" alt=\"Perlesmith PSMFK12 reguleeritav televiisori kinnitus\"\/>\n<\/p>\n<h3>Vastupidav teraskonstruktsioon ja stabiilsus<\/h3>\n<p>Tugevdatud paigaldusplaat ja masinistandarditele vastavad terasvarred, mille paksus on 40 mm, annavad sellele reguleeritavale televiisori kinnitus lahendusele erakordse stabiilsuse. V\u00f5rreldes tavaliste kinnitustega on see konstruktsioon simaal 33% tugevam, mis tagab, et teie seadmed j\u00e4\u00e4vad kindlalt paigaldatuks ka aja jooksul. Saate olla kindlad, et teie televiisor toetub kindlalt kvaliteetsele konstruktsioonile.<\/p>\n<p>\n  <img decoding=\"async\" border=\"0\" src=\"https:\/\/blankpage.ee\/_ruumist-ruumi\/wp-content\/uploads\/2025\/03\/7-174.webp\" alt=\"Perlesmith PSMFK12 reguleeritav televiisori kinnitus - tugev teraskonstruktsioon\"\/>\n<\/p>\n<h3>Mitmek\u00fclgne reguleeritus<\/h3>\n<p>Reguleeritav televiisori kinnitus v\u00f5imaldab ekraani asendi kiiret ja t\u00e4pset kohandamist vastavalt teie vajadustele. Toode pakub kaldenurga reguleerimist vahemikus +5\u00b0 kuni -15\u00b0 ning p\u00f6\u00f6rdenurka \u00b190\u00b0, v\u00f5imaldades saavutada parima vaatamiskogemuse igas olukorras. Lisaks v\u00f5imaldab kuni 48 cm ulatuv kaugus seinast seadme paigutamist veelgi paindlikumalt integreerida tehnika vastavalt ruumi erip\u00e4radele.<\/p>\n<p>\n  <img decoding=\"async\" border=\"0\" src=\"https:\/\/blankpage.ee\/_ruumist-ruumi\/wp-content\/uploads\/2025\/03\/1-439.webp\" alt=\"Perlesmith PSMFK12 reguleeritav televiisori kinnitus - reguleeritav vaatenurk\"\/>\n<\/p>\n<h3>Kvaliteet ja sertifitseerimine<\/h3>\n<p>Toode on l\u00e4binud ranged vastupidavustestid, sealhulgas ts\u00fcklitestid kuni 6000 kordset liikumist, mis kinnitavad selle pikaajalist t\u00f6\u00f6kindlust. UL-sertifikaat t\u00f5endab, et see reguleeritav televiisori kinnitus vastab k\u00f5rgeimatele ohutus- ja kvaliteedistandarditele, pakkudes teile t\u00e4iendavat kindlustunnet oma valiku suhtes.<\/p>\n<p>\n  <img decoding=\"async\" border=\"0\" src=\"https:\/\/blankpage.ee\/_ruumist-ruumi\/wp-content\/uploads\/2025\/03\/3-361.webp\" alt=\"Perlesmith PSMFK12 reguleeritav televiisori kinnitus - UL-sertifitseeritud\"\/>\n<\/p>\n<h3>Lihtne paigaldus ja universaalne \u00fchilduvus<\/h3>\n<p>Kinnituse paigaldamine on kiire ja lihtne, mist\u00f5ttu sobib see ideaalselt ka neile, kellel puudub eriline kogemus. Sama toode sobib paigaldamiseks nii \u00fcksikute tugilehtede kui ka betooni v\u00f5i telliskiviseinte korral, v\u00f5imaldades teil valida parima lahenduse iga ruumi jaoks. Reguleeritav televiisori kinnitus on universaalne lahendus, mis tagab stabiilse ja kindla paigalduse, muutes selle v\u00e4\u00e4rtuslikuks lisaks igasse elutuppa v\u00f5i kontorisse.<\/p>\n<p>\n  <img decoding=\"async\" border=\"0\" src=\"https:\/\/blankpage.ee\/_ruumist-ruumi\/wp-content\/uploads\/2025\/03\/5-290.webp\" alt=\"Perlesmith PSMFK12 reguleeritav televiisori kinnitus - lihtne paigaldus\"\/>\n<\/p>\n<div class=\"table-wrapper\">\n<p>&nbsp;<\/p>\n<h3><\/h3>\n<table>\n<tbody>\n<tr>\n<th>Tootja<\/th>\n<td>Perlesmith<\/td>\n<\/tr>\n<tr>\n<th>Mudel<\/th>\n<td>PSMFK12<\/td>\n<\/tr>\n<tr>\n<th>Eesm\u00e4rk<\/th>\n<td>televiisorite seinakinnitus<\/td>\n<\/tr>\n<tr>\n<th>\u00dchilduvus<\/th>\n<td>telerid, diagonaaliga 26&#8243; kuni 60&#8243;<\/td>\n<\/tr>\n<tr>\n<th>VESA standardid<\/th>\n<td>minimaalne: 100 x 100 mm \/ maksimaalne: 400 x 400 mm<\/td>\n<\/tr>\n<tr>\n<th>Maksimaalne kandev\u00f5ime<\/th>\n<td>35 kg<\/td>\n<\/tr>\n<tr>\n<th>Materjal<\/th>\n<td>Kinnitusplaat: tugevdatud teras \/ kinnitusvarred: teras (varre paksus: 40 mm)<\/td>\n<\/tr>\n<tr>\n<th>Kaldenurga reguleerimine<\/th>\n<td>+5\u00b0 kuni -15\u00b0<\/td>\n<\/tr>\n<tr>\n<th>P\u00f6\u00f6rdenurga reguleerimine<\/th>\n<td>\u00b190\u00b0<\/td>\n<\/tr>\n<tr>\n<th>Maksimaalne kaugus seinast<\/th>\n<td>48 cm<\/td>\n<\/tr>\n<tr>\n<th>Sertifitseerimine<\/th>\n<td>UL sertifitseeritud<\/td>\n<\/tr>\n<tr>\n<th>Paigaldusviis<\/th>\n<td>\u00dcksikute tugedega v\u00f5i betoonist\/telliskivist seintele paigaldus<\/td>\n<\/tr>\n<\/tbody>\n<\/table>\n<\/div>\n","protected":false},"excerpt":{"rendered":"<p>Perlesmith PSMFK12 reguleeritav televiisori kinnitus Perlesmith PSMFK12 reguleeritav televiisori kinnitus on loodud kaasaegselt ja ohutult telerite seinale paigaldamiseks. See usaldusv\u00e4\u00e4rne toode sobib diagonaaliga 26 kuni 60 tolli ning tagab maksimaalse stabiilsuse igap\u00e4evaseks kasutamiseks. T\u00e4nu vastupidavale konstruktsioonile toetab kinnitus ka seadmeid kuni 35 kg ja vastab VESA standarditele alates 100 x 100 mm kuni 400 x [&hellip;]<\/p>\n","protected":false},"featured_media":158912,"comment_status":"open","ping_status":"open","template":"","meta":[],"product_brand":[3021],"product_cat":[3022],"product_tag":[],"class_list":{"0":"post-158906","1":"product","2":"type-product","3":"status-publish","4":"has-post-thumbnail","6":"product_brand-perlesmith","7":"product_cat-televiisori-kinnitusvahendid","8":"product_shipping_class-innpro","10":"first","11":"instock","12":"sale","13":"taxable","14":"shipping-taxable","15":"purchasable","16":"product-type-simple"},"_links":{"self":[{"href":"https:\/\/blankpage.ee\/_ruumist-ruumi\/wp-json\/wp\/v2\/product\/158906","targetHints":{"allow":["GET"]}}],"collection":[{"href":"https:\/\/blankpage.ee\/_ruumist-ruumi\/wp-json\/wp\/v2\/product"}],"about":[{"href":"https:\/\/blankpage.ee\/_ruumist-ruumi\/wp-json\/wp\/v2\/types\/product"}],"replies":[{"embeddable":true,"href":"https:\/\/blankpage.ee\/_ruumist-ruumi\/wp-json\/wp\/v2\/comments?post=158906"}],"wp:featuredmedia":[{"embeddable":true,"href":"https:\/\/blankpage.ee\/_ruumist-ruumi\/wp-json\/wp\/v2\/media\/158912"}],"wp:attachment":[{"href":"https:\/\/blankpage.ee\/_ruumist-ruumi\/wp-json\/wp\/v2\/media?parent=158906"}],"wp:term":[{"taxonomy":"product_brand","embeddable":true,"href":"https:\/\/blankpage.ee\/_ruumist-ruumi\/wp-json\/wp\/v2\/product_brand?post=158906"},{"taxonomy":"product_cat","embeddable":true,"href":"https:\/\/blankpage.ee\/_ruumist-ruumi\/wp-json\/wp\/v2\/product_cat?post=158906"},{"taxonomy":"product_tag","embeddable":true,"href":"https:\/\/blankpage.ee\/_ruumist-ruumi\/wp-json\/wp\/v2\/product_tag?post=158906"}],"curies":[{"name":"wp","href":"https:\/\/api.w.org\/{rel}","templated":true}]}}