{"id":158929,"date":"2025-03-30T09:43:19","date_gmt":"2025-03-30T09:43:19","guid":{"rendered":"https:\/\/ruumistruumi.ee\/pood\/perlesmith-psltk1-seinakinnitus-37-82-vesa-200x100-kuni-600x400-60-kg\/"},"modified":"2025-08-21T08:20:18","modified_gmt":"2025-08-21T08:20:18","slug":"perlesmith-psltk1-seinakinnitus-37-82-vesa-200x100-kuni-600x400-60-kg","status":"publish","type":"product","link":"https:\/\/blankpage.ee\/_ruumist-ruumi\/pood\/perlesmith-psltk1-seinakinnitus-37-82-vesa-200x100-kuni-600x400-60-kg\/","title":{"rendered":"Perlesmith PSLTK1 Seinakinnitus 37-82&#8243; (VESA 200&#215;100 kuni 600&#215;400, 60 kg)"},"content":{"rendered":"<h3>Perlesmith PSLTK1 TV Seinakinnitus 37-82&#8243;<\/h3>\n<p>Perlesmith PSLTK1 seinakinnitus 37-82&#8243; on loodud k\u00f5rgtasemel teleriekraanide paigaldamiseks ja pakub turvalist ning kasutajas\u00f5bralikku lahendust. Selle vastupidav ja paindlik konstruktsioon tagab, et teler paigutatakse ideaalselt optimaalse vaatenurga ning esteetilisuse nimel. Tootes on rakendatud tipptasemel disaini, mis v\u00f5imaldab kinnitusest hoolimata lihtsat reguleerimist ning tagab seel\u00e4bi suurep\u00e4rase stabiilsuse igas kodus v\u00f5i avalikus ruumis.<\/p>\n<p>\n  <img decoding=\"async\" border=\"0\" src=\"https:\/\/blankpage.ee\/_ruumist-ruumi\/wp-content\/uploads\/2025\/03\/1-442.webp\" alt=\"Perlesmith PSLTK1 seinakinnitus 37-82\" telerile\"\" \/><\/p>\n","protected":false},"excerpt":{"rendered":"<p>Perlesmith PSLTK1 TV Seinakinnitus 37-82&#8243; Perlesmith PSLTK1 seinakinnitus 37-82&#8243; on loodud k\u00f5rgtasemel teleriekraanide paigaldamiseks ja pakub turvalist ning kasutajas\u00f5bralikku lahendust. Selle vastupidav ja paindlik konstruktsioon tagab, et teler paigutatakse ideaalselt optimaalse vaatenurga ning esteetilisuse nimel. Tootes on rakendatud tipptasemel disaini, mis v\u00f5imaldab kinnitusest hoolimata lihtsat reguleerimist ning tagab seel\u00e4bi suurep\u00e4rase stabiilsuse igas kodus v\u00f5i avalikus [&hellip;]<\/p>\n","protected":false},"featured_media":158931,"comment_status":"open","ping_status":"closed","template":"","meta":[],"product_brand":[3021],"product_cat":[3022],"product_tag":[],"class_list":{"0":"post-158929","1":"product","2":"type-product","3":"status-publish","4":"has-post-thumbnail","6":"product_brand-perlesmith","7":"product_cat-televiisori-kinnitusvahendid","8":"product_shipping_class-innpro","10":"first","11":"instock","12":"sale","13":"taxable","14":"shipping-taxable","15":"purchasable","16":"product-type-simple"},"_links":{"self":[{"href":"https:\/\/blankpage.ee\/_ruumist-ruumi\/wp-json\/wp\/v2\/product\/158929","targetHints":{"allow":["GET"]}}],"collection":[{"href":"https:\/\/blankpage.ee\/_ruumist-ruumi\/wp-json\/wp\/v2\/product"}],"about":[{"href":"https:\/\/blankpage.ee\/_ruumist-ruumi\/wp-json\/wp\/v2\/types\/product"}],"replies":[{"embeddable":true,"href":"https:\/\/blankpage.ee\/_ruumist-ruumi\/wp-json\/wp\/v2\/comments?post=158929"}],"wp:featuredmedia":[{"embeddable":true,"href":"https:\/\/blankpage.ee\/_ruumist-ruumi\/wp-json\/wp\/v2\/media\/158931"}],"wp:attachment":[{"href":"https:\/\/blankpage.ee\/_ruumist-ruumi\/wp-json\/wp\/v2\/media?parent=158929"}],"wp:term":[{"taxonomy":"product_brand","embeddable":true,"href":"https:\/\/blankpage.ee\/_ruumist-ruumi\/wp-json\/wp\/v2\/product_brand?post=158929"},{"taxonomy":"product_cat","embeddable":true,"href":"https:\/\/blankpage.ee\/_ruumist-ruumi\/wp-json\/wp\/v2\/product_cat?post=158929"},{"taxonomy":"product_tag","embeddable":true,"href":"https:\/\/blankpage.ee\/_ruumist-ruumi\/wp-json\/wp\/v2\/product_tag?post=158929"}],"curies":[{"name":"wp","href":"https:\/\/api.w.org\/{rel}","templated":true}]}}