{"id":158970,"date":"2025-03-30T09:43:50","date_gmt":"2025-03-30T09:43:50","guid":{"rendered":"https:\/\/ruumistruumi.ee\/pood\/teleri-seinakinnitus-perlegear-pglf15-40-86-60-kg-kallutus-15-5-pooramine-90-vesa-200x100-600x400\/"},"modified":"2025-08-11T20:49:29","modified_gmt":"2025-08-11T20:49:29","slug":"teleri-seinakinnitus-perlegear-pglf15-40-86-60-kg-kallutus-15-5-pooramine-90-vesa-200x100-600x400","status":"publish","type":"product","link":"https:\/\/blankpage.ee\/_ruumist-ruumi\/pood\/teleri-seinakinnitus-perlegear-pglf15-40-86-60-kg-kallutus-15-5-pooramine-90-vesa-200x100-600x400\/","title":{"rendered":"Teleri seinakinnitus Perlegear PGLF15 40-86&#8243; (60 kg, kallutus -15\u00b0\/+5\u00b0, p\u00f6\u00f6ramine 90\u00b0, VESA 200&#215;100 &#8211; 600&#215;400)"},"content":{"rendered":"<h3>Teleri seinakinnitus \u2013 Perlegear PGLF15 40-86&#8243;<\/h3>\n<p>Perlegear PGLF15 teleri seinakinnitus on mitmek\u00fclgne lahendus suurtele teleritele, mille ekraanisuurus j\u00e4\u00e4b vahemikku 40 kuni 86 tolli. T\u00e4nu vastupidavale konstruktsioonile ja mitmek\u00fclgsetele reguleerimisv\u00f5imalustele tagab see kinnitus nii kindla stabiilsuse kui ka optimaalse vaatamismugavuse igas ruumis.<\/p>\n<p><img decoding=\"async\" border=\"0\" src=\"https:\/\/blankpage.ee\/_ruumist-ruumi\/wp-content\/uploads\/2025\/03\/6-229.webp\" alt=\"teleri seinakinnitus \u2013 vastupidav konstruktsioon\"\/><\/p>\n<h3><strong>Esmaklassiline vastupidavus<\/strong><\/h3>\n<p>Selle teleri seinakinnitus on loodud maksimaalseks vastupidavuseks, v\u00f5imaldades turvaliselt kinnitada kuni 60 kg kaaluvaid teleriekraane. Kasutatud tugevdatud ja paksemaid materjale on disainitud 33% tugevamaks kui tavalistes kinnitustes, mis tagab pikaajalise kasutuse ja usaldusv\u00e4\u00e4rsuse. See on ideaalne lahendus neile, kes soovivad kindlat ja ohutut kinnitust oma suurele telerile.<\/p>\n<p><img decoding=\"async\" border=\"0\" src=\"https:\/\/blankpage.ee\/_ruumist-ruumi\/wp-content\/uploads\/2025\/03\/2-390.webp\" alt=\"teleri seinakinnitus \u2013 suure kandev\u00f5imega\"\/><\/p>\n<h3><strong>Paindlik reguleerimine ja mugav paigaldus<\/strong><\/h3>\n<p>Perlegear PGLF15 v\u00f5imaldab lihtsalt reguleerida kaldenurka vahemikus -15\u00b0 kuni +5\u00b0, pakkudes v\u00f5imalust v\u00e4hendada pimestamist ning optimeerida vaatamiskogemust. Lisaks saab kinnitust p\u00f6\u00f6rata kuni 90\u00b0 ulatuses, v\u00f5imaldades telerit paigutada vastavalt ruumi erip\u00e4radele. Kinnituse hoobi liikumisv\u00f5ime v\u00f5imaldab seinale kinnitades telerit viia maksimaalselt 41,4 cm eemale v\u00f5i tagasi t\u00f5mmata vaid 7,4 cm, tagades ruumi maksimaalse kasutuse.\n<\/p>\n<p><img decoding=\"async\" border=\"0\" src=\"https:\/\/blankpage.ee\/_ruumist-ruumi\/wp-content\/uploads\/2025\/03\/3-369.webp\" alt=\"teleri seinakinnitus \u2013 paindlik reguleerimine\"\/><\/p>\n<h3><strong>Sobib igale seinale<\/strong><\/h3>\n<p>PGLF15 teleri seinakinnitus sobib erinevat t\u00fc\u00fcpi pindadele, sealhulgas puidust tugiseintele, betoon- ja tellisseintele. Komplekt sisaldab spetsiaalseid ankurdosia, mis tagavad ohutu kinnitamise. Paigaldamisel tuleb siiski arvestada, et kinnitus ei ole m\u00f5eldud otse kipsplaadile ilma t\u00e4iendava tugevduskomplektita.<\/p>\n<p><img decoding=\"async\" border=\"0\" src=\"https:\/\/blankpage.ee\/_ruumist-ruumi\/wp-content\/uploads\/2025\/03\/5-296.webp\" alt=\"teleri seinakinnitus \u2013 erinevatele seinat\u00fc\u00fcpidele\"\/><\/p>\n<h3><strong>Lihtne paigaldamine ja t\u00e4pne reguleerimine<\/strong><\/h3>\n<p>Paigaldus on kiire ja kasutajas\u00f5bralik t\u00e4nu kaasasolevatele t\u00f6\u00f6riistadele ning selgetele juhistele. Vajadusel v\u00f5imaldab \u00b13\u00b0 taseregantseerimine kiiresti kohandada ekraani asendit, muutes protsessi lihtsaks nii professionaalsetele paigaldajatele kui ka kodukasutajatele. See teleri seinakinnitus tagab, et teie teleri paigaldamine on alati turvaline ja probleemivaba.<\/p>\n<p><img decoding=\"async\" border=\"0\" src=\"https:\/\/blankpage.ee\/_ruumist-ruumi\/wp-content\/uploads\/2025\/03\/1-448.webp\" alt=\"teleri seinakinnitus \u2013 lihtne paigaldamine\"\/><\/p>\n<h3>Komplektis sisaldub<\/h3>\n<ul class=\"list-disc pl-5\">\n<li>Teleri kinnitus x 2<\/li>\n<li>M4\/M5 seib B1 x 4<\/li>\n<li>M6\/M8 seib B2 x 4<\/li>\n<li>Distaanss L2.5mm F1 x 8<\/li>\n<li>Distaanss L10mm F2 x 4<\/li>\n<li>Distaanss L22mm F3 x 4<\/li>\n<li>Teleri kruvi M4 x 12mm C1 x 4<\/li>\n<li>Teleri kruvi M4 x 30 mm C2 x 4<\/li>\n<li>Teleri kruvi M6 x 15 mm D1 x 4<\/li>\n<li>Teleri kruvi M6 x 35 mm D2 x 4<\/li>\n<li>Teleri kruvi M8 x 25 mm E1 x 4<\/li>\n<li>Hoova\/rippplaadi komplekt x 1<\/li>\n<li>Rippplaadi mall x 1<\/li>\n<li>Lood x 1<\/li>\n<li>Survekruvi ST 5\/16 x 2 3\/4&#8243; A1 x 4<\/li>\n<li>Seinakinnitus A2 x 4<\/li>\n<li>Eesmine kinnitus x 2<\/li>\n<li>L\u00f5ppkate x 2<\/li>\n<li>Kruvi M6 x 10 mm G1 x 4<\/li>\n<li>Kruvi M4 x 10 mm G2 x 4<\/li>\n<li>Kuuskantv\u00f5ti 5\/32&#8243; (4 mm) G4 x 1<\/li>\n<li>Dekoratiivkate x 1<\/li>\n<li>EVA seib G3 x 2<\/li>\n<\/ul>\n<div class=\"table-wrapper\">\n<p>\u00a0<\/p>\n<h3><\/h3>\n<table>\n<tbody>\n<tr>\n<th>Tootja<\/th>\n<td>Perlegear<\/td>\n<\/tr>\n<tr>\n<th>Mudel<\/th>\n<td>PGLF15<\/td>\n<\/tr>\n<tr>\n<th>\u00dchilduvus<\/th>\n<td>Teler 40-86 tolli<\/td>\n<\/tr>\n<tr>\n<th>VESA standard<\/th>\n<td>200&#215;100 mm &#8211; 600&#215;400 mm<\/td>\n<\/tr>\n<tr>\n<th>Maksimaalne kaal<\/th>\n<td>60 kg (132 lbs)<\/td>\n<\/tr>\n<tr>\n<th>Kaldenurk<\/th>\n<td>-15\u00b0 kuni +5\u00b0<\/td>\n<\/tr>\n<tr>\n<th>Rotatsioon<\/th>\n<td>\u00b190\u00b0<\/td>\n<\/tr>\n<tr>\n<th>Taseme reguleerimine<\/th>\n<td>\u00b13\u00b0<\/td>\n<\/tr>\n<tr>\n<th>Materjal<\/th>\n<td>Terase<\/td>\n<\/tr>\n<tr>\n<th>V\u00e4rv<\/th>\n<td>Must<\/td>\n<\/tr>\n<tr>\n<th>Paigaldusaeg<\/th>\n<td>Umbes 20 minutit<\/td>\n<\/tr>\n<\/tbody>\n<\/table>\n<\/div>\n","protected":false},"excerpt":{"rendered":"<p>Teleri seinakinnitus \u2013 Perlegear PGLF15 40-86&#8243; Perlegear PGLF15 teleri seinakinnitus on mitmek\u00fclgne lahendus suurtele teleritele, mille ekraanisuurus j\u00e4\u00e4b vahemikku 40 kuni 86 tolli. T\u00e4nu vastupidavale konstruktsioonile ja mitmek\u00fclgsetele reguleerimisv\u00f5imalustele tagab see kinnitus nii kindla stabiilsuse kui ka optimaalse vaatamismugavuse igas ruumis. Esmaklassiline vastupidavus Selle teleri seinakinnitus on loodud maksimaalseks vastupidavuseks, v\u00f5imaldades turvaliselt kinnitada kuni 60 [&hellip;]<\/p>\n","protected":false},"featured_media":158976,"comment_status":"open","ping_status":"open","template":"","meta":[],"product_brand":[3023],"product_cat":[3022],"product_tag":[],"class_list":{"0":"post-158970","1":"product","2":"type-product","3":"status-publish","4":"has-post-thumbnail","6":"product_brand-perlegear","7":"product_cat-televiisori-kinnitusvahendid","8":"product_shipping_class-innpro","10":"first","11":"outofstock","12":"sale","13":"taxable","14":"shipping-taxable","15":"purchasable","16":"product-type-simple"},"_links":{"self":[{"href":"https:\/\/blankpage.ee\/_ruumist-ruumi\/wp-json\/wp\/v2\/product\/158970","targetHints":{"allow":["GET"]}}],"collection":[{"href":"https:\/\/blankpage.ee\/_ruumist-ruumi\/wp-json\/wp\/v2\/product"}],"about":[{"href":"https:\/\/blankpage.ee\/_ruumist-ruumi\/wp-json\/wp\/v2\/types\/product"}],"replies":[{"embeddable":true,"href":"https:\/\/blankpage.ee\/_ruumist-ruumi\/wp-json\/wp\/v2\/comments?post=158970"}],"wp:featuredmedia":[{"embeddable":true,"href":"https:\/\/blankpage.ee\/_ruumist-ruumi\/wp-json\/wp\/v2\/media\/158976"}],"wp:attachment":[{"href":"https:\/\/blankpage.ee\/_ruumist-ruumi\/wp-json\/wp\/v2\/media?parent=158970"}],"wp:term":[{"taxonomy":"product_brand","embeddable":true,"href":"https:\/\/blankpage.ee\/_ruumist-ruumi\/wp-json\/wp\/v2\/product_brand?post=158970"},{"taxonomy":"product_cat","embeddable":true,"href":"https:\/\/blankpage.ee\/_ruumist-ruumi\/wp-json\/wp\/v2\/product_cat?post=158970"},{"taxonomy":"product_tag","embeddable":true,"href":"https:\/\/blankpage.ee\/_ruumist-ruumi\/wp-json\/wp\/v2\/product_tag?post=158970"}],"curies":[{"name":"wp","href":"https:\/\/api.w.org\/{rel}","templated":true}]}}