{"id":159029,"date":"2025-03-30T16:43:12","date_gmt":"2025-03-30T16:43:12","guid":{"rendered":"https:\/\/ruumistruumi.ee\/pood\/mofii-baby-bear-juhtmevaba-klaviatuur-ja-hiir-roosa\/"},"modified":"2025-08-21T08:20:17","modified_gmt":"2025-08-21T08:20:17","slug":"mofii-baby-bear-juhtmevaba-klaviatuur-ja-hiir-roosa","status":"publish","type":"product","link":"https:\/\/blankpage.ee\/_ruumist-ruumi\/pood\/mofii-baby-bear-juhtmevaba-klaviatuur-ja-hiir-roosa\/","title":{"rendered":"MOFII Baby Bear Juhtmevaba Klaviatuur ja Hiir (Roosa)"},"content":{"rendered":"<h3>MOFII Baby Bear Juhtmevaba Klaviatuuri ja Hiire Komplekt (Roosa)<\/h3>\n<p>MOFII Baby Bear juhtmevaba klaviatuur ja hiir komplekt on ideaalne lahendus neile, kes hindavad liikumisvabadust nii kodus kui ka kontoris. Komplekt sisaldab t\u00e4pselt disainitud hiirt ja ergonomilise kujundusega klaviatuuri, mis t\u00f6\u00f6tavad juhtmevabalt, v\u00f5imaldades t\u00e4ielikku liikumisvabadust ilma kaablite piiranguteta.<\/p>\n<p><img decoding=\"async\" border=\"0\" src=\"https:\/\/blankpage.ee\/_ruumist-ruumi\/wp-content\/uploads\/2025\/03\/3-376.webp\" alt=\"Juhtmevaba klaviatuur ja hiir - MOFII Baby Bear roosa\"\/><\/p>\n<h3>T\u00e4pne hiir<\/h3>\n<p>MOFII Baby Bear komplektiga kaasnev hiir pakub resolutsiooni 1200, tagades sujuvad ja t\u00e4psed liikumised. Selle kolme nupu t\u00f6\u00f6elueaks on loodud kuni 3 miljonit klikki, muutes hiire sobivaks nii igap\u00e4evasteks toiminguteks kui ka n\u00f5udlikumateks \u00fclesanneteks. Lisaks tagab kahe taseme energias\u00e4\u00e4sture\u017eiim, et patarei kestab veelgi kauem.<\/p>\n<p><img decoding=\"async\" border=\"0\" src=\"https:\/\/blankpage.ee\/_ruumist-ruumi\/wp-content\/uploads\/2025\/03\/4-333.webp\" alt=\"MOFII Baby Bear juhtmevaba klaviatuur ja hiir (t\u00e4pne hiir)\"\/><\/p>\n<h3>Vastupidav klaviatuur<\/h3>\n<p>MOFII Baby Bear klaviatuur \u00fchendab kaasaegse disaini ja ergonoomika. Sellel on 85 klahvi, mis peavad vastu kuni 8 miljonit klikki, pakkudes usaldusv\u00e4\u00e4rset kasutuskogemust. Ergonomiliselt paigutatud klahvid ja optimeeritud m\u00f5\u00f5tmed muudavad tippimise nauditavaks. Kaks AAA patareid tagavad, et klaviatuur t\u00f6\u00f6tab efektiivselt ning sobib ideaalselt nii kontorisse kui ka kodukeskkonda.<\/p>\n<p><img decoding=\"async\" border=\"0\" src=\"https:\/\/blankpage.ee\/_ruumist-ruumi\/wp-content\/uploads\/2025\/03\/2-396.webp\" alt=\"MOFII Baby Bear klaviatuur - juhtmevaba ja vastupidav\"\/><\/p>\n<h3>Edasij\u00f5udnud \u00fchendustehnoloogia<\/h3>\n<p>2.4GHz FSK Autolink tehnoloogia tagab stabiilse ja kiire juhtmevaba \u00fchenduse. See v\u00f5imaldab seadmetel t\u00f6\u00f6tada usaldusv\u00e4\u00e4rselt isegi 6\u201310 meetri kaugusel. Samuti on komplekti juhtmevaba klaviatuur loodud pakkuma kiiret side\u00fchendust, et toetada teie t\u00f6\u00f6\u00fclesandeid ilma t\u00e4iendava tarkvarata. 34 kahesuunalist RF kanalit ja nano vastuv\u00f5tja muudavad arvutiga \u00fchendamise lihtsaks ning pakuvad sujuvat t\u00f6\u00f6protsessi.<\/p>\n<p><img decoding=\"async\" border=\"0\" src=\"https:\/\/blankpage.ee\/_ruumist-ruumi\/wp-content\/uploads\/2025\/03\/5-301.webp\" alt=\"MOFII Baby Bear juhtmevaba klaviatuur ja hiir komplekt edasij\u00f5udnud \u00fchendustehnoloogiaga\"\/><\/p>\n<p>See juhtmevaba klaviatuur ja hiir komplekt pakub turvalist ning sujuvat kasutuskogemust, olles m\u00f5eldud nii professionaalseks t\u00f6\u00f6ks kui ka igap\u00e4evaseks kodukasutuseks. Valides MOFII Baby Bear komplekti, saate nautida kaasaegset disaini, usaldusv\u00e4\u00e4rset \u00fchendust ja ergonoomilist mugavust igas olukorras.<\/p>\n<div class=\"table-wrapper\">\n<p>\u00a0<\/p>\n<h3>\u00dcldine<\/h3>\n<table>\n<tbody>\n<tr>\n<th>Tootja<\/th>\n<td>Mofii<\/td>\n<\/tr>\n<tr>\n<th>Mudel<\/th>\n<td>Baby Bear<\/td>\n<\/tr>\n<tr>\n<th>V\u00e4rv<\/th>\n<td>Roosa<\/td>\n<\/tr>\n<tr>\n<th>\u00dchenduse t\u00fc\u00fcp<\/th>\n<td>Juhtmevaba, 2.4 GHz<\/td>\n<\/tr>\n<tr>\n<th>Kaugus<\/th>\n<td>6-10 meetrit<\/td>\n<\/tr>\n<tr>\n<th>\u00dchilduvad operatsioonis\u00fcsteemid<\/th>\n<td>Windows 2000 \/ XP \/ ME \/ Vista \/ 7 \/ 8 \/ 10<\/td>\n<\/tr>\n<\/tbody>\n<\/table>\n<p>\u00a0<\/p>\n<h3>Hiir<\/h3>\n<table>\n<tbody>\n<tr>\n<th>Nuppude arv<\/th>\n<td>3<\/td>\n<\/tr>\n<tr>\n<th>Nuppude eluiga<\/th>\n<td>3 miljonit klikki<\/td>\n<\/tr>\n<tr>\n<th>Resolutsioon<\/th>\n<td>1200<\/td>\n<\/tr>\n<tr>\n<th>Toiteallikas<\/th>\n<td>1 AA patarei<\/td>\n<\/tr>\n<tr>\n<th>Kaal<\/th>\n<td>Ligikaudu 75 g<\/td>\n<\/tr>\n<tr>\n<th>M\u00f5\u00f5dud<\/th>\n<td>104.7 mm x 66.5 mm x 37.8 mm<\/td>\n<\/tr>\n<\/tbody>\n<\/table>\n<p>\u00a0<\/p>\n<h3>Klaviatuur<\/h3>\n<table>\n<tbody>\n<tr>\n<th>Klahvide arv<\/th>\n<td>85<\/td>\n<\/tr>\n<tr>\n<th>Klahvide eluiga<\/th>\n<td>8 miljonit klikki<\/td>\n<\/tr>\n<tr>\n<th>Toiteallikas<\/th>\n<td>2 AAA patareid<\/td>\n<\/tr>\n<tr>\n<th>Kaal<\/th>\n<td>Ligikaudu 499 g<\/td>\n<\/tr>\n<tr>\n<th>M\u00f5\u00f5dud<\/th>\n<td>393.2 mm x 108.2 mm x 34.5 mm<\/td>\n<\/tr>\n<\/tbody>\n<\/table>\n<\/div>\n","protected":false},"excerpt":{"rendered":"<p>MOFII Baby Bear Juhtmevaba Klaviatuuri ja Hiire Komplekt (Roosa) MOFII Baby Bear juhtmevaba klaviatuur ja hiir komplekt on ideaalne lahendus neile, kes hindavad liikumisvabadust nii kodus kui ka kontoris. Komplekt sisaldab t\u00e4pselt disainitud hiirt ja ergonomilise kujundusega klaviatuuri, mis t\u00f6\u00f6tavad juhtmevabalt, v\u00f5imaldades t\u00e4ielikku liikumisvabadust ilma kaablite piiranguteta. T\u00e4pne hiir MOFII Baby Bear komplektiga kaasnev hiir [&hellip;]<\/p>\n","protected":false},"featured_media":159034,"comment_status":"open","ping_status":"open","template":"","meta":[],"product_brand":[3014],"product_cat":[2957],"product_tag":[],"class_list":{"0":"post-159029","1":"product","2":"type-product","3":"status-publish","4":"has-post-thumbnail","6":"product_brand-mofii","7":"product_cat-hiired-ja-klaviatuurid","8":"product_shipping_class-innpro","10":"first","11":"instock","12":"sale","13":"taxable","14":"shipping-taxable","15":"purchasable","16":"product-type-simple"},"_links":{"self":[{"href":"https:\/\/blankpage.ee\/_ruumist-ruumi\/wp-json\/wp\/v2\/product\/159029","targetHints":{"allow":["GET"]}}],"collection":[{"href":"https:\/\/blankpage.ee\/_ruumist-ruumi\/wp-json\/wp\/v2\/product"}],"about":[{"href":"https:\/\/blankpage.ee\/_ruumist-ruumi\/wp-json\/wp\/v2\/types\/product"}],"replies":[{"embeddable":true,"href":"https:\/\/blankpage.ee\/_ruumist-ruumi\/wp-json\/wp\/v2\/comments?post=159029"}],"wp:featuredmedia":[{"embeddable":true,"href":"https:\/\/blankpage.ee\/_ruumist-ruumi\/wp-json\/wp\/v2\/media\/159034"}],"wp:attachment":[{"href":"https:\/\/blankpage.ee\/_ruumist-ruumi\/wp-json\/wp\/v2\/media?parent=159029"}],"wp:term":[{"taxonomy":"product_brand","embeddable":true,"href":"https:\/\/blankpage.ee\/_ruumist-ruumi\/wp-json\/wp\/v2\/product_brand?post=159029"},{"taxonomy":"product_cat","embeddable":true,"href":"https:\/\/blankpage.ee\/_ruumist-ruumi\/wp-json\/wp\/v2\/product_cat?post=159029"},{"taxonomy":"product_tag","embeddable":true,"href":"https:\/\/blankpage.ee\/_ruumist-ruumi\/wp-json\/wp\/v2\/product_tag?post=159029"}],"curies":[{"name":"wp","href":"https:\/\/api.w.org\/{rel}","templated":true}]}}