{"id":159114,"date":"2025-03-30T16:46:37","date_gmt":"2025-03-30T16:46:37","guid":{"rendered":"https:\/\/ruumistruumi.ee\/pood\/kaasaskantav-monitor-uperfect-upi-b7-10-1-1920x1200-60hz-touch-ips\/"},"modified":"2025-08-21T08:20:16","modified_gmt":"2025-08-21T08:20:16","slug":"kaasaskantav-monitor-uperfect-upi-b7-10-1-1920x1200-60hz-touch-ips","status":"publish","type":"product","link":"https:\/\/blankpage.ee\/_ruumist-ruumi\/pood\/kaasaskantav-monitor-uperfect-upi-b7-10-1-1920x1200-60hz-touch-ips\/","title":{"rendered":"Kaasaskantav monitor Uperfect UPi B7 10.1&#8243; (1920&#215;1200, 60Hz, Touch IPS)"},"content":{"rendered":"<h3>Kaasaskantav monitor: Uperfect UPi B7 10.1&#8243; \u2013 k\u00f5rge pildikvaliteediga kaasaskantav lahendus<\/h3>\n<p>Kaasaskantav monitor Uperfect UPi B7 on spetsiaalselt loodud kasutamiseks koos Raspberry Pi 4, 4B ja 5 miniarvutitega. Selle 10,1-tollise ekraani 1920&#215;1200 resolutsioon ja 10-punkti puutetundlikkus tagavad laitmatu pildikvaliteedi ning suurep\u00e4rase kasutuskogemuse. Lisaks pakub see kaasaskantav monitor kahe sisseehitatud k\u00f5lari abil selget helitugevust, muutes visuaalse esituse ja helikvaliteedi erakordselt t\u00e4pseks.<\/p>\n<p><img decoding=\"async\" src=\"https:\/\/blankpage.ee\/_ruumist-ruumi\/wp-content\/uploads\/2025\/03\/4-339.webp\" alt=\"Uperfect UPi B7 kaasaskantav monitor\"\/><\/p>\n<h3>Lihtne paigaldada ja kasutada<\/h3>\n<p>Kaasaskantava monitori paigaldamine on \u00fclimalt lihtne. Raspberry Pi 4 \u00fchendamisel on vaja vaid USB-C toitekaablit, HDMI-signaalikaablit ja \u00fchte USB-kaablit puutetundlikkuse tagamiseks. Lisaks \u00fchildub monitor mugavalt arvutite, s\u00fclearvutite ja m\u00e4ngukonsoolidega, tagades kiire ning vaevata installatsiooni.<\/p>\n<p><img decoding=\"async\" src=\"https:\/\/blankpage.ee\/_ruumist-ruumi\/wp-content\/uploads\/2025\/03\/2-402.webp\" alt=\"Kergelt kasutatav Uperfect kaasaskantav monitor\"\/><\/p>\n<h3>Funktsionaalsus ja mugavus<\/h3>\n<p>Uperfect UPi B7 kaasaskantav monitor vastab kaasaegsete kasutajate k\u00f5rgetele n\u00f5udmistele. Sellel on 4 VESA ava (75x75mm), mis v\u00f5imaldab monitori mugavalt paigaldada nii lauale kui seinale, optimeerides ruumikasutust. Aluse kaldenurga reguleerimine vahemikus 15\u00b0 kuni 50\u00b0 tagab ergonoomilise t\u00f6\u00f6asendi, samas kui kaks sisseehitatud ventilaatorit hoiavad temperatuuri kontrolli all, parandades seel\u00e4bi monitori t\u00f6\u00f6kindlust.<\/p>\n<p><img decoding=\"async\" src=\"https:\/\/blankpage.ee\/_ruumist-ruumi\/wp-content\/uploads\/2025\/03\/3-383.webp\" alt=\"VESA paigaldusv\u00f5imalus Uperfect kaasaskantav monitor\"\/><\/p>\n<h3>Mitmek\u00fclgsed kasutusv\u00f5imalused<\/h3>\n<p>Kaasaskantav monitor pakub laia valikut kasutuslahendusi. Seda saab \u00fchendada koduse turvakaameraga, v\u00f5imaldades \u00f6\u00f6p\u00e4evaringset j\u00e4lgimist ning pakkudes t\u00e4iendavat turvalisust. Reisides on monitor h\u00f5lpsasti paigaldatav s\u00f5iduki armatuurlauale, pakkudes mugavat navigeerimislahendust. Lisaks sobib see suurep\u00e4raselt 3D-printeri t\u00f6\u00f6 j\u00e4lgimiseks, suurendades produktiivsust ja kasutusmugavust.<\/p>\n<p><img decoding=\"async\" src=\"https:\/\/blankpage.ee\/_ruumist-ruumi\/wp-content\/uploads\/2025\/03\/7-180.webp\" alt=\"Multifunktsionaalne Uperfect kaasaskantav monitor\"\/><\/p>\n<h3>K\u00f5ik vajalikud lisatarvikud<\/h3>\n<p>Kaasaskantava monitori komplekt sisaldab k\u00f5iki vajalikke lisatarvikuid seadmete kiireks ja lihtsaks \u00fchendamiseks. Selle l\u00e4bim\u00f5eldud konstruktsioon ja mitmek\u00fclgsed \u00fchendusv\u00f5imalused teevad sellest ideaalse lahenduse nii professionaalsetele kasutajatele kui entusiastidele, kes hindavad k\u00f5rget pildikvaliteeti ja t\u00f6\u00f6kindlust.<\/p>\n<p><img decoding=\"async\" src=\"https:\/\/blankpage.ee\/_ruumist-ruumi\/wp-content\/uploads\/2025\/03\/6-237.webp\" alt=\"Lisatarvikud Uperfect kaasaskantav monitori jaoks\"\/><\/p>\n<h3>Komplekt sisaldab<\/h3>\n<ul class=\"list-disc pl-5\">\n<li>kaasaskantav monitor<\/li>\n<li>USB-C to USB-C kaabel<\/li>\n<li>HDMI to HDMI kaabel<\/li>\n<li>USB-A to USB-C kaabel<\/li>\n<li>toiteadapter<\/li>\n<li>puudutuse kaabel x2<\/li>\n<li>USB-C plaat<\/li>\n<li>k\u00fclgpaneel x2<\/li>\n<li>HDMI plaat x2<\/li>\n<li>kruvi x4<\/li>\n<li>Micro USB plaat<\/li>\n<li>ristpea kruvikeeraja<\/li>\n<li>kasutusjuhend<\/li>\n<\/ul>\n<div class=\"table-wrapper\">\n<table>\n<tbody>\n<tr>\n<th>Tootja<\/th>\n<td>Uperfect<\/td>\n<\/tr>\n<tr>\n<th>Mudel<\/th>\n<td>UPi B7<\/td>\n<\/tr>\n<tr>\n<th>V\u00e4rskendussagedus<\/th>\n<td>60Hz<\/td>\n<\/tr>\n<tr>\n<th>Reageerimisaeg<\/th>\n<td>35 ms<\/td>\n<\/tr>\n<tr>\n<th>Ekraani diagonaal<\/th>\n<td>10.1&#8243;<\/td>\n<\/tr>\n<tr>\n<th>Resolutsioon<\/th>\n<td>1920 \u00d7 1200 WXGA<\/td>\n<\/tr>\n<tr>\n<th>Kuvat\u00fc\u00fcp<\/th>\n<td>IPS<\/td>\n<\/tr>\n<tr>\n<th>Kontrastsuhe<\/th>\n<td>800:1<\/td>\n<\/tr>\n<tr>\n<th>Heledus<\/th>\n<td>370 cd\/m\u00b2<\/td>\n<\/tr>\n<tr>\n<th>V\u00e4rvigamma<\/th>\n<td>75% sRGB<\/td>\n<\/tr>\n<tr>\n<th>V\u00e4rvis\u00fcgavus<\/th>\n<td>16.7M (8bit)<\/td>\n<\/tr>\n<tr>\n<th>Puutetundlikkus<\/th>\n<td>jah, 10-punkti<\/td>\n<\/tr>\n<tr>\n<th>Sisseehitatud k\u00f5larid<\/th>\n<td>jah, 2*8\u03a9 1W<\/td>\n<\/tr>\n<tr>\n<th>Vesa paigaldus<\/th>\n<td>jah, 75*75mm @ M3*6mm<\/td>\n<\/tr>\n<tr>\n<th>Materjal<\/th>\n<td>ABS<\/td>\n<\/tr>\n<tr>\n<th>M\u00f5\u00f5tmed<\/th>\n<td>245 \u00d7 160 \u00d7 41 mm<\/td>\n<\/tr>\n<tr>\n<th>Kaal<\/th>\n<td>0.62 kg<\/td>\n<\/tr>\n<tr>\n<th>Liidesed<\/th>\n<td>USB-C, HDMI, DC toiteport<\/td>\n<\/tr>\n<\/tbody>\n<\/table>\n<\/div>\n","protected":false},"excerpt":{"rendered":"<p>Kaasaskantav monitor: Uperfect UPi B7 10.1&#8243; \u2013 k\u00f5rge pildikvaliteediga kaasaskantav lahendus Kaasaskantav monitor Uperfect UPi B7 on spetsiaalselt loodud kasutamiseks koos Raspberry Pi 4, 4B ja 5 miniarvutitega. Selle 10,1-tollise ekraani 1920&#215;1200 resolutsioon ja 10-punkti puutetundlikkus tagavad laitmatu pildikvaliteedi ning suurep\u00e4rase kasutuskogemuse. Lisaks pakub see kaasaskantav monitor kahe sisseehitatud k\u00f5lari abil selget helitugevust, muutes visuaalse [&hellip;]<\/p>\n","protected":false},"featured_media":159120,"comment_status":"open","ping_status":"open","template":"","meta":[],"product_brand":[3024],"product_cat":[2979],"product_tag":[],"class_list":{"0":"post-159114","1":"product","2":"type-product","3":"status-publish","4":"has-post-thumbnail","6":"product_brand-uperfect","7":"product_cat-kaasaskantavad-monitorid","8":"product_shipping_class-innpro","10":"first","11":"instock","12":"sale","13":"taxable","14":"shipping-taxable","15":"purchasable","16":"product-type-simple"},"_links":{"self":[{"href":"https:\/\/blankpage.ee\/_ruumist-ruumi\/wp-json\/wp\/v2\/product\/159114","targetHints":{"allow":["GET"]}}],"collection":[{"href":"https:\/\/blankpage.ee\/_ruumist-ruumi\/wp-json\/wp\/v2\/product"}],"about":[{"href":"https:\/\/blankpage.ee\/_ruumist-ruumi\/wp-json\/wp\/v2\/types\/product"}],"replies":[{"embeddable":true,"href":"https:\/\/blankpage.ee\/_ruumist-ruumi\/wp-json\/wp\/v2\/comments?post=159114"}],"wp:featuredmedia":[{"embeddable":true,"href":"https:\/\/blankpage.ee\/_ruumist-ruumi\/wp-json\/wp\/v2\/media\/159120"}],"wp:attachment":[{"href":"https:\/\/blankpage.ee\/_ruumist-ruumi\/wp-json\/wp\/v2\/media?parent=159114"}],"wp:term":[{"taxonomy":"product_brand","embeddable":true,"href":"https:\/\/blankpage.ee\/_ruumist-ruumi\/wp-json\/wp\/v2\/product_brand?post=159114"},{"taxonomy":"product_cat","embeddable":true,"href":"https:\/\/blankpage.ee\/_ruumist-ruumi\/wp-json\/wp\/v2\/product_cat?post=159114"},{"taxonomy":"product_tag","embeddable":true,"href":"https:\/\/blankpage.ee\/_ruumist-ruumi\/wp-json\/wp\/v2\/product_tag?post=159114"}],"curies":[{"name":"wp","href":"https:\/\/api.w.org\/{rel}","templated":true}]}}